{"id":130562,"date":"2025-10-29T13:42:59","date_gmt":"2025-10-29T12:42:59","guid":{"rendered":"https:\/\/grontkontor.dk\/?post_type=product&#038;p=130562"},"modified":"2025-11-06T09:22:38","modified_gmt":"2025-11-06T08:22:38","slug":"oekologisk-chokolade-roerepinde","status":"publish","type":"product","link":"https:\/\/grontkontor.dk\/de\/shop\/oekologisk-chokolade-roerepinde\/","title":{"rendered":"Bio-Schokoladenr\u00fchrst\u00e4bchen"},"content":{"rendered":"<p>Verwandeln Sie Ihr Hei\u00dfgetr\u00e4nk in ein luxuri\u00f6ses Schokoladenerlebnis mit unserem Set an Bio-Schokoladenr\u00fchrst\u00e4bchen. Diese Stabmixer sind die perfekte M\u00f6glichkeit, einen intensiven und reichhaltigen Schokoladengeschmack zu genie\u00dfen und gleichzeitig eine umweltfreundliche Wahl zu treffen. Jeder Stick besteht aus reichhaltiger, dunkler Schokolade mit 72% Kakaoanteil, die f\u00fcr ein kraftvolles und tiefes Geschmackserlebnis sorgt, das perfekt in hei\u00dfer Milch oder Kaffee schmilzt.  <\/p>\n<p>Diese Bio-Schokoladenr\u00fchrst\u00e4bchen werden aus Bio-Zutaten hergestellt und unterstreichen unseren Fokus auf Qualit\u00e4t und Verantwortung. Wenn Sie sich f\u00fcr Bio entscheiden, sorgen Sie f\u00fcr ein klimafreundliches Produkt, das mit Respekt vor der Natur hergestellt wird. Auch der einfache Genuss einer hei\u00dfen Schokoladenmilch wird so zur bewussten Entscheidung.  <\/p>\n<p>Jede Packung enth\u00e4lt zwei R\u00fchrst\u00e4bchen, ideal zum Teilen oder f\u00fcr zwei Momente purer Verw\u00f6hnung. R\u00fchren Sie die Schokolade in 1,5 dl warme Milch ein, um eine klassische hei\u00dfe Schokolade zu erhalten. Oder geben Sie Ihrem Kaffee einen zus\u00e4tzlichen Kick: R\u00fchren Sie die Schokolade in den hei\u00dfen, starken Kaffee, f\u00fcgen Sie einen Schuss Whiskey, Cognac oder Tequila hinzu und garnieren Sie ihn mit Schlagsahne und einer Prise Zimt f\u00fcr einen himmlischen Genuss. Diese R\u00fchrst\u00e4bchen sind das perfekte kleine Werbegeschenk oder eine umweltfreundliche Erg\u00e4nzung f\u00fcr Kaffeepausen.   <\/p>\n<p>Nettogewicht: 50g<br \/>\nZutaten:<br \/>\n Kakaomasse*, Rohrzucker*, Kakaobutter*.<br \/>\nEmulgator: Sojalecithin*<br \/>\n* = Bio<br \/>\nMindestens 70% Kakao in der Schokolade.<br \/>\nKann Spuren von<br \/>\nMilch, Mandeln und Haseln\u00fcssen<br \/>\nenthalten N\u00e4hrwertangaben pro 100 g.:<br \/>\nEnergie 2218 KJ<br \/>\nEnergie 535 Kcal<br \/>\nFett 41g \u2013 davon ges\u00e4ttigte Fetts\u00e4uren 25g<br \/>\nKohlenhydrate 31g \u2013 davon Zucker 27g<br \/>\nEiwei\u00df 8,4g<br \/>\nSalz 0,03g<br \/>\n<a href=\"https:\/\/www.foedevarestyrelsen.dk\/Leksikon\/Sider\/%C3%98-m%C3%A6rket.aspx\"><img loading=\"lazy\" decoding=\"async\" class=\"size-medium wp-image-24418\" src=\"https:\/\/grontkontor.dk\/wp-content\/uploads\/2024\/05\/statskontrolleret-oekologisk-2.jpg\" alt=\"Statskontrolleret \u00f8kologisk\" width=\"54\" height=\"50\" \/><\/a><\/p>\n","protected":false},"excerpt":{"rendered":"<p>Verwandeln Sie Ihr Hei\u00dfgetr\u00e4nk in ein luxuri\u00f6ses Schokoladenerlebnis mit unserem Set an Bio-Schokoladenr\u00fchrst\u00e4bchen. Diese Stabmixer sind die perfekte M\u00f6glichkeit, einen intensiven und reichhaltigen Schokoladengeschmack zu genie\u00dfen und gleichzeitig eine umweltfreundliche Wahl zu treffen. Jeder Stick besteht aus reichhaltiger, dunkler Schokolade mit 72% Kakaoanteil, die f\u00fcr ein kraftvolles und tiefes Geschmackserlebnis sorgt, das perfekt in hei\u00dfer [&hellip;]<\/p>\n","protected":false},"featured_media":130566,"comment_status":"closed","ping_status":"closed","template":"","meta":{"_acf_changed":false},"product_cat":[3822,3089,3420,3824,4848],"product_tag":[3421],"class_list":{"0":"post-130562","1":"product","2":"type-product","3":"status-publish","4":"has-post-thumbnail","6":"product_cat-crunch-und-snacks","7":"product_cat-dummy-moq-10-50-de","8":"product_cat-suessigkeiten-und-snacks","9":"product_cat-suessigkeiten-snacks-und-snacks","10":"product_cat-weihnachten-und-feiertage","11":"product_tag-schokolade","12":"tm-no-options","14":"first","15":"instock","16":"taxable","17":"shipping-taxable","18":"purchasable","19":"product-type-simple"},"acf":[],"yoast_head":"<!-- This site is optimized with the Yoast SEO Premium plugin v21.2 (Yoast SEO v21.2) - https:\/\/yoast.com\/wordpress\/plugins\/seo\/ -->\n<title>Bio-Schokoladenr\u00fchrst\u00e4bchen<\/title>\n<meta name=\"description\" content=\"Bio Schokoladenr\u00fchrst\u00e4bchen (2 Stk.) mit 72% Zartbitterschokolade kaufen. R\u00fchren Sie die Schokolade in hei\u00dfe Milch oder Kaffee ein, um ein luxuri\u00f6ses Getr\u00e4nk zu erhalten. Eine klima- und umweltfreundliche Wahl.\" \/>\n<meta name=\"robots\" content=\"index, follow, max-snippet:-1, max-image-preview:large, max-video-preview:-1\" \/>\n<link rel=\"canonical\" href=\"https:\/\/grontkontor.dk\/de\/shop\/oekologisk-chokolade-roerepinde\/\" \/>\n<meta property=\"og:locale\" content=\"de_DE\" \/>\n<meta property=\"og:type\" content=\"article\" \/>\n<meta property=\"og:title\" content=\"Bio-Schokoladenr\u00fchrst\u00e4bchen\" \/>\n<meta property=\"og:description\" content=\"Bio Schokoladenr\u00fchrst\u00e4bchen (2 Stk.) mit 72% Zartbitterschokolade kaufen. R\u00fchren Sie die Schokolade in hei\u00dfe Milch oder Kaffee ein, um ein luxuri\u00f6ses Getr\u00e4nk zu erhalten. Eine klima- und umweltfreundliche Wahl.\" \/>\n<meta property=\"og:url\" content=\"https:\/\/grontkontor.dk\/de\/shop\/oekologisk-chokolade-roerepinde\/\" \/>\n<meta property=\"og:site_name\" content=\"Gr\u00f8nt Kontor\" \/>\n<meta property=\"article:publisher\" content=\"https:\/\/www.facebook.com\/grontkontor.dk\/\" \/>\n<meta property=\"article:modified_time\" content=\"2025-11-06T08:22:38+00:00\" \/>\n<meta property=\"og:image\" content=\"https:\/\/grontkontor.dk\/wp-content\/uploads\/2025\/10\/Oekologisk-chokolade-roerepinde.jpg\" \/>\n\t<meta property=\"og:image:width\" content=\"900\" \/>\n\t<meta property=\"og:image:height\" content=\"639\" \/>\n\t<meta property=\"og:image:type\" content=\"image\/jpeg\" \/>\n<meta name=\"twitter:card\" content=\"summary_large_image\" \/>\n<meta name=\"twitter:label1\" content=\"Gesch\u00e4tzte Lesezeit\" \/>\n\t<meta name=\"twitter:data1\" content=\"1\u00a0Minute\" \/>\n<script type=\"application\/ld+json\" class=\"yoast-schema-graph\">{\"@context\":\"https:\/\/schema.org\",\"@graph\":[{\"@type\":\"WebPage\",\"@id\":\"https:\/\/grontkontor.dk\/de\/shop\/oekologisk-chokolade-roerepinde\/\",\"url\":\"https:\/\/grontkontor.dk\/de\/shop\/oekologisk-chokolade-roerepinde\/\",\"name\":\"Bio-Schokoladenr\u00fchrst\u00e4bchen\",\"isPartOf\":{\"@id\":\"https:\/\/grontkontor.dk\/#website\"},\"datePublished\":\"2025-10-29T12:42:59+00:00\",\"dateModified\":\"2025-11-06T08:22:38+00:00\",\"description\":\"Bio Schokoladenr\u00fchrst\u00e4bchen (2 Stk.) mit 72% Zartbitterschokolade kaufen. R\u00fchren Sie die Schokolade in hei\u00dfe Milch oder Kaffee ein, um ein luxuri\u00f6ses Getr\u00e4nk zu erhalten. Eine klima- und umweltfreundliche Wahl.\",\"breadcrumb\":{\"@id\":\"https:\/\/grontkontor.dk\/de\/shop\/oekologisk-chokolade-roerepinde\/#breadcrumb\"},\"inLanguage\":\"de\",\"potentialAction\":[{\"@type\":\"ReadAction\",\"target\":[\"https:\/\/grontkontor.dk\/de\/shop\/oekologisk-chokolade-roerepinde\/\"]}]},{\"@type\":\"BreadcrumbList\",\"@id\":\"https:\/\/grontkontor.dk\/de\/shop\/oekologisk-chokolade-roerepinde\/#breadcrumb\",\"itemListElement\":[{\"@type\":\"ListItem\",\"position\":1,\"name\":\"Forside\",\"item\":\"https:\/\/grontkontor.dk\/de\/\"},{\"@type\":\"ListItem\",\"position\":2,\"name\":\"Laden\",\"item\":\"https:\/\/grontkontor.dk\/de\/laden\/\"},{\"@type\":\"ListItem\",\"position\":3,\"name\":\"Mad og drikke\",\"item\":\"https:\/\/grontkontor.dk\/produkt-kategori\/mad-og-drikke\/\"},{\"@type\":\"ListItem\",\"position\":4,\"name\":\"Slik og snacks\",\"item\":\"https:\/\/grontkontor.dk\/produkt-kategori\/mad-og-drikke\/slik-og-snacks\/\"},{\"@type\":\"ListItem\",\"position\":5,\"name\":\"Bio-Schokoladenr\u00fchrst\u00e4bchen\"}]},{\"@type\":\"WebSite\",\"@id\":\"https:\/\/grontkontor.dk\/#website\",\"url\":\"https:\/\/grontkontor.dk\/\",\"name\":\"Gr\u00f8nt Kontor\",\"description\":\"Milj\u00f8venlige produkter til kontor og erhverv med fokus p\u00e5 b\u00e6redygtighed, design og fair trade.\",\"publisher\":{\"@id\":\"https:\/\/grontkontor.dk\/#organization\"},\"potentialAction\":[{\"@type\":\"SearchAction\",\"target\":{\"@type\":\"EntryPoint\",\"urlTemplate\":\"https:\/\/grontkontor.dk\/?s={search_term_string}\"},\"query-input\":\"required name=search_term_string\"}],\"inLanguage\":\"de\"},{\"@type\":\"Organization\",\"@id\":\"https:\/\/grontkontor.dk\/#organization\",\"name\":\"Gr\u00f8nt Kontor\",\"url\":\"https:\/\/grontkontor.dk\/\",\"logo\":{\"@type\":\"ImageObject\",\"inLanguage\":\"de\",\"@id\":\"https:\/\/grontkontor.dk\/#\/schema\/logo\/image\/\",\"url\":\"https:\/\/grontkontor.dk\/wp-content\/uploads\/2014\/02\/Logo_groent_kontor_300x80.png\",\"contentUrl\":\"https:\/\/grontkontor.dk\/wp-content\/uploads\/2014\/02\/Logo_groent_kontor_300x80.png\",\"width\":300,\"height\":80,\"caption\":\"Gr\u00f8nt Kontor\"},\"image\":{\"@id\":\"https:\/\/grontkontor.dk\/#\/schema\/logo\/image\/\"},\"sameAs\":[\"https:\/\/www.facebook.com\/grontkontor.dk\/\"]}]}<\/script>\n<!-- \/ Yoast SEO Premium plugin. -->","yoast_head_json":{"title":"Bio-Schokoladenr\u00fchrst\u00e4bchen","description":"Bio Schokoladenr\u00fchrst\u00e4bchen (2 Stk.) mit 72% Zartbitterschokolade kaufen. R\u00fchren Sie die Schokolade in hei\u00dfe Milch oder Kaffee ein, um ein luxuri\u00f6ses Getr\u00e4nk zu erhalten. Eine klima- und umweltfreundliche Wahl.","robots":{"index":"index","follow":"follow","max-snippet":"max-snippet:-1","max-image-preview":"max-image-preview:large","max-video-preview":"max-video-preview:-1"},"canonical":"https:\/\/grontkontor.dk\/de\/shop\/oekologisk-chokolade-roerepinde\/","og_locale":"de_DE","og_type":"article","og_title":"Bio-Schokoladenr\u00fchrst\u00e4bchen","og_description":"Bio Schokoladenr\u00fchrst\u00e4bchen (2 Stk.) mit 72% Zartbitterschokolade kaufen. R\u00fchren Sie die Schokolade in hei\u00dfe Milch oder Kaffee ein, um ein luxuri\u00f6ses Getr\u00e4nk zu erhalten. Eine klima- und umweltfreundliche Wahl.","og_url":"https:\/\/grontkontor.dk\/de\/shop\/oekologisk-chokolade-roerepinde\/","og_site_name":"Gr\u00f8nt Kontor","article_publisher":"https:\/\/www.facebook.com\/grontkontor.dk\/","article_modified_time":"2025-11-06T08:22:38+00:00","og_image":[{"width":900,"height":639,"url":"https:\/\/grontkontor.dk\/wp-content\/uploads\/2025\/10\/Oekologisk-chokolade-roerepinde.jpg","type":"image\/jpeg"}],"twitter_card":"summary_large_image","twitter_misc":{"Gesch\u00e4tzte Lesezeit":"1\u00a0Minute"},"schema":{"@context":"https:\/\/schema.org","@graph":[{"@type":"WebPage","@id":"https:\/\/grontkontor.dk\/de\/shop\/oekologisk-chokolade-roerepinde\/","url":"https:\/\/grontkontor.dk\/de\/shop\/oekologisk-chokolade-roerepinde\/","name":"Bio-Schokoladenr\u00fchrst\u00e4bchen","isPartOf":{"@id":"https:\/\/grontkontor.dk\/#website"},"datePublished":"2025-10-29T12:42:59+00:00","dateModified":"2025-11-06T08:22:38+00:00","description":"Bio Schokoladenr\u00fchrst\u00e4bchen (2 Stk.) mit 72% Zartbitterschokolade kaufen. R\u00fchren Sie die Schokolade in hei\u00dfe Milch oder Kaffee ein, um ein luxuri\u00f6ses Getr\u00e4nk zu erhalten. Eine klima- und umweltfreundliche Wahl.","breadcrumb":{"@id":"https:\/\/grontkontor.dk\/de\/shop\/oekologisk-chokolade-roerepinde\/#breadcrumb"},"inLanguage":"de","potentialAction":[{"@type":"ReadAction","target":["https:\/\/grontkontor.dk\/de\/shop\/oekologisk-chokolade-roerepinde\/"]}]},{"@type":"BreadcrumbList","@id":"https:\/\/grontkontor.dk\/de\/shop\/oekologisk-chokolade-roerepinde\/#breadcrumb","itemListElement":[{"@type":"ListItem","position":1,"name":"Forside","item":"https:\/\/grontkontor.dk\/de\/"},{"@type":"ListItem","position":2,"name":"Laden","item":"https:\/\/grontkontor.dk\/de\/laden\/"},{"@type":"ListItem","position":3,"name":"Mad og drikke","item":"https:\/\/grontkontor.dk\/produkt-kategori\/mad-og-drikke\/"},{"@type":"ListItem","position":4,"name":"Slik og snacks","item":"https:\/\/grontkontor.dk\/produkt-kategori\/mad-og-drikke\/slik-og-snacks\/"},{"@type":"ListItem","position":5,"name":"Bio-Schokoladenr\u00fchrst\u00e4bchen"}]},{"@type":"WebSite","@id":"https:\/\/grontkontor.dk\/#website","url":"https:\/\/grontkontor.dk\/","name":"Gr\u00f8nt Kontor","description":"Milj\u00f8venlige produkter til kontor og erhverv med fokus p\u00e5 b\u00e6redygtighed, design og fair trade.","publisher":{"@id":"https:\/\/grontkontor.dk\/#organization"},"potentialAction":[{"@type":"SearchAction","target":{"@type":"EntryPoint","urlTemplate":"https:\/\/grontkontor.dk\/?s={search_term_string}"},"query-input":"required name=search_term_string"}],"inLanguage":"de"},{"@type":"Organization","@id":"https:\/\/grontkontor.dk\/#organization","name":"Gr\u00f8nt Kontor","url":"https:\/\/grontkontor.dk\/","logo":{"@type":"ImageObject","inLanguage":"de","@id":"https:\/\/grontkontor.dk\/#\/schema\/logo\/image\/","url":"https:\/\/grontkontor.dk\/wp-content\/uploads\/2014\/02\/Logo_groent_kontor_300x80.png","contentUrl":"https:\/\/grontkontor.dk\/wp-content\/uploads\/2014\/02\/Logo_groent_kontor_300x80.png","width":300,"height":80,"caption":"Gr\u00f8nt Kontor"},"image":{"@id":"https:\/\/grontkontor.dk\/#\/schema\/logo\/image\/"},"sameAs":["https:\/\/www.facebook.com\/grontkontor.dk\/"]}]}},"_links":{"self":[{"href":"https:\/\/grontkontor.dk\/de\/wp-json\/wp\/v2\/product\/130562"}],"collection":[{"href":"https:\/\/grontkontor.dk\/de\/wp-json\/wp\/v2\/product"}],"about":[{"href":"https:\/\/grontkontor.dk\/de\/wp-json\/wp\/v2\/types\/product"}],"replies":[{"embeddable":true,"href":"https:\/\/grontkontor.dk\/de\/wp-json\/wp\/v2\/comments?post=130562"}],"wp:featuredmedia":[{"embeddable":true,"href":"https:\/\/grontkontor.dk\/de\/wp-json\/wp\/v2\/media\/130566"}],"wp:attachment":[{"href":"https:\/\/grontkontor.dk\/de\/wp-json\/wp\/v2\/media?parent=130562"}],"wp:term":[{"taxonomy":"product_cat","embeddable":true,"href":"https:\/\/grontkontor.dk\/de\/wp-json\/wp\/v2\/product_cat?post=130562"},{"taxonomy":"product_tag","embeddable":true,"href":"https:\/\/grontkontor.dk\/de\/wp-json\/wp\/v2\/product_tag?post=130562"}],"curies":[{"name":"wp","href":"https:\/\/api.w.org\/{rel}","templated":true}]}}