{"id":130802,"date":"2025-11-03T12:48:55","date_gmt":"2025-11-03T11:49:00","guid":{"rendered":"https:\/\/grontkontor.dk\/?post_type=product&#038;p=130802"},"modified":"2025-11-06T14:07:26","modified_gmt":"2025-11-06T13:07:26","slug":"to-go-krus-staal-145-ml-karabinhage","status":"publish","type":"product","link":"https:\/\/grontkontor.dk\/de\/shop\/to-go-krus-staal-145-ml-karabinhage\/","title":{"rendered":"To-go Becher Stahl 145 ml Karabiner"},"content":{"rendered":"<p>Erleichtern Sie sich den n\u00e4chsten Ausflug oder den Arbeitsweg mit unserem kompakten To-Go-Becher Stahl mit Karabiner. Dieser Becher ist f\u00fcr das Abenteuer und die schnelle Kaffeepause konzipiert, in der Sie einen robusten und zuverl\u00e4ssigen Becher ben\u00f6tigen. Der Becher ist aus doppelwandigem Edelstahl gefertigt und sorgt daf\u00fcr, dass Ihr Getr\u00e4nk l\u00e4nger hei\u00df oder kalt bleibt. Das gl\u00e4nzende Design sorgt f\u00fcr einen stilvollen und modernen Look, wo immer Sie sind.   <\/p>\n<p>Der Becher hat ein Fassungsverm\u00f6gen von 145 ml, was sich perfekt f\u00fcr einen Espresso oder eine kleine Erfrischung eignet. Es ist mit einem schwarzen Deckel ausgestattet, der aufgedr\u00fcckt wird und dank des Silikonrings eine optimale Abdichtung bietet, um ein Versch\u00fctten zu vermeiden. <\/p>\n<p>Das Besondere an diesem To-Go Becher Stahl mit Karabiner ist der praktische Karabiner, der als Griff dient. Der Karabiner macht es unglaublich einfach, den Becher an Ihrem Rucksack, G\u00fcrtel oder Ihrer Ausr\u00fcstung zu befestigen, sodass Sie ihn leicht transportieren k\u00f6nnen. Jeder Becher wird in einem individuellen Kraftkarton geliefert, was ihn zu einem idealen Geschenk oder einem pr\u00e4sentablen Produkt f\u00fcr den Wiederverkauf macht. Eine robuste und kluge Wahl f\u00fcr alle, die viel unterwegs sind.   <\/p>\n<p>[staal]<\/p>\n","protected":false},"excerpt":{"rendered":"<p>Erleichtern Sie sich den n\u00e4chsten Ausflug oder den Arbeitsweg mit unserem kompakten To-Go-Becher Stahl mit Karabiner. Dieser Becher ist f\u00fcr das Abenteuer und die schnelle Kaffeepause konzipiert, in der Sie einen robusten und zuverl\u00e4ssigen Becher ben\u00f6tigen. Der Becher ist aus doppelwandigem Edelstahl gefertigt und sorgt daf\u00fcr, dass Ihr Getr\u00e4nk l\u00e4nger hei\u00df oder kalt bleibt. Das [&hellip;]<\/p>\n","protected":false},"featured_media":130846,"comment_status":"closed","ping_status":"closed","template":"","meta":{"_acf_changed":false},"product_cat":[3465,3325,3339,3084],"product_tag":[3663,3833],"class_list":{"0":"post-130802","1":"product","2":"type-product","3":"status-publish","4":"has-post-thumbnail","6":"product_cat-becher-tassen-etc","7":"product_cat-dummy-moq-1-de","8":"product_cat-essen-und-trinken","9":"product_cat-neuheiten","10":"product_tag-becher","11":"product_tag-thermo-becher","12":"pa_farve-blau","13":"pa_farve-gelb-de","14":"pa_farve-gruen","15":"pa_farve-rot","16":"pa_farve-schwarz","17":"pa_farve-silber","18":"tm-has-options","20":"first","21":"instock","22":"featured","23":"taxable","24":"shipping-taxable","25":"purchasable","26":"product-type-simple"},"acf":[],"yoast_head":"<!-- This site is optimized with the Yoast SEO Premium plugin v21.2 (Yoast SEO v21.2) - https:\/\/yoast.com\/wordpress\/plugins\/seo\/ -->\n<title>To-Go Becher Stahl mit Karabiner<\/title>\n<meta name=\"description\" content=\"Kaufen Sie einen To-Go Becher Stahl mit Karabiner (145 ml) f\u00fcr Ihre Abenteuer. Der Becher ist doppelwandig, hat eine optimale Abdichtung und wird mit einem Karabiner f\u00fcr den einfachen Transport geliefert.\" \/>\n<meta name=\"robots\" content=\"index, follow, max-snippet:-1, max-image-preview:large, max-video-preview:-1\" \/>\n<link rel=\"canonical\" href=\"https:\/\/grontkontor.dk\/de\/shop\/to-go-krus-staal-145-ml-karabinhage\/\" \/>\n<meta property=\"og:locale\" content=\"de_DE\" \/>\n<meta property=\"og:type\" content=\"article\" \/>\n<meta property=\"og:title\" content=\"To-go Becher Stahl 145 ml Karabiner\" \/>\n<meta property=\"og:description\" content=\"Kaufen Sie einen To-Go Becher Stahl mit Karabiner (145 ml) f\u00fcr Ihre Abenteuer. Der Becher ist doppelwandig, hat eine optimale Abdichtung und wird mit einem Karabiner f\u00fcr den einfachen Transport geliefert.\" \/>\n<meta property=\"og:url\" content=\"https:\/\/grontkontor.dk\/de\/shop\/to-go-krus-staal-145-ml-karabinhage\/\" \/>\n<meta property=\"og:site_name\" content=\"Gr\u00f8nt Kontor\" \/>\n<meta property=\"article:publisher\" content=\"https:\/\/www.facebook.com\/grontkontor.dk\/\" \/>\n<meta property=\"article:modified_time\" content=\"2025-11-06T13:07:26+00:00\" \/>\n<meta property=\"og:image\" content=\"https:\/\/grontkontor.dk\/wp-content\/uploads\/2025\/11\/To-go-krus-staal-med-karabinhage.jpg\" \/>\n\t<meta property=\"og:image:width\" content=\"900\" \/>\n\t<meta property=\"og:image:height\" content=\"639\" \/>\n\t<meta property=\"og:image:type\" content=\"image\/jpeg\" \/>\n<meta name=\"twitter:card\" content=\"summary_large_image\" \/>\n<meta name=\"twitter:label1\" content=\"Gesch\u00e4tzte Lesezeit\" \/>\n\t<meta name=\"twitter:data1\" content=\"1\u00a0Minute\" \/>\n<script type=\"application\/ld+json\" class=\"yoast-schema-graph\">{\"@context\":\"https:\/\/schema.org\",\"@graph\":[{\"@type\":\"WebPage\",\"@id\":\"https:\/\/grontkontor.dk\/de\/shop\/to-go-krus-staal-145-ml-karabinhage\/\",\"url\":\"https:\/\/grontkontor.dk\/de\/shop\/to-go-krus-staal-145-ml-karabinhage\/\",\"name\":\"To-Go Becher Stahl mit Karabiner\",\"isPartOf\":{\"@id\":\"https:\/\/grontkontor.dk\/#website\"},\"datePublished\":\"2025-11-03T11:49:00+00:00\",\"dateModified\":\"2025-11-06T13:07:26+00:00\",\"description\":\"Kaufen Sie einen To-Go Becher Stahl mit Karabiner (145 ml) f\u00fcr Ihre Abenteuer. Der Becher ist doppelwandig, hat eine optimale Abdichtung und wird mit einem Karabiner f\u00fcr den einfachen Transport geliefert.\",\"breadcrumb\":{\"@id\":\"https:\/\/grontkontor.dk\/de\/shop\/to-go-krus-staal-145-ml-karabinhage\/#breadcrumb\"},\"inLanguage\":\"de\",\"potentialAction\":[{\"@type\":\"ReadAction\",\"target\":[\"https:\/\/grontkontor.dk\/de\/shop\/to-go-krus-staal-145-ml-karabinhage\/\"]}]},{\"@type\":\"BreadcrumbList\",\"@id\":\"https:\/\/grontkontor.dk\/de\/shop\/to-go-krus-staal-145-ml-karabinhage\/#breadcrumb\",\"itemListElement\":[{\"@type\":\"ListItem\",\"position\":1,\"name\":\"Forside\",\"item\":\"https:\/\/grontkontor.dk\/de\/\"},{\"@type\":\"ListItem\",\"position\":2,\"name\":\"Laden\",\"item\":\"https:\/\/grontkontor.dk\/de\/laden\/\"},{\"@type\":\"ListItem\",\"position\":3,\"name\":\"Mad og drikke\",\"item\":\"https:\/\/grontkontor.dk\/produkt-kategori\/mad-og-drikke\/\"},{\"@type\":\"ListItem\",\"position\":4,\"name\":\"Krus, kopper mm.\",\"item\":\"https:\/\/grontkontor.dk\/produkt-kategori\/mad-og-drikke\/to-go-krus-og-kopper\/\"},{\"@type\":\"ListItem\",\"position\":5,\"name\":\"To-go Becher Stahl 145 ml Karabiner\"}]},{\"@type\":\"WebSite\",\"@id\":\"https:\/\/grontkontor.dk\/#website\",\"url\":\"https:\/\/grontkontor.dk\/\",\"name\":\"Gr\u00f8nt Kontor\",\"description\":\"Milj\u00f8venlige produkter til kontor og erhverv med fokus p\u00e5 b\u00e6redygtighed, design og fair trade.\",\"publisher\":{\"@id\":\"https:\/\/grontkontor.dk\/#organization\"},\"potentialAction\":[{\"@type\":\"SearchAction\",\"target\":{\"@type\":\"EntryPoint\",\"urlTemplate\":\"https:\/\/grontkontor.dk\/?s={search_term_string}\"},\"query-input\":\"required name=search_term_string\"}],\"inLanguage\":\"de\"},{\"@type\":\"Organization\",\"@id\":\"https:\/\/grontkontor.dk\/#organization\",\"name\":\"Gr\u00f8nt Kontor\",\"url\":\"https:\/\/grontkontor.dk\/\",\"logo\":{\"@type\":\"ImageObject\",\"inLanguage\":\"de\",\"@id\":\"https:\/\/grontkontor.dk\/#\/schema\/logo\/image\/\",\"url\":\"https:\/\/grontkontor.dk\/wp-content\/uploads\/2014\/02\/Logo_groent_kontor_300x80.png\",\"contentUrl\":\"https:\/\/grontkontor.dk\/wp-content\/uploads\/2014\/02\/Logo_groent_kontor_300x80.png\",\"width\":300,\"height\":80,\"caption\":\"Gr\u00f8nt Kontor\"},\"image\":{\"@id\":\"https:\/\/grontkontor.dk\/#\/schema\/logo\/image\/\"},\"sameAs\":[\"https:\/\/www.facebook.com\/grontkontor.dk\/\"]}]}<\/script>\n<!-- \/ Yoast SEO Premium plugin. -->","yoast_head_json":{"title":"To-Go Becher Stahl mit Karabiner","description":"Kaufen Sie einen To-Go Becher Stahl mit Karabiner (145 ml) f\u00fcr Ihre Abenteuer. Der Becher ist doppelwandig, hat eine optimale Abdichtung und wird mit einem Karabiner f\u00fcr den einfachen Transport geliefert.","robots":{"index":"index","follow":"follow","max-snippet":"max-snippet:-1","max-image-preview":"max-image-preview:large","max-video-preview":"max-video-preview:-1"},"canonical":"https:\/\/grontkontor.dk\/de\/shop\/to-go-krus-staal-145-ml-karabinhage\/","og_locale":"de_DE","og_type":"article","og_title":"To-go Becher Stahl 145 ml Karabiner","og_description":"Kaufen Sie einen To-Go Becher Stahl mit Karabiner (145 ml) f\u00fcr Ihre Abenteuer. Der Becher ist doppelwandig, hat eine optimale Abdichtung und wird mit einem Karabiner f\u00fcr den einfachen Transport geliefert.","og_url":"https:\/\/grontkontor.dk\/de\/shop\/to-go-krus-staal-145-ml-karabinhage\/","og_site_name":"Gr\u00f8nt Kontor","article_publisher":"https:\/\/www.facebook.com\/grontkontor.dk\/","article_modified_time":"2025-11-06T13:07:26+00:00","og_image":[{"width":900,"height":639,"url":"https:\/\/grontkontor.dk\/wp-content\/uploads\/2025\/11\/To-go-krus-staal-med-karabinhage.jpg","type":"image\/jpeg"}],"twitter_card":"summary_large_image","twitter_misc":{"Gesch\u00e4tzte Lesezeit":"1\u00a0Minute"},"schema":{"@context":"https:\/\/schema.org","@graph":[{"@type":"WebPage","@id":"https:\/\/grontkontor.dk\/de\/shop\/to-go-krus-staal-145-ml-karabinhage\/","url":"https:\/\/grontkontor.dk\/de\/shop\/to-go-krus-staal-145-ml-karabinhage\/","name":"To-Go Becher Stahl mit Karabiner","isPartOf":{"@id":"https:\/\/grontkontor.dk\/#website"},"datePublished":"2025-11-03T11:49:00+00:00","dateModified":"2025-11-06T13:07:26+00:00","description":"Kaufen Sie einen To-Go Becher Stahl mit Karabiner (145 ml) f\u00fcr Ihre Abenteuer. Der Becher ist doppelwandig, hat eine optimale Abdichtung und wird mit einem Karabiner f\u00fcr den einfachen Transport geliefert.","breadcrumb":{"@id":"https:\/\/grontkontor.dk\/de\/shop\/to-go-krus-staal-145-ml-karabinhage\/#breadcrumb"},"inLanguage":"de","potentialAction":[{"@type":"ReadAction","target":["https:\/\/grontkontor.dk\/de\/shop\/to-go-krus-staal-145-ml-karabinhage\/"]}]},{"@type":"BreadcrumbList","@id":"https:\/\/grontkontor.dk\/de\/shop\/to-go-krus-staal-145-ml-karabinhage\/#breadcrumb","itemListElement":[{"@type":"ListItem","position":1,"name":"Forside","item":"https:\/\/grontkontor.dk\/de\/"},{"@type":"ListItem","position":2,"name":"Laden","item":"https:\/\/grontkontor.dk\/de\/laden\/"},{"@type":"ListItem","position":3,"name":"Mad og drikke","item":"https:\/\/grontkontor.dk\/produkt-kategori\/mad-og-drikke\/"},{"@type":"ListItem","position":4,"name":"Krus, kopper mm.","item":"https:\/\/grontkontor.dk\/produkt-kategori\/mad-og-drikke\/to-go-krus-og-kopper\/"},{"@type":"ListItem","position":5,"name":"To-go Becher Stahl 145 ml Karabiner"}]},{"@type":"WebSite","@id":"https:\/\/grontkontor.dk\/#website","url":"https:\/\/grontkontor.dk\/","name":"Gr\u00f8nt Kontor","description":"Milj\u00f8venlige produkter til kontor og erhverv med fokus p\u00e5 b\u00e6redygtighed, design og fair trade.","publisher":{"@id":"https:\/\/grontkontor.dk\/#organization"},"potentialAction":[{"@type":"SearchAction","target":{"@type":"EntryPoint","urlTemplate":"https:\/\/grontkontor.dk\/?s={search_term_string}"},"query-input":"required name=search_term_string"}],"inLanguage":"de"},{"@type":"Organization","@id":"https:\/\/grontkontor.dk\/#organization","name":"Gr\u00f8nt Kontor","url":"https:\/\/grontkontor.dk\/","logo":{"@type":"ImageObject","inLanguage":"de","@id":"https:\/\/grontkontor.dk\/#\/schema\/logo\/image\/","url":"https:\/\/grontkontor.dk\/wp-content\/uploads\/2014\/02\/Logo_groent_kontor_300x80.png","contentUrl":"https:\/\/grontkontor.dk\/wp-content\/uploads\/2014\/02\/Logo_groent_kontor_300x80.png","width":300,"height":80,"caption":"Gr\u00f8nt Kontor"},"image":{"@id":"https:\/\/grontkontor.dk\/#\/schema\/logo\/image\/"},"sameAs":["https:\/\/www.facebook.com\/grontkontor.dk\/"]}]}},"_links":{"self":[{"href":"https:\/\/grontkontor.dk\/de\/wp-json\/wp\/v2\/product\/130802"}],"collection":[{"href":"https:\/\/grontkontor.dk\/de\/wp-json\/wp\/v2\/product"}],"about":[{"href":"https:\/\/grontkontor.dk\/de\/wp-json\/wp\/v2\/types\/product"}],"replies":[{"embeddable":true,"href":"https:\/\/grontkontor.dk\/de\/wp-json\/wp\/v2\/comments?post=130802"}],"wp:featuredmedia":[{"embeddable":true,"href":"https:\/\/grontkontor.dk\/de\/wp-json\/wp\/v2\/media\/130846"}],"wp:attachment":[{"href":"https:\/\/grontkontor.dk\/de\/wp-json\/wp\/v2\/media?parent=130802"}],"wp:term":[{"taxonomy":"product_cat","embeddable":true,"href":"https:\/\/grontkontor.dk\/de\/wp-json\/wp\/v2\/product_cat?post=130802"},{"taxonomy":"product_tag","embeddable":true,"href":"https:\/\/grontkontor.dk\/de\/wp-json\/wp\/v2\/product_tag?post=130802"}],"curies":[{"name":"wp","href":"https:\/\/api.w.org\/{rel}","templated":true}]}}