{"id":130911,"date":"2025-11-05T11:46:50","date_gmt":"2025-11-05T10:46:51","guid":{"rendered":"https:\/\/grontkontor.dk\/?post_type=product&#038;p=130911"},"modified":"2025-11-06T14:07:25","modified_gmt":"2025-11-06T13:07:25","slug":"saebedispenser-i-staal-sort","status":"publish","type":"product","link":"https:\/\/grontkontor.dk\/de\/shop\/saebedispenser-i-staal-sort\/","title":{"rendered":"Seifenspender in Stahl schwarz"},"content":{"rendered":"<p>Werten Sie Ihr Badezimmer mit Stil und Funktionalit\u00e4t mit Hilfe eines klimafreundlichen Seifenspenders aus Stahl auf. Dieser Seifenspender ist die ideale Wahl f\u00fcr alle, die ein modernes, minimalistisches Design mit einer langlebigen Materialauswahl kombinieren m\u00f6chten. Der aus schwarzem Edelstahl gefertigte Spender pr\u00e4sentiert sich mit einem sch\u00f6nen matten Finish, das einen raffinierten und zeitlosen Look verleiht.  <\/p>\n<p>Mit seinen geraden und eleganten Linien ist dieser Spender eine schlichte und diskrete Erg\u00e4nzung f\u00fcr jedes Badezimmer oder G\u00e4ste-WC. Der schwarze Stahl ist nicht nur \u00e4sthetisch ansprechend; Edelstahl ist auch f\u00fcr seine Langlebigkeit und hohe Recyclingquote bekannt, was diese L\u00f6sung zu einer umweltfreundlichen Wahl macht, die den Bedarf an Einwegkunststoffen reduziert. <\/p>\n<p>Ein klimafreundlicher Seifenspender aus Stahl ist eine bewusste Wahl f\u00fcr ein klimafreundlicheres Zuhause. Die solide Konstruktion sorgt f\u00fcr eine lange Lebensdauer, und die matte Oberfl\u00e4che ist leicht zu pflegen und sauber zu halten. W\u00e4hlen Sie diesen Spender, um einen sauberen, modernen Look zu kreieren und zu zeigen, dass Sie sowohl Design als auch Verantwortung sch\u00e4tzen.  <\/p>\n<p>[staal]<\/p>\n<p>&nbsp;<\/p>\n","protected":false},"excerpt":{"rendered":"<p>Werten Sie Ihr Badezimmer mit Stil und Funktionalit\u00e4t mit Hilfe eines klimafreundlichen Seifenspenders aus Stahl auf. Dieser Seifenspender ist die ideale Wahl f\u00fcr alle, die ein modernes, minimalistisches Design mit einer langlebigen Materialauswahl kombinieren m\u00f6chten. Der aus schwarzem Edelstahl gefertigte Spender pr\u00e4sentiert sich mit einem sch\u00f6nen matten Finish, das einen raffinierten und zeitlosen Look verleiht. [&hellip;]<\/p>\n","protected":false},"featured_media":130916,"comment_status":"closed","ping_status":"closed","template":"","meta":{"_acf_changed":false},"product_cat":[3325,3084,3489,3488],"product_tag":[4892,4891],"class_list":{"0":"post-130911","1":"product","2":"type-product","3":"status-publish","4":"has-post-thumbnail","6":"product_cat-dummy-moq-1-de","7":"product_cat-neuheiten","8":"product_cat-sonstige-leuchten","9":"product_cat-zeitschrifteninhaber","10":"product_tag-badezimmer","11":"product_tag-seifenspender","12":"tm-has-options","14":"first","15":"instock","16":"taxable","17":"shipping-taxable","18":"purchasable","19":"product-type-simple"},"acf":[],"yoast_head":"<!-- This site is optimized with the Yoast SEO Premium plugin v21.2 (Yoast SEO v21.2) - https:\/\/yoast.com\/wordpress\/plugins\/seo\/ -->\n<title>Klimafreundlicher Seifenspender aus Stahl<\/title>\n<meta name=\"description\" content=\"Kaufen Sie einen klimafreundlichen Seifenspender aus Stahl mit einem sch\u00f6nen matten Finish. Der schwarze Spender ist eine umweltfreundliche Wahl, hat ein elegantes Design und eignet sich perfekt f\u00fcr das Badezimmer.\" \/>\n<meta name=\"robots\" content=\"index, follow, max-snippet:-1, max-image-preview:large, max-video-preview:-1\" \/>\n<link rel=\"canonical\" href=\"https:\/\/grontkontor.dk\/de\/shop\/saebedispenser-i-staal-sort\/\" \/>\n<meta property=\"og:locale\" content=\"de_DE\" \/>\n<meta property=\"og:type\" content=\"article\" \/>\n<meta property=\"og:title\" content=\"Seifenspender in Stahl schwarz\" \/>\n<meta property=\"og:description\" content=\"Kaufen Sie einen klimafreundlichen Seifenspender aus Stahl mit einem sch\u00f6nen matten Finish. Der schwarze Spender ist eine umweltfreundliche Wahl, hat ein elegantes Design und eignet sich perfekt f\u00fcr das Badezimmer.\" \/>\n<meta property=\"og:url\" content=\"https:\/\/grontkontor.dk\/de\/shop\/saebedispenser-i-staal-sort\/\" \/>\n<meta property=\"og:site_name\" content=\"Gr\u00f8nt Kontor\" \/>\n<meta property=\"article:publisher\" content=\"https:\/\/www.facebook.com\/grontkontor.dk\/\" \/>\n<meta property=\"article:modified_time\" content=\"2025-11-06T13:07:25+00:00\" \/>\n<meta property=\"og:image\" content=\"https:\/\/grontkontor.dk\/wp-content\/uploads\/2025\/11\/Klimavenlig-saebedispenser-i-staal.jpg\" \/>\n\t<meta property=\"og:image:width\" content=\"900\" \/>\n\t<meta property=\"og:image:height\" content=\"639\" \/>\n\t<meta property=\"og:image:type\" content=\"image\/jpeg\" \/>\n<meta name=\"twitter:card\" content=\"summary_large_image\" \/>\n<meta name=\"twitter:label1\" content=\"Gesch\u00e4tzte Lesezeit\" \/>\n\t<meta name=\"twitter:data1\" content=\"1\u00a0Minute\" \/>\n<script type=\"application\/ld+json\" class=\"yoast-schema-graph\">{\"@context\":\"https:\/\/schema.org\",\"@graph\":[{\"@type\":\"WebPage\",\"@id\":\"https:\/\/grontkontor.dk\/de\/shop\/saebedispenser-i-staal-sort\/\",\"url\":\"https:\/\/grontkontor.dk\/de\/shop\/saebedispenser-i-staal-sort\/\",\"name\":\"Klimafreundlicher Seifenspender aus Stahl\",\"isPartOf\":{\"@id\":\"https:\/\/grontkontor.dk\/#website\"},\"datePublished\":\"2025-11-05T10:46:51+00:00\",\"dateModified\":\"2025-11-06T13:07:25+00:00\",\"description\":\"Kaufen Sie einen klimafreundlichen Seifenspender aus Stahl mit einem sch\u00f6nen matten Finish. Der schwarze Spender ist eine umweltfreundliche Wahl, hat ein elegantes Design und eignet sich perfekt f\u00fcr das Badezimmer.\",\"breadcrumb\":{\"@id\":\"https:\/\/grontkontor.dk\/de\/shop\/saebedispenser-i-staal-sort\/#breadcrumb\"},\"inLanguage\":\"de\",\"potentialAction\":[{\"@type\":\"ReadAction\",\"target\":[\"https:\/\/grontkontor.dk\/de\/shop\/saebedispenser-i-staal-sort\/\"]}]},{\"@type\":\"BreadcrumbList\",\"@id\":\"https:\/\/grontkontor.dk\/de\/shop\/saebedispenser-i-staal-sort\/#breadcrumb\",\"itemListElement\":[{\"@type\":\"ListItem\",\"position\":1,\"name\":\"Forside\",\"item\":\"https:\/\/grontkontor.dk\/de\/\"},{\"@type\":\"ListItem\",\"position\":2,\"name\":\"Laden\",\"item\":\"https:\/\/grontkontor.dk\/de\/laden\/\"},{\"@type\":\"ListItem\",\"position\":3,\"name\":\"Arkivering\",\"item\":\"https:\/\/grontkontor.dk\/produkt-kategori\/arkivering\/\"},{\"@type\":\"ListItem\",\"position\":4,\"name\":\"Tidsskriftholdere\",\"item\":\"https:\/\/grontkontor.dk\/produkt-kategori\/arkivering\/tidsskriftholdere\/\"},{\"@type\":\"ListItem\",\"position\":5,\"name\":\"Seifenspender in Stahl schwarz\"}]},{\"@type\":\"WebSite\",\"@id\":\"https:\/\/grontkontor.dk\/#website\",\"url\":\"https:\/\/grontkontor.dk\/\",\"name\":\"Gr\u00f8nt Kontor\",\"description\":\"Milj\u00f8venlige produkter til kontor og erhverv med fokus p\u00e5 b\u00e6redygtighed, design og fair trade.\",\"publisher\":{\"@id\":\"https:\/\/grontkontor.dk\/#organization\"},\"potentialAction\":[{\"@type\":\"SearchAction\",\"target\":{\"@type\":\"EntryPoint\",\"urlTemplate\":\"https:\/\/grontkontor.dk\/?s={search_term_string}\"},\"query-input\":\"required name=search_term_string\"}],\"inLanguage\":\"de\"},{\"@type\":\"Organization\",\"@id\":\"https:\/\/grontkontor.dk\/#organization\",\"name\":\"Gr\u00f8nt Kontor\",\"url\":\"https:\/\/grontkontor.dk\/\",\"logo\":{\"@type\":\"ImageObject\",\"inLanguage\":\"de\",\"@id\":\"https:\/\/grontkontor.dk\/#\/schema\/logo\/image\/\",\"url\":\"https:\/\/grontkontor.dk\/wp-content\/uploads\/2014\/02\/Logo_groent_kontor_300x80.png\",\"contentUrl\":\"https:\/\/grontkontor.dk\/wp-content\/uploads\/2014\/02\/Logo_groent_kontor_300x80.png\",\"width\":300,\"height\":80,\"caption\":\"Gr\u00f8nt Kontor\"},\"image\":{\"@id\":\"https:\/\/grontkontor.dk\/#\/schema\/logo\/image\/\"},\"sameAs\":[\"https:\/\/www.facebook.com\/grontkontor.dk\/\"]}]}<\/script>\n<!-- \/ Yoast SEO Premium plugin. -->","yoast_head_json":{"title":"Klimafreundlicher Seifenspender aus Stahl","description":"Kaufen Sie einen klimafreundlichen Seifenspender aus Stahl mit einem sch\u00f6nen matten Finish. Der schwarze Spender ist eine umweltfreundliche Wahl, hat ein elegantes Design und eignet sich perfekt f\u00fcr das Badezimmer.","robots":{"index":"index","follow":"follow","max-snippet":"max-snippet:-1","max-image-preview":"max-image-preview:large","max-video-preview":"max-video-preview:-1"},"canonical":"https:\/\/grontkontor.dk\/de\/shop\/saebedispenser-i-staal-sort\/","og_locale":"de_DE","og_type":"article","og_title":"Seifenspender in Stahl schwarz","og_description":"Kaufen Sie einen klimafreundlichen Seifenspender aus Stahl mit einem sch\u00f6nen matten Finish. Der schwarze Spender ist eine umweltfreundliche Wahl, hat ein elegantes Design und eignet sich perfekt f\u00fcr das Badezimmer.","og_url":"https:\/\/grontkontor.dk\/de\/shop\/saebedispenser-i-staal-sort\/","og_site_name":"Gr\u00f8nt Kontor","article_publisher":"https:\/\/www.facebook.com\/grontkontor.dk\/","article_modified_time":"2025-11-06T13:07:25+00:00","og_image":[{"width":900,"height":639,"url":"https:\/\/grontkontor.dk\/wp-content\/uploads\/2025\/11\/Klimavenlig-saebedispenser-i-staal.jpg","type":"image\/jpeg"}],"twitter_card":"summary_large_image","twitter_misc":{"Gesch\u00e4tzte Lesezeit":"1\u00a0Minute"},"schema":{"@context":"https:\/\/schema.org","@graph":[{"@type":"WebPage","@id":"https:\/\/grontkontor.dk\/de\/shop\/saebedispenser-i-staal-sort\/","url":"https:\/\/grontkontor.dk\/de\/shop\/saebedispenser-i-staal-sort\/","name":"Klimafreundlicher Seifenspender aus Stahl","isPartOf":{"@id":"https:\/\/grontkontor.dk\/#website"},"datePublished":"2025-11-05T10:46:51+00:00","dateModified":"2025-11-06T13:07:25+00:00","description":"Kaufen Sie einen klimafreundlichen Seifenspender aus Stahl mit einem sch\u00f6nen matten Finish. Der schwarze Spender ist eine umweltfreundliche Wahl, hat ein elegantes Design und eignet sich perfekt f\u00fcr das Badezimmer.","breadcrumb":{"@id":"https:\/\/grontkontor.dk\/de\/shop\/saebedispenser-i-staal-sort\/#breadcrumb"},"inLanguage":"de","potentialAction":[{"@type":"ReadAction","target":["https:\/\/grontkontor.dk\/de\/shop\/saebedispenser-i-staal-sort\/"]}]},{"@type":"BreadcrumbList","@id":"https:\/\/grontkontor.dk\/de\/shop\/saebedispenser-i-staal-sort\/#breadcrumb","itemListElement":[{"@type":"ListItem","position":1,"name":"Forside","item":"https:\/\/grontkontor.dk\/de\/"},{"@type":"ListItem","position":2,"name":"Laden","item":"https:\/\/grontkontor.dk\/de\/laden\/"},{"@type":"ListItem","position":3,"name":"Arkivering","item":"https:\/\/grontkontor.dk\/produkt-kategori\/arkivering\/"},{"@type":"ListItem","position":4,"name":"Tidsskriftholdere","item":"https:\/\/grontkontor.dk\/produkt-kategori\/arkivering\/tidsskriftholdere\/"},{"@type":"ListItem","position":5,"name":"Seifenspender in Stahl schwarz"}]},{"@type":"WebSite","@id":"https:\/\/grontkontor.dk\/#website","url":"https:\/\/grontkontor.dk\/","name":"Gr\u00f8nt Kontor","description":"Milj\u00f8venlige produkter til kontor og erhverv med fokus p\u00e5 b\u00e6redygtighed, design og fair trade.","publisher":{"@id":"https:\/\/grontkontor.dk\/#organization"},"potentialAction":[{"@type":"SearchAction","target":{"@type":"EntryPoint","urlTemplate":"https:\/\/grontkontor.dk\/?s={search_term_string}"},"query-input":"required name=search_term_string"}],"inLanguage":"de"},{"@type":"Organization","@id":"https:\/\/grontkontor.dk\/#organization","name":"Gr\u00f8nt Kontor","url":"https:\/\/grontkontor.dk\/","logo":{"@type":"ImageObject","inLanguage":"de","@id":"https:\/\/grontkontor.dk\/#\/schema\/logo\/image\/","url":"https:\/\/grontkontor.dk\/wp-content\/uploads\/2014\/02\/Logo_groent_kontor_300x80.png","contentUrl":"https:\/\/grontkontor.dk\/wp-content\/uploads\/2014\/02\/Logo_groent_kontor_300x80.png","width":300,"height":80,"caption":"Gr\u00f8nt Kontor"},"image":{"@id":"https:\/\/grontkontor.dk\/#\/schema\/logo\/image\/"},"sameAs":["https:\/\/www.facebook.com\/grontkontor.dk\/"]}]}},"_links":{"self":[{"href":"https:\/\/grontkontor.dk\/de\/wp-json\/wp\/v2\/product\/130911"}],"collection":[{"href":"https:\/\/grontkontor.dk\/de\/wp-json\/wp\/v2\/product"}],"about":[{"href":"https:\/\/grontkontor.dk\/de\/wp-json\/wp\/v2\/types\/product"}],"replies":[{"embeddable":true,"href":"https:\/\/grontkontor.dk\/de\/wp-json\/wp\/v2\/comments?post=130911"}],"wp:featuredmedia":[{"embeddable":true,"href":"https:\/\/grontkontor.dk\/de\/wp-json\/wp\/v2\/media\/130916"}],"wp:attachment":[{"href":"https:\/\/grontkontor.dk\/de\/wp-json\/wp\/v2\/media?parent=130911"}],"wp:term":[{"taxonomy":"product_cat","embeddable":true,"href":"https:\/\/grontkontor.dk\/de\/wp-json\/wp\/v2\/product_cat?post=130911"},{"taxonomy":"product_tag","embeddable":true,"href":"https:\/\/grontkontor.dk\/de\/wp-json\/wp\/v2\/product_tag?post=130911"}],"curies":[{"name":"wp","href":"https:\/\/api.w.org\/{rel}","templated":true}]}}