{"id":131509,"date":"2025-12-18T13:24:23","date_gmt":"2025-12-18T12:24:24","guid":{"rendered":"https:\/\/grontkontor.dk\/?post_type=product&#038;p=131509"},"modified":"2025-12-18T13:55:15","modified_gmt":"2025-12-18T12:55:15","slug":"rpet-mauspad-mit-kabellosem-ladegeraet-kopier","status":"publish","type":"product","link":"https:\/\/grontkontor.dk\/de\/shop\/rpet-mauspad-mit-kabellosem-ladegeraet-kopier\/","title":{"rendered":"rPET-Mauspad mit kabellosem Ladeger\u00e4t (Kopier)"},"content":{"rendered":"<p>Smartes Mauspad aus recyceltem Kunststoff. Mit integriertem 10 W mobilem Ladeger\u00e4t aus rPET und Nubuk. Rutschfester Boden und multifunktionale Halterung f\u00fcr Smartphone. Kabel ist im Lieferumfang enthalten. Das Mauspad kann f\u00fcr Ger\u00e4te verwendet werden, die \u00fcber kabelloses Laden verf\u00fcgen. Das Mauspad eignet sich gut als Firmengeschenk und Mitarbeitergeschenk.<\/p>\n<p>[rpet]<\/p>\n<p>&nbsp;<\/p>\n<img loading=\"lazy\" decoding=\"async\" src=\"https:\/\/grontkontor.dk\/wp-content\/uploads\/2021\/02\/genbrug.jpg\" alt=\"Fremstillet af genbrugsmaterialer\" width=\"50\" height=\"50\" class=\"size-full wp-image-23031\" srcset=\"https:\/\/grontkontor.dk\/wp-content\/uploads\/2021\/02\/genbrug.jpg 199w, https:\/\/grontkontor.dk\/wp-content\/uploads\/2021\/02\/genbrug-100x100.jpg 100w\" sizes=\"(max-width: 50px) 100vw, 50px\" \/>\n<p>&nbsp;<\/p>\n","protected":false},"excerpt":{"rendered":"<p>Smartes Mauspad aus recyceltem Kunststoff. Mit integriertem 10 W mobilem Ladeger\u00e4t aus rPET und Nubuk. Rutschfester Boden und multifunktionale Halterung f\u00fcr Smartphone. Kabel ist im Lieferumfang enthalten. Das Mauspad kann f\u00fcr Ger\u00e4te verwendet werden, die \u00fcber kabelloses Laden verf\u00fcgen. Das Mauspad eignet sich gut als Firmengeschenk und Mitarbeitergeschenk. [rpet] &nbsp; &nbsp;<\/p>\n","protected":false},"featured_media":131513,"comment_status":"closed","ping_status":"closed","template":"","meta":{"_acf_changed":false},"product_cat":[3325,3331,3084,3519,3440],"product_tag":[4008,4032],"class_list":{"0":"post-131509","1":"product","2":"type-product","3":"status-publish","4":"has-post-thumbnail","6":"product_cat-dummy-moq-1-de","7":"product_cat-elektronik-gadgets","8":"product_cat-neuheiten","9":"product_cat-schreibtischausstattung","10":"product_cat-sonstiges-fuer-den-schreibtisch","11":"product_tag-mauspad","12":"product_tag-oberflaeche","13":"tm-has-options","15":"first","16":"instock","17":"taxable","18":"shipping-taxable","19":"purchasable","20":"product-type-simple"},"acf":[],"yoast_head":"<!-- This site is optimized with the Yoast SEO Premium plugin v21.2 (Yoast SEO v21.2) - https:\/\/yoast.com\/wordpress\/plugins\/seo\/ -->\n<title>rPET-Mauspad mit kabellosem Ladeger\u00e4t (Kopier) - Gr\u00f8nt Kontor<\/title>\n<meta name=\"robots\" content=\"index, follow, max-snippet:-1, max-image-preview:large, max-video-preview:-1\" \/>\n<link rel=\"canonical\" href=\"https:\/\/grontkontor.dk\/de\/shop\/rpet-mauspad-mit-kabellosem-ladegeraet-kopier\/\" \/>\n<meta property=\"og:locale\" content=\"de_DE\" \/>\n<meta property=\"og:type\" content=\"article\" \/>\n<meta property=\"og:title\" content=\"rPET-Mauspad mit kabellosem Ladeger\u00e4t (Kopier)\" \/>\n<meta property=\"og:description\" content=\"Smartes Mauspad aus recyceltem Kunststoff. Mit integriertem 10 W mobilem Ladeger\u00e4t aus rPET und Nubuk. Rutschfester Boden und multifunktionale Halterung f\u00fcr Smartphone. Kabel ist im Lieferumfang enthalten. Das Mauspad kann f\u00fcr Ger\u00e4te verwendet werden, die \u00fcber kabelloses Laden verf\u00fcgen. Das Mauspad eignet sich gut als Firmengeschenk und Mitarbeitergeschenk. [rpet] &nbsp; &nbsp;\" \/>\n<meta property=\"og:url\" content=\"https:\/\/grontkontor.dk\/de\/shop\/rpet-mauspad-mit-kabellosem-ladegeraet-kopier\/\" \/>\n<meta property=\"og:site_name\" content=\"Gr\u00f8nt Kontor\" \/>\n<meta property=\"article:publisher\" content=\"https:\/\/www.facebook.com\/grontkontor.dk\/\" \/>\n<meta property=\"article:modified_time\" content=\"2025-12-18T12:55:15+00:00\" \/>\n<meta name=\"twitter:card\" content=\"summary_large_image\" \/>\n<script type=\"application\/ld+json\" class=\"yoast-schema-graph\">{\"@context\":\"https:\/\/schema.org\",\"@graph\":[{\"@type\":\"WebPage\",\"@id\":\"https:\/\/grontkontor.dk\/de\/shop\/rpet-mauspad-mit-kabellosem-ladegeraet-kopier\/\",\"url\":\"https:\/\/grontkontor.dk\/de\/shop\/rpet-mauspad-mit-kabellosem-ladegeraet-kopier\/\",\"name\":\"rPET-Mauspad mit kabellosem Ladeger\u00e4t (Kopier) - Gr\u00f8nt Kontor\",\"isPartOf\":{\"@id\":\"https:\/\/grontkontor.dk\/#website\"},\"datePublished\":\"2025-12-18T12:24:24+00:00\",\"dateModified\":\"2025-12-18T12:55:15+00:00\",\"breadcrumb\":{\"@id\":\"https:\/\/grontkontor.dk\/de\/shop\/rpet-mauspad-mit-kabellosem-ladegeraet-kopier\/#breadcrumb\"},\"inLanguage\":\"de\",\"potentialAction\":[{\"@type\":\"ReadAction\",\"target\":[\"https:\/\/grontkontor.dk\/de\/shop\/rpet-mauspad-mit-kabellosem-ladegeraet-kopier\/\"]}]},{\"@type\":\"BreadcrumbList\",\"@id\":\"https:\/\/grontkontor.dk\/de\/shop\/rpet-mauspad-mit-kabellosem-ladegeraet-kopier\/#breadcrumb\",\"itemListElement\":[{\"@type\":\"ListItem\",\"position\":1,\"name\":\"Forside\",\"item\":\"https:\/\/grontkontor.dk\/de\/\"},{\"@type\":\"ListItem\",\"position\":2,\"name\":\"Laden\",\"item\":\"https:\/\/grontkontor.dk\/de\/laden\/\"},{\"@type\":\"ListItem\",\"position\":3,\"name\":\"Schreibtischausstattung\",\"item\":\"https:\/\/grontkontor.dk\/de\/produkt-kategori\/schreibtischausstattung\/\"},{\"@type\":\"ListItem\",\"position\":4,\"name\":\"Sonstiges f\u00fcr den Schreibtisch\",\"item\":\"https:\/\/grontkontor.dk\/de\/produkt-kategori\/schreibtischausstattung\/sonstiges-fuer-den-schreibtisch\/\"},{\"@type\":\"ListItem\",\"position\":5,\"name\":\"rPET-Mauspad mit kabellosem Ladeger\u00e4t (Kopier)\"}]},{\"@type\":\"WebSite\",\"@id\":\"https:\/\/grontkontor.dk\/#website\",\"url\":\"https:\/\/grontkontor.dk\/\",\"name\":\"Gr\u00f8nt Kontor\",\"description\":\"Milj\u00f8venlige produkter til kontor og erhverv med fokus p\u00e5 b\u00e6redygtighed, design og fair trade.\",\"publisher\":{\"@id\":\"https:\/\/grontkontor.dk\/#organization\"},\"potentialAction\":[{\"@type\":\"SearchAction\",\"target\":{\"@type\":\"EntryPoint\",\"urlTemplate\":\"https:\/\/grontkontor.dk\/?s={search_term_string}\"},\"query-input\":\"required name=search_term_string\"}],\"inLanguage\":\"de\"},{\"@type\":\"Organization\",\"@id\":\"https:\/\/grontkontor.dk\/#organization\",\"name\":\"Gr\u00f8nt Kontor\",\"url\":\"https:\/\/grontkontor.dk\/\",\"logo\":{\"@type\":\"ImageObject\",\"inLanguage\":\"de\",\"@id\":\"https:\/\/grontkontor.dk\/#\/schema\/logo\/image\/\",\"url\":\"https:\/\/grontkontor.dk\/wp-content\/uploads\/2014\/02\/Logo_groent_kontor_300x80.png\",\"contentUrl\":\"https:\/\/grontkontor.dk\/wp-content\/uploads\/2014\/02\/Logo_groent_kontor_300x80.png\",\"width\":300,\"height\":80,\"caption\":\"Gr\u00f8nt Kontor\"},\"image\":{\"@id\":\"https:\/\/grontkontor.dk\/#\/schema\/logo\/image\/\"},\"sameAs\":[\"https:\/\/www.facebook.com\/grontkontor.dk\/\"]}]}<\/script>\n<!-- \/ Yoast SEO Premium plugin. -->","yoast_head_json":{"title":"rPET-Mauspad mit kabellosem Ladeger\u00e4t (Kopier) - Gr\u00f8nt Kontor","robots":{"index":"index","follow":"follow","max-snippet":"max-snippet:-1","max-image-preview":"max-image-preview:large","max-video-preview":"max-video-preview:-1"},"canonical":"https:\/\/grontkontor.dk\/de\/shop\/rpet-mauspad-mit-kabellosem-ladegeraet-kopier\/","og_locale":"de_DE","og_type":"article","og_title":"rPET-Mauspad mit kabellosem Ladeger\u00e4t (Kopier)","og_description":"Smartes Mauspad aus recyceltem Kunststoff. Mit integriertem 10 W mobilem Ladeger\u00e4t aus rPET und Nubuk. Rutschfester Boden und multifunktionale Halterung f\u00fcr Smartphone. Kabel ist im Lieferumfang enthalten. Das Mauspad kann f\u00fcr Ger\u00e4te verwendet werden, die \u00fcber kabelloses Laden verf\u00fcgen. Das Mauspad eignet sich gut als Firmengeschenk und Mitarbeitergeschenk. [rpet] &nbsp; &nbsp;","og_url":"https:\/\/grontkontor.dk\/de\/shop\/rpet-mauspad-mit-kabellosem-ladegeraet-kopier\/","og_site_name":"Gr\u00f8nt Kontor","article_publisher":"https:\/\/www.facebook.com\/grontkontor.dk\/","article_modified_time":"2025-12-18T12:55:15+00:00","twitter_card":"summary_large_image","schema":{"@context":"https:\/\/schema.org","@graph":[{"@type":"WebPage","@id":"https:\/\/grontkontor.dk\/de\/shop\/rpet-mauspad-mit-kabellosem-ladegeraet-kopier\/","url":"https:\/\/grontkontor.dk\/de\/shop\/rpet-mauspad-mit-kabellosem-ladegeraet-kopier\/","name":"rPET-Mauspad mit kabellosem Ladeger\u00e4t (Kopier) - Gr\u00f8nt Kontor","isPartOf":{"@id":"https:\/\/grontkontor.dk\/#website"},"datePublished":"2025-12-18T12:24:24+00:00","dateModified":"2025-12-18T12:55:15+00:00","breadcrumb":{"@id":"https:\/\/grontkontor.dk\/de\/shop\/rpet-mauspad-mit-kabellosem-ladegeraet-kopier\/#breadcrumb"},"inLanguage":"de","potentialAction":[{"@type":"ReadAction","target":["https:\/\/grontkontor.dk\/de\/shop\/rpet-mauspad-mit-kabellosem-ladegeraet-kopier\/"]}]},{"@type":"BreadcrumbList","@id":"https:\/\/grontkontor.dk\/de\/shop\/rpet-mauspad-mit-kabellosem-ladegeraet-kopier\/#breadcrumb","itemListElement":[{"@type":"ListItem","position":1,"name":"Forside","item":"https:\/\/grontkontor.dk\/de\/"},{"@type":"ListItem","position":2,"name":"Laden","item":"https:\/\/grontkontor.dk\/de\/laden\/"},{"@type":"ListItem","position":3,"name":"Schreibtischausstattung","item":"https:\/\/grontkontor.dk\/de\/produkt-kategori\/schreibtischausstattung\/"},{"@type":"ListItem","position":4,"name":"Sonstiges f\u00fcr den Schreibtisch","item":"https:\/\/grontkontor.dk\/de\/produkt-kategori\/schreibtischausstattung\/sonstiges-fuer-den-schreibtisch\/"},{"@type":"ListItem","position":5,"name":"rPET-Mauspad mit kabellosem Ladeger\u00e4t (Kopier)"}]},{"@type":"WebSite","@id":"https:\/\/grontkontor.dk\/#website","url":"https:\/\/grontkontor.dk\/","name":"Gr\u00f8nt Kontor","description":"Milj\u00f8venlige produkter til kontor og erhverv med fokus p\u00e5 b\u00e6redygtighed, design og fair trade.","publisher":{"@id":"https:\/\/grontkontor.dk\/#organization"},"potentialAction":[{"@type":"SearchAction","target":{"@type":"EntryPoint","urlTemplate":"https:\/\/grontkontor.dk\/?s={search_term_string}"},"query-input":"required name=search_term_string"}],"inLanguage":"de"},{"@type":"Organization","@id":"https:\/\/grontkontor.dk\/#organization","name":"Gr\u00f8nt Kontor","url":"https:\/\/grontkontor.dk\/","logo":{"@type":"ImageObject","inLanguage":"de","@id":"https:\/\/grontkontor.dk\/#\/schema\/logo\/image\/","url":"https:\/\/grontkontor.dk\/wp-content\/uploads\/2014\/02\/Logo_groent_kontor_300x80.png","contentUrl":"https:\/\/grontkontor.dk\/wp-content\/uploads\/2014\/02\/Logo_groent_kontor_300x80.png","width":300,"height":80,"caption":"Gr\u00f8nt Kontor"},"image":{"@id":"https:\/\/grontkontor.dk\/#\/schema\/logo\/image\/"},"sameAs":["https:\/\/www.facebook.com\/grontkontor.dk\/"]}]}},"_links":{"self":[{"href":"https:\/\/grontkontor.dk\/de\/wp-json\/wp\/v2\/product\/131509"}],"collection":[{"href":"https:\/\/grontkontor.dk\/de\/wp-json\/wp\/v2\/product"}],"about":[{"href":"https:\/\/grontkontor.dk\/de\/wp-json\/wp\/v2\/types\/product"}],"replies":[{"embeddable":true,"href":"https:\/\/grontkontor.dk\/de\/wp-json\/wp\/v2\/comments?post=131509"}],"wp:featuredmedia":[{"embeddable":true,"href":"https:\/\/grontkontor.dk\/de\/wp-json\/wp\/v2\/media\/131513"}],"wp:attachment":[{"href":"https:\/\/grontkontor.dk\/de\/wp-json\/wp\/v2\/media?parent=131509"}],"wp:term":[{"taxonomy":"product_cat","embeddable":true,"href":"https:\/\/grontkontor.dk\/de\/wp-json\/wp\/v2\/product_cat?post=131509"},{"taxonomy":"product_tag","embeddable":true,"href":"https:\/\/grontkontor.dk\/de\/wp-json\/wp\/v2\/product_tag?post=131509"}],"curies":[{"name":"wp","href":"https:\/\/api.w.org\/{rel}","templated":true}]}}