{"id":131553,"date":"2025-12-22T09:52:28","date_gmt":"2025-12-22T08:52:29","guid":{"rendered":"https:\/\/grontkontor.dk\/?post_type=product&#038;p=131553"},"modified":"2026-01-07T14:44:58","modified_gmt":"2026-01-07T13:44:58","slug":"musemaatte-i-kork-m-u-tryk","status":"publish","type":"product","link":"https:\/\/grontkontor.dk\/de\/shop\/musemaatte-i-kork-m-u-tryk\/","title":{"rendered":"Kork-Mausmatten ohne Druck"},"content":{"rendered":"<p>Diese umweltfreundliche Mausmatte besteht aus nat\u00fcrlichem Kork und kombiniert Funktionalit\u00e4t mit einer verantwortungsvollen Materialwahl. Kork ist ein erneuerbares nat\u00fcrliches Material, das ohne Baumf\u00e4llung geerntet wird, was das Produkt zu einer klimafreundlichen Alternative zu herk\u00f6mmlichen Plastik-Mauspads macht. Die nat\u00fcrliche Struktur des Materials verleiht dem Mauspad einen warmen und \u00e4sthetischen Ausdruck, der sowohl ins B\u00fcro als auch in den Arbeitsplatz zu Hause perfekt passt.<br \/>\nDie Korkoberfl\u00e4che ist angenehm zu bearbeiten und sorgt f\u00fcr pr\u00e4zise und fl\u00fcssige Mausbewegungen \u2013 egal, ob Sie mit detaillierten Grafiken, Textverarbeitung oder allgemeiner B\u00fcroarbeit arbeiten. Gleichzeitig ist Kork langlebig und leicht zu pflegen, was zu einer langen Lebensdauer und einem geringeren Ressourcenverbrauch \u00fcber die Zeit beitr\u00e4gt.<br \/>\nDie Mausmatte ist mit einer rutschfesten Gummibasis ausgestattet, die daf\u00fcr sorgt, dass sie auch bei intensiver Nutzung stabil auf dem Schreibtisch liegt. Dies bietet ein ergonomischeres und effizienteres Arbeitserlebnis, bei dem der Fokus auf den Aufgaben liegt und nicht auf der Anpassung der Ausr\u00fcstung.<br \/>\nMit seinem funktionalen Design, nat\u00fcrlichen Materialien und dem geringen Umwelteinfluss ist diese Korkmausmatte eine naheliegende Wahl f\u00fcr Unternehmen und Einzelpersonen, die im Alltag Qualit\u00e4t, Komfort und Nachhaltigkeit verbinden m\u00f6chten.<br \/>\n[kork]<\/p>\n<p>&nbsp;<\/p>\n","protected":false},"excerpt":{"rendered":"<p>Diese umweltfreundliche Mausmatte besteht aus nat\u00fcrlichem Kork und kombiniert Funktionalit\u00e4t mit einer verantwortungsvollen Materialwahl. Kork ist ein erneuerbares nat\u00fcrliches Material, das ohne Baumf\u00e4llung geerntet wird, was das Produkt zu einer klimafreundlichen Alternative zu herk\u00f6mmlichen Plastik-Mauspads macht. Die nat\u00fcrliche Struktur des Materials verleiht dem Mauspad einen warmen und \u00e4sthetischen Ausdruck, der sowohl ins B\u00fcro als auch [&hellip;]<\/p>\n","protected":false},"featured_media":88089,"comment_status":"closed","ping_status":"closed","template":"","meta":{"_acf_changed":false},"product_cat":[3325,3321,3084,3519,3440],"product_tag":[4008],"class_list":{"0":"post-131553","1":"product","2":"type-product","3":"status-publish","4":"has-post-thumbnail","6":"product_cat-dummy-moq-1-de","7":"product_cat-klimafreundliche-werbegeschenke","8":"product_cat-neuheiten","9":"product_cat-schreibtischausstattung","10":"product_cat-sonstiges-fuer-den-schreibtisch","11":"product_tag-mauspad","12":"pa_farve-braun-de","13":"pa_farve-kastanienbraun","14":"pa_farve-mischen","15":"pa_farve-natur-de","16":"tm-has-options","18":"first","19":"instock","20":"taxable","21":"shipping-taxable","22":"purchasable","23":"product-type-simple"},"acf":[],"yoast_head":"<!-- This site is optimized with the Yoast SEO Premium plugin v21.2 (Yoast SEO v21.2) - https:\/\/yoast.com\/wordpress\/plugins\/seo\/ -->\n<title>Kork-Mausmatten ohne Druck - Gr\u00f8nt Kontor<\/title>\n<meta name=\"robots\" content=\"index, follow, max-snippet:-1, max-image-preview:large, max-video-preview:-1\" \/>\n<link rel=\"canonical\" href=\"https:\/\/grontkontor.dk\/de\/shop\/musemaatte-i-kork-m-u-tryk\/\" \/>\n<meta property=\"og:locale\" content=\"de_DE\" \/>\n<meta property=\"og:type\" content=\"article\" \/>\n<meta property=\"og:title\" content=\"Kork-Mausmatten ohne Druck\" \/>\n<meta property=\"og:description\" content=\"Diese umweltfreundliche Mausmatte besteht aus nat\u00fcrlichem Kork und kombiniert Funktionalit\u00e4t mit einer verantwortungsvollen Materialwahl. Kork ist ein erneuerbares nat\u00fcrliches Material, das ohne Baumf\u00e4llung geerntet wird, was das Produkt zu einer klimafreundlichen Alternative zu herk\u00f6mmlichen Plastik-Mauspads macht. Die nat\u00fcrliche Struktur des Materials verleiht dem Mauspad einen warmen und \u00e4sthetischen Ausdruck, der sowohl ins B\u00fcro als auch [&hellip;]\" \/>\n<meta property=\"og:url\" content=\"https:\/\/grontkontor.dk\/de\/shop\/musemaatte-i-kork-m-u-tryk\/\" \/>\n<meta property=\"og:site_name\" content=\"Gr\u00f8nt Kontor\" \/>\n<meta property=\"article:publisher\" content=\"https:\/\/www.facebook.com\/grontkontor.dk\/\" \/>\n<meta property=\"article:modified_time\" content=\"2026-01-07T13:44:58+00:00\" \/>\n<meta property=\"og:image\" content=\"https:\/\/grontkontor.dk\/wp-content\/uploads\/2020\/04\/musemaatte-kork-02.jpg\" \/>\n\t<meta property=\"og:image:width\" content=\"800\" \/>\n\t<meta property=\"og:image:height\" content=\"568\" \/>\n\t<meta property=\"og:image:type\" content=\"image\/jpeg\" \/>\n<meta name=\"twitter:card\" content=\"summary_large_image\" \/>\n<meta name=\"twitter:label1\" content=\"Gesch\u00e4tzte Lesezeit\" \/>\n\t<meta name=\"twitter:data1\" content=\"1\u00a0Minute\" \/>\n<script type=\"application\/ld+json\" class=\"yoast-schema-graph\">{\"@context\":\"https:\/\/schema.org\",\"@graph\":[{\"@type\":\"WebPage\",\"@id\":\"https:\/\/grontkontor.dk\/de\/shop\/musemaatte-i-kork-m-u-tryk\/\",\"url\":\"https:\/\/grontkontor.dk\/de\/shop\/musemaatte-i-kork-m-u-tryk\/\",\"name\":\"Kork-Mausmatten ohne Druck - Gr\u00f8nt Kontor\",\"isPartOf\":{\"@id\":\"https:\/\/grontkontor.dk\/#website\"},\"datePublished\":\"2025-12-22T08:52:29+00:00\",\"dateModified\":\"2026-01-07T13:44:58+00:00\",\"breadcrumb\":{\"@id\":\"https:\/\/grontkontor.dk\/de\/shop\/musemaatte-i-kork-m-u-tryk\/#breadcrumb\"},\"inLanguage\":\"de\",\"potentialAction\":[{\"@type\":\"ReadAction\",\"target\":[\"https:\/\/grontkontor.dk\/de\/shop\/musemaatte-i-kork-m-u-tryk\/\"]}]},{\"@type\":\"BreadcrumbList\",\"@id\":\"https:\/\/grontkontor.dk\/de\/shop\/musemaatte-i-kork-m-u-tryk\/#breadcrumb\",\"itemListElement\":[{\"@type\":\"ListItem\",\"position\":1,\"name\":\"Forside\",\"item\":\"https:\/\/grontkontor.dk\/de\/\"},{\"@type\":\"ListItem\",\"position\":2,\"name\":\"Laden\",\"item\":\"https:\/\/grontkontor.dk\/de\/laden\/\"},{\"@type\":\"ListItem\",\"position\":3,\"name\":\"Schreibtischausstattung\",\"item\":\"https:\/\/grontkontor.dk\/de\/produkt-kategori\/schreibtischausstattung\/\"},{\"@type\":\"ListItem\",\"position\":4,\"name\":\"Sonstiges f\u00fcr den Schreibtisch\",\"item\":\"https:\/\/grontkontor.dk\/de\/produkt-kategori\/schreibtischausstattung\/sonstiges-fuer-den-schreibtisch\/\"},{\"@type\":\"ListItem\",\"position\":5,\"name\":\"Kork-Mausmatten ohne Druck\"}]},{\"@type\":\"WebSite\",\"@id\":\"https:\/\/grontkontor.dk\/#website\",\"url\":\"https:\/\/grontkontor.dk\/\",\"name\":\"Gr\u00f8nt Kontor\",\"description\":\"Milj\u00f8venlige produkter til kontor og erhverv med fokus p\u00e5 b\u00e6redygtighed, design og fair trade.\",\"publisher\":{\"@id\":\"https:\/\/grontkontor.dk\/#organization\"},\"potentialAction\":[{\"@type\":\"SearchAction\",\"target\":{\"@type\":\"EntryPoint\",\"urlTemplate\":\"https:\/\/grontkontor.dk\/?s={search_term_string}\"},\"query-input\":\"required name=search_term_string\"}],\"inLanguage\":\"de\"},{\"@type\":\"Organization\",\"@id\":\"https:\/\/grontkontor.dk\/#organization\",\"name\":\"Gr\u00f8nt Kontor\",\"url\":\"https:\/\/grontkontor.dk\/\",\"logo\":{\"@type\":\"ImageObject\",\"inLanguage\":\"de\",\"@id\":\"https:\/\/grontkontor.dk\/#\/schema\/logo\/image\/\",\"url\":\"https:\/\/grontkontor.dk\/wp-content\/uploads\/2014\/02\/Logo_groent_kontor_300x80.png\",\"contentUrl\":\"https:\/\/grontkontor.dk\/wp-content\/uploads\/2014\/02\/Logo_groent_kontor_300x80.png\",\"width\":300,\"height\":80,\"caption\":\"Gr\u00f8nt Kontor\"},\"image\":{\"@id\":\"https:\/\/grontkontor.dk\/#\/schema\/logo\/image\/\"},\"sameAs\":[\"https:\/\/www.facebook.com\/grontkontor.dk\/\"]}]}<\/script>\n<!-- \/ Yoast SEO Premium plugin. -->","yoast_head_json":{"title":"Kork-Mausmatten ohne Druck - Gr\u00f8nt Kontor","robots":{"index":"index","follow":"follow","max-snippet":"max-snippet:-1","max-image-preview":"max-image-preview:large","max-video-preview":"max-video-preview:-1"},"canonical":"https:\/\/grontkontor.dk\/de\/shop\/musemaatte-i-kork-m-u-tryk\/","og_locale":"de_DE","og_type":"article","og_title":"Kork-Mausmatten ohne Druck","og_description":"Diese umweltfreundliche Mausmatte besteht aus nat\u00fcrlichem Kork und kombiniert Funktionalit\u00e4t mit einer verantwortungsvollen Materialwahl. Kork ist ein erneuerbares nat\u00fcrliches Material, das ohne Baumf\u00e4llung geerntet wird, was das Produkt zu einer klimafreundlichen Alternative zu herk\u00f6mmlichen Plastik-Mauspads macht. Die nat\u00fcrliche Struktur des Materials verleiht dem Mauspad einen warmen und \u00e4sthetischen Ausdruck, der sowohl ins B\u00fcro als auch [&hellip;]","og_url":"https:\/\/grontkontor.dk\/de\/shop\/musemaatte-i-kork-m-u-tryk\/","og_site_name":"Gr\u00f8nt Kontor","article_publisher":"https:\/\/www.facebook.com\/grontkontor.dk\/","article_modified_time":"2026-01-07T13:44:58+00:00","og_image":[{"width":800,"height":568,"url":"https:\/\/grontkontor.dk\/wp-content\/uploads\/2020\/04\/musemaatte-kork-02.jpg","type":"image\/jpeg"}],"twitter_card":"summary_large_image","twitter_misc":{"Gesch\u00e4tzte Lesezeit":"1\u00a0Minute"},"schema":{"@context":"https:\/\/schema.org","@graph":[{"@type":"WebPage","@id":"https:\/\/grontkontor.dk\/de\/shop\/musemaatte-i-kork-m-u-tryk\/","url":"https:\/\/grontkontor.dk\/de\/shop\/musemaatte-i-kork-m-u-tryk\/","name":"Kork-Mausmatten ohne Druck - Gr\u00f8nt Kontor","isPartOf":{"@id":"https:\/\/grontkontor.dk\/#website"},"datePublished":"2025-12-22T08:52:29+00:00","dateModified":"2026-01-07T13:44:58+00:00","breadcrumb":{"@id":"https:\/\/grontkontor.dk\/de\/shop\/musemaatte-i-kork-m-u-tryk\/#breadcrumb"},"inLanguage":"de","potentialAction":[{"@type":"ReadAction","target":["https:\/\/grontkontor.dk\/de\/shop\/musemaatte-i-kork-m-u-tryk\/"]}]},{"@type":"BreadcrumbList","@id":"https:\/\/grontkontor.dk\/de\/shop\/musemaatte-i-kork-m-u-tryk\/#breadcrumb","itemListElement":[{"@type":"ListItem","position":1,"name":"Forside","item":"https:\/\/grontkontor.dk\/de\/"},{"@type":"ListItem","position":2,"name":"Laden","item":"https:\/\/grontkontor.dk\/de\/laden\/"},{"@type":"ListItem","position":3,"name":"Schreibtischausstattung","item":"https:\/\/grontkontor.dk\/de\/produkt-kategori\/schreibtischausstattung\/"},{"@type":"ListItem","position":4,"name":"Sonstiges f\u00fcr den Schreibtisch","item":"https:\/\/grontkontor.dk\/de\/produkt-kategori\/schreibtischausstattung\/sonstiges-fuer-den-schreibtisch\/"},{"@type":"ListItem","position":5,"name":"Kork-Mausmatten ohne Druck"}]},{"@type":"WebSite","@id":"https:\/\/grontkontor.dk\/#website","url":"https:\/\/grontkontor.dk\/","name":"Gr\u00f8nt Kontor","description":"Milj\u00f8venlige produkter til kontor og erhverv med fokus p\u00e5 b\u00e6redygtighed, design og fair trade.","publisher":{"@id":"https:\/\/grontkontor.dk\/#organization"},"potentialAction":[{"@type":"SearchAction","target":{"@type":"EntryPoint","urlTemplate":"https:\/\/grontkontor.dk\/?s={search_term_string}"},"query-input":"required name=search_term_string"}],"inLanguage":"de"},{"@type":"Organization","@id":"https:\/\/grontkontor.dk\/#organization","name":"Gr\u00f8nt Kontor","url":"https:\/\/grontkontor.dk\/","logo":{"@type":"ImageObject","inLanguage":"de","@id":"https:\/\/grontkontor.dk\/#\/schema\/logo\/image\/","url":"https:\/\/grontkontor.dk\/wp-content\/uploads\/2014\/02\/Logo_groent_kontor_300x80.png","contentUrl":"https:\/\/grontkontor.dk\/wp-content\/uploads\/2014\/02\/Logo_groent_kontor_300x80.png","width":300,"height":80,"caption":"Gr\u00f8nt Kontor"},"image":{"@id":"https:\/\/grontkontor.dk\/#\/schema\/logo\/image\/"},"sameAs":["https:\/\/www.facebook.com\/grontkontor.dk\/"]}]}},"_links":{"self":[{"href":"https:\/\/grontkontor.dk\/de\/wp-json\/wp\/v2\/product\/131553"}],"collection":[{"href":"https:\/\/grontkontor.dk\/de\/wp-json\/wp\/v2\/product"}],"about":[{"href":"https:\/\/grontkontor.dk\/de\/wp-json\/wp\/v2\/types\/product"}],"replies":[{"embeddable":true,"href":"https:\/\/grontkontor.dk\/de\/wp-json\/wp\/v2\/comments?post=131553"}],"wp:featuredmedia":[{"embeddable":true,"href":"https:\/\/grontkontor.dk\/de\/wp-json\/wp\/v2\/media\/88089"}],"wp:attachment":[{"href":"https:\/\/grontkontor.dk\/de\/wp-json\/wp\/v2\/media?parent=131553"}],"wp:term":[{"taxonomy":"product_cat","embeddable":true,"href":"https:\/\/grontkontor.dk\/de\/wp-json\/wp\/v2\/product_cat?post=131553"},{"taxonomy":"product_tag","embeddable":true,"href":"https:\/\/grontkontor.dk\/de\/wp-json\/wp\/v2\/product_tag?post=131553"}],"curies":[{"name":"wp","href":"https:\/\/api.w.org\/{rel}","templated":true}]}}