{"id":131758,"date":"2026-01-07T14:45:04","date_gmt":"2026-01-07T13:45:05","guid":{"rendered":"https:\/\/grontkontor.dk\/?post_type=product&#038;p=131758"},"modified":"2026-01-21T13:13:22","modified_gmt":"2026-01-21T12:13:22","slug":"portefoeljemappe-i-kork-med-notesbog","status":"publish","type":"product","link":"https:\/\/grontkontor.dk\/de\/shop\/portefoeljemappe-i-kork-med-notesbog\/","title":{"rendered":"Portfolio-Ordner im Kork mit Notizbuch"},"content":{"rendered":"<p data-start=\"54\" data-end=\"453\">Dieser rustikale Portfolio-Ordner ist eine naheliegende Wahl f\u00fcr alle, die eine praktische L\u00f6sung mit R\u00fccksicht auf die Umwelt suchen. Der Falter hat einen Umzug aus robustem Kork, der sowohl ein nat\u00fcrliches Aussehen verleiht als auch das Produkt klimafreundlich macht. Kork ist ein umweltfreundliches, nat\u00fcrliches Material, das immer wieder geerntet werden kann, ohne das Holz zu sch\u00e4digen, und daher eine naheliegende Wahl f\u00fcr Unternehmen, die R\u00fccksicht und Qualit\u00e4t signalisieren m\u00f6chten.  <\/p>\n<p data-start=\"455\" data-end=\"782\">Im Inneren finden Sie ein praktisches Notizbuch mit 20 Seiten, sodass Sie immer Platz haben, um Ideen, Notizen oder Termine zu notieren. Der Stift ist nicht dabei, aber wir haben mehrere Korkstifte, die perfekt zum Ordner passen. <\/p>\n<p data-start=\"1069\" data-end=\"1291\">Der Aktenkoffer hat ein klassisches und rustikales Design, das sowohl Professionalit\u00e4t als auch R\u00fccksicht auf das Klima ausstrahlt. Sie ist perfekt f\u00fcr alle, die eine funktionale L\u00f6sung suchen, die gleichzeitig ein klares Signal f\u00fcr verantwortungsvolle Entscheidungen sendet. <\/p>\n<p>[kork]<\/p>\n","protected":false},"excerpt":{"rendered":"<p>Dieser rustikale Portfolio-Ordner ist eine naheliegende Wahl f\u00fcr alle, die eine praktische L\u00f6sung mit R\u00fccksicht auf die Umwelt suchen. Der Falter hat einen Umzug aus robustem Kork, der sowohl ein nat\u00fcrliches Aussehen verleiht als auch das Produkt klimafreundlich macht. Kork ist ein umweltfreundliches, nat\u00fcrliches Material, das immer wieder geerntet werden kann, ohne das Holz zu [&hellip;]<\/p>\n","protected":false},"featured_media":131762,"comment_status":"closed","ping_status":"closed","template":"","meta":{"_acf_changed":false},"product_cat":[3325,3321,3084,3606,3604],"product_tag":[3729,3608,3862],"class_list":{"0":"post-131758","1":"product","2":"type-product","3":"status-publish","4":"has-post-thumbnail","6":"product_cat-dummy-moq-1-de","7":"product_cat-klimafreundliche-werbegeschenke","8":"product_cat-neuheiten","9":"product_cat-notizbuecher","10":"product_cat-papier-und-bloecke","11":"product_tag-notizblock","12":"product_tag-notizbuch","13":"product_tag-notizbuecher","14":"tm-has-options","16":"first","17":"instock","18":"taxable","19":"shipping-taxable","20":"purchasable","21":"product-type-simple"},"acf":[],"yoast_head":"<!-- This site is optimized with the Yoast SEO Premium plugin v21.2 (Yoast SEO v21.2) - https:\/\/yoast.com\/wordpress\/plugins\/seo\/ -->\n<title>Portfolio-Ordner im Kork mit Notizbuch - Gr\u00f8nt Kontor<\/title>\n<meta name=\"description\" content=\"Rustikaler und klimafreundlicher Portfolio-Ordner im Kork mit Notizblock und Stift. Umweltfreundliche Alternative, perfekt f\u00fcr Meetings, Veranstaltungen und als Firmengeschenk.\" \/>\n<meta name=\"robots\" content=\"index, follow, max-snippet:-1, max-image-preview:large, max-video-preview:-1\" \/>\n<link rel=\"canonical\" href=\"https:\/\/grontkontor.dk\/de\/shop\/portefoeljemappe-i-kork-med-notesbog\/\" \/>\n<meta property=\"og:locale\" content=\"de_DE\" \/>\n<meta property=\"og:type\" content=\"article\" \/>\n<meta property=\"og:title\" content=\"Portfolio-Ordner im Kork mit Notizbuch\" \/>\n<meta property=\"og:description\" content=\"Rustikaler und klimafreundlicher Portfolio-Ordner im Kork mit Notizblock und Stift. Umweltfreundliche Alternative, perfekt f\u00fcr Meetings, Veranstaltungen und als Firmengeschenk.\" \/>\n<meta property=\"og:url\" content=\"https:\/\/grontkontor.dk\/de\/shop\/portefoeljemappe-i-kork-med-notesbog\/\" \/>\n<meta property=\"og:site_name\" content=\"Gr\u00f8nt Kontor\" \/>\n<meta property=\"article:publisher\" content=\"https:\/\/www.facebook.com\/grontkontor.dk\/\" \/>\n<meta property=\"article:modified_time\" content=\"2026-01-21T12:13:22+00:00\" \/>\n<meta property=\"og:image\" content=\"https:\/\/grontkontor.dk\/wp-content\/uploads\/2026\/01\/portefoljemappe-kork-a4-01.jpg\" \/>\n\t<meta property=\"og:image:width\" content=\"1080\" \/>\n\t<meta property=\"og:image:height\" content=\"1080\" \/>\n\t<meta property=\"og:image:type\" content=\"image\/jpeg\" \/>\n<meta name=\"twitter:card\" content=\"summary_large_image\" \/>\n<meta name=\"twitter:label1\" content=\"Gesch\u00e4tzte Lesezeit\" \/>\n\t<meta name=\"twitter:data1\" content=\"1\u00a0Minute\" \/>\n<script type=\"application\/ld+json\" class=\"yoast-schema-graph\">{\"@context\":\"https:\/\/schema.org\",\"@graph\":[{\"@type\":\"WebPage\",\"@id\":\"https:\/\/grontkontor.dk\/de\/shop\/portefoeljemappe-i-kork-med-notesbog\/\",\"url\":\"https:\/\/grontkontor.dk\/de\/shop\/portefoeljemappe-i-kork-med-notesbog\/\",\"name\":\"Portfolio-Ordner im Kork mit Notizbuch - Gr\u00f8nt Kontor\",\"isPartOf\":{\"@id\":\"https:\/\/grontkontor.dk\/#website\"},\"datePublished\":\"2026-01-07T13:45:05+00:00\",\"dateModified\":\"2026-01-21T12:13:22+00:00\",\"description\":\"Rustikaler und klimafreundlicher Portfolio-Ordner im Kork mit Notizblock und Stift. Umweltfreundliche Alternative, perfekt f\u00fcr Meetings, Veranstaltungen und als Firmengeschenk.\",\"breadcrumb\":{\"@id\":\"https:\/\/grontkontor.dk\/de\/shop\/portefoeljemappe-i-kork-med-notesbog\/#breadcrumb\"},\"inLanguage\":\"de\",\"potentialAction\":[{\"@type\":\"ReadAction\",\"target\":[\"https:\/\/grontkontor.dk\/de\/shop\/portefoeljemappe-i-kork-med-notesbog\/\"]}]},{\"@type\":\"BreadcrumbList\",\"@id\":\"https:\/\/grontkontor.dk\/de\/shop\/portefoeljemappe-i-kork-med-notesbog\/#breadcrumb\",\"itemListElement\":[{\"@type\":\"ListItem\",\"position\":1,\"name\":\"Forside\",\"item\":\"https:\/\/grontkontor.dk\/de\/\"},{\"@type\":\"ListItem\",\"position\":2,\"name\":\"Laden\",\"item\":\"https:\/\/grontkontor.dk\/de\/laden\/\"},{\"@type\":\"ListItem\",\"position\":3,\"name\":\"Dummy MOQ 1\",\"item\":\"https:\/\/grontkontor.dk\/produkt-kategori\/dummy-moq-1\/\"},{\"@type\":\"ListItem\",\"position\":4,\"name\":\"Portfolio-Ordner im Kork mit Notizbuch\"}]},{\"@type\":\"WebSite\",\"@id\":\"https:\/\/grontkontor.dk\/#website\",\"url\":\"https:\/\/grontkontor.dk\/\",\"name\":\"Gr\u00f8nt Kontor\",\"description\":\"Milj\u00f8venlige produkter til kontor og erhverv med fokus p\u00e5 b\u00e6redygtighed, design og fair trade.\",\"publisher\":{\"@id\":\"https:\/\/grontkontor.dk\/#organization\"},\"potentialAction\":[{\"@type\":\"SearchAction\",\"target\":{\"@type\":\"EntryPoint\",\"urlTemplate\":\"https:\/\/grontkontor.dk\/?s={search_term_string}\"},\"query-input\":\"required name=search_term_string\"}],\"inLanguage\":\"de\"},{\"@type\":\"Organization\",\"@id\":\"https:\/\/grontkontor.dk\/#organization\",\"name\":\"Gr\u00f8nt Kontor\",\"url\":\"https:\/\/grontkontor.dk\/\",\"logo\":{\"@type\":\"ImageObject\",\"inLanguage\":\"de\",\"@id\":\"https:\/\/grontkontor.dk\/#\/schema\/logo\/image\/\",\"url\":\"https:\/\/grontkontor.dk\/wp-content\/uploads\/2014\/02\/Logo_groent_kontor_300x80.png\",\"contentUrl\":\"https:\/\/grontkontor.dk\/wp-content\/uploads\/2014\/02\/Logo_groent_kontor_300x80.png\",\"width\":300,\"height\":80,\"caption\":\"Gr\u00f8nt Kontor\"},\"image\":{\"@id\":\"https:\/\/grontkontor.dk\/#\/schema\/logo\/image\/\"},\"sameAs\":[\"https:\/\/www.facebook.com\/grontkontor.dk\/\"]}]}<\/script>\n<!-- \/ Yoast SEO Premium plugin. -->","yoast_head_json":{"title":"Portfolio-Ordner im Kork mit Notizbuch - Gr\u00f8nt Kontor","description":"Rustikaler und klimafreundlicher Portfolio-Ordner im Kork mit Notizblock und Stift. Umweltfreundliche Alternative, perfekt f\u00fcr Meetings, Veranstaltungen und als Firmengeschenk.","robots":{"index":"index","follow":"follow","max-snippet":"max-snippet:-1","max-image-preview":"max-image-preview:large","max-video-preview":"max-video-preview:-1"},"canonical":"https:\/\/grontkontor.dk\/de\/shop\/portefoeljemappe-i-kork-med-notesbog\/","og_locale":"de_DE","og_type":"article","og_title":"Portfolio-Ordner im Kork mit Notizbuch","og_description":"Rustikaler und klimafreundlicher Portfolio-Ordner im Kork mit Notizblock und Stift. Umweltfreundliche Alternative, perfekt f\u00fcr Meetings, Veranstaltungen und als Firmengeschenk.","og_url":"https:\/\/grontkontor.dk\/de\/shop\/portefoeljemappe-i-kork-med-notesbog\/","og_site_name":"Gr\u00f8nt Kontor","article_publisher":"https:\/\/www.facebook.com\/grontkontor.dk\/","article_modified_time":"2026-01-21T12:13:22+00:00","og_image":[{"width":1080,"height":1080,"url":"https:\/\/grontkontor.dk\/wp-content\/uploads\/2026\/01\/portefoljemappe-kork-a4-01.jpg","type":"image\/jpeg"}],"twitter_card":"summary_large_image","twitter_misc":{"Gesch\u00e4tzte Lesezeit":"1\u00a0Minute"},"schema":{"@context":"https:\/\/schema.org","@graph":[{"@type":"WebPage","@id":"https:\/\/grontkontor.dk\/de\/shop\/portefoeljemappe-i-kork-med-notesbog\/","url":"https:\/\/grontkontor.dk\/de\/shop\/portefoeljemappe-i-kork-med-notesbog\/","name":"Portfolio-Ordner im Kork mit Notizbuch - Gr\u00f8nt Kontor","isPartOf":{"@id":"https:\/\/grontkontor.dk\/#website"},"datePublished":"2026-01-07T13:45:05+00:00","dateModified":"2026-01-21T12:13:22+00:00","description":"Rustikaler und klimafreundlicher Portfolio-Ordner im Kork mit Notizblock und Stift. Umweltfreundliche Alternative, perfekt f\u00fcr Meetings, Veranstaltungen und als Firmengeschenk.","breadcrumb":{"@id":"https:\/\/grontkontor.dk\/de\/shop\/portefoeljemappe-i-kork-med-notesbog\/#breadcrumb"},"inLanguage":"de","potentialAction":[{"@type":"ReadAction","target":["https:\/\/grontkontor.dk\/de\/shop\/portefoeljemappe-i-kork-med-notesbog\/"]}]},{"@type":"BreadcrumbList","@id":"https:\/\/grontkontor.dk\/de\/shop\/portefoeljemappe-i-kork-med-notesbog\/#breadcrumb","itemListElement":[{"@type":"ListItem","position":1,"name":"Forside","item":"https:\/\/grontkontor.dk\/de\/"},{"@type":"ListItem","position":2,"name":"Laden","item":"https:\/\/grontkontor.dk\/de\/laden\/"},{"@type":"ListItem","position":3,"name":"Dummy MOQ 1","item":"https:\/\/grontkontor.dk\/produkt-kategori\/dummy-moq-1\/"},{"@type":"ListItem","position":4,"name":"Portfolio-Ordner im Kork mit Notizbuch"}]},{"@type":"WebSite","@id":"https:\/\/grontkontor.dk\/#website","url":"https:\/\/grontkontor.dk\/","name":"Gr\u00f8nt Kontor","description":"Milj\u00f8venlige produkter til kontor og erhverv med fokus p\u00e5 b\u00e6redygtighed, design og fair trade.","publisher":{"@id":"https:\/\/grontkontor.dk\/#organization"},"potentialAction":[{"@type":"SearchAction","target":{"@type":"EntryPoint","urlTemplate":"https:\/\/grontkontor.dk\/?s={search_term_string}"},"query-input":"required name=search_term_string"}],"inLanguage":"de"},{"@type":"Organization","@id":"https:\/\/grontkontor.dk\/#organization","name":"Gr\u00f8nt Kontor","url":"https:\/\/grontkontor.dk\/","logo":{"@type":"ImageObject","inLanguage":"de","@id":"https:\/\/grontkontor.dk\/#\/schema\/logo\/image\/","url":"https:\/\/grontkontor.dk\/wp-content\/uploads\/2014\/02\/Logo_groent_kontor_300x80.png","contentUrl":"https:\/\/grontkontor.dk\/wp-content\/uploads\/2014\/02\/Logo_groent_kontor_300x80.png","width":300,"height":80,"caption":"Gr\u00f8nt Kontor"},"image":{"@id":"https:\/\/grontkontor.dk\/#\/schema\/logo\/image\/"},"sameAs":["https:\/\/www.facebook.com\/grontkontor.dk\/"]}]}},"_links":{"self":[{"href":"https:\/\/grontkontor.dk\/de\/wp-json\/wp\/v2\/product\/131758"}],"collection":[{"href":"https:\/\/grontkontor.dk\/de\/wp-json\/wp\/v2\/product"}],"about":[{"href":"https:\/\/grontkontor.dk\/de\/wp-json\/wp\/v2\/types\/product"}],"replies":[{"embeddable":true,"href":"https:\/\/grontkontor.dk\/de\/wp-json\/wp\/v2\/comments?post=131758"}],"wp:featuredmedia":[{"embeddable":true,"href":"https:\/\/grontkontor.dk\/de\/wp-json\/wp\/v2\/media\/131762"}],"wp:attachment":[{"href":"https:\/\/grontkontor.dk\/de\/wp-json\/wp\/v2\/media?parent=131758"}],"wp:term":[{"taxonomy":"product_cat","embeddable":true,"href":"https:\/\/grontkontor.dk\/de\/wp-json\/wp\/v2\/product_cat?post=131758"},{"taxonomy":"product_tag","embeddable":true,"href":"https:\/\/grontkontor.dk\/de\/wp-json\/wp\/v2\/product_tag?post=131758"}],"curies":[{"name":"wp","href":"https:\/\/api.w.org\/{rel}","templated":true}]}}