{"id":85565,"date":"2024-04-25T14:53:56","date_gmt":"2024-05-28T09:22:43","guid":{"rendered":"https:\/\/grontkontor.dk\/shop\/strandtasche-aus-recycelter-baumwolle-300-g-slash-m2\/"},"modified":"2024-07-03T10:39:44","modified_gmt":"2024-07-03T08:39:44","slug":"strandtasche-aus-recycelter-baumwolle-300-g-slash-m2","status":"publish","type":"product","link":"https:\/\/grontkontor.dk\/de\/shop\/strandtasche-aus-recycelter-baumwolle-300-g-slash-m2\/","title":{"rendered":"Strandtasche aus recycelter Baumwolle 300 g\/m\u00b2"},"content":{"rendered":"<p>Umweltfreundliche und ger\u00e4umige Strandtasche mit Blockboden aus 100% recycelter Baumwolle. Qualit\u00e4t: 300 g\/m\u00b2. Ausgestattet mit langen Griffen von 60 cm, h\u00e4lt bis zu 12 kg. Ein sch\u00f6nes umweltfreundliches Werbegeschenk, das sich f\u00fcr die Handhabung Ihrer Handouts auf einer Messe oder Veranstaltung eignet. M\u00f6glichkeit des ein- oder beidseitigen Drucks.<\/p>\n<p>[genbrugsbomuld]<\/p>\n<p>&nbsp;<\/p>\n<p><img loading=\"lazy\" decoding=\"async\" src=\"https:\/\/grontkontor.dk\/wp-content\/uploads\/2021\/02\/genbrug.jpg\" alt=\"Fremstillet af genbrugsmaterialer\" width=\"50\" height=\"50\" class=\"size-full wp-image-23031\" srcset=\"https:\/\/grontkontor.dk\/wp-content\/uploads\/2021\/02\/genbrug.jpg 199w, https:\/\/grontkontor.dk\/wp-content\/uploads\/2021\/02\/genbrug-100x100.jpg 100w\" sizes=\"(max-width: 50px) 100vw, 50px\" \/> <a href=\"https:\/\/textileexchange.org\/standards\/recycled-claim-standard-global-recycled-standard\/\"><img loading=\"lazy\" decoding=\"async\" src=\"https:\/\/grontkontor.dk\/wp-content\/uploads\/2021\/06\/global-recycled-standard-1.jpg\" alt=\"Global recycled standard\" width=\"50\" height=\"50\" class=\"size-full wp-image-25504\" \/> <\/a><\/p>\n","protected":false},"excerpt":{"rendered":"<p>Umweltfreundliche und ger\u00e4umige Strandtasche mit Blockboden aus 100% recycelter Baumwolle. Qualit\u00e4t: 300 g\/m\u00b2. Ausgestattet mit langen Griffen von 60 cm, h\u00e4lt bis zu 12 kg. Ein sch\u00f6nes umweltfreundliches Werbegeschenk, das sich f\u00fcr die Handhabung Ihrer Handouts auf einer Messe oder Veranstaltung eignet. M\u00f6glichkeit des ein- oder beidseitigen Drucks. [genbrugsbomuld] &nbsp;<\/p>\n","protected":false},"featured_media":84747,"comment_status":"closed","ping_status":"closed","template":"","meta":{"_acf_changed":false},"product_cat":[3325,3321,3084,3327,3341],"product_tag":[4502],"class_list":{"0":"post-85565","1":"product","2":"type-product","3":"status-publish","4":"has-post-thumbnail","6":"product_cat-dummy-moq-1-de","7":"product_cat-klimafreundliche-werbegeschenke","8":"product_cat-neuheiten","9":"product_cat-sport-und-freizeit","10":"product_cat-stofftaschen","11":"product_tag-strandtasche","12":"tm-has-options","14":"first","15":"instock","16":"taxable","17":"shipping-taxable","18":"purchasable","19":"product-type-simple"},"acf":[],"yoast_head":"<!-- This site is optimized with the Yoast SEO Premium plugin v21.2 (Yoast SEO v21.2) - https:\/\/yoast.com\/wordpress\/plugins\/seo\/ -->\n<title>Strandtasche aus recycelter Baumwolle 300 g\/m\u00b2 - Gr\u00f8nt Kontor<\/title>\n<meta name=\"robots\" content=\"index, follow, max-snippet:-1, max-image-preview:large, max-video-preview:-1\" \/>\n<link rel=\"canonical\" href=\"https:\/\/grontkontor.dk\/shop\/beach-bag-i-genanvendt-bomuld-300-gsm\/\" \/>\n<meta property=\"og:locale\" content=\"de_DE\" \/>\n<meta property=\"og:type\" content=\"article\" \/>\n<meta property=\"og:title\" content=\"Strandtasche aus recycelter Baumwolle 300 g\/m\u00b2\" \/>\n<meta property=\"og:description\" content=\"Umweltfreundliche und ger\u00e4umige Strandtasche mit Blockboden aus 100% recycelter Baumwolle. Qualit\u00e4t: 300 g\/m\u00b2. Ausgestattet mit langen Griffen von 60 cm, h\u00e4lt bis zu 12 kg. Ein sch\u00f6nes umweltfreundliches Werbegeschenk, das sich f\u00fcr die Handhabung Ihrer Handouts auf einer Messe oder Veranstaltung eignet. M\u00f6glichkeit des ein- oder beidseitigen Drucks. [genbrugsbomuld] &nbsp;\" \/>\n<meta property=\"og:url\" content=\"https:\/\/grontkontor.dk\/shop\/beach-bag-i-genanvendt-bomuld-300-gsm\/\" \/>\n<meta property=\"og:site_name\" content=\"Gr\u00f8nt Kontor\" \/>\n<meta property=\"article:publisher\" content=\"https:\/\/www.facebook.com\/grontkontor.dk\/\" \/>\n<meta property=\"article:modified_time\" content=\"2024-07-03T08:39:44+00:00\" \/>\n<meta property=\"og:image\" content=\"https:\/\/grontkontor.dk\/wp-content\/uploads\/2024\/04\/Klimavenlig-beach-bag-i-bomuld.jpg\" \/>\n\t<meta property=\"og:image:width\" content=\"900\" \/>\n\t<meta property=\"og:image:height\" content=\"639\" \/>\n\t<meta property=\"og:image:type\" content=\"image\/jpeg\" \/>\n<meta name=\"twitter:card\" content=\"summary_large_image\" \/>\n<script type=\"application\/ld+json\" class=\"yoast-schema-graph\">{\"@context\":\"https:\/\/schema.org\",\"@graph\":[{\"@type\":\"WebPage\",\"@id\":\"https:\/\/grontkontor.dk\/shop\/beach-bag-i-genanvendt-bomuld-300-gsm\/\",\"url\":\"https:\/\/grontkontor.dk\/shop\/beach-bag-i-genanvendt-bomuld-300-gsm\/\",\"name\":\"Strandtasche aus recycelter Baumwolle 300 g\/m\u00b2 - Gr\u00f8nt Kontor\",\"isPartOf\":{\"@id\":\"https:\/\/grontkontor.dk\/#website\"},\"datePublished\":\"2024-05-28T09:22:43+00:00\",\"dateModified\":\"2024-07-03T08:39:44+00:00\",\"breadcrumb\":{\"@id\":\"https:\/\/grontkontor.dk\/shop\/beach-bag-i-genanvendt-bomuld-300-gsm\/#breadcrumb\"},\"inLanguage\":\"de\",\"potentialAction\":[{\"@type\":\"ReadAction\",\"target\":[\"https:\/\/grontkontor.dk\/shop\/beach-bag-i-genanvendt-bomuld-300-gsm\/\"]}]},{\"@type\":\"BreadcrumbList\",\"@id\":\"https:\/\/grontkontor.dk\/shop\/beach-bag-i-genanvendt-bomuld-300-gsm\/#breadcrumb\",\"itemListElement\":[{\"@type\":\"ListItem\",\"position\":1,\"name\":\"Forside\",\"item\":\"https:\/\/grontkontor.dk\/de\/\"},{\"@type\":\"ListItem\",\"position\":2,\"name\":\"Laden\",\"item\":\"https:\/\/grontkontor.dk\/de\/laden\/\"},{\"@type\":\"ListItem\",\"position\":3,\"name\":\"Taschen, Taschen und H\u00fcllen\",\"item\":\"https:\/\/grontkontor.dk\/de\/produkt-kategori\/taschen-tueten-und-huellen\/\"},{\"@type\":\"ListItem\",\"position\":4,\"name\":\"Tragetaschen\",\"item\":\"https:\/\/grontkontor.dk\/de\/produkt-kategori\/taschen-tueten-und-huellen\/stofftaschen\/\"},{\"@type\":\"ListItem\",\"position\":5,\"name\":\"Strandtasche aus recycelter Baumwolle 300 g\/m\u00b2\"}]},{\"@type\":\"WebSite\",\"@id\":\"https:\/\/grontkontor.dk\/#website\",\"url\":\"https:\/\/grontkontor.dk\/\",\"name\":\"Gr\u00f8nt Kontor\",\"description\":\"Milj\u00f8venlige produkter til kontor og erhverv med fokus p\u00e5 b\u00e6redygtighed, design og fair trade.\",\"publisher\":{\"@id\":\"https:\/\/grontkontor.dk\/#organization\"},\"potentialAction\":[{\"@type\":\"SearchAction\",\"target\":{\"@type\":\"EntryPoint\",\"urlTemplate\":\"https:\/\/grontkontor.dk\/?s={search_term_string}\"},\"query-input\":\"required name=search_term_string\"}],\"inLanguage\":\"de\"},{\"@type\":\"Organization\",\"@id\":\"https:\/\/grontkontor.dk\/#organization\",\"name\":\"Gr\u00f8nt Kontor\",\"url\":\"https:\/\/grontkontor.dk\/\",\"logo\":{\"@type\":\"ImageObject\",\"inLanguage\":\"de\",\"@id\":\"https:\/\/grontkontor.dk\/#\/schema\/logo\/image\/\",\"url\":\"https:\/\/grontkontor.dk\/wp-content\/uploads\/2014\/02\/Logo_groent_kontor_300x80.png\",\"contentUrl\":\"https:\/\/grontkontor.dk\/wp-content\/uploads\/2014\/02\/Logo_groent_kontor_300x80.png\",\"width\":300,\"height\":80,\"caption\":\"Gr\u00f8nt Kontor\"},\"image\":{\"@id\":\"https:\/\/grontkontor.dk\/#\/schema\/logo\/image\/\"},\"sameAs\":[\"https:\/\/www.facebook.com\/grontkontor.dk\/\"]}]}<\/script>\n<!-- \/ Yoast SEO Premium plugin. -->","yoast_head_json":{"title":"Strandtasche aus recycelter Baumwolle 300 g\/m\u00b2 - Gr\u00f8nt Kontor","robots":{"index":"index","follow":"follow","max-snippet":"max-snippet:-1","max-image-preview":"max-image-preview:large","max-video-preview":"max-video-preview:-1"},"canonical":"https:\/\/grontkontor.dk\/shop\/beach-bag-i-genanvendt-bomuld-300-gsm\/","og_locale":"de_DE","og_type":"article","og_title":"Strandtasche aus recycelter Baumwolle 300 g\/m\u00b2","og_description":"Umweltfreundliche und ger\u00e4umige Strandtasche mit Blockboden aus 100% recycelter Baumwolle. Qualit\u00e4t: 300 g\/m\u00b2. Ausgestattet mit langen Griffen von 60 cm, h\u00e4lt bis zu 12 kg. Ein sch\u00f6nes umweltfreundliches Werbegeschenk, das sich f\u00fcr die Handhabung Ihrer Handouts auf einer Messe oder Veranstaltung eignet. M\u00f6glichkeit des ein- oder beidseitigen Drucks. [genbrugsbomuld] &nbsp;","og_url":"https:\/\/grontkontor.dk\/shop\/beach-bag-i-genanvendt-bomuld-300-gsm\/","og_site_name":"Gr\u00f8nt Kontor","article_publisher":"https:\/\/www.facebook.com\/grontkontor.dk\/","article_modified_time":"2024-07-03T08:39:44+00:00","og_image":[{"width":900,"height":639,"url":"https:\/\/grontkontor.dk\/wp-content\/uploads\/2024\/04\/Klimavenlig-beach-bag-i-bomuld.jpg","type":"image\/jpeg"}],"twitter_card":"summary_large_image","schema":{"@context":"https:\/\/schema.org","@graph":[{"@type":"WebPage","@id":"https:\/\/grontkontor.dk\/shop\/beach-bag-i-genanvendt-bomuld-300-gsm\/","url":"https:\/\/grontkontor.dk\/shop\/beach-bag-i-genanvendt-bomuld-300-gsm\/","name":"Strandtasche aus recycelter Baumwolle 300 g\/m\u00b2 - Gr\u00f8nt Kontor","isPartOf":{"@id":"https:\/\/grontkontor.dk\/#website"},"datePublished":"2024-05-28T09:22:43+00:00","dateModified":"2024-07-03T08:39:44+00:00","breadcrumb":{"@id":"https:\/\/grontkontor.dk\/shop\/beach-bag-i-genanvendt-bomuld-300-gsm\/#breadcrumb"},"inLanguage":"de","potentialAction":[{"@type":"ReadAction","target":["https:\/\/grontkontor.dk\/shop\/beach-bag-i-genanvendt-bomuld-300-gsm\/"]}]},{"@type":"BreadcrumbList","@id":"https:\/\/grontkontor.dk\/shop\/beach-bag-i-genanvendt-bomuld-300-gsm\/#breadcrumb","itemListElement":[{"@type":"ListItem","position":1,"name":"Forside","item":"https:\/\/grontkontor.dk\/de\/"},{"@type":"ListItem","position":2,"name":"Laden","item":"https:\/\/grontkontor.dk\/de\/laden\/"},{"@type":"ListItem","position":3,"name":"Taschen, Taschen und H\u00fcllen","item":"https:\/\/grontkontor.dk\/de\/produkt-kategori\/taschen-tueten-und-huellen\/"},{"@type":"ListItem","position":4,"name":"Tragetaschen","item":"https:\/\/grontkontor.dk\/de\/produkt-kategori\/taschen-tueten-und-huellen\/stofftaschen\/"},{"@type":"ListItem","position":5,"name":"Strandtasche aus recycelter Baumwolle 300 g\/m\u00b2"}]},{"@type":"WebSite","@id":"https:\/\/grontkontor.dk\/#website","url":"https:\/\/grontkontor.dk\/","name":"Gr\u00f8nt Kontor","description":"Milj\u00f8venlige produkter til kontor og erhverv med fokus p\u00e5 b\u00e6redygtighed, design og fair trade.","publisher":{"@id":"https:\/\/grontkontor.dk\/#organization"},"potentialAction":[{"@type":"SearchAction","target":{"@type":"EntryPoint","urlTemplate":"https:\/\/grontkontor.dk\/?s={search_term_string}"},"query-input":"required name=search_term_string"}],"inLanguage":"de"},{"@type":"Organization","@id":"https:\/\/grontkontor.dk\/#organization","name":"Gr\u00f8nt Kontor","url":"https:\/\/grontkontor.dk\/","logo":{"@type":"ImageObject","inLanguage":"de","@id":"https:\/\/grontkontor.dk\/#\/schema\/logo\/image\/","url":"https:\/\/grontkontor.dk\/wp-content\/uploads\/2014\/02\/Logo_groent_kontor_300x80.png","contentUrl":"https:\/\/grontkontor.dk\/wp-content\/uploads\/2014\/02\/Logo_groent_kontor_300x80.png","width":300,"height":80,"caption":"Gr\u00f8nt Kontor"},"image":{"@id":"https:\/\/grontkontor.dk\/#\/schema\/logo\/image\/"},"sameAs":["https:\/\/www.facebook.com\/grontkontor.dk\/"]}]}},"_links":{"self":[{"href":"https:\/\/grontkontor.dk\/de\/wp-json\/wp\/v2\/product\/85565"}],"collection":[{"href":"https:\/\/grontkontor.dk\/de\/wp-json\/wp\/v2\/product"}],"about":[{"href":"https:\/\/grontkontor.dk\/de\/wp-json\/wp\/v2\/types\/product"}],"replies":[{"embeddable":true,"href":"https:\/\/grontkontor.dk\/de\/wp-json\/wp\/v2\/comments?post=85565"}],"wp:featuredmedia":[{"embeddable":true,"href":"https:\/\/grontkontor.dk\/de\/wp-json\/wp\/v2\/media\/84747"}],"wp:attachment":[{"href":"https:\/\/grontkontor.dk\/de\/wp-json\/wp\/v2\/media?parent=85565"}],"wp:term":[{"taxonomy":"product_cat","embeddable":true,"href":"https:\/\/grontkontor.dk\/de\/wp-json\/wp\/v2\/product_cat?post=85565"},{"taxonomy":"product_tag","embeddable":true,"href":"https:\/\/grontkontor.dk\/de\/wp-json\/wp\/v2\/product_tag?post=85565"}],"curies":[{"name":"wp","href":"https:\/\/api.w.org\/{rel}","templated":true}]}}