{"id":85570,"date":"2024-04-22T12:33:23","date_gmt":"2024-05-28T09:22:43","guid":{"rendered":"https:\/\/grontkontor.dk\/shop\/trinkflasche-recycling-aluminium\/"},"modified":"2024-05-28T11:22:43","modified_gmt":"2024-05-28T09:22:43","slug":"trinkflasche-recycling-aluminium","status":"publish","type":"product","link":"https:\/\/grontkontor.dk\/de\/shop\/trinkflasche-recycling-aluminium\/","title":{"rendered":"Trinkflasche recyceltes Aluminium"},"content":{"rendered":"<p>Einzelne 750 ml Wasserflasche. Hergestellt aus umweltfreundlichem, recyceltem Aluminium.<\/p>\n<p>Recyceltes Aluminium ist ein Material, das nahezu unendlich recycelt werden kann, ohne seine urspr\u00fcnglichen Eigenschaften zu verlieren. Recyceltes Aluminium verbraucht im Vergleich zu herk\u00f6mmlichem Aluminium weniger Energie und weniger Schadstoffe im Herstellungsprozess.<br \/>\n[grs_s]<\/p>\n<p align=\"LEFT\"><span style=\"color: #000000;\"><span style=\"font-family: Arial, sans-serif;\"><span style=\"font-size: medium;\"> <\/span><\/span><\/span><\/p>\n<p><img loading=\"lazy\" decoding=\"async\" src=\"https:\/\/grontkontor.dk\/wp-content\/uploads\/2021\/02\/genbrug.jpg\" alt=\"Fremstillet af genbrugsmaterialer\" width=\"50\" height=\"50\" class=\"size-full wp-image-23031\" srcset=\"https:\/\/grontkontor.dk\/wp-content\/uploads\/2021\/02\/genbrug.jpg 199w, https:\/\/grontkontor.dk\/wp-content\/uploads\/2021\/02\/genbrug-100x100.jpg 100w\" sizes=\"(max-width: 50px) 100vw, 50px\" \/> <a href=\"https:\/\/textileexchange.org\/standards\/recycled-claim-standard-global-recycled-standard\/\"><img loading=\"lazy\" decoding=\"async\" src=\"https:\/\/grontkontor.dk\/wp-content\/uploads\/2021\/06\/global-recycled-standard-1.jpg\" alt=\"Global recycled standard\" width=\"50\" height=\"50\" class=\"size-full wp-image-25504\" \/> <\/a><\/p>\n<p>&nbsp;<\/p>\n","protected":false},"excerpt":{"rendered":"<p>Einzelne 750 ml Wasserflasche. Hergestellt aus umweltfreundlichem, recyceltem Aluminium. Recyceltes Aluminium ist ein Material, das nahezu unendlich recycelt werden kann, ohne seine urspr\u00fcnglichen Eigenschaften zu verlieren. Recyceltes Aluminium verbraucht im Vergleich zu herk\u00f6mmlichem Aluminium weniger Energie und weniger Schadstoffe im Herstellungsprozess. [grs_s] &nbsp;<\/p>\n","protected":false},"featured_media":84270,"comment_status":"closed","ping_status":"closed","template":"","meta":{"_acf_changed":false},"product_cat":[3325,3339,3084,4411,3338],"product_tag":[3340],"class_list":{"0":"post-85570","1":"product","2":"type-product","3":"status-publish","4":"has-post-thumbnail","6":"product_cat-dummy-moq-1-de","7":"product_cat-essen-und-trinken","8":"product_cat-neuheiten","9":"product_cat-trinkflaschen-und-thermosflaschen-de","10":"product_cat-trinkflaschen-und-thermosflaschen","11":"product_tag-wasserflasche","12":"pa_farve-schwarz","13":"pa_farve-silber","14":"pa_farve-weiss","15":"tm-has-options","17":"first","18":"onbackorder","19":"featured","20":"taxable","21":"shipping-taxable","22":"purchasable","23":"product-type-simple"},"acf":[],"yoast_head":"<!-- This site is optimized with the Yoast SEO Premium plugin v21.2 (Yoast SEO v21.2) - https:\/\/yoast.com\/wordpress\/plugins\/seo\/ -->\n<title>Trinkflasche recyceltes Aluminium - Gr\u00f8nt Kontor<\/title>\n<meta name=\"robots\" content=\"index, follow, max-snippet:-1, max-image-preview:large, max-video-preview:-1\" \/>\n<link rel=\"canonical\" href=\"https:\/\/grontkontor.dk\/de\/shop\/trinkflasche-recycling-aluminium\/\" \/>\n<meta property=\"og:locale\" content=\"de_DE\" \/>\n<meta property=\"og:type\" content=\"article\" \/>\n<meta property=\"og:title\" content=\"Trinkflasche recyceltes Aluminium\" \/>\n<meta property=\"og:description\" content=\"Einzelne 750 ml Wasserflasche. Hergestellt aus umweltfreundlichem, recyceltem Aluminium. Recyceltes Aluminium ist ein Material, das nahezu unendlich recycelt werden kann, ohne seine urspr\u00fcnglichen Eigenschaften zu verlieren. Recyceltes Aluminium verbraucht im Vergleich zu herk\u00f6mmlichem Aluminium weniger Energie und weniger Schadstoffe im Herstellungsprozess. [grs_s] &nbsp;\" \/>\n<meta property=\"og:url\" content=\"https:\/\/grontkontor.dk\/de\/shop\/trinkflasche-recycling-aluminium\/\" \/>\n<meta property=\"og:site_name\" content=\"Gr\u00f8nt Kontor\" \/>\n<meta property=\"article:publisher\" content=\"https:\/\/www.facebook.com\/grontkontor.dk\/\" \/>\n<meta name=\"twitter:card\" content=\"summary_large_image\" \/>\n<script type=\"application\/ld+json\" class=\"yoast-schema-graph\">{\"@context\":\"https:\/\/schema.org\",\"@graph\":[{\"@type\":\"WebPage\",\"@id\":\"https:\/\/grontkontor.dk\/de\/shop\/trinkflasche-recycling-aluminium\/\",\"url\":\"https:\/\/grontkontor.dk\/de\/shop\/trinkflasche-recycling-aluminium\/\",\"name\":\"Trinkflasche recyceltes Aluminium - Gr\u00f8nt Kontor\",\"isPartOf\":{\"@id\":\"https:\/\/grontkontor.dk\/#website\"},\"datePublished\":\"2024-05-28T09:22:43+00:00\",\"dateModified\":\"2024-05-28T09:22:43+00:00\",\"breadcrumb\":{\"@id\":\"https:\/\/grontkontor.dk\/de\/shop\/trinkflasche-recycling-aluminium\/#breadcrumb\"},\"inLanguage\":\"de\",\"potentialAction\":[{\"@type\":\"ReadAction\",\"target\":[\"https:\/\/grontkontor.dk\/de\/shop\/trinkflasche-recycling-aluminium\/\"]}]},{\"@type\":\"BreadcrumbList\",\"@id\":\"https:\/\/grontkontor.dk\/de\/shop\/trinkflasche-recycling-aluminium\/#breadcrumb\",\"itemListElement\":[{\"@type\":\"ListItem\",\"position\":1,\"name\":\"Forside\",\"item\":\"https:\/\/grontkontor.dk\/de\/\"},{\"@type\":\"ListItem\",\"position\":2,\"name\":\"Laden\",\"item\":\"https:\/\/grontkontor.dk\/de\/laden\/\"},{\"@type\":\"ListItem\",\"position\":3,\"name\":\"Mad og drikke\",\"item\":\"https:\/\/grontkontor.dk\/produkt-kategori\/mad-og-drikke\/\"},{\"@type\":\"ListItem\",\"position\":4,\"name\":\"Drikkedunke og termoflasker\",\"item\":\"https:\/\/grontkontor.dk\/produkt-kategori\/mad-og-drikke\/drikkedunke-og-termoflasker\/\"},{\"@type\":\"ListItem\",\"position\":5,\"name\":\"Trinkflasche recyceltes Aluminium\"}]},{\"@type\":\"WebSite\",\"@id\":\"https:\/\/grontkontor.dk\/#website\",\"url\":\"https:\/\/grontkontor.dk\/\",\"name\":\"Gr\u00f8nt Kontor\",\"description\":\"Milj\u00f8venlige produkter til kontor og erhverv med fokus p\u00e5 b\u00e6redygtighed, design og fair trade.\",\"publisher\":{\"@id\":\"https:\/\/grontkontor.dk\/#organization\"},\"potentialAction\":[{\"@type\":\"SearchAction\",\"target\":{\"@type\":\"EntryPoint\",\"urlTemplate\":\"https:\/\/grontkontor.dk\/?s={search_term_string}\"},\"query-input\":\"required name=search_term_string\"}],\"inLanguage\":\"de\"},{\"@type\":\"Organization\",\"@id\":\"https:\/\/grontkontor.dk\/#organization\",\"name\":\"Gr\u00f8nt Kontor\",\"url\":\"https:\/\/grontkontor.dk\/\",\"logo\":{\"@type\":\"ImageObject\",\"inLanguage\":\"de\",\"@id\":\"https:\/\/grontkontor.dk\/#\/schema\/logo\/image\/\",\"url\":\"https:\/\/grontkontor.dk\/wp-content\/uploads\/2014\/02\/Logo_groent_kontor_300x80.png\",\"contentUrl\":\"https:\/\/grontkontor.dk\/wp-content\/uploads\/2014\/02\/Logo_groent_kontor_300x80.png\",\"width\":300,\"height\":80,\"caption\":\"Gr\u00f8nt Kontor\"},\"image\":{\"@id\":\"https:\/\/grontkontor.dk\/#\/schema\/logo\/image\/\"},\"sameAs\":[\"https:\/\/www.facebook.com\/grontkontor.dk\/\"]}]}<\/script>\n<!-- \/ Yoast SEO Premium plugin. -->","yoast_head_json":{"title":"Trinkflasche recyceltes Aluminium - Gr\u00f8nt Kontor","robots":{"index":"index","follow":"follow","max-snippet":"max-snippet:-1","max-image-preview":"max-image-preview:large","max-video-preview":"max-video-preview:-1"},"canonical":"https:\/\/grontkontor.dk\/de\/shop\/trinkflasche-recycling-aluminium\/","og_locale":"de_DE","og_type":"article","og_title":"Trinkflasche recyceltes Aluminium","og_description":"Einzelne 750 ml Wasserflasche. Hergestellt aus umweltfreundlichem, recyceltem Aluminium. Recyceltes Aluminium ist ein Material, das nahezu unendlich recycelt werden kann, ohne seine urspr\u00fcnglichen Eigenschaften zu verlieren. Recyceltes Aluminium verbraucht im Vergleich zu herk\u00f6mmlichem Aluminium weniger Energie und weniger Schadstoffe im Herstellungsprozess. [grs_s] &nbsp;","og_url":"https:\/\/grontkontor.dk\/de\/shop\/trinkflasche-recycling-aluminium\/","og_site_name":"Gr\u00f8nt Kontor","article_publisher":"https:\/\/www.facebook.com\/grontkontor.dk\/","twitter_card":"summary_large_image","schema":{"@context":"https:\/\/schema.org","@graph":[{"@type":"WebPage","@id":"https:\/\/grontkontor.dk\/de\/shop\/trinkflasche-recycling-aluminium\/","url":"https:\/\/grontkontor.dk\/de\/shop\/trinkflasche-recycling-aluminium\/","name":"Trinkflasche recyceltes Aluminium - Gr\u00f8nt Kontor","isPartOf":{"@id":"https:\/\/grontkontor.dk\/#website"},"datePublished":"2024-05-28T09:22:43+00:00","dateModified":"2024-05-28T09:22:43+00:00","breadcrumb":{"@id":"https:\/\/grontkontor.dk\/de\/shop\/trinkflasche-recycling-aluminium\/#breadcrumb"},"inLanguage":"de","potentialAction":[{"@type":"ReadAction","target":["https:\/\/grontkontor.dk\/de\/shop\/trinkflasche-recycling-aluminium\/"]}]},{"@type":"BreadcrumbList","@id":"https:\/\/grontkontor.dk\/de\/shop\/trinkflasche-recycling-aluminium\/#breadcrumb","itemListElement":[{"@type":"ListItem","position":1,"name":"Forside","item":"https:\/\/grontkontor.dk\/de\/"},{"@type":"ListItem","position":2,"name":"Laden","item":"https:\/\/grontkontor.dk\/de\/laden\/"},{"@type":"ListItem","position":3,"name":"Mad og drikke","item":"https:\/\/grontkontor.dk\/produkt-kategori\/mad-og-drikke\/"},{"@type":"ListItem","position":4,"name":"Drikkedunke og termoflasker","item":"https:\/\/grontkontor.dk\/produkt-kategori\/mad-og-drikke\/drikkedunke-og-termoflasker\/"},{"@type":"ListItem","position":5,"name":"Trinkflasche recyceltes Aluminium"}]},{"@type":"WebSite","@id":"https:\/\/grontkontor.dk\/#website","url":"https:\/\/grontkontor.dk\/","name":"Gr\u00f8nt Kontor","description":"Milj\u00f8venlige produkter til kontor og erhverv med fokus p\u00e5 b\u00e6redygtighed, design og fair trade.","publisher":{"@id":"https:\/\/grontkontor.dk\/#organization"},"potentialAction":[{"@type":"SearchAction","target":{"@type":"EntryPoint","urlTemplate":"https:\/\/grontkontor.dk\/?s={search_term_string}"},"query-input":"required name=search_term_string"}],"inLanguage":"de"},{"@type":"Organization","@id":"https:\/\/grontkontor.dk\/#organization","name":"Gr\u00f8nt Kontor","url":"https:\/\/grontkontor.dk\/","logo":{"@type":"ImageObject","inLanguage":"de","@id":"https:\/\/grontkontor.dk\/#\/schema\/logo\/image\/","url":"https:\/\/grontkontor.dk\/wp-content\/uploads\/2014\/02\/Logo_groent_kontor_300x80.png","contentUrl":"https:\/\/grontkontor.dk\/wp-content\/uploads\/2014\/02\/Logo_groent_kontor_300x80.png","width":300,"height":80,"caption":"Gr\u00f8nt Kontor"},"image":{"@id":"https:\/\/grontkontor.dk\/#\/schema\/logo\/image\/"},"sameAs":["https:\/\/www.facebook.com\/grontkontor.dk\/"]}]}},"_links":{"self":[{"href":"https:\/\/grontkontor.dk\/de\/wp-json\/wp\/v2\/product\/85570"}],"collection":[{"href":"https:\/\/grontkontor.dk\/de\/wp-json\/wp\/v2\/product"}],"about":[{"href":"https:\/\/grontkontor.dk\/de\/wp-json\/wp\/v2\/types\/product"}],"replies":[{"embeddable":true,"href":"https:\/\/grontkontor.dk\/de\/wp-json\/wp\/v2\/comments?post=85570"}],"wp:featuredmedia":[{"embeddable":true,"href":"https:\/\/grontkontor.dk\/de\/wp-json\/wp\/v2\/media\/84270"}],"wp:attachment":[{"href":"https:\/\/grontkontor.dk\/de\/wp-json\/wp\/v2\/media?parent=85570"}],"wp:term":[{"taxonomy":"product_cat","embeddable":true,"href":"https:\/\/grontkontor.dk\/de\/wp-json\/wp\/v2\/product_cat?post=85570"},{"taxonomy":"product_tag","embeddable":true,"href":"https:\/\/grontkontor.dk\/de\/wp-json\/wp\/v2\/product_tag?post=85570"}],"curies":[{"name":"wp","href":"https:\/\/api.w.org\/{rel}","templated":true}]}}