{"id":85576,"date":"2024-04-25T13:58:51","date_gmt":"2024-05-28T09:22:44","guid":{"rendered":"https:\/\/grontkontor.dk\/shop\/thermosflaschen-set-aus-stahl\/"},"modified":"2024-05-28T11:22:44","modified_gmt":"2024-05-28T09:22:44","slug":"thermosflaschen-set-aus-stahl","status":"publish","type":"product","link":"https:\/\/grontkontor.dk\/de\/shop\/thermosflaschen-set-aus-stahl\/","title":{"rendered":"Thermosflaschen-Set aus Stahl"},"content":{"rendered":"<p>Thermoskanne mit 2 Edelstahlbechern und Deckel aus umweltfreundlichem Bambus. Das Volumen der Thermoskanne betr\u00e4gt 500 ml, w\u00e4hrend die beiden Tassen bis zu 300 ml enthalten.<br \/>\nPerfekt f\u00fcr das umweltfreundliche Werbegeschenk oder f\u00fcr Veranstaltungen im Freien.<\/p>\n<p>&nbsp;<\/p>\n<p>[staal]<\/p>\n<p>[bambus_s]<\/p>\n<p>&nbsp;<\/p>\n<p>&nbsp;<\/p>\n","protected":false},"excerpt":{"rendered":"<p>Thermoskanne mit 2 Edelstahlbechern und Deckel aus umweltfreundlichem Bambus. Das Volumen der Thermoskanne betr\u00e4gt 500 ml, w\u00e4hrend die beiden Tassen bis zu 300 ml enthalten. Perfekt f\u00fcr das umweltfreundliche Werbegeschenk oder f\u00fcr Veranstaltungen im Freien. &nbsp; [staal] [bambus_s] &nbsp; &nbsp;<\/p>\n","protected":false},"featured_media":84983,"comment_status":"closed","ping_status":"closed","template":"","meta":{"_acf_changed":false},"product_cat":[3325,3339,3084,4411,3338],"product_tag":[3419,3417],"class_list":{"0":"post-85576","1":"product","2":"type-product","3":"status-publish","4":"has-post-thumbnail","6":"product_cat-dummy-moq-1-de","7":"product_cat-essen-und-trinken","8":"product_cat-neuheiten","9":"product_cat-trinkflaschen-und-thermosflaschen-de","10":"product_cat-trinkflaschen-und-thermosflaschen","11":"product_tag-thermosflasche-de","12":"product_tag-thermosflasche","13":"pa_farve-azurblau","14":"pa_farve-beige-de","15":"pa_farve-blau-de","16":"pa_farve-blau","17":"pa_farve-blau-min-15","18":"pa_farve-blau-min-100-stk","19":"pa_farve-blau-min-15-stueck","20":"pa_farve-blau-gelb","21":"pa_farve-blau-gruen-gelb","22":"pa_farve-braun-de","23":"pa_farve-braun-de-2","24":"pa_farve-braun","25":"pa_farve-braun-mit-schwarzem-ober-und-unterteil","26":"pa_farve-browne-de","27":"pa_farve-dunkelblau","28":"pa_farve-dunkelgrau","29":"pa_farve-dunkelgrau-de","30":"pa_farve-dunkelgruen","31":"pa_farve-durchsichtig","32":"pa_farve-durchsichtig-de","33":"pa_farve-ed-de","34":"pa_farve-fuchsia-min-100-stk-de","35":"pa_farve-gelb","36":"pa_farve-gelb-de","37":"pa_farve-gemischt","38":"pa_farve-gold-de","39":"pa_farve-graphit","40":"pa_farve-grau","41":"pa_farve-grau-de","42":"pa_farve-grau-min-100-stk","43":"pa_farve-gruen","44":"pa_farve-gruen-de","45":"pa_farve-hellblau","46":"pa_farve-karmesinrot","47":"pa_farve-kastanienbraun","48":"pa_farve-khaki-de","49":"pa_farve-kriegsmarine","50":"pa_farve-koenigsblau","51":"pa_farve-lichtgrau","52":"pa_farve-lichtgruen","53":"pa_farve-lila","54":"pa_farve-limone","55":"pa_farve-minze","56":"pa_farve-mischen","57":"pa_farve-natur-de","58":"pa_farve-natur-min-100-stk-de","59":"pa_farve-olive","60":"pa_farve-orange-de","61":"pa_farve-ozeanblau","62":"pa_farve-rahm-de","63":"pa_farve-rahm","64":"pa_farve-rosa-de","65":"pa_farve-rot","66":"pa_farve-rot-min-15","67":"pa_farve-rot-min-15-blau-min-15","68":"pa_farve-rot-min-100-stk","69":"pa_farve-rot-min-15-stueck","70":"pa_farve-rot-min-15-stueck-blau-min-15-stueck","71":"pa_farve-schwarz-de","72":"pa_farve-schwarz","73":"pa_farve-schwarz-min-100-stk","74":"pa_farve-schwarz-gold-silber","75":"pa_farve-senf","76":"pa_farve-silber-de","77":"pa_farve-silber","78":"pa_farve-silber-de-2","79":"pa_farve-struktur-de","80":"pa_farve-tiefgruen","81":"pa_farve-tuerkis","82":"pa_farve-tuerkis-de","83":"pa_farve-verletzen","84":"pa_farve-viele","85":"pa_farve-violett","86":"pa_farve-weinrot","87":"pa_farve-weiss-de","88":"pa_farve-weiss","89":"pa_farve-weiss-pigmentiert","90":"pa_farve-weiss-pigmentiert-mit-brauner-ober-und-unterseite","91":"pa_farve-weiss-pigmentiert-mit-schwarzer-ober-und-unterseite","92":"tm-has-options","94":"first","95":"instock","96":"taxable","97":"shipping-taxable","98":"purchasable","99":"product-type-simple"},"acf":[],"yoast_head":"<!-- This site is optimized with the Yoast SEO Premium plugin v21.2 (Yoast SEO v21.2) - https:\/\/yoast.com\/wordpress\/plugins\/seo\/ -->\n<title>Thermosflaschen-Set aus Stahl - Gr\u00f8nt Kontor<\/title>\n<meta name=\"robots\" content=\"index, follow, max-snippet:-1, max-image-preview:large, max-video-preview:-1\" \/>\n<link rel=\"canonical\" href=\"https:\/\/grontkontor.dk\/shop\/termoflaske-saet-i-staal\/\" \/>\n<meta property=\"og:locale\" content=\"de_DE\" \/>\n<meta property=\"og:type\" content=\"article\" \/>\n<meta property=\"og:title\" content=\"Thermosflaschen-Set aus Stahl\" \/>\n<meta property=\"og:description\" content=\"Thermoskanne mit 2 Edelstahlbechern und Deckel aus umweltfreundlichem Bambus. Das Volumen der Thermoskanne betr\u00e4gt 500 ml, w\u00e4hrend die beiden Tassen bis zu 300 ml enthalten. Perfekt f\u00fcr das umweltfreundliche Werbegeschenk oder f\u00fcr Veranstaltungen im Freien. &nbsp; [staal] [bambus_s] &nbsp; &nbsp;\" \/>\n<meta property=\"og:url\" content=\"https:\/\/grontkontor.dk\/shop\/termoflaske-saet-i-staal\/\" \/>\n<meta property=\"og:site_name\" content=\"Gr\u00f8nt Kontor\" \/>\n<meta property=\"article:publisher\" content=\"https:\/\/www.facebook.com\/grontkontor.dk\/\" \/>\n<meta property=\"og:image\" content=\"https:\/\/grontkontor.dk\/wp-content\/uploads\/2024\/04\/Miljoevenligt-termokande-saet-i-staal-og-bambus.jpg\" \/>\n\t<meta property=\"og:image:width\" content=\"900\" \/>\n\t<meta property=\"og:image:height\" content=\"639\" \/>\n\t<meta property=\"og:image:type\" content=\"image\/jpeg\" \/>\n<meta name=\"twitter:card\" content=\"summary_large_image\" \/>\n<script type=\"application\/ld+json\" class=\"yoast-schema-graph\">{\"@context\":\"https:\/\/schema.org\",\"@graph\":[{\"@type\":\"WebPage\",\"@id\":\"https:\/\/grontkontor.dk\/shop\/termoflaske-saet-i-staal\/\",\"url\":\"https:\/\/grontkontor.dk\/shop\/termoflaske-saet-i-staal\/\",\"name\":\"Thermosflaschen-Set aus Stahl - Gr\u00f8nt Kontor\",\"isPartOf\":{\"@id\":\"https:\/\/grontkontor.dk\/#website\"},\"datePublished\":\"2024-05-28T09:22:44+00:00\",\"dateModified\":\"2024-05-28T09:22:44+00:00\",\"breadcrumb\":{\"@id\":\"https:\/\/grontkontor.dk\/shop\/termoflaske-saet-i-staal\/#breadcrumb\"},\"inLanguage\":\"de\",\"potentialAction\":[{\"@type\":\"ReadAction\",\"target\":[\"https:\/\/grontkontor.dk\/shop\/termoflaske-saet-i-staal\/\"]}]},{\"@type\":\"BreadcrumbList\",\"@id\":\"https:\/\/grontkontor.dk\/shop\/termoflaske-saet-i-staal\/#breadcrumb\",\"itemListElement\":[{\"@type\":\"ListItem\",\"position\":1,\"name\":\"Forside\",\"item\":\"https:\/\/grontkontor.dk\/de\/\"},{\"@type\":\"ListItem\",\"position\":2,\"name\":\"Laden\",\"item\":\"https:\/\/grontkontor.dk\/de\/laden\/\"},{\"@type\":\"ListItem\",\"position\":3,\"name\":\"Essen und Trinken\",\"item\":\"https:\/\/grontkontor.dk\/de\/produkt-kategori\/essen-und-trinken\/\"},{\"@type\":\"ListItem\",\"position\":4,\"name\":\"Trinkflaschen und Thermosflaschen\",\"item\":\"https:\/\/grontkontor.dk\/de\/produkt-kategori\/essen-und-trinken\/trinkflaschen-und-thermosflaschen\/\"},{\"@type\":\"ListItem\",\"position\":5,\"name\":\"Thermosflaschen-Set aus Stahl\"}]},{\"@type\":\"WebSite\",\"@id\":\"https:\/\/grontkontor.dk\/#website\",\"url\":\"https:\/\/grontkontor.dk\/\",\"name\":\"Gr\u00f8nt Kontor\",\"description\":\"Milj\u00f8venlige produkter til kontor og erhverv med fokus p\u00e5 b\u00e6redygtighed, design og fair trade.\",\"publisher\":{\"@id\":\"https:\/\/grontkontor.dk\/#organization\"},\"potentialAction\":[{\"@type\":\"SearchAction\",\"target\":{\"@type\":\"EntryPoint\",\"urlTemplate\":\"https:\/\/grontkontor.dk\/?s={search_term_string}\"},\"query-input\":\"required name=search_term_string\"}],\"inLanguage\":\"de\"},{\"@type\":\"Organization\",\"@id\":\"https:\/\/grontkontor.dk\/#organization\",\"name\":\"Gr\u00f8nt Kontor\",\"url\":\"https:\/\/grontkontor.dk\/\",\"logo\":{\"@type\":\"ImageObject\",\"inLanguage\":\"de\",\"@id\":\"https:\/\/grontkontor.dk\/#\/schema\/logo\/image\/\",\"url\":\"https:\/\/grontkontor.dk\/wp-content\/uploads\/2014\/02\/Logo_groent_kontor_300x80.png\",\"contentUrl\":\"https:\/\/grontkontor.dk\/wp-content\/uploads\/2014\/02\/Logo_groent_kontor_300x80.png\",\"width\":300,\"height\":80,\"caption\":\"Gr\u00f8nt Kontor\"},\"image\":{\"@id\":\"https:\/\/grontkontor.dk\/#\/schema\/logo\/image\/\"},\"sameAs\":[\"https:\/\/www.facebook.com\/grontkontor.dk\/\"]}]}<\/script>\n<!-- \/ Yoast SEO Premium plugin. -->","yoast_head_json":{"title":"Thermosflaschen-Set aus Stahl - Gr\u00f8nt Kontor","robots":{"index":"index","follow":"follow","max-snippet":"max-snippet:-1","max-image-preview":"max-image-preview:large","max-video-preview":"max-video-preview:-1"},"canonical":"https:\/\/grontkontor.dk\/shop\/termoflaske-saet-i-staal\/","og_locale":"de_DE","og_type":"article","og_title":"Thermosflaschen-Set aus Stahl","og_description":"Thermoskanne mit 2 Edelstahlbechern und Deckel aus umweltfreundlichem Bambus. Das Volumen der Thermoskanne betr\u00e4gt 500 ml, w\u00e4hrend die beiden Tassen bis zu 300 ml enthalten. Perfekt f\u00fcr das umweltfreundliche Werbegeschenk oder f\u00fcr Veranstaltungen im Freien. &nbsp; [staal] [bambus_s] &nbsp; &nbsp;","og_url":"https:\/\/grontkontor.dk\/shop\/termoflaske-saet-i-staal\/","og_site_name":"Gr\u00f8nt Kontor","article_publisher":"https:\/\/www.facebook.com\/grontkontor.dk\/","og_image":[{"width":900,"height":639,"url":"https:\/\/grontkontor.dk\/wp-content\/uploads\/2024\/04\/Miljoevenligt-termokande-saet-i-staal-og-bambus.jpg","type":"image\/jpeg"}],"twitter_card":"summary_large_image","schema":{"@context":"https:\/\/schema.org","@graph":[{"@type":"WebPage","@id":"https:\/\/grontkontor.dk\/shop\/termoflaske-saet-i-staal\/","url":"https:\/\/grontkontor.dk\/shop\/termoflaske-saet-i-staal\/","name":"Thermosflaschen-Set aus Stahl - Gr\u00f8nt Kontor","isPartOf":{"@id":"https:\/\/grontkontor.dk\/#website"},"datePublished":"2024-05-28T09:22:44+00:00","dateModified":"2024-05-28T09:22:44+00:00","breadcrumb":{"@id":"https:\/\/grontkontor.dk\/shop\/termoflaske-saet-i-staal\/#breadcrumb"},"inLanguage":"de","potentialAction":[{"@type":"ReadAction","target":["https:\/\/grontkontor.dk\/shop\/termoflaske-saet-i-staal\/"]}]},{"@type":"BreadcrumbList","@id":"https:\/\/grontkontor.dk\/shop\/termoflaske-saet-i-staal\/#breadcrumb","itemListElement":[{"@type":"ListItem","position":1,"name":"Forside","item":"https:\/\/grontkontor.dk\/de\/"},{"@type":"ListItem","position":2,"name":"Laden","item":"https:\/\/grontkontor.dk\/de\/laden\/"},{"@type":"ListItem","position":3,"name":"Essen und Trinken","item":"https:\/\/grontkontor.dk\/de\/produkt-kategori\/essen-und-trinken\/"},{"@type":"ListItem","position":4,"name":"Trinkflaschen und Thermosflaschen","item":"https:\/\/grontkontor.dk\/de\/produkt-kategori\/essen-und-trinken\/trinkflaschen-und-thermosflaschen\/"},{"@type":"ListItem","position":5,"name":"Thermosflaschen-Set aus Stahl"}]},{"@type":"WebSite","@id":"https:\/\/grontkontor.dk\/#website","url":"https:\/\/grontkontor.dk\/","name":"Gr\u00f8nt Kontor","description":"Milj\u00f8venlige produkter til kontor og erhverv med fokus p\u00e5 b\u00e6redygtighed, design og fair trade.","publisher":{"@id":"https:\/\/grontkontor.dk\/#organization"},"potentialAction":[{"@type":"SearchAction","target":{"@type":"EntryPoint","urlTemplate":"https:\/\/grontkontor.dk\/?s={search_term_string}"},"query-input":"required name=search_term_string"}],"inLanguage":"de"},{"@type":"Organization","@id":"https:\/\/grontkontor.dk\/#organization","name":"Gr\u00f8nt Kontor","url":"https:\/\/grontkontor.dk\/","logo":{"@type":"ImageObject","inLanguage":"de","@id":"https:\/\/grontkontor.dk\/#\/schema\/logo\/image\/","url":"https:\/\/grontkontor.dk\/wp-content\/uploads\/2014\/02\/Logo_groent_kontor_300x80.png","contentUrl":"https:\/\/grontkontor.dk\/wp-content\/uploads\/2014\/02\/Logo_groent_kontor_300x80.png","width":300,"height":80,"caption":"Gr\u00f8nt Kontor"},"image":{"@id":"https:\/\/grontkontor.dk\/#\/schema\/logo\/image\/"},"sameAs":["https:\/\/www.facebook.com\/grontkontor.dk\/"]}]}},"_links":{"self":[{"href":"https:\/\/grontkontor.dk\/de\/wp-json\/wp\/v2\/product\/85576"}],"collection":[{"href":"https:\/\/grontkontor.dk\/de\/wp-json\/wp\/v2\/product"}],"about":[{"href":"https:\/\/grontkontor.dk\/de\/wp-json\/wp\/v2\/types\/product"}],"replies":[{"embeddable":true,"href":"https:\/\/grontkontor.dk\/de\/wp-json\/wp\/v2\/comments?post=85576"}],"wp:featuredmedia":[{"embeddable":true,"href":"https:\/\/grontkontor.dk\/de\/wp-json\/wp\/v2\/media\/84983"}],"wp:attachment":[{"href":"https:\/\/grontkontor.dk\/de\/wp-json\/wp\/v2\/media?parent=85576"}],"wp:term":[{"taxonomy":"product_cat","embeddable":true,"href":"https:\/\/grontkontor.dk\/de\/wp-json\/wp\/v2\/product_cat?post=85576"},{"taxonomy":"product_tag","embeddable":true,"href":"https:\/\/grontkontor.dk\/de\/wp-json\/wp\/v2\/product_tag?post=85576"}],"curies":[{"name":"wp","href":"https:\/\/api.w.org\/{rel}","templated":true}]}}