{"id":85645,"date":"2024-04-02T10:57:06","date_gmt":"2024-05-28T09:23:47","guid":{"rendered":"https:\/\/grontkontor.dk\/shop\/kehrschaufel-sattel-mit-griff-in-schulter\/"},"modified":"2024-05-28T11:23:47","modified_gmt":"2024-05-28T09:23:47","slug":"kehrschaufel-sattel-mit-griff-in-schulter","status":"publish","type":"product","link":"https:\/\/grontkontor.dk\/de\/shop\/kehrschaufel-sattel-mit-griff-in-schulter\/","title":{"rendered":"Kehrschaufel-Set mit Buchengriff"},"content":{"rendered":"<p>Das Kehrschaufel-Set besteht aus einem Besen und einer Kehrschaufel aus strapazierf\u00e4higem Buchenholz und Metall. Mit einer B\u00fcrste aus nat\u00fcrlichem Rosshaar, die daf\u00fcr sorgt, dass keine Plastikfasern in die Natur entweichen. Der lange Griff der Kehrschaufel und des Besens erleichtern das Auffegen, ohne dass Sie sich b\u00fccken oder auf dem Boden herumkriechen m\u00fcssen, was sie zu einer praktischen Erg\u00e4nzung Ihrer Reinigungsausr\u00fcstung macht.<\/p>\n<p>Ein umweltfreundliches Produkt f\u00fcr die Reinigung des B\u00fcros oder der Wohnung.<\/p>\n<p>[staal]<\/p>\n<p>&nbsp;<\/p>\n","protected":false},"excerpt":{"rendered":"<p>Das Kehrschaufel-Set besteht aus einem Besen und einer Kehrschaufel aus strapazierf\u00e4higem Buchenholz und Metall. Mit einer B\u00fcrste aus nat\u00fcrlichem Rosshaar, die daf\u00fcr sorgt, dass keine Plastikfasern in die Natur entweichen. Der lange Griff der Kehrschaufel und des Besens erleichtern das Auffegen, ohne dass Sie sich b\u00fccken oder auf dem Boden herumkriechen m\u00fcssen, was sie zu [&hellip;]<\/p>\n","protected":false},"featured_media":83463,"comment_status":"closed","ping_status":"closed","template":"","meta":{"_acf_changed":false},"product_cat":[3325,3084,3425,3489],"product_tag":[3888],"class_list":{"0":"post-85645","1":"product","2":"type-product","3":"status-publish","4":"has-post-thumbnail","6":"product_cat-dummy-moq-1-de","7":"product_cat-neuheiten","8":"product_cat-reinigung","9":"product_cat-sonstige-leuchten","10":"product_tag-kehrblech","11":"tm-has-options","13":"first","14":"instock","15":"taxable","16":"shipping-taxable","17":"purchasable","18":"product-type-simple"},"acf":[],"yoast_head":"<!-- This site is optimized with the Yoast SEO Premium plugin v21.2 (Yoast SEO v21.2) - https:\/\/yoast.com\/wordpress\/plugins\/seo\/ -->\n<title>Kehrschaufel-Set mit Buchengriff - Gr\u00f8nt Kontor<\/title>\n<meta name=\"robots\" content=\"index, follow, max-snippet:-1, max-image-preview:large, max-video-preview:-1\" \/>\n<link rel=\"canonical\" href=\"https:\/\/grontkontor.dk\/de\/shop\/kehrschaufel-sattel-mit-griff-in-schulter\/\" \/>\n<meta property=\"og:locale\" content=\"de_DE\" \/>\n<meta property=\"og:type\" content=\"article\" \/>\n<meta property=\"og:title\" content=\"Kehrschaufel-Set mit Buchengriff\" \/>\n<meta property=\"og:description\" content=\"Das Kehrschaufel-Set besteht aus einem Besen und einer Kehrschaufel aus strapazierf\u00e4higem Buchenholz und Metall. Mit einer B\u00fcrste aus nat\u00fcrlichem Rosshaar, die daf\u00fcr sorgt, dass keine Plastikfasern in die Natur entweichen. Der lange Griff der Kehrschaufel und des Besens erleichtern das Auffegen, ohne dass Sie sich b\u00fccken oder auf dem Boden herumkriechen m\u00fcssen, was sie zu [&hellip;]\" \/>\n<meta property=\"og:url\" content=\"https:\/\/grontkontor.dk\/de\/shop\/kehrschaufel-sattel-mit-griff-in-schulter\/\" \/>\n<meta property=\"og:site_name\" content=\"Gr\u00f8nt Kontor\" \/>\n<meta property=\"article:publisher\" content=\"https:\/\/www.facebook.com\/grontkontor.dk\/\" \/>\n<meta property=\"og:image\" content=\"https:\/\/grontkontor.dk\/wp-content\/uploads\/2024\/04\/Miljoevenligt-fejebakkesaet-boeg.jpg\" \/>\n\t<meta property=\"og:image:width\" content=\"900\" \/>\n\t<meta property=\"og:image:height\" content=\"639\" \/>\n\t<meta property=\"og:image:type\" content=\"image\/jpeg\" \/>\n<meta name=\"twitter:card\" content=\"summary_large_image\" \/>\n<script type=\"application\/ld+json\" class=\"yoast-schema-graph\">{\"@context\":\"https:\/\/schema.org\",\"@graph\":[{\"@type\":\"WebPage\",\"@id\":\"https:\/\/grontkontor.dk\/de\/shop\/kehrschaufel-sattel-mit-griff-in-schulter\/\",\"url\":\"https:\/\/grontkontor.dk\/de\/shop\/kehrschaufel-sattel-mit-griff-in-schulter\/\",\"name\":\"Kehrschaufel-Set mit Buchengriff - Gr\u00f8nt Kontor\",\"isPartOf\":{\"@id\":\"https:\/\/grontkontor.dk\/#website\"},\"datePublished\":\"2024-05-28T09:23:47+00:00\",\"dateModified\":\"2024-05-28T09:23:47+00:00\",\"breadcrumb\":{\"@id\":\"https:\/\/grontkontor.dk\/de\/shop\/kehrschaufel-sattel-mit-griff-in-schulter\/#breadcrumb\"},\"inLanguage\":\"de\",\"potentialAction\":[{\"@type\":\"ReadAction\",\"target\":[\"https:\/\/grontkontor.dk\/de\/shop\/kehrschaufel-sattel-mit-griff-in-schulter\/\"]}]},{\"@type\":\"BreadcrumbList\",\"@id\":\"https:\/\/grontkontor.dk\/de\/shop\/kehrschaufel-sattel-mit-griff-in-schulter\/#breadcrumb\",\"itemListElement\":[{\"@type\":\"ListItem\",\"position\":1,\"name\":\"Forside\",\"item\":\"https:\/\/grontkontor.dk\/de\/\"},{\"@type\":\"ListItem\",\"position\":2,\"name\":\"Laden\",\"item\":\"https:\/\/grontkontor.dk\/de\/laden\/\"},{\"@type\":\"ListItem\",\"position\":3,\"name\":\"Reng\u00f8ring\",\"item\":\"https:\/\/grontkontor.dk\/produkt-kategori\/rengoering\/\"},{\"@type\":\"ListItem\",\"position\":4,\"name\":\"Kehrschaufel-Set mit Buchengriff\"}]},{\"@type\":\"WebSite\",\"@id\":\"https:\/\/grontkontor.dk\/#website\",\"url\":\"https:\/\/grontkontor.dk\/\",\"name\":\"Gr\u00f8nt Kontor\",\"description\":\"Milj\u00f8venlige produkter til kontor og erhverv med fokus p\u00e5 b\u00e6redygtighed, design og fair trade.\",\"publisher\":{\"@id\":\"https:\/\/grontkontor.dk\/#organization\"},\"potentialAction\":[{\"@type\":\"SearchAction\",\"target\":{\"@type\":\"EntryPoint\",\"urlTemplate\":\"https:\/\/grontkontor.dk\/?s={search_term_string}\"},\"query-input\":\"required name=search_term_string\"}],\"inLanguage\":\"de\"},{\"@type\":\"Organization\",\"@id\":\"https:\/\/grontkontor.dk\/#organization\",\"name\":\"Gr\u00f8nt Kontor\",\"url\":\"https:\/\/grontkontor.dk\/\",\"logo\":{\"@type\":\"ImageObject\",\"inLanguage\":\"de\",\"@id\":\"https:\/\/grontkontor.dk\/#\/schema\/logo\/image\/\",\"url\":\"https:\/\/grontkontor.dk\/wp-content\/uploads\/2014\/02\/Logo_groent_kontor_300x80.png\",\"contentUrl\":\"https:\/\/grontkontor.dk\/wp-content\/uploads\/2014\/02\/Logo_groent_kontor_300x80.png\",\"width\":300,\"height\":80,\"caption\":\"Gr\u00f8nt Kontor\"},\"image\":{\"@id\":\"https:\/\/grontkontor.dk\/#\/schema\/logo\/image\/\"},\"sameAs\":[\"https:\/\/www.facebook.com\/grontkontor.dk\/\"]}]}<\/script>\n<!-- \/ Yoast SEO Premium plugin. -->","yoast_head_json":{"title":"Kehrschaufel-Set mit Buchengriff - Gr\u00f8nt Kontor","robots":{"index":"index","follow":"follow","max-snippet":"max-snippet:-1","max-image-preview":"max-image-preview:large","max-video-preview":"max-video-preview:-1"},"canonical":"https:\/\/grontkontor.dk\/de\/shop\/kehrschaufel-sattel-mit-griff-in-schulter\/","og_locale":"de_DE","og_type":"article","og_title":"Kehrschaufel-Set mit Buchengriff","og_description":"Das Kehrschaufel-Set besteht aus einem Besen und einer Kehrschaufel aus strapazierf\u00e4higem Buchenholz und Metall. Mit einer B\u00fcrste aus nat\u00fcrlichem Rosshaar, die daf\u00fcr sorgt, dass keine Plastikfasern in die Natur entweichen. Der lange Griff der Kehrschaufel und des Besens erleichtern das Auffegen, ohne dass Sie sich b\u00fccken oder auf dem Boden herumkriechen m\u00fcssen, was sie zu [&hellip;]","og_url":"https:\/\/grontkontor.dk\/de\/shop\/kehrschaufel-sattel-mit-griff-in-schulter\/","og_site_name":"Gr\u00f8nt Kontor","article_publisher":"https:\/\/www.facebook.com\/grontkontor.dk\/","og_image":[{"width":900,"height":639,"url":"https:\/\/grontkontor.dk\/wp-content\/uploads\/2024\/04\/Miljoevenligt-fejebakkesaet-boeg.jpg","type":"image\/jpeg"}],"twitter_card":"summary_large_image","schema":{"@context":"https:\/\/schema.org","@graph":[{"@type":"WebPage","@id":"https:\/\/grontkontor.dk\/de\/shop\/kehrschaufel-sattel-mit-griff-in-schulter\/","url":"https:\/\/grontkontor.dk\/de\/shop\/kehrschaufel-sattel-mit-griff-in-schulter\/","name":"Kehrschaufel-Set mit Buchengriff - Gr\u00f8nt Kontor","isPartOf":{"@id":"https:\/\/grontkontor.dk\/#website"},"datePublished":"2024-05-28T09:23:47+00:00","dateModified":"2024-05-28T09:23:47+00:00","breadcrumb":{"@id":"https:\/\/grontkontor.dk\/de\/shop\/kehrschaufel-sattel-mit-griff-in-schulter\/#breadcrumb"},"inLanguage":"de","potentialAction":[{"@type":"ReadAction","target":["https:\/\/grontkontor.dk\/de\/shop\/kehrschaufel-sattel-mit-griff-in-schulter\/"]}]},{"@type":"BreadcrumbList","@id":"https:\/\/grontkontor.dk\/de\/shop\/kehrschaufel-sattel-mit-griff-in-schulter\/#breadcrumb","itemListElement":[{"@type":"ListItem","position":1,"name":"Forside","item":"https:\/\/grontkontor.dk\/de\/"},{"@type":"ListItem","position":2,"name":"Laden","item":"https:\/\/grontkontor.dk\/de\/laden\/"},{"@type":"ListItem","position":3,"name":"Reng\u00f8ring","item":"https:\/\/grontkontor.dk\/produkt-kategori\/rengoering\/"},{"@type":"ListItem","position":4,"name":"Kehrschaufel-Set mit Buchengriff"}]},{"@type":"WebSite","@id":"https:\/\/grontkontor.dk\/#website","url":"https:\/\/grontkontor.dk\/","name":"Gr\u00f8nt Kontor","description":"Milj\u00f8venlige produkter til kontor og erhverv med fokus p\u00e5 b\u00e6redygtighed, design og fair trade.","publisher":{"@id":"https:\/\/grontkontor.dk\/#organization"},"potentialAction":[{"@type":"SearchAction","target":{"@type":"EntryPoint","urlTemplate":"https:\/\/grontkontor.dk\/?s={search_term_string}"},"query-input":"required name=search_term_string"}],"inLanguage":"de"},{"@type":"Organization","@id":"https:\/\/grontkontor.dk\/#organization","name":"Gr\u00f8nt Kontor","url":"https:\/\/grontkontor.dk\/","logo":{"@type":"ImageObject","inLanguage":"de","@id":"https:\/\/grontkontor.dk\/#\/schema\/logo\/image\/","url":"https:\/\/grontkontor.dk\/wp-content\/uploads\/2014\/02\/Logo_groent_kontor_300x80.png","contentUrl":"https:\/\/grontkontor.dk\/wp-content\/uploads\/2014\/02\/Logo_groent_kontor_300x80.png","width":300,"height":80,"caption":"Gr\u00f8nt Kontor"},"image":{"@id":"https:\/\/grontkontor.dk\/#\/schema\/logo\/image\/"},"sameAs":["https:\/\/www.facebook.com\/grontkontor.dk\/"]}]}},"_links":{"self":[{"href":"https:\/\/grontkontor.dk\/de\/wp-json\/wp\/v2\/product\/85645"}],"collection":[{"href":"https:\/\/grontkontor.dk\/de\/wp-json\/wp\/v2\/product"}],"about":[{"href":"https:\/\/grontkontor.dk\/de\/wp-json\/wp\/v2\/types\/product"}],"replies":[{"embeddable":true,"href":"https:\/\/grontkontor.dk\/de\/wp-json\/wp\/v2\/comments?post=85645"}],"wp:featuredmedia":[{"embeddable":true,"href":"https:\/\/grontkontor.dk\/de\/wp-json\/wp\/v2\/media\/83463"}],"wp:attachment":[{"href":"https:\/\/grontkontor.dk\/de\/wp-json\/wp\/v2\/media?parent=85645"}],"wp:term":[{"taxonomy":"product_cat","embeddable":true,"href":"https:\/\/grontkontor.dk\/de\/wp-json\/wp\/v2\/product_cat?post=85645"},{"taxonomy":"product_tag","embeddable":true,"href":"https:\/\/grontkontor.dk\/de\/wp-json\/wp\/v2\/product_tag?post=85645"}],"curies":[{"name":"wp","href":"https:\/\/api.w.org\/{rel}","templated":true}]}}