{"id":85881,"date":"2024-02-27T15:18:55","date_gmt":"2024-05-28T09:30:46","guid":{"rendered":"https:\/\/grontkontor.dk\/shop\/papierkorb-waschekorb-in-fsc-papier-schwarz\/"},"modified":"2024-05-28T11:30:46","modified_gmt":"2024-05-28T09:30:46","slug":"papierkorb-waschekorb-in-fsc-papier-schwarz","status":"publish","type":"product","link":"https:\/\/grontkontor.dk\/de\/shop\/papierkorb-waschekorb-in-fsc-papier-schwarz\/","title":{"rendered":"Papierkorb \/ W\u00e4schekorb aus FSC-Papier schwarz"},"content":{"rendered":"<p>Die klimafreundlichen Taschen werden in Italien handgen\u00e4ht und bestehen aus starkem Papier auf Zellulosebasis aus FSC-zertifiziertem Holz. Der M\u00fcllsack ist mit zwei praktischen Griffen aus Baumwolle ausgestattet, die einen einfachen Transport von Raum zu Raum erm\u00f6glichen. Satte 85% der Baumwollfasern werden aus recycelten T-Shirts hergestellt. Das Druckknopfsystem erm\u00f6glicht es, mehrere Taschen miteinander zu verbinden. Das abl\u00f6sbare Etikett erm\u00f6glicht die Unterscheidung zwischen Plastik- und Papierabf\u00e4llen oder zwischen wei\u00dfer und dunkler Kleidung, wenn Sie W\u00e4sche sortieren m\u00f6chten. Und wenn sie gereinigt werden m\u00fcssen, k\u00f6nnen die Beutel einfach in der Maschine gewaschen werden. Die K\u00f6rbe k\u00f6nnen f\u00fcr die umweltfreundliche M\u00fclltrennung, W\u00e4sche oder allgemeine Lagerung verwendet werden. Bitte beachten Sie, dass die Taschen in 2er-Sets verkauft werden.<\/p>\n<p>[FSC_s]<br \/>\n[papir]<\/p>\n<p>&nbsp;<\/p>\n<p><img loading=\"lazy\" decoding=\"async\" class=\"size-medium wp-image-21008\" src=\"https:\/\/grontkontor.dk\/wp-content\/uploads\/2020\/11\/eu-flag_1-300x199.jpg\" alt=\"Fremstillet i EU\" width=\"76\" height=\"50\" srcset=\"https:\/\/grontkontor.dk\/wp-content\/uploads\/2020\/11\/eu-flag_1-300x199.jpg 300w, https:\/\/grontkontor.dk\/wp-content\/uploads\/2020\/11\/eu-flag_1.jpg 530w\" sizes=\"(max-width: 76px) 100vw, 76px\" \/><a href=\"https:\/\/ic.fsc.org\/en\/\" target=\"window\"><img loading=\"lazy\" decoding=\"async\" class=\"size-full wp-image-12735\" src=\"https:\/\/grontkontor.dk\/wp-content\/uploads\/2019\/04\/fsc-certificeret.png\" \n\t\t alt=\"FSC-certificeret\" title=\"FSC-certificeret\" width=\"44\" height=\"51\" border=0\/><\/a> <img loading=\"lazy\" decoding=\"async\" src=\"https:\/\/grontkontor.dk\/wp-content\/uploads\/2021\/02\/genbrug.jpg\" alt=\"Fremstillet af genbrugsmaterialer\" width=\"50\" height=\"50\" class=\"size-full wp-image-23031\" srcset=\"https:\/\/grontkontor.dk\/wp-content\/uploads\/2021\/02\/genbrug.jpg 199w, https:\/\/grontkontor.dk\/wp-content\/uploads\/2021\/02\/genbrug-100x100.jpg 100w\" sizes=\"(max-width: 50px) 100vw, 50px\" \/><\/p>\n","protected":false},"excerpt":{"rendered":"<p>Die klimafreundlichen Taschen werden in Italien handgen\u00e4ht und bestehen aus starkem Papier auf Zellulosebasis aus FSC-zertifiziertem Holz. Der M\u00fcllsack ist mit zwei praktischen Griffen aus Baumwolle ausgestattet, die einen einfachen Transport von Raum zu Raum erm\u00f6glichen. Satte 85% der Baumwollfasern werden aus recycelten T-Shirts hergestellt. Das Druckknopfsystem erm\u00f6glicht es, mehrere Taschen miteinander zu verbinden. Das [&hellip;]<\/p>\n","protected":false},"featured_media":85886,"comment_status":"closed","ping_status":"closed","template":"","meta":{"_acf_changed":false},"product_cat":[3433,3325,3084],"product_tag":[3435,3502],"class_list":{"0":"post-85881","1":"product","2":"type-product","3":"status-publish","4":"has-post-thumbnail","6":"product_cat-abfallwirtschaft","7":"product_cat-dummy-moq-1-de","8":"product_cat-neuheiten","9":"product_tag-abfallwirtschaft","10":"product_tag-waeschekorb","11":"tm-has-options","13":"first","14":"instock","15":"taxable","16":"shipping-taxable","17":"purchasable","18":"product-type-simple"},"acf":[],"yoast_head":"<!-- This site is optimized with the Yoast SEO Premium plugin v21.2 (Yoast SEO v21.2) - https:\/\/yoast.com\/wordpress\/plugins\/seo\/ -->\n<title>Papierkorb \/ W\u00e4schekorb aus FSC-Papier schwarz - Gr\u00f8nt Kontor<\/title>\n<meta name=\"robots\" content=\"index, follow, max-snippet:-1, max-image-preview:large, max-video-preview:-1\" \/>\n<link rel=\"canonical\" href=\"https:\/\/grontkontor.dk\/de\/shop\/papierkorb-waschekorb-in-fsc-papier-schwarz\/\" \/>\n<meta property=\"og:locale\" content=\"de_DE\" \/>\n<meta property=\"og:type\" content=\"article\" \/>\n<meta property=\"og:title\" content=\"Papierkorb \/ W\u00e4schekorb aus FSC-Papier schwarz\" \/>\n<meta property=\"og:description\" content=\"Die klimafreundlichen Taschen werden in Italien handgen\u00e4ht und bestehen aus starkem Papier auf Zellulosebasis aus FSC-zertifiziertem Holz. Der M\u00fcllsack ist mit zwei praktischen Griffen aus Baumwolle ausgestattet, die einen einfachen Transport von Raum zu Raum erm\u00f6glichen. Satte 85% der Baumwollfasern werden aus recycelten T-Shirts hergestellt. Das Druckknopfsystem erm\u00f6glicht es, mehrere Taschen miteinander zu verbinden. Das [&hellip;]\" \/>\n<meta property=\"og:url\" content=\"https:\/\/grontkontor.dk\/de\/shop\/papierkorb-waschekorb-in-fsc-papier-schwarz\/\" \/>\n<meta property=\"og:site_name\" content=\"Gr\u00f8nt Kontor\" \/>\n<meta property=\"article:publisher\" content=\"https:\/\/www.facebook.com\/grontkontor.dk\/\" \/>\n<meta property=\"og:image\" content=\"https:\/\/grontkontor.dk\/wp-content\/uploads\/2024\/02\/Klimavenlig-vasketoejskurv-FSC-papir.jpg\" \/>\n\t<meta property=\"og:image:width\" content=\"900\" \/>\n\t<meta property=\"og:image:height\" content=\"639\" \/>\n\t<meta property=\"og:image:type\" content=\"image\/jpeg\" \/>\n<meta name=\"twitter:card\" content=\"summary_large_image\" \/>\n<meta name=\"twitter:label1\" content=\"Gesch\u00e4tzte Lesezeit\" \/>\n\t<meta name=\"twitter:data1\" content=\"1\u00a0Minute\" \/>\n<script type=\"application\/ld+json\" class=\"yoast-schema-graph\">{\"@context\":\"https:\/\/schema.org\",\"@graph\":[{\"@type\":\"WebPage\",\"@id\":\"https:\/\/grontkontor.dk\/de\/shop\/papierkorb-waschekorb-in-fsc-papier-schwarz\/\",\"url\":\"https:\/\/grontkontor.dk\/de\/shop\/papierkorb-waschekorb-in-fsc-papier-schwarz\/\",\"name\":\"Papierkorb \/ W\u00e4schekorb aus FSC-Papier schwarz - Gr\u00f8nt Kontor\",\"isPartOf\":{\"@id\":\"https:\/\/grontkontor.dk\/#website\"},\"datePublished\":\"2024-05-28T09:30:46+00:00\",\"dateModified\":\"2024-05-28T09:30:46+00:00\",\"breadcrumb\":{\"@id\":\"https:\/\/grontkontor.dk\/de\/shop\/papierkorb-waschekorb-in-fsc-papier-schwarz\/#breadcrumb\"},\"inLanguage\":\"de\",\"potentialAction\":[{\"@type\":\"ReadAction\",\"target\":[\"https:\/\/grontkontor.dk\/de\/shop\/papierkorb-waschekorb-in-fsc-papier-schwarz\/\"]}]},{\"@type\":\"BreadcrumbList\",\"@id\":\"https:\/\/grontkontor.dk\/de\/shop\/papierkorb-waschekorb-in-fsc-papier-schwarz\/#breadcrumb\",\"itemListElement\":[{\"@type\":\"ListItem\",\"position\":1,\"name\":\"Forside\",\"item\":\"https:\/\/grontkontor.dk\/de\/\"},{\"@type\":\"ListItem\",\"position\":2,\"name\":\"Laden\",\"item\":\"https:\/\/grontkontor.dk\/de\/laden\/\"},{\"@type\":\"ListItem\",\"position\":3,\"name\":\"M\u00f8bler og inventar\",\"item\":\"https:\/\/grontkontor.dk\/produkt-kategori\/mobler-og-inventar\/\"},{\"@type\":\"ListItem\",\"position\":4,\"name\":\"Affaldsh\u00e5ndtering\",\"item\":\"https:\/\/grontkontor.dk\/produkt-kategori\/mobler-og-inventar\/affaldshaandtering\/\"},{\"@type\":\"ListItem\",\"position\":5,\"name\":\"Papierkorb \/ W\u00e4schekorb aus FSC-Papier schwarz\"}]},{\"@type\":\"WebSite\",\"@id\":\"https:\/\/grontkontor.dk\/#website\",\"url\":\"https:\/\/grontkontor.dk\/\",\"name\":\"Gr\u00f8nt Kontor\",\"description\":\"Milj\u00f8venlige produkter til kontor og erhverv med fokus p\u00e5 b\u00e6redygtighed, design og fair trade.\",\"publisher\":{\"@id\":\"https:\/\/grontkontor.dk\/#organization\"},\"potentialAction\":[{\"@type\":\"SearchAction\",\"target\":{\"@type\":\"EntryPoint\",\"urlTemplate\":\"https:\/\/grontkontor.dk\/?s={search_term_string}\"},\"query-input\":\"required name=search_term_string\"}],\"inLanguage\":\"de\"},{\"@type\":\"Organization\",\"@id\":\"https:\/\/grontkontor.dk\/#organization\",\"name\":\"Gr\u00f8nt Kontor\",\"url\":\"https:\/\/grontkontor.dk\/\",\"logo\":{\"@type\":\"ImageObject\",\"inLanguage\":\"de\",\"@id\":\"https:\/\/grontkontor.dk\/#\/schema\/logo\/image\/\",\"url\":\"https:\/\/grontkontor.dk\/wp-content\/uploads\/2014\/02\/Logo_groent_kontor_300x80.png\",\"contentUrl\":\"https:\/\/grontkontor.dk\/wp-content\/uploads\/2014\/02\/Logo_groent_kontor_300x80.png\",\"width\":300,\"height\":80,\"caption\":\"Gr\u00f8nt Kontor\"},\"image\":{\"@id\":\"https:\/\/grontkontor.dk\/#\/schema\/logo\/image\/\"},\"sameAs\":[\"https:\/\/www.facebook.com\/grontkontor.dk\/\"]}]}<\/script>\n<!-- \/ Yoast SEO Premium plugin. -->","yoast_head_json":{"title":"Papierkorb \/ W\u00e4schekorb aus FSC-Papier schwarz - Gr\u00f8nt Kontor","robots":{"index":"index","follow":"follow","max-snippet":"max-snippet:-1","max-image-preview":"max-image-preview:large","max-video-preview":"max-video-preview:-1"},"canonical":"https:\/\/grontkontor.dk\/de\/shop\/papierkorb-waschekorb-in-fsc-papier-schwarz\/","og_locale":"de_DE","og_type":"article","og_title":"Papierkorb \/ W\u00e4schekorb aus FSC-Papier schwarz","og_description":"Die klimafreundlichen Taschen werden in Italien handgen\u00e4ht und bestehen aus starkem Papier auf Zellulosebasis aus FSC-zertifiziertem Holz. Der M\u00fcllsack ist mit zwei praktischen Griffen aus Baumwolle ausgestattet, die einen einfachen Transport von Raum zu Raum erm\u00f6glichen. Satte 85% der Baumwollfasern werden aus recycelten T-Shirts hergestellt. Das Druckknopfsystem erm\u00f6glicht es, mehrere Taschen miteinander zu verbinden. Das [&hellip;]","og_url":"https:\/\/grontkontor.dk\/de\/shop\/papierkorb-waschekorb-in-fsc-papier-schwarz\/","og_site_name":"Gr\u00f8nt Kontor","article_publisher":"https:\/\/www.facebook.com\/grontkontor.dk\/","og_image":[{"width":900,"height":639,"url":"https:\/\/grontkontor.dk\/wp-content\/uploads\/2024\/02\/Klimavenlig-vasketoejskurv-FSC-papir.jpg","type":"image\/jpeg"}],"twitter_card":"summary_large_image","twitter_misc":{"Gesch\u00e4tzte Lesezeit":"1\u00a0Minute"},"schema":{"@context":"https:\/\/schema.org","@graph":[{"@type":"WebPage","@id":"https:\/\/grontkontor.dk\/de\/shop\/papierkorb-waschekorb-in-fsc-papier-schwarz\/","url":"https:\/\/grontkontor.dk\/de\/shop\/papierkorb-waschekorb-in-fsc-papier-schwarz\/","name":"Papierkorb \/ W\u00e4schekorb aus FSC-Papier schwarz - Gr\u00f8nt Kontor","isPartOf":{"@id":"https:\/\/grontkontor.dk\/#website"},"datePublished":"2024-05-28T09:30:46+00:00","dateModified":"2024-05-28T09:30:46+00:00","breadcrumb":{"@id":"https:\/\/grontkontor.dk\/de\/shop\/papierkorb-waschekorb-in-fsc-papier-schwarz\/#breadcrumb"},"inLanguage":"de","potentialAction":[{"@type":"ReadAction","target":["https:\/\/grontkontor.dk\/de\/shop\/papierkorb-waschekorb-in-fsc-papier-schwarz\/"]}]},{"@type":"BreadcrumbList","@id":"https:\/\/grontkontor.dk\/de\/shop\/papierkorb-waschekorb-in-fsc-papier-schwarz\/#breadcrumb","itemListElement":[{"@type":"ListItem","position":1,"name":"Forside","item":"https:\/\/grontkontor.dk\/de\/"},{"@type":"ListItem","position":2,"name":"Laden","item":"https:\/\/grontkontor.dk\/de\/laden\/"},{"@type":"ListItem","position":3,"name":"M\u00f8bler og inventar","item":"https:\/\/grontkontor.dk\/produkt-kategori\/mobler-og-inventar\/"},{"@type":"ListItem","position":4,"name":"Affaldsh\u00e5ndtering","item":"https:\/\/grontkontor.dk\/produkt-kategori\/mobler-og-inventar\/affaldshaandtering\/"},{"@type":"ListItem","position":5,"name":"Papierkorb \/ W\u00e4schekorb aus FSC-Papier schwarz"}]},{"@type":"WebSite","@id":"https:\/\/grontkontor.dk\/#website","url":"https:\/\/grontkontor.dk\/","name":"Gr\u00f8nt Kontor","description":"Milj\u00f8venlige produkter til kontor og erhverv med fokus p\u00e5 b\u00e6redygtighed, design og fair trade.","publisher":{"@id":"https:\/\/grontkontor.dk\/#organization"},"potentialAction":[{"@type":"SearchAction","target":{"@type":"EntryPoint","urlTemplate":"https:\/\/grontkontor.dk\/?s={search_term_string}"},"query-input":"required name=search_term_string"}],"inLanguage":"de"},{"@type":"Organization","@id":"https:\/\/grontkontor.dk\/#organization","name":"Gr\u00f8nt Kontor","url":"https:\/\/grontkontor.dk\/","logo":{"@type":"ImageObject","inLanguage":"de","@id":"https:\/\/grontkontor.dk\/#\/schema\/logo\/image\/","url":"https:\/\/grontkontor.dk\/wp-content\/uploads\/2014\/02\/Logo_groent_kontor_300x80.png","contentUrl":"https:\/\/grontkontor.dk\/wp-content\/uploads\/2014\/02\/Logo_groent_kontor_300x80.png","width":300,"height":80,"caption":"Gr\u00f8nt Kontor"},"image":{"@id":"https:\/\/grontkontor.dk\/#\/schema\/logo\/image\/"},"sameAs":["https:\/\/www.facebook.com\/grontkontor.dk\/"]}]}},"_links":{"self":[{"href":"https:\/\/grontkontor.dk\/de\/wp-json\/wp\/v2\/product\/85881"}],"collection":[{"href":"https:\/\/grontkontor.dk\/de\/wp-json\/wp\/v2\/product"}],"about":[{"href":"https:\/\/grontkontor.dk\/de\/wp-json\/wp\/v2\/types\/product"}],"replies":[{"embeddable":true,"href":"https:\/\/grontkontor.dk\/de\/wp-json\/wp\/v2\/comments?post=85881"}],"wp:featuredmedia":[{"embeddable":true,"href":"https:\/\/grontkontor.dk\/de\/wp-json\/wp\/v2\/media\/85886"}],"wp:attachment":[{"href":"https:\/\/grontkontor.dk\/de\/wp-json\/wp\/v2\/media?parent=85881"}],"wp:term":[{"taxonomy":"product_cat","embeddable":true,"href":"https:\/\/grontkontor.dk\/de\/wp-json\/wp\/v2\/product_cat?post=85881"},{"taxonomy":"product_tag","embeddable":true,"href":"https:\/\/grontkontor.dk\/de\/wp-json\/wp\/v2\/product_tag?post=85881"}],"curies":[{"name":"wp","href":"https:\/\/api.w.org\/{rel}","templated":true}]}}