{"id":85894,"date":"2023-09-22T13:05:07","date_gmt":"2024-05-28T09:32:21","guid":{"rendered":"https:\/\/grontkontor.dk\/shop\/briefablage-in-recyceltem-kunststoff-blau\/"},"modified":"2024-05-28T11:32:21","modified_gmt":"2024-05-28T09:32:21","slug":"briefablage-in-recyceltem-kunststoff-blau","status":"publish","type":"product","link":"https:\/\/grontkontor.dk\/de\/shop\/briefablage-in-recyceltem-kunststoff-blau\/","title":{"rendered":"Briefablage aus recyceltem Kunststoff"},"content":{"rendered":"<p>Trendige und klimafreundliche A4-Briefablage aus recyceltem Kunststoff f\u00fcr Ihre Dokumente. Stapelbar. Ein klima- und umweltfreundliches Produkt, das sich perfekt eignet, um den \u00dcberblick \u00fcber Ihre Dokumente zu behalten.<br \/>\nMa\u00dfe: LxBxH 338 x 257 x 65 mm. Blauer Engel zertifiziert. Hergestellt in der EU.<br \/>\nAuch in Schwarz und Grau erh\u00e4ltlich. Der Preis gilt f\u00fcr 1 St\u00fcck.<\/p>\n<p>Recycelter Kunststoff ist \u2013 trotz seines fossilen Ursprungs \u2013 ein klimafreundlicher Werkstoff. Kunststoff hat einen extrem hohen Kohlenstoffgehalt, daher wirkt recycelter Kunststoff als Kohlenstoffsenke. Wenn Kunststoff nicht recycelt wird, zerf\u00e4llt er entweder in CO2 und tr\u00e4gt so zum Treibhauseffekt bei oder endet als umweltsch\u00e4dlicher Abfall.<br \/>\nF\u00fcr jede Tonne recycelten Kunststoffs werden 3,8 Barrel \u00d6l eingespart.<\/p>\n<p>[blaue_engel_s]<\/p>\n<p>&nbsp;<\/p>\n<p><img loading=\"lazy\" decoding=\"async\" src=\"https:\/\/grontkontor.dk\/wp-content\/uploads\/2021\/02\/genbrug.jpg\" alt=\"Fremstillet af genbrugsmaterialer\" width=\"50\" height=\"50\" class=\"size-full wp-image-23031\" srcset=\"https:\/\/grontkontor.dk\/wp-content\/uploads\/2021\/02\/genbrug.jpg 199w, https:\/\/grontkontor.dk\/wp-content\/uploads\/2021\/02\/genbrug-100x100.jpg 100w\" sizes=\"(max-width: 50px) 100vw, 50px\" \/> <img loading=\"lazy\" decoding=\"async\" class=\"size-medium wp-image-21008\" src=\"https:\/\/grontkontor.dk\/wp-content\/uploads\/2020\/11\/eu-flag_1-300x199.jpg\" alt=\"Fremstillet i EU\" width=\"76\" height=\"50\" srcset=\"https:\/\/grontkontor.dk\/wp-content\/uploads\/2020\/11\/eu-flag_1-300x199.jpg 300w, https:\/\/grontkontor.dk\/wp-content\/uploads\/2020\/11\/eu-flag_1.jpg 530w\" sizes=\"(max-width: 76px) 100vw, 76px\" \/><a href=\"https:\/\/en.wikipedia.org\/wiki\/Blue_Angel_(certification)\" rel=\"noopener\" target=\"_blank\"><img loading=\"lazy\" decoding=\"async\" class=\"size-full wp-image-12701\" src=\"https:\/\/grontkontor.dk\/wp-content\/uploads\/2019\/04\/blaa-engel.png\" \n\t\t alt=\"Bl? engel certificeret\" title=\"Bl? engel certificeret\" width=\"57\" height=\"62\" border=0 \/><\/a><\/p>\n","protected":false},"excerpt":{"rendered":"<p>Trendige und klimafreundliche A4-Briefablage aus recyceltem Kunststoff f\u00fcr Ihre Dokumente. Stapelbar. Ein klima- und umweltfreundliches Produkt, das sich perfekt eignet, um den \u00dcberblick \u00fcber Ihre Dokumente zu behalten. Ma\u00dfe: LxBxH 338 x 257 x 65 mm. Blauer Engel zertifiziert. Hergestellt in der EU. Auch in Schwarz und Grau erh\u00e4ltlich. Der Preis gilt f\u00fcr 1 St\u00fcck. [&hellip;]<\/p>\n","protected":false},"featured_media":85900,"comment_status":"closed","ping_status":"closed","template":"","meta":{"_acf_changed":false},"product_cat":[3521,3325,3323,3523,3519],"product_tag":[3527,3524,3529],"class_list":{"0":"post-85894","1":"product","2":"type-product","3":"status-publish","4":"has-post-thumbnail","6":"product_cat-briefkoerbe","7":"product_cat-dummy-moq-1-de","8":"product_cat-produktserien","9":"product_cat-recycelter-kunststoff-blau","10":"product_cat-schreibtischausstattung","11":"product_tag-brief-bakke","12":"product_tag-briefkorb","13":"product_tag-briefkoerbe","14":"pa_farve-blau","15":"pa_farve-grau-de","16":"pa_farve-schwarz","17":"tm-has-options","19":"first","20":"instock","21":"taxable","22":"shipping-taxable","23":"purchasable","24":"product-type-simple"},"acf":[],"yoast_head":"<!-- This site is optimized with the Yoast SEO Premium plugin v21.2 (Yoast SEO v21.2) - https:\/\/yoast.com\/wordpress\/plugins\/seo\/ -->\n<title>Briefablage aus recyceltem Kunststoff - Gr\u00f8nt Kontor<\/title>\n<meta name=\"robots\" content=\"index, follow, max-snippet:-1, max-image-preview:large, max-video-preview:-1\" \/>\n<link rel=\"canonical\" href=\"https:\/\/grontkontor.dk\/de\/shop\/briefablage-in-recyceltem-kunststoff-blau\/\" \/>\n<meta property=\"og:locale\" content=\"de_DE\" \/>\n<meta property=\"og:type\" content=\"article\" \/>\n<meta property=\"og:title\" content=\"Briefablage aus recyceltem Kunststoff\" \/>\n<meta property=\"og:description\" content=\"Trendige und klimafreundliche A4-Briefablage aus recyceltem Kunststoff f\u00fcr Ihre Dokumente. Stapelbar. Ein klima- und umweltfreundliches Produkt, das sich perfekt eignet, um den \u00dcberblick \u00fcber Ihre Dokumente zu behalten. Ma\u00dfe: LxBxH 338 x 257 x 65 mm. Blauer Engel zertifiziert. Hergestellt in der EU. Auch in Schwarz und Grau erh\u00e4ltlich. Der Preis gilt f\u00fcr 1 St\u00fcck. [&hellip;]\" \/>\n<meta property=\"og:url\" content=\"https:\/\/grontkontor.dk\/de\/shop\/briefablage-in-recyceltem-kunststoff-blau\/\" \/>\n<meta property=\"og:site_name\" content=\"Gr\u00f8nt Kontor\" \/>\n<meta property=\"article:publisher\" content=\"https:\/\/www.facebook.com\/grontkontor.dk\/\" \/>\n<meta property=\"og:image\" content=\"https:\/\/grontkontor.dk\/wp-content\/uploads\/2019\/04\/brevbakke-genbrugsplast-blaa-03.jpg\" \/>\n\t<meta property=\"og:image:width\" content=\"800\" \/>\n\t<meta property=\"og:image:height\" content=\"568\" \/>\n\t<meta property=\"og:image:type\" content=\"image\/jpeg\" \/>\n<meta name=\"twitter:card\" content=\"summary_large_image\" \/>\n<meta name=\"twitter:label1\" content=\"Gesch\u00e4tzte Lesezeit\" \/>\n\t<meta name=\"twitter:data1\" content=\"1\u00a0Minute\" \/>\n<script type=\"application\/ld+json\" class=\"yoast-schema-graph\">{\"@context\":\"https:\/\/schema.org\",\"@graph\":[{\"@type\":\"WebPage\",\"@id\":\"https:\/\/grontkontor.dk\/de\/shop\/briefablage-in-recyceltem-kunststoff-blau\/\",\"url\":\"https:\/\/grontkontor.dk\/de\/shop\/briefablage-in-recyceltem-kunststoff-blau\/\",\"name\":\"Briefablage aus recyceltem Kunststoff - Gr\u00f8nt Kontor\",\"isPartOf\":{\"@id\":\"https:\/\/grontkontor.dk\/#website\"},\"datePublished\":\"2024-05-28T09:32:21+00:00\",\"dateModified\":\"2024-05-28T09:32:21+00:00\",\"breadcrumb\":{\"@id\":\"https:\/\/grontkontor.dk\/de\/shop\/briefablage-in-recyceltem-kunststoff-blau\/#breadcrumb\"},\"inLanguage\":\"de\",\"potentialAction\":[{\"@type\":\"ReadAction\",\"target\":[\"https:\/\/grontkontor.dk\/de\/shop\/briefablage-in-recyceltem-kunststoff-blau\/\"]}]},{\"@type\":\"BreadcrumbList\",\"@id\":\"https:\/\/grontkontor.dk\/de\/shop\/briefablage-in-recyceltem-kunststoff-blau\/#breadcrumb\",\"itemListElement\":[{\"@type\":\"ListItem\",\"position\":1,\"name\":\"Forside\",\"item\":\"https:\/\/grontkontor.dk\/de\/\"},{\"@type\":\"ListItem\",\"position\":2,\"name\":\"Laden\",\"item\":\"https:\/\/grontkontor.dk\/de\/laden\/\"},{\"@type\":\"ListItem\",\"position\":3,\"name\":\"Schreibtischausstattung\",\"item\":\"https:\/\/grontkontor.dk\/de\/produkt-kategori\/schreibtischausstattung\/\"},{\"@type\":\"ListItem\",\"position\":4,\"name\":\"Briefk\u00f6rbe\",\"item\":\"https:\/\/grontkontor.dk\/de\/produkt-kategori\/schreibtischausstattung\/briefkoerbe\/\"},{\"@type\":\"ListItem\",\"position\":5,\"name\":\"Briefablage aus recyceltem Kunststoff\"}]},{\"@type\":\"WebSite\",\"@id\":\"https:\/\/grontkontor.dk\/#website\",\"url\":\"https:\/\/grontkontor.dk\/\",\"name\":\"Gr\u00f8nt Kontor\",\"description\":\"Milj\u00f8venlige produkter til kontor og erhverv med fokus p\u00e5 b\u00e6redygtighed, design og fair trade.\",\"publisher\":{\"@id\":\"https:\/\/grontkontor.dk\/#organization\"},\"potentialAction\":[{\"@type\":\"SearchAction\",\"target\":{\"@type\":\"EntryPoint\",\"urlTemplate\":\"https:\/\/grontkontor.dk\/?s={search_term_string}\"},\"query-input\":\"required name=search_term_string\"}],\"inLanguage\":\"de\"},{\"@type\":\"Organization\",\"@id\":\"https:\/\/grontkontor.dk\/#organization\",\"name\":\"Gr\u00f8nt Kontor\",\"url\":\"https:\/\/grontkontor.dk\/\",\"logo\":{\"@type\":\"ImageObject\",\"inLanguage\":\"de\",\"@id\":\"https:\/\/grontkontor.dk\/#\/schema\/logo\/image\/\",\"url\":\"https:\/\/grontkontor.dk\/wp-content\/uploads\/2014\/02\/Logo_groent_kontor_300x80.png\",\"contentUrl\":\"https:\/\/grontkontor.dk\/wp-content\/uploads\/2014\/02\/Logo_groent_kontor_300x80.png\",\"width\":300,\"height\":80,\"caption\":\"Gr\u00f8nt Kontor\"},\"image\":{\"@id\":\"https:\/\/grontkontor.dk\/#\/schema\/logo\/image\/\"},\"sameAs\":[\"https:\/\/www.facebook.com\/grontkontor.dk\/\"]}]}<\/script>\n<!-- \/ Yoast SEO Premium plugin. -->","yoast_head_json":{"title":"Briefablage aus recyceltem Kunststoff - Gr\u00f8nt Kontor","robots":{"index":"index","follow":"follow","max-snippet":"max-snippet:-1","max-image-preview":"max-image-preview:large","max-video-preview":"max-video-preview:-1"},"canonical":"https:\/\/grontkontor.dk\/de\/shop\/briefablage-in-recyceltem-kunststoff-blau\/","og_locale":"de_DE","og_type":"article","og_title":"Briefablage aus recyceltem Kunststoff","og_description":"Trendige und klimafreundliche A4-Briefablage aus recyceltem Kunststoff f\u00fcr Ihre Dokumente. Stapelbar. Ein klima- und umweltfreundliches Produkt, das sich perfekt eignet, um den \u00dcberblick \u00fcber Ihre Dokumente zu behalten. Ma\u00dfe: LxBxH 338 x 257 x 65 mm. Blauer Engel zertifiziert. Hergestellt in der EU. Auch in Schwarz und Grau erh\u00e4ltlich. Der Preis gilt f\u00fcr 1 St\u00fcck. [&hellip;]","og_url":"https:\/\/grontkontor.dk\/de\/shop\/briefablage-in-recyceltem-kunststoff-blau\/","og_site_name":"Gr\u00f8nt Kontor","article_publisher":"https:\/\/www.facebook.com\/grontkontor.dk\/","og_image":[{"width":800,"height":568,"url":"https:\/\/grontkontor.dk\/wp-content\/uploads\/2019\/04\/brevbakke-genbrugsplast-blaa-03.jpg","type":"image\/jpeg"}],"twitter_card":"summary_large_image","twitter_misc":{"Gesch\u00e4tzte Lesezeit":"1\u00a0Minute"},"schema":{"@context":"https:\/\/schema.org","@graph":[{"@type":"WebPage","@id":"https:\/\/grontkontor.dk\/de\/shop\/briefablage-in-recyceltem-kunststoff-blau\/","url":"https:\/\/grontkontor.dk\/de\/shop\/briefablage-in-recyceltem-kunststoff-blau\/","name":"Briefablage aus recyceltem Kunststoff - Gr\u00f8nt Kontor","isPartOf":{"@id":"https:\/\/grontkontor.dk\/#website"},"datePublished":"2024-05-28T09:32:21+00:00","dateModified":"2024-05-28T09:32:21+00:00","breadcrumb":{"@id":"https:\/\/grontkontor.dk\/de\/shop\/briefablage-in-recyceltem-kunststoff-blau\/#breadcrumb"},"inLanguage":"de","potentialAction":[{"@type":"ReadAction","target":["https:\/\/grontkontor.dk\/de\/shop\/briefablage-in-recyceltem-kunststoff-blau\/"]}]},{"@type":"BreadcrumbList","@id":"https:\/\/grontkontor.dk\/de\/shop\/briefablage-in-recyceltem-kunststoff-blau\/#breadcrumb","itemListElement":[{"@type":"ListItem","position":1,"name":"Forside","item":"https:\/\/grontkontor.dk\/de\/"},{"@type":"ListItem","position":2,"name":"Laden","item":"https:\/\/grontkontor.dk\/de\/laden\/"},{"@type":"ListItem","position":3,"name":"Schreibtischausstattung","item":"https:\/\/grontkontor.dk\/de\/produkt-kategori\/schreibtischausstattung\/"},{"@type":"ListItem","position":4,"name":"Briefk\u00f6rbe","item":"https:\/\/grontkontor.dk\/de\/produkt-kategori\/schreibtischausstattung\/briefkoerbe\/"},{"@type":"ListItem","position":5,"name":"Briefablage aus recyceltem Kunststoff"}]},{"@type":"WebSite","@id":"https:\/\/grontkontor.dk\/#website","url":"https:\/\/grontkontor.dk\/","name":"Gr\u00f8nt Kontor","description":"Milj\u00f8venlige produkter til kontor og erhverv med fokus p\u00e5 b\u00e6redygtighed, design og fair trade.","publisher":{"@id":"https:\/\/grontkontor.dk\/#organization"},"potentialAction":[{"@type":"SearchAction","target":{"@type":"EntryPoint","urlTemplate":"https:\/\/grontkontor.dk\/?s={search_term_string}"},"query-input":"required name=search_term_string"}],"inLanguage":"de"},{"@type":"Organization","@id":"https:\/\/grontkontor.dk\/#organization","name":"Gr\u00f8nt Kontor","url":"https:\/\/grontkontor.dk\/","logo":{"@type":"ImageObject","inLanguage":"de","@id":"https:\/\/grontkontor.dk\/#\/schema\/logo\/image\/","url":"https:\/\/grontkontor.dk\/wp-content\/uploads\/2014\/02\/Logo_groent_kontor_300x80.png","contentUrl":"https:\/\/grontkontor.dk\/wp-content\/uploads\/2014\/02\/Logo_groent_kontor_300x80.png","width":300,"height":80,"caption":"Gr\u00f8nt Kontor"},"image":{"@id":"https:\/\/grontkontor.dk\/#\/schema\/logo\/image\/"},"sameAs":["https:\/\/www.facebook.com\/grontkontor.dk\/"]}]}},"_links":{"self":[{"href":"https:\/\/grontkontor.dk\/de\/wp-json\/wp\/v2\/product\/85894"}],"collection":[{"href":"https:\/\/grontkontor.dk\/de\/wp-json\/wp\/v2\/product"}],"about":[{"href":"https:\/\/grontkontor.dk\/de\/wp-json\/wp\/v2\/types\/product"}],"replies":[{"embeddable":true,"href":"https:\/\/grontkontor.dk\/de\/wp-json\/wp\/v2\/comments?post=85894"}],"wp:featuredmedia":[{"embeddable":true,"href":"https:\/\/grontkontor.dk\/de\/wp-json\/wp\/v2\/media\/85900"}],"wp:attachment":[{"href":"https:\/\/grontkontor.dk\/de\/wp-json\/wp\/v2\/media?parent=85894"}],"wp:term":[{"taxonomy":"product_cat","embeddable":true,"href":"https:\/\/grontkontor.dk\/de\/wp-json\/wp\/v2\/product_cat?post=85894"},{"taxonomy":"product_tag","embeddable":true,"href":"https:\/\/grontkontor.dk\/de\/wp-json\/wp\/v2\/product_tag?post=85894"}],"curies":[{"name":"wp","href":"https:\/\/api.w.org\/{rel}","templated":true}]}}