{"id":85960,"date":"2023-09-22T13:16:37","date_gmt":"2024-05-28T09:32:28","guid":{"rendered":"https:\/\/grontkontor.dk\/shop\/bindemittel-fsc-recycelt-groen\/"},"modified":"2024-05-28T11:32:28","modified_gmt":"2024-05-28T09:32:28","slug":"bindemittel-fsc-recycelt-groen","status":"publish","type":"product","link":"https:\/\/grontkontor.dk\/de\/shop\/bindemittel-fsc-recycelt-groen\/","title":{"rendered":"Bindemittel FSC recycelt &#8211; Gr\u00fcn"},"content":{"rendered":"<p>Solider und klimafreundlicher dunkelgr\u00fcner A4-Ordner im skandinavischen Design, mit serienm\u00e4\u00dfiger 2-Loch-Mechanik mit Metallschiene. Breite hinten: 85 mm. Die Oberfl\u00e4che besteht aus FSC-zertifiziertem Laminatpapier mit genarbter Textur, das mit Klebstoff auf Wasserbasis auf einem dickeren Kern aus recyceltem Karton von Hand laminiert wird. Ein klima- und umweltfreundlicher Ordner, der sich perfekt f\u00fcr die Archivierung Ihrer Dokumente eignet. Hergestellt in der EU.<\/p>\n<p><a href=\"https:\/\/ic.fsc.org\/en\/\" target=\"window\"><img loading=\"lazy\" decoding=\"async\" class=\"size-full wp-image-12735\" src=\"https:\/\/grontkontor.dk\/wp-content\/uploads\/2019\/04\/fsc-certificeret.png\" \n\t\t alt=\"FSC-certificeret\" title=\"FSC-certificeret\" width=\"44\" height=\"51\" border=0\/><\/a> [bigso_all]<\/p>\n","protected":false},"excerpt":{"rendered":"<p>Solider und klimafreundlicher dunkelgr\u00fcner A4-Ordner im skandinavischen Design, mit serienm\u00e4\u00dfiger 2-Loch-Mechanik mit Metallschiene. Breite hinten: 85 mm. Die Oberfl\u00e4che besteht aus FSC-zertifiziertem Laminatpapier mit genarbter Textur, das mit Klebstoff auf Wasserbasis auf einem dickeren Kern aus recyceltem Karton von Hand laminiert wird. Ein klima- und umweltfreundlicher Ordner, der sich perfekt f\u00fcr die Archivierung Ihrer Dokumente [&hellip;]<\/p>\n","protected":false},"featured_media":111972,"comment_status":"closed","ping_status":"closed","template":"","meta":{"_acf_changed":false},"product_cat":[3525,3325,3323,3531,3088],"product_tag":[3532,3536],"class_list":{"0":"post-85960","1":"product","2":"type-product","3":"status-publish","4":"has-post-thumbnail","6":"product_cat-bindemittel","7":"product_cat-dummy-moq-1-de","8":"product_cat-produktserien","9":"product_cat-recyclingkarton-fsc-farbig","10":"product_cat-arkivering-de","11":"product_tag-bindemittel","12":"product_tag-bindemittel-de","13":"tm-has-options","15":"first","16":"instock","17":"taxable","18":"shipping-taxable","19":"purchasable","20":"product-type-simple"},"acf":[],"yoast_head":"<!-- This site is optimized with the Yoast SEO Premium plugin v21.2 (Yoast SEO v21.2) - https:\/\/yoast.com\/wordpress\/plugins\/seo\/ -->\n<title>Bindemittel FSC recycelt - Gr\u00fcn - Gr\u00f8nt Kontor<\/title>\n<meta name=\"robots\" content=\"index, follow, max-snippet:-1, max-image-preview:large, max-video-preview:-1\" \/>\n<link rel=\"canonical\" href=\"https:\/\/grontkontor.dk\/de\/shop\/bindemittel-fsc-recycelt-groen\/\" \/>\n<meta property=\"og:locale\" content=\"de_DE\" \/>\n<meta property=\"og:type\" content=\"article\" \/>\n<meta property=\"og:title\" content=\"Bindemittel FSC recycelt - Gr\u00fcn\" \/>\n<meta property=\"og:description\" content=\"Solider und klimafreundlicher dunkelgr\u00fcner A4-Ordner im skandinavischen Design, mit serienm\u00e4\u00dfiger 2-Loch-Mechanik mit Metallschiene. Breite hinten: 85 mm. Die Oberfl\u00e4che besteht aus FSC-zertifiziertem Laminatpapier mit genarbter Textur, das mit Klebstoff auf Wasserbasis auf einem dickeren Kern aus recyceltem Karton von Hand laminiert wird. Ein klima- und umweltfreundlicher Ordner, der sich perfekt f\u00fcr die Archivierung Ihrer Dokumente [&hellip;]\" \/>\n<meta property=\"og:url\" content=\"https:\/\/grontkontor.dk\/de\/shop\/bindemittel-fsc-recycelt-groen\/\" \/>\n<meta property=\"og:site_name\" content=\"Gr\u00f8nt Kontor\" \/>\n<meta property=\"article:publisher\" content=\"https:\/\/www.facebook.com\/grontkontor.dk\/\" \/>\n<meta property=\"og:image\" content=\"https:\/\/grontkontor.dk\/wp-content\/uploads\/2021\/02\/brevordner-fsc-genbrug-groen-01.jpg\" \/>\n\t<meta property=\"og:image:width\" content=\"900\" \/>\n\t<meta property=\"og:image:height\" content=\"639\" \/>\n\t<meta property=\"og:image:type\" content=\"image\/jpeg\" \/>\n<meta name=\"twitter:card\" content=\"summary_large_image\" \/>\n<script type=\"application\/ld+json\" class=\"yoast-schema-graph\">{\"@context\":\"https:\/\/schema.org\",\"@graph\":[{\"@type\":\"WebPage\",\"@id\":\"https:\/\/grontkontor.dk\/de\/shop\/bindemittel-fsc-recycelt-groen\/\",\"url\":\"https:\/\/grontkontor.dk\/de\/shop\/bindemittel-fsc-recycelt-groen\/\",\"name\":\"Bindemittel FSC recycelt - Gr\u00fcn - Gr\u00f8nt Kontor\",\"isPartOf\":{\"@id\":\"https:\/\/grontkontor.dk\/#website\"},\"datePublished\":\"2024-05-28T09:32:28+00:00\",\"dateModified\":\"2024-05-28T09:32:28+00:00\",\"breadcrumb\":{\"@id\":\"https:\/\/grontkontor.dk\/de\/shop\/bindemittel-fsc-recycelt-groen\/#breadcrumb\"},\"inLanguage\":\"de\",\"potentialAction\":[{\"@type\":\"ReadAction\",\"target\":[\"https:\/\/grontkontor.dk\/de\/shop\/bindemittel-fsc-recycelt-groen\/\"]}]},{\"@type\":\"BreadcrumbList\",\"@id\":\"https:\/\/grontkontor.dk\/de\/shop\/bindemittel-fsc-recycelt-groen\/#breadcrumb\",\"itemListElement\":[{\"@type\":\"ListItem\",\"position\":1,\"name\":\"Forside\",\"item\":\"https:\/\/grontkontor.dk\/de\/\"},{\"@type\":\"ListItem\",\"position\":2,\"name\":\"Laden\",\"item\":\"https:\/\/grontkontor.dk\/de\/laden\/\"},{\"@type\":\"ListItem\",\"position\":3,\"name\":\"Arkivering\",\"item\":\"https:\/\/grontkontor.dk\/produkt-kategori\/arkivering\/\"},{\"@type\":\"ListItem\",\"position\":4,\"name\":\"Ringbind\",\"item\":\"https:\/\/grontkontor.dk\/produkt-kategori\/arkivering\/ringbind\/\"},{\"@type\":\"ListItem\",\"position\":5,\"name\":\"Bindemittel FSC recycelt &#8211; Gr\u00fcn\"}]},{\"@type\":\"WebSite\",\"@id\":\"https:\/\/grontkontor.dk\/#website\",\"url\":\"https:\/\/grontkontor.dk\/\",\"name\":\"Gr\u00f8nt Kontor\",\"description\":\"Milj\u00f8venlige produkter til kontor og erhverv med fokus p\u00e5 b\u00e6redygtighed, design og fair trade.\",\"publisher\":{\"@id\":\"https:\/\/grontkontor.dk\/#organization\"},\"potentialAction\":[{\"@type\":\"SearchAction\",\"target\":{\"@type\":\"EntryPoint\",\"urlTemplate\":\"https:\/\/grontkontor.dk\/?s={search_term_string}\"},\"query-input\":\"required name=search_term_string\"}],\"inLanguage\":\"de\"},{\"@type\":\"Organization\",\"@id\":\"https:\/\/grontkontor.dk\/#organization\",\"name\":\"Gr\u00f8nt Kontor\",\"url\":\"https:\/\/grontkontor.dk\/\",\"logo\":{\"@type\":\"ImageObject\",\"inLanguage\":\"de\",\"@id\":\"https:\/\/grontkontor.dk\/#\/schema\/logo\/image\/\",\"url\":\"https:\/\/grontkontor.dk\/wp-content\/uploads\/2014\/02\/Logo_groent_kontor_300x80.png\",\"contentUrl\":\"https:\/\/grontkontor.dk\/wp-content\/uploads\/2014\/02\/Logo_groent_kontor_300x80.png\",\"width\":300,\"height\":80,\"caption\":\"Gr\u00f8nt Kontor\"},\"image\":{\"@id\":\"https:\/\/grontkontor.dk\/#\/schema\/logo\/image\/\"},\"sameAs\":[\"https:\/\/www.facebook.com\/grontkontor.dk\/\"]}]}<\/script>\n<!-- \/ Yoast SEO Premium plugin. -->","yoast_head_json":{"title":"Bindemittel FSC recycelt - Gr\u00fcn - Gr\u00f8nt Kontor","robots":{"index":"index","follow":"follow","max-snippet":"max-snippet:-1","max-image-preview":"max-image-preview:large","max-video-preview":"max-video-preview:-1"},"canonical":"https:\/\/grontkontor.dk\/de\/shop\/bindemittel-fsc-recycelt-groen\/","og_locale":"de_DE","og_type":"article","og_title":"Bindemittel FSC recycelt - Gr\u00fcn","og_description":"Solider und klimafreundlicher dunkelgr\u00fcner A4-Ordner im skandinavischen Design, mit serienm\u00e4\u00dfiger 2-Loch-Mechanik mit Metallschiene. Breite hinten: 85 mm. Die Oberfl\u00e4che besteht aus FSC-zertifiziertem Laminatpapier mit genarbter Textur, das mit Klebstoff auf Wasserbasis auf einem dickeren Kern aus recyceltem Karton von Hand laminiert wird. Ein klima- und umweltfreundlicher Ordner, der sich perfekt f\u00fcr die Archivierung Ihrer Dokumente [&hellip;]","og_url":"https:\/\/grontkontor.dk\/de\/shop\/bindemittel-fsc-recycelt-groen\/","og_site_name":"Gr\u00f8nt Kontor","article_publisher":"https:\/\/www.facebook.com\/grontkontor.dk\/","og_image":[{"width":900,"height":639,"url":"https:\/\/grontkontor.dk\/wp-content\/uploads\/2021\/02\/brevordner-fsc-genbrug-groen-01.jpg","type":"image\/jpeg"}],"twitter_card":"summary_large_image","schema":{"@context":"https:\/\/schema.org","@graph":[{"@type":"WebPage","@id":"https:\/\/grontkontor.dk\/de\/shop\/bindemittel-fsc-recycelt-groen\/","url":"https:\/\/grontkontor.dk\/de\/shop\/bindemittel-fsc-recycelt-groen\/","name":"Bindemittel FSC recycelt - Gr\u00fcn - Gr\u00f8nt Kontor","isPartOf":{"@id":"https:\/\/grontkontor.dk\/#website"},"datePublished":"2024-05-28T09:32:28+00:00","dateModified":"2024-05-28T09:32:28+00:00","breadcrumb":{"@id":"https:\/\/grontkontor.dk\/de\/shop\/bindemittel-fsc-recycelt-groen\/#breadcrumb"},"inLanguage":"de","potentialAction":[{"@type":"ReadAction","target":["https:\/\/grontkontor.dk\/de\/shop\/bindemittel-fsc-recycelt-groen\/"]}]},{"@type":"BreadcrumbList","@id":"https:\/\/grontkontor.dk\/de\/shop\/bindemittel-fsc-recycelt-groen\/#breadcrumb","itemListElement":[{"@type":"ListItem","position":1,"name":"Forside","item":"https:\/\/grontkontor.dk\/de\/"},{"@type":"ListItem","position":2,"name":"Laden","item":"https:\/\/grontkontor.dk\/de\/laden\/"},{"@type":"ListItem","position":3,"name":"Arkivering","item":"https:\/\/grontkontor.dk\/produkt-kategori\/arkivering\/"},{"@type":"ListItem","position":4,"name":"Ringbind","item":"https:\/\/grontkontor.dk\/produkt-kategori\/arkivering\/ringbind\/"},{"@type":"ListItem","position":5,"name":"Bindemittel FSC recycelt &#8211; Gr\u00fcn"}]},{"@type":"WebSite","@id":"https:\/\/grontkontor.dk\/#website","url":"https:\/\/grontkontor.dk\/","name":"Gr\u00f8nt Kontor","description":"Milj\u00f8venlige produkter til kontor og erhverv med fokus p\u00e5 b\u00e6redygtighed, design og fair trade.","publisher":{"@id":"https:\/\/grontkontor.dk\/#organization"},"potentialAction":[{"@type":"SearchAction","target":{"@type":"EntryPoint","urlTemplate":"https:\/\/grontkontor.dk\/?s={search_term_string}"},"query-input":"required name=search_term_string"}],"inLanguage":"de"},{"@type":"Organization","@id":"https:\/\/grontkontor.dk\/#organization","name":"Gr\u00f8nt Kontor","url":"https:\/\/grontkontor.dk\/","logo":{"@type":"ImageObject","inLanguage":"de","@id":"https:\/\/grontkontor.dk\/#\/schema\/logo\/image\/","url":"https:\/\/grontkontor.dk\/wp-content\/uploads\/2014\/02\/Logo_groent_kontor_300x80.png","contentUrl":"https:\/\/grontkontor.dk\/wp-content\/uploads\/2014\/02\/Logo_groent_kontor_300x80.png","width":300,"height":80,"caption":"Gr\u00f8nt Kontor"},"image":{"@id":"https:\/\/grontkontor.dk\/#\/schema\/logo\/image\/"},"sameAs":["https:\/\/www.facebook.com\/grontkontor.dk\/"]}]}},"_links":{"self":[{"href":"https:\/\/grontkontor.dk\/de\/wp-json\/wp\/v2\/product\/85960"}],"collection":[{"href":"https:\/\/grontkontor.dk\/de\/wp-json\/wp\/v2\/product"}],"about":[{"href":"https:\/\/grontkontor.dk\/de\/wp-json\/wp\/v2\/types\/product"}],"replies":[{"embeddable":true,"href":"https:\/\/grontkontor.dk\/de\/wp-json\/wp\/v2\/comments?post=85960"}],"wp:featuredmedia":[{"embeddable":true,"href":"https:\/\/grontkontor.dk\/de\/wp-json\/wp\/v2\/media\/111972"}],"wp:attachment":[{"href":"https:\/\/grontkontor.dk\/de\/wp-json\/wp\/v2\/media?parent=85960"}],"wp:term":[{"taxonomy":"product_cat","embeddable":true,"href":"https:\/\/grontkontor.dk\/de\/wp-json\/wp\/v2\/product_cat?post=85960"},{"taxonomy":"product_tag","embeddable":true,"href":"https:\/\/grontkontor.dk\/de\/wp-json\/wp\/v2\/product_tag?post=85960"}],"curies":[{"name":"wp","href":"https:\/\/api.w.org\/{rel}","templated":true}]}}