{"id":85971,"date":"2024-02-21T11:38:02","date_gmt":"2024-05-28T09:35:49","guid":{"rendered":"https:\/\/grontkontor.dk\/shop\/spiesse-aus-stahl\/"},"modified":"2024-05-28T11:35:49","modified_gmt":"2024-05-28T09:35:49","slug":"spiesse-aus-stahl","status":"publish","type":"product","link":"https:\/\/grontkontor.dk\/de\/shop\/spiesse-aus-stahl\/","title":{"rendered":"Spie\u00dfe aus Stahl"},"content":{"rendered":"<p>Der Papierspie\u00df ist eine praktische L\u00f6sung, um den \u00dcberblick \u00fcber Papiere, Bestellungen oder Quittungen zu behalten, ohne dass die Gefahr besteht, dass sie verloren gehen. Geeignet f\u00fcr den Einsatz in Restaurants, Bars, Hotels und anderen Arbeitspl\u00e4tzen.<\/p>\n<p>[staal]<\/p>\n","protected":false},"excerpt":{"rendered":"<p>Der Papierspie\u00df ist eine praktische L\u00f6sung, um den \u00dcberblick \u00fcber Papiere, Bestellungen oder Quittungen zu behalten, ohne dass die Gefahr besteht, dass sie verloren gehen. Geeignet f\u00fcr den Einsatz in Restaurants, Bars, Hotels und anderen Arbeitspl\u00e4tzen. [staal]<\/p>\n","protected":false},"featured_media":85978,"comment_status":"closed","ping_status":"closed","template":"","meta":{"_acf_changed":false},"product_cat":[3325,3528,3489],"product_tag":[3571],"class_list":{"0":"post-85971","1":"product","2":"type-product","3":"status-publish","4":"has-post-thumbnail","6":"product_cat-dummy-moq-1-de","7":"product_cat-moebel-und-einrichtungsgegenstaende","8":"product_cat-sonstige-leuchten","9":"product_tag-papierspiesse","10":"pa_farve-blau","11":"pa_farve-grau-de","12":"pa_farve-schwarz","13":"tm-has-options","15":"first","16":"instock","17":"taxable","18":"shipping-taxable","19":"purchasable","20":"product-type-simple"},"acf":[],"yoast_head":"<!-- This site is optimized with the Yoast SEO Premium plugin v21.2 (Yoast SEO v21.2) - https:\/\/yoast.com\/wordpress\/plugins\/seo\/ -->\n<title>Spie\u00dfe aus Stahl - Gr\u00f8nt Kontor<\/title>\n<meta name=\"robots\" content=\"index, follow, max-snippet:-1, max-image-preview:large, max-video-preview:-1\" \/>\n<link rel=\"canonical\" href=\"https:\/\/grontkontor.dk\/de\/shop\/spiesse-aus-stahl\/\" \/>\n<meta property=\"og:locale\" content=\"de_DE\" \/>\n<meta property=\"og:type\" content=\"article\" \/>\n<meta property=\"og:title\" content=\"Spie\u00dfe aus Stahl\" \/>\n<meta property=\"og:description\" content=\"Der Papierspie\u00df ist eine praktische L\u00f6sung, um den \u00dcberblick \u00fcber Papiere, Bestellungen oder Quittungen zu behalten, ohne dass die Gefahr besteht, dass sie verloren gehen. Geeignet f\u00fcr den Einsatz in Restaurants, Bars, Hotels und anderen Arbeitspl\u00e4tzen. [staal]\" \/>\n<meta property=\"og:url\" content=\"https:\/\/grontkontor.dk\/de\/shop\/spiesse-aus-stahl\/\" \/>\n<meta property=\"og:site_name\" content=\"Gr\u00f8nt Kontor\" \/>\n<meta property=\"article:publisher\" content=\"https:\/\/www.facebook.com\/grontkontor.dk\/\" \/>\n<meta property=\"og:image\" content=\"https:\/\/grontkontor.dk\/wp-content\/uploads\/2024\/02\/papirspyd-staal.jpg\" \/>\n\t<meta property=\"og:image:width\" content=\"900\" \/>\n\t<meta property=\"og:image:height\" content=\"639\" \/>\n\t<meta property=\"og:image:type\" content=\"image\/jpeg\" \/>\n<meta name=\"twitter:card\" content=\"summary_large_image\" \/>\n<script type=\"application\/ld+json\" class=\"yoast-schema-graph\">{\"@context\":\"https:\/\/schema.org\",\"@graph\":[{\"@type\":\"WebPage\",\"@id\":\"https:\/\/grontkontor.dk\/de\/shop\/spiesse-aus-stahl\/\",\"url\":\"https:\/\/grontkontor.dk\/de\/shop\/spiesse-aus-stahl\/\",\"name\":\"Spie\u00dfe aus Stahl - Gr\u00f8nt Kontor\",\"isPartOf\":{\"@id\":\"https:\/\/grontkontor.dk\/#website\"},\"datePublished\":\"2024-05-28T09:35:49+00:00\",\"dateModified\":\"2024-05-28T09:35:49+00:00\",\"breadcrumb\":{\"@id\":\"https:\/\/grontkontor.dk\/de\/shop\/spiesse-aus-stahl\/#breadcrumb\"},\"inLanguage\":\"de\",\"potentialAction\":[{\"@type\":\"ReadAction\",\"target\":[\"https:\/\/grontkontor.dk\/de\/shop\/spiesse-aus-stahl\/\"]}]},{\"@type\":\"BreadcrumbList\",\"@id\":\"https:\/\/grontkontor.dk\/de\/shop\/spiesse-aus-stahl\/#breadcrumb\",\"itemListElement\":[{\"@type\":\"ListItem\",\"position\":1,\"name\":\"Forside\",\"item\":\"https:\/\/grontkontor.dk\/de\/\"},{\"@type\":\"ListItem\",\"position\":2,\"name\":\"Laden\",\"item\":\"https:\/\/grontkontor.dk\/de\/laden\/\"},{\"@type\":\"ListItem\",\"position\":3,\"name\":\"M\u00f8bler og inventar\",\"item\":\"https:\/\/grontkontor.dk\/produkt-kategori\/mobler-og-inventar\/\"},{\"@type\":\"ListItem\",\"position\":4,\"name\":\"Diverse inventar\",\"item\":\"https:\/\/grontkontor.dk\/produkt-kategori\/mobler-og-inventar\/diverse-inventar\/\"},{\"@type\":\"ListItem\",\"position\":5,\"name\":\"Spie\u00dfe aus Stahl\"}]},{\"@type\":\"WebSite\",\"@id\":\"https:\/\/grontkontor.dk\/#website\",\"url\":\"https:\/\/grontkontor.dk\/\",\"name\":\"Gr\u00f8nt Kontor\",\"description\":\"Milj\u00f8venlige produkter til kontor og erhverv med fokus p\u00e5 b\u00e6redygtighed, design og fair trade.\",\"publisher\":{\"@id\":\"https:\/\/grontkontor.dk\/#organization\"},\"potentialAction\":[{\"@type\":\"SearchAction\",\"target\":{\"@type\":\"EntryPoint\",\"urlTemplate\":\"https:\/\/grontkontor.dk\/?s={search_term_string}\"},\"query-input\":\"required name=search_term_string\"}],\"inLanguage\":\"de\"},{\"@type\":\"Organization\",\"@id\":\"https:\/\/grontkontor.dk\/#organization\",\"name\":\"Gr\u00f8nt Kontor\",\"url\":\"https:\/\/grontkontor.dk\/\",\"logo\":{\"@type\":\"ImageObject\",\"inLanguage\":\"de\",\"@id\":\"https:\/\/grontkontor.dk\/#\/schema\/logo\/image\/\",\"url\":\"https:\/\/grontkontor.dk\/wp-content\/uploads\/2014\/02\/Logo_groent_kontor_300x80.png\",\"contentUrl\":\"https:\/\/grontkontor.dk\/wp-content\/uploads\/2014\/02\/Logo_groent_kontor_300x80.png\",\"width\":300,\"height\":80,\"caption\":\"Gr\u00f8nt Kontor\"},\"image\":{\"@id\":\"https:\/\/grontkontor.dk\/#\/schema\/logo\/image\/\"},\"sameAs\":[\"https:\/\/www.facebook.com\/grontkontor.dk\/\"]}]}<\/script>\n<!-- \/ Yoast SEO Premium plugin. -->","yoast_head_json":{"title":"Spie\u00dfe aus Stahl - Gr\u00f8nt Kontor","robots":{"index":"index","follow":"follow","max-snippet":"max-snippet:-1","max-image-preview":"max-image-preview:large","max-video-preview":"max-video-preview:-1"},"canonical":"https:\/\/grontkontor.dk\/de\/shop\/spiesse-aus-stahl\/","og_locale":"de_DE","og_type":"article","og_title":"Spie\u00dfe aus Stahl","og_description":"Der Papierspie\u00df ist eine praktische L\u00f6sung, um den \u00dcberblick \u00fcber Papiere, Bestellungen oder Quittungen zu behalten, ohne dass die Gefahr besteht, dass sie verloren gehen. Geeignet f\u00fcr den Einsatz in Restaurants, Bars, Hotels und anderen Arbeitspl\u00e4tzen. [staal]","og_url":"https:\/\/grontkontor.dk\/de\/shop\/spiesse-aus-stahl\/","og_site_name":"Gr\u00f8nt Kontor","article_publisher":"https:\/\/www.facebook.com\/grontkontor.dk\/","og_image":[{"width":900,"height":639,"url":"https:\/\/grontkontor.dk\/wp-content\/uploads\/2024\/02\/papirspyd-staal.jpg","type":"image\/jpeg"}],"twitter_card":"summary_large_image","schema":{"@context":"https:\/\/schema.org","@graph":[{"@type":"WebPage","@id":"https:\/\/grontkontor.dk\/de\/shop\/spiesse-aus-stahl\/","url":"https:\/\/grontkontor.dk\/de\/shop\/spiesse-aus-stahl\/","name":"Spie\u00dfe aus Stahl - Gr\u00f8nt Kontor","isPartOf":{"@id":"https:\/\/grontkontor.dk\/#website"},"datePublished":"2024-05-28T09:35:49+00:00","dateModified":"2024-05-28T09:35:49+00:00","breadcrumb":{"@id":"https:\/\/grontkontor.dk\/de\/shop\/spiesse-aus-stahl\/#breadcrumb"},"inLanguage":"de","potentialAction":[{"@type":"ReadAction","target":["https:\/\/grontkontor.dk\/de\/shop\/spiesse-aus-stahl\/"]}]},{"@type":"BreadcrumbList","@id":"https:\/\/grontkontor.dk\/de\/shop\/spiesse-aus-stahl\/#breadcrumb","itemListElement":[{"@type":"ListItem","position":1,"name":"Forside","item":"https:\/\/grontkontor.dk\/de\/"},{"@type":"ListItem","position":2,"name":"Laden","item":"https:\/\/grontkontor.dk\/de\/laden\/"},{"@type":"ListItem","position":3,"name":"M\u00f8bler og inventar","item":"https:\/\/grontkontor.dk\/produkt-kategori\/mobler-og-inventar\/"},{"@type":"ListItem","position":4,"name":"Diverse inventar","item":"https:\/\/grontkontor.dk\/produkt-kategori\/mobler-og-inventar\/diverse-inventar\/"},{"@type":"ListItem","position":5,"name":"Spie\u00dfe aus Stahl"}]},{"@type":"WebSite","@id":"https:\/\/grontkontor.dk\/#website","url":"https:\/\/grontkontor.dk\/","name":"Gr\u00f8nt Kontor","description":"Milj\u00f8venlige produkter til kontor og erhverv med fokus p\u00e5 b\u00e6redygtighed, design og fair trade.","publisher":{"@id":"https:\/\/grontkontor.dk\/#organization"},"potentialAction":[{"@type":"SearchAction","target":{"@type":"EntryPoint","urlTemplate":"https:\/\/grontkontor.dk\/?s={search_term_string}"},"query-input":"required name=search_term_string"}],"inLanguage":"de"},{"@type":"Organization","@id":"https:\/\/grontkontor.dk\/#organization","name":"Gr\u00f8nt Kontor","url":"https:\/\/grontkontor.dk\/","logo":{"@type":"ImageObject","inLanguage":"de","@id":"https:\/\/grontkontor.dk\/#\/schema\/logo\/image\/","url":"https:\/\/grontkontor.dk\/wp-content\/uploads\/2014\/02\/Logo_groent_kontor_300x80.png","contentUrl":"https:\/\/grontkontor.dk\/wp-content\/uploads\/2014\/02\/Logo_groent_kontor_300x80.png","width":300,"height":80,"caption":"Gr\u00f8nt Kontor"},"image":{"@id":"https:\/\/grontkontor.dk\/#\/schema\/logo\/image\/"},"sameAs":["https:\/\/www.facebook.com\/grontkontor.dk\/"]}]}},"_links":{"self":[{"href":"https:\/\/grontkontor.dk\/de\/wp-json\/wp\/v2\/product\/85971"}],"collection":[{"href":"https:\/\/grontkontor.dk\/de\/wp-json\/wp\/v2\/product"}],"about":[{"href":"https:\/\/grontkontor.dk\/de\/wp-json\/wp\/v2\/types\/product"}],"replies":[{"embeddable":true,"href":"https:\/\/grontkontor.dk\/de\/wp-json\/wp\/v2\/comments?post=85971"}],"wp:featuredmedia":[{"embeddable":true,"href":"https:\/\/grontkontor.dk\/de\/wp-json\/wp\/v2\/media\/85978"}],"wp:attachment":[{"href":"https:\/\/grontkontor.dk\/de\/wp-json\/wp\/v2\/media?parent=85971"}],"wp:term":[{"taxonomy":"product_cat","embeddable":true,"href":"https:\/\/grontkontor.dk\/de\/wp-json\/wp\/v2\/product_cat?post=85971"},{"taxonomy":"product_tag","embeddable":true,"href":"https:\/\/grontkontor.dk\/de\/wp-json\/wp\/v2\/product_tag?post=85971"}],"curies":[{"name":"wp","href":"https:\/\/api.w.org\/{rel}","templated":true}]}}