{"id":86122,"date":"2024-02-02T11:47:48","date_gmt":"2024-05-28T09:41:29","guid":{"rendered":"https:\/\/grontkontor.dk\/shop\/mulleimer-xl\/"},"modified":"2024-05-28T11:41:29","modified_gmt":"2024-05-28T09:41:29","slug":"mulleimer-xl","status":"publish","type":"product","link":"https:\/\/grontkontor.dk\/de\/shop\/mulleimer-xl\/","title":{"rendered":"M\u00fclleimer XL"},"content":{"rendered":"<p>Gro\u00dfer Stahlbeh\u00e4lter mit intelligenter Soft-Close-Funktion. Ideal f\u00fcr K\u00fcche oder B\u00fcro mit seiner ger\u00e4umigen Gr\u00f6\u00dfe von 50 Litern.<\/p>\n<p>[staal]<\/p>\n","protected":false},"excerpt":{"rendered":"<p>Gro\u00dfer Stahlbeh\u00e4lter mit intelligenter Soft-Close-Funktion. Ideal f\u00fcr K\u00fcche oder B\u00fcro mit seiner ger\u00e4umigen Gr\u00f6\u00dfe von 50 Litern. [staal]<\/p>\n","protected":false},"featured_media":86127,"comment_status":"closed","ping_status":"closed","template":"","meta":{"_acf_changed":false},"product_cat":[3433,3325,3084],"product_tag":[3435,3590],"class_list":{"0":"post-86122","1":"product","2":"type-product","3":"status-publish","4":"has-post-thumbnail","6":"product_cat-abfallwirtschaft","7":"product_cat-dummy-moq-1-de","8":"product_cat-neuheiten","9":"product_tag-abfallwirtschaft","10":"product_tag-muelltonne","11":"tm-has-options","13":"first","14":"instock","15":"taxable","16":"shipping-taxable","17":"purchasable","18":"product-type-simple"},"acf":[],"yoast_head":"<!-- This site is optimized with the Yoast SEO Premium plugin v21.2 (Yoast SEO v21.2) - https:\/\/yoast.com\/wordpress\/plugins\/seo\/ -->\n<title>M\u00fclleimer XL - Gr\u00f8nt Kontor<\/title>\n<meta name=\"robots\" content=\"index, follow, max-snippet:-1, max-image-preview:large, max-video-preview:-1\" \/>\n<link rel=\"canonical\" href=\"https:\/\/grontkontor.dk\/?post_type=product&p=80590\" \/>\n<meta property=\"og:locale\" content=\"de_DE\" \/>\n<meta property=\"og:type\" content=\"article\" \/>\n<meta property=\"og:title\" content=\"M\u00fclleimer XL\" \/>\n<meta property=\"og:description\" content=\"Gro\u00dfer Stahlbeh\u00e4lter mit intelligenter Soft-Close-Funktion. Ideal f\u00fcr K\u00fcche oder B\u00fcro mit seiner ger\u00e4umigen Gr\u00f6\u00dfe von 50 Litern. [staal]\" \/>\n<meta property=\"og:url\" content=\"https:\/\/grontkontor.dk\/?post_type=product&amp;p=80590\" \/>\n<meta property=\"og:site_name\" content=\"Gr\u00f8nt Kontor\" \/>\n<meta property=\"article:publisher\" content=\"https:\/\/www.facebook.com\/grontkontor.dk\/\" \/>\n<meta property=\"og:image\" content=\"https:\/\/grontkontor.dk\/wp-content\/uploads\/2024\/02\/Klimavenlig-skraldespand-i-staal-xl.jpg\" \/>\n\t<meta property=\"og:image:width\" content=\"900\" \/>\n\t<meta property=\"og:image:height\" content=\"639\" \/>\n\t<meta property=\"og:image:type\" content=\"image\/jpeg\" \/>\n<meta name=\"twitter:card\" content=\"summary_large_image\" \/>\n<script type=\"application\/ld+json\" class=\"yoast-schema-graph\">{\"@context\":\"https:\/\/schema.org\",\"@graph\":[{\"@type\":\"WebPage\",\"@id\":\"https:\/\/grontkontor.dk\/?post_type=product&p=80590\",\"url\":\"https:\/\/grontkontor.dk\/?post_type=product&p=80590\",\"name\":\"M\u00fclleimer XL - Gr\u00f8nt Kontor\",\"isPartOf\":{\"@id\":\"https:\/\/grontkontor.dk\/#website\"},\"datePublished\":\"2024-05-28T09:41:29+00:00\",\"dateModified\":\"2024-05-28T09:41:29+00:00\",\"breadcrumb\":{\"@id\":\"https:\/\/grontkontor.dk\/?post_type=product&p=80590#breadcrumb\"},\"inLanguage\":\"de\",\"potentialAction\":[{\"@type\":\"ReadAction\",\"target\":[\"https:\/\/grontkontor.dk\/?post_type=product&p=80590\"]}]},{\"@type\":\"BreadcrumbList\",\"@id\":\"https:\/\/grontkontor.dk\/?post_type=product&p=80590#breadcrumb\",\"itemListElement\":[{\"@type\":\"ListItem\",\"position\":1,\"name\":\"Forside\",\"item\":\"https:\/\/grontkontor.dk\/de\/\"},{\"@type\":\"ListItem\",\"position\":2,\"name\":\"Laden\",\"item\":\"https:\/\/grontkontor.dk\/de\/laden\/\"},{\"@type\":\"ListItem\",\"position\":3,\"name\":\"M\u00f6bel und Einrichtungsgegenst\u00e4nde\",\"item\":\"https:\/\/grontkontor.dk\/de\/produkt-kategori\/moebel-und-einrichtungsgegenstaende\/\"},{\"@type\":\"ListItem\",\"position\":4,\"name\":\"Abfallwirtschaft\",\"item\":\"https:\/\/grontkontor.dk\/de\/produkt-kategori\/moebel-und-einrichtungsgegenstaende\/abfallwirtschaft\/\"},{\"@type\":\"ListItem\",\"position\":5,\"name\":\"M\u00fclleimer XL\"}]},{\"@type\":\"WebSite\",\"@id\":\"https:\/\/grontkontor.dk\/#website\",\"url\":\"https:\/\/grontkontor.dk\/\",\"name\":\"Gr\u00f8nt Kontor\",\"description\":\"Milj\u00f8venlige produkter til kontor og erhverv med fokus p\u00e5 b\u00e6redygtighed, design og fair trade.\",\"publisher\":{\"@id\":\"https:\/\/grontkontor.dk\/#organization\"},\"potentialAction\":[{\"@type\":\"SearchAction\",\"target\":{\"@type\":\"EntryPoint\",\"urlTemplate\":\"https:\/\/grontkontor.dk\/?s={search_term_string}\"},\"query-input\":\"required name=search_term_string\"}],\"inLanguage\":\"de\"},{\"@type\":\"Organization\",\"@id\":\"https:\/\/grontkontor.dk\/#organization\",\"name\":\"Gr\u00f8nt Kontor\",\"url\":\"https:\/\/grontkontor.dk\/\",\"logo\":{\"@type\":\"ImageObject\",\"inLanguage\":\"de\",\"@id\":\"https:\/\/grontkontor.dk\/#\/schema\/logo\/image\/\",\"url\":\"https:\/\/grontkontor.dk\/wp-content\/uploads\/2014\/02\/Logo_groent_kontor_300x80.png\",\"contentUrl\":\"https:\/\/grontkontor.dk\/wp-content\/uploads\/2014\/02\/Logo_groent_kontor_300x80.png\",\"width\":300,\"height\":80,\"caption\":\"Gr\u00f8nt Kontor\"},\"image\":{\"@id\":\"https:\/\/grontkontor.dk\/#\/schema\/logo\/image\/\"},\"sameAs\":[\"https:\/\/www.facebook.com\/grontkontor.dk\/\"]}]}<\/script>\n<!-- \/ Yoast SEO Premium plugin. -->","yoast_head_json":{"title":"M\u00fclleimer XL - Gr\u00f8nt Kontor","robots":{"index":"index","follow":"follow","max-snippet":"max-snippet:-1","max-image-preview":"max-image-preview:large","max-video-preview":"max-video-preview:-1"},"canonical":"https:\/\/grontkontor.dk\/?post_type=product&p=80590","og_locale":"de_DE","og_type":"article","og_title":"M\u00fclleimer XL","og_description":"Gro\u00dfer Stahlbeh\u00e4lter mit intelligenter Soft-Close-Funktion. Ideal f\u00fcr K\u00fcche oder B\u00fcro mit seiner ger\u00e4umigen Gr\u00f6\u00dfe von 50 Litern. [staal]","og_url":"https:\/\/grontkontor.dk\/?post_type=product&p=80590","og_site_name":"Gr\u00f8nt Kontor","article_publisher":"https:\/\/www.facebook.com\/grontkontor.dk\/","og_image":[{"width":900,"height":639,"url":"https:\/\/grontkontor.dk\/wp-content\/uploads\/2024\/02\/Klimavenlig-skraldespand-i-staal-xl.jpg","type":"image\/jpeg"}],"twitter_card":"summary_large_image","schema":{"@context":"https:\/\/schema.org","@graph":[{"@type":"WebPage","@id":"https:\/\/grontkontor.dk\/?post_type=product&p=80590","url":"https:\/\/grontkontor.dk\/?post_type=product&p=80590","name":"M\u00fclleimer XL - Gr\u00f8nt Kontor","isPartOf":{"@id":"https:\/\/grontkontor.dk\/#website"},"datePublished":"2024-05-28T09:41:29+00:00","dateModified":"2024-05-28T09:41:29+00:00","breadcrumb":{"@id":"https:\/\/grontkontor.dk\/?post_type=product&p=80590#breadcrumb"},"inLanguage":"de","potentialAction":[{"@type":"ReadAction","target":["https:\/\/grontkontor.dk\/?post_type=product&p=80590"]}]},{"@type":"BreadcrumbList","@id":"https:\/\/grontkontor.dk\/?post_type=product&p=80590#breadcrumb","itemListElement":[{"@type":"ListItem","position":1,"name":"Forside","item":"https:\/\/grontkontor.dk\/de\/"},{"@type":"ListItem","position":2,"name":"Laden","item":"https:\/\/grontkontor.dk\/de\/laden\/"},{"@type":"ListItem","position":3,"name":"M\u00f6bel und Einrichtungsgegenst\u00e4nde","item":"https:\/\/grontkontor.dk\/de\/produkt-kategori\/moebel-und-einrichtungsgegenstaende\/"},{"@type":"ListItem","position":4,"name":"Abfallwirtschaft","item":"https:\/\/grontkontor.dk\/de\/produkt-kategori\/moebel-und-einrichtungsgegenstaende\/abfallwirtschaft\/"},{"@type":"ListItem","position":5,"name":"M\u00fclleimer XL"}]},{"@type":"WebSite","@id":"https:\/\/grontkontor.dk\/#website","url":"https:\/\/grontkontor.dk\/","name":"Gr\u00f8nt Kontor","description":"Milj\u00f8venlige produkter til kontor og erhverv med fokus p\u00e5 b\u00e6redygtighed, design og fair trade.","publisher":{"@id":"https:\/\/grontkontor.dk\/#organization"},"potentialAction":[{"@type":"SearchAction","target":{"@type":"EntryPoint","urlTemplate":"https:\/\/grontkontor.dk\/?s={search_term_string}"},"query-input":"required name=search_term_string"}],"inLanguage":"de"},{"@type":"Organization","@id":"https:\/\/grontkontor.dk\/#organization","name":"Gr\u00f8nt Kontor","url":"https:\/\/grontkontor.dk\/","logo":{"@type":"ImageObject","inLanguage":"de","@id":"https:\/\/grontkontor.dk\/#\/schema\/logo\/image\/","url":"https:\/\/grontkontor.dk\/wp-content\/uploads\/2014\/02\/Logo_groent_kontor_300x80.png","contentUrl":"https:\/\/grontkontor.dk\/wp-content\/uploads\/2014\/02\/Logo_groent_kontor_300x80.png","width":300,"height":80,"caption":"Gr\u00f8nt Kontor"},"image":{"@id":"https:\/\/grontkontor.dk\/#\/schema\/logo\/image\/"},"sameAs":["https:\/\/www.facebook.com\/grontkontor.dk\/"]}]}},"_links":{"self":[{"href":"https:\/\/grontkontor.dk\/de\/wp-json\/wp\/v2\/product\/86122"}],"collection":[{"href":"https:\/\/grontkontor.dk\/de\/wp-json\/wp\/v2\/product"}],"about":[{"href":"https:\/\/grontkontor.dk\/de\/wp-json\/wp\/v2\/types\/product"}],"replies":[{"embeddable":true,"href":"https:\/\/grontkontor.dk\/de\/wp-json\/wp\/v2\/comments?post=86122"}],"wp:featuredmedia":[{"embeddable":true,"href":"https:\/\/grontkontor.dk\/de\/wp-json\/wp\/v2\/media\/86127"}],"wp:attachment":[{"href":"https:\/\/grontkontor.dk\/de\/wp-json\/wp\/v2\/media?parent=86122"}],"wp:term":[{"taxonomy":"product_cat","embeddable":true,"href":"https:\/\/grontkontor.dk\/de\/wp-json\/wp\/v2\/product_cat?post=86122"},{"taxonomy":"product_tag","embeddable":true,"href":"https:\/\/grontkontor.dk\/de\/wp-json\/wp\/v2\/product_tag?post=86122"}],"curies":[{"name":"wp","href":"https:\/\/api.w.org\/{rel}","templated":true}]}}