{"id":86137,"date":"2024-02-08T11:34:20","date_gmt":"2024-05-28T09:41:30","guid":{"rendered":"https:\/\/grontkontor.dk\/shop\/promesse-pinot-noir-oeko\/"},"modified":"2024-05-28T11:41:30","modified_gmt":"2024-05-28T09:41:30","slug":"promesse-pinot-noir-oeko","status":"publish","type":"product","link":"https:\/\/grontkontor.dk\/de\/shop\/promesse-pinot-noir-oeko\/","title":{"rendered":"Promesse Pinot Noir ECO"},"content":{"rendered":"<p>Pinot Noir Promesse ist ein bezaubernder Wein aus dem sonnigen S\u00fcdfrankreich, der einen intensiven fruchtigen Geschmack von roten Beeren wie Kirschen, Erdbeeren und Himbeeren bietet, gew\u00fcrzt mit subtilen erdigen Noten und Gew\u00fcrzen. Er hat einen weichen und angenehmen Nachgeschmack und passt gut zu leichteren Gerichten wie Fisch, H\u00fchnchen, Pilzen, Schweinefleisch und K\u00e4se. 13,5% Alkohol.<\/p>\n<p>Eine umweltfreundliche Wahl f\u00fcr Firmen- und Mitarbeitergeschenke.<\/p>\n<p>Verkauft in einem 6-teiligen St\u00fcck.<\/p>\n<p>&nbsp;<\/p>\n<p><img loading=\"lazy\" decoding=\"async\" class=\"size-medium wp-image-21008\" src=\"https:\/\/grontkontor.dk\/wp-content\/uploads\/2020\/11\/eu-flag_1-300x199.jpg\" alt=\"Fremstillet i EU\" width=\"76\" height=\"50\" srcset=\"https:\/\/grontkontor.dk\/wp-content\/uploads\/2020\/11\/eu-flag_1-300x199.jpg 300w, https:\/\/grontkontor.dk\/wp-content\/uploads\/2020\/11\/eu-flag_1.jpg 530w\" sizes=\"(max-width: 76px) 100vw, 76px\" \/> <img decoding=\"async\" class=\"size-medium wp-image-21008\" src=\"https:\/\/grontkontor.dk\/wp-content\/uploads\/2024\/01\/eu_organic_smll.jpg\" alt=\"Fremstillet i EU\" height=\"50\" \/><\/p>\n<p lang=\"da-DK\">\n","protected":false},"excerpt":{"rendered":"<p>Pinot Noir Promesse ist ein bezaubernder Wein aus dem sonnigen S\u00fcdfrankreich, der einen intensiven fruchtigen Geschmack von roten Beeren wie Kirschen, Erdbeeren und Himbeeren bietet, gew\u00fcrzt mit subtilen erdigen Noten und Gew\u00fcrzen. Er hat einen weichen und angenehmen Nachgeschmack und passt gut zu leichteren Gerichten wie Fisch, H\u00fchnchen, Pilzen, Schweinefleisch und K\u00e4se. 13,5% Alkohol. Eine [&hellip;]<\/p>\n","protected":false},"featured_media":86141,"comment_status":"closed","ping_status":"closed","template":"","meta":{"_acf_changed":false},"product_cat":[3442,3448,3446,3443,3084],"product_tag":[3591],"class_list":{"0":"post-86137","1":"product","2":"type-product","3":"status-publish","4":"has-post-thumbnail","6":"product_cat-bio-weine","7":"product_cat-dummy_vin-de","8":"product_cat-getraenke","9":"product_cat-getraenke-bier-wein-und-wasser","10":"product_cat-neuheiten","11":"product_tag-rotwein","12":"tm-has-options","14":"first","15":"instock","16":"taxable","17":"shipping-taxable","18":"purchasable","19":"product-type-simple"},"acf":[],"yoast_head":"<!-- This site is optimized with the Yoast SEO Premium plugin v21.2 (Yoast SEO v21.2) - https:\/\/yoast.com\/wordpress\/plugins\/seo\/ -->\n<title>Promesse Pinot Noir ECO - Gr\u00f8nt Kontor<\/title>\n<meta name=\"robots\" content=\"index, follow, max-snippet:-1, max-image-preview:large, max-video-preview:-1\" \/>\n<link rel=\"canonical\" href=\"https:\/\/grontkontor.dk\/de\/shop\/promesse-pinot-noir-oeko\/\" \/>\n<meta property=\"og:locale\" content=\"de_DE\" \/>\n<meta property=\"og:type\" content=\"article\" \/>\n<meta property=\"og:title\" content=\"Promesse Pinot Noir ECO\" \/>\n<meta property=\"og:description\" content=\"Pinot Noir Promesse ist ein bezaubernder Wein aus dem sonnigen S\u00fcdfrankreich, der einen intensiven fruchtigen Geschmack von roten Beeren wie Kirschen, Erdbeeren und Himbeeren bietet, gew\u00fcrzt mit subtilen erdigen Noten und Gew\u00fcrzen. Er hat einen weichen und angenehmen Nachgeschmack und passt gut zu leichteren Gerichten wie Fisch, H\u00fchnchen, Pilzen, Schweinefleisch und K\u00e4se. 13,5% Alkohol. Eine [&hellip;]\" \/>\n<meta property=\"og:url\" content=\"https:\/\/grontkontor.dk\/de\/shop\/promesse-pinot-noir-oeko\/\" \/>\n<meta property=\"og:site_name\" content=\"Gr\u00f8nt Kontor\" \/>\n<meta property=\"article:publisher\" content=\"https:\/\/www.facebook.com\/grontkontor.dk\/\" \/>\n<meta property=\"og:image\" content=\"https:\/\/grontkontor.dk\/wp-content\/uploads\/2024\/02\/Miljoevenlig-aekologisk-roedvin.jpg\" \/>\n\t<meta property=\"og:image:width\" content=\"900\" \/>\n\t<meta property=\"og:image:height\" content=\"639\" \/>\n\t<meta property=\"og:image:type\" content=\"image\/jpeg\" \/>\n<meta name=\"twitter:card\" content=\"summary_large_image\" \/>\n<script type=\"application\/ld+json\" class=\"yoast-schema-graph\">{\"@context\":\"https:\/\/schema.org\",\"@graph\":[{\"@type\":\"WebPage\",\"@id\":\"https:\/\/grontkontor.dk\/de\/shop\/promesse-pinot-noir-oeko\/\",\"url\":\"https:\/\/grontkontor.dk\/de\/shop\/promesse-pinot-noir-oeko\/\",\"name\":\"Promesse Pinot Noir ECO - Gr\u00f8nt Kontor\",\"isPartOf\":{\"@id\":\"https:\/\/grontkontor.dk\/#website\"},\"datePublished\":\"2024-05-28T09:41:30+00:00\",\"dateModified\":\"2024-05-28T09:41:30+00:00\",\"breadcrumb\":{\"@id\":\"https:\/\/grontkontor.dk\/de\/shop\/promesse-pinot-noir-oeko\/#breadcrumb\"},\"inLanguage\":\"de\",\"potentialAction\":[{\"@type\":\"ReadAction\",\"target\":[\"https:\/\/grontkontor.dk\/de\/shop\/promesse-pinot-noir-oeko\/\"]}]},{\"@type\":\"BreadcrumbList\",\"@id\":\"https:\/\/grontkontor.dk\/de\/shop\/promesse-pinot-noir-oeko\/#breadcrumb\",\"itemListElement\":[{\"@type\":\"ListItem\",\"position\":1,\"name\":\"Forside\",\"item\":\"https:\/\/grontkontor.dk\/de\/\"},{\"@type\":\"ListItem\",\"position\":2,\"name\":\"Laden\",\"item\":\"https:\/\/grontkontor.dk\/de\/laden\/\"},{\"@type\":\"ListItem\",\"position\":3,\"name\":\"Essen und Trinken\",\"item\":\"https:\/\/grontkontor.dk\/de\/produkt-kategori\/essen-und-trinken\/\"},{\"@type\":\"ListItem\",\"position\":4,\"name\":\"Drikkevarer - \u00f8l vin og vand\",\"item\":\"https:\/\/grontkontor.dk\/produkt-kategori\/mad-og-drikke\/drikkevarer-oel-vin-og-vand\/\"},{\"@type\":\"ListItem\",\"position\":5,\"name\":\"Promesse Pinot Noir ECO\"}]},{\"@type\":\"WebSite\",\"@id\":\"https:\/\/grontkontor.dk\/#website\",\"url\":\"https:\/\/grontkontor.dk\/\",\"name\":\"Gr\u00f8nt Kontor\",\"description\":\"Milj\u00f8venlige produkter til kontor og erhverv med fokus p\u00e5 b\u00e6redygtighed, design og fair trade.\",\"publisher\":{\"@id\":\"https:\/\/grontkontor.dk\/#organization\"},\"potentialAction\":[{\"@type\":\"SearchAction\",\"target\":{\"@type\":\"EntryPoint\",\"urlTemplate\":\"https:\/\/grontkontor.dk\/?s={search_term_string}\"},\"query-input\":\"required name=search_term_string\"}],\"inLanguage\":\"de\"},{\"@type\":\"Organization\",\"@id\":\"https:\/\/grontkontor.dk\/#organization\",\"name\":\"Gr\u00f8nt Kontor\",\"url\":\"https:\/\/grontkontor.dk\/\",\"logo\":{\"@type\":\"ImageObject\",\"inLanguage\":\"de\",\"@id\":\"https:\/\/grontkontor.dk\/#\/schema\/logo\/image\/\",\"url\":\"https:\/\/grontkontor.dk\/wp-content\/uploads\/2014\/02\/Logo_groent_kontor_300x80.png\",\"contentUrl\":\"https:\/\/grontkontor.dk\/wp-content\/uploads\/2014\/02\/Logo_groent_kontor_300x80.png\",\"width\":300,\"height\":80,\"caption\":\"Gr\u00f8nt Kontor\"},\"image\":{\"@id\":\"https:\/\/grontkontor.dk\/#\/schema\/logo\/image\/\"},\"sameAs\":[\"https:\/\/www.facebook.com\/grontkontor.dk\/\"]}]}<\/script>\n<!-- \/ Yoast SEO Premium plugin. -->","yoast_head_json":{"title":"Promesse Pinot Noir ECO - Gr\u00f8nt Kontor","robots":{"index":"index","follow":"follow","max-snippet":"max-snippet:-1","max-image-preview":"max-image-preview:large","max-video-preview":"max-video-preview:-1"},"canonical":"https:\/\/grontkontor.dk\/de\/shop\/promesse-pinot-noir-oeko\/","og_locale":"de_DE","og_type":"article","og_title":"Promesse Pinot Noir ECO","og_description":"Pinot Noir Promesse ist ein bezaubernder Wein aus dem sonnigen S\u00fcdfrankreich, der einen intensiven fruchtigen Geschmack von roten Beeren wie Kirschen, Erdbeeren und Himbeeren bietet, gew\u00fcrzt mit subtilen erdigen Noten und Gew\u00fcrzen. Er hat einen weichen und angenehmen Nachgeschmack und passt gut zu leichteren Gerichten wie Fisch, H\u00fchnchen, Pilzen, Schweinefleisch und K\u00e4se. 13,5% Alkohol. Eine [&hellip;]","og_url":"https:\/\/grontkontor.dk\/de\/shop\/promesse-pinot-noir-oeko\/","og_site_name":"Gr\u00f8nt Kontor","article_publisher":"https:\/\/www.facebook.com\/grontkontor.dk\/","og_image":[{"width":900,"height":639,"url":"https:\/\/grontkontor.dk\/wp-content\/uploads\/2024\/02\/Miljoevenlig-aekologisk-roedvin.jpg","type":"image\/jpeg"}],"twitter_card":"summary_large_image","schema":{"@context":"https:\/\/schema.org","@graph":[{"@type":"WebPage","@id":"https:\/\/grontkontor.dk\/de\/shop\/promesse-pinot-noir-oeko\/","url":"https:\/\/grontkontor.dk\/de\/shop\/promesse-pinot-noir-oeko\/","name":"Promesse Pinot Noir ECO - Gr\u00f8nt Kontor","isPartOf":{"@id":"https:\/\/grontkontor.dk\/#website"},"datePublished":"2024-05-28T09:41:30+00:00","dateModified":"2024-05-28T09:41:30+00:00","breadcrumb":{"@id":"https:\/\/grontkontor.dk\/de\/shop\/promesse-pinot-noir-oeko\/#breadcrumb"},"inLanguage":"de","potentialAction":[{"@type":"ReadAction","target":["https:\/\/grontkontor.dk\/de\/shop\/promesse-pinot-noir-oeko\/"]}]},{"@type":"BreadcrumbList","@id":"https:\/\/grontkontor.dk\/de\/shop\/promesse-pinot-noir-oeko\/#breadcrumb","itemListElement":[{"@type":"ListItem","position":1,"name":"Forside","item":"https:\/\/grontkontor.dk\/de\/"},{"@type":"ListItem","position":2,"name":"Laden","item":"https:\/\/grontkontor.dk\/de\/laden\/"},{"@type":"ListItem","position":3,"name":"Essen und Trinken","item":"https:\/\/grontkontor.dk\/de\/produkt-kategori\/essen-und-trinken\/"},{"@type":"ListItem","position":4,"name":"Drikkevarer - \u00f8l vin og vand","item":"https:\/\/grontkontor.dk\/produkt-kategori\/mad-og-drikke\/drikkevarer-oel-vin-og-vand\/"},{"@type":"ListItem","position":5,"name":"Promesse Pinot Noir ECO"}]},{"@type":"WebSite","@id":"https:\/\/grontkontor.dk\/#website","url":"https:\/\/grontkontor.dk\/","name":"Gr\u00f8nt Kontor","description":"Milj\u00f8venlige produkter til kontor og erhverv med fokus p\u00e5 b\u00e6redygtighed, design og fair trade.","publisher":{"@id":"https:\/\/grontkontor.dk\/#organization"},"potentialAction":[{"@type":"SearchAction","target":{"@type":"EntryPoint","urlTemplate":"https:\/\/grontkontor.dk\/?s={search_term_string}"},"query-input":"required name=search_term_string"}],"inLanguage":"de"},{"@type":"Organization","@id":"https:\/\/grontkontor.dk\/#organization","name":"Gr\u00f8nt Kontor","url":"https:\/\/grontkontor.dk\/","logo":{"@type":"ImageObject","inLanguage":"de","@id":"https:\/\/grontkontor.dk\/#\/schema\/logo\/image\/","url":"https:\/\/grontkontor.dk\/wp-content\/uploads\/2014\/02\/Logo_groent_kontor_300x80.png","contentUrl":"https:\/\/grontkontor.dk\/wp-content\/uploads\/2014\/02\/Logo_groent_kontor_300x80.png","width":300,"height":80,"caption":"Gr\u00f8nt Kontor"},"image":{"@id":"https:\/\/grontkontor.dk\/#\/schema\/logo\/image\/"},"sameAs":["https:\/\/www.facebook.com\/grontkontor.dk\/"]}]}},"_links":{"self":[{"href":"https:\/\/grontkontor.dk\/de\/wp-json\/wp\/v2\/product\/86137"}],"collection":[{"href":"https:\/\/grontkontor.dk\/de\/wp-json\/wp\/v2\/product"}],"about":[{"href":"https:\/\/grontkontor.dk\/de\/wp-json\/wp\/v2\/types\/product"}],"replies":[{"embeddable":true,"href":"https:\/\/grontkontor.dk\/de\/wp-json\/wp\/v2\/comments?post=86137"}],"wp:featuredmedia":[{"embeddable":true,"href":"https:\/\/grontkontor.dk\/de\/wp-json\/wp\/v2\/media\/86141"}],"wp:attachment":[{"href":"https:\/\/grontkontor.dk\/de\/wp-json\/wp\/v2\/media?parent=86137"}],"wp:term":[{"taxonomy":"product_cat","embeddable":true,"href":"https:\/\/grontkontor.dk\/de\/wp-json\/wp\/v2\/product_cat?post=86137"},{"taxonomy":"product_tag","embeddable":true,"href":"https:\/\/grontkontor.dk\/de\/wp-json\/wp\/v2\/product_tag?post=86137"}],"curies":[{"name":"wp","href":"https:\/\/api.w.org\/{rel}","templated":true}]}}