{"id":86185,"date":"2024-01-22T10:19:10","date_gmt":"2024-05-28T09:42:35","guid":{"rendered":"https:\/\/grontkontor.dk\/shop\/notizbuch-in-rpet-und-bamboo\/"},"modified":"2024-05-28T11:42:35","modified_gmt":"2024-05-28T09:42:35","slug":"notizbuch-in-rpet-und-bamboo","status":"publish","type":"product","link":"https:\/\/grontkontor.dk\/de\/shop\/notizbuch-in-rpet-und-bamboo\/","title":{"rendered":"Notizbuch aus RPET und Bambus"},"content":{"rendered":"<p>Hardcover-Notizblock aus umweltfreundlichem recyceltem RPET-Polyester mit Bambusverschluss. Ein klimafreundliches, robustes, leichtes Notebook.<\/p>\n<p>Mit 80 linierten Seiten und elastischem Halter f\u00fcr Stift.<\/p>\n<p>Ein exklusives und einzigartiges Produkt, das sich gut f\u00fcr Messen, Konferenzen, Veranstaltungen, als Firmengeschenk oder Werbegeschenk eignet.<\/p>\n<p>[rpet]<\/p>\n<p>[bambus]<\/p>\n<p>&nbsp;<\/p>\n<img loading=\"lazy\" decoding=\"async\" src=\"https:\/\/grontkontor.dk\/wp-content\/uploads\/2021\/02\/genbrug.jpg\" alt=\"Fremstillet af genbrugsmaterialer\" width=\"50\" height=\"50\" class=\"size-full wp-image-23031\" srcset=\"https:\/\/grontkontor.dk\/wp-content\/uploads\/2021\/02\/genbrug.jpg 199w, https:\/\/grontkontor.dk\/wp-content\/uploads\/2021\/02\/genbrug-100x100.jpg 100w\" sizes=\"(max-width: 50px) 100vw, 50px\" \/>\n","protected":false},"excerpt":{"rendered":"<p>Hardcover-Notizblock aus umweltfreundlichem recyceltem RPET-Polyester mit Bambusverschluss. Ein klimafreundliches, robustes, leichtes Notebook. Mit 80 linierten Seiten und elastischem Halter f\u00fcr Stift. Ein exklusives und einzigartiges Produkt, das sich gut f\u00fcr Messen, Konferenzen, Veranstaltungen, als Firmengeschenk oder Werbegeschenk eignet. [rpet] [bambus] &nbsp;<\/p>\n","protected":false},"featured_media":86200,"comment_status":"closed","ping_status":"closed","template":"","meta":{"_acf_changed":false},"product_cat":[3325,3084,3606,3604],"product_tag":[3608],"class_list":{"0":"post-86185","1":"product","2":"type-product","3":"status-publish","4":"has-post-thumbnail","6":"product_cat-dummy-moq-1-de","7":"product_cat-neuheiten","8":"product_cat-notizbuecher","9":"product_cat-papier-und-bloecke","10":"product_tag-notizbuch","11":"tm-has-options","13":"first","14":"instock","15":"taxable","16":"shipping-taxable","17":"purchasable","18":"product-type-variable","19":"has-default-attributes"},"acf":[],"yoast_head":"<!-- This site is optimized with the Yoast SEO Premium plugin v21.2 (Yoast SEO v21.2) - https:\/\/yoast.com\/wordpress\/plugins\/seo\/ -->\n<title>Notizbuch aus RPET und Bambus - Gr\u00f8nt Kontor<\/title>\n<meta name=\"robots\" content=\"index, follow, max-snippet:-1, max-image-preview:large, max-video-preview:-1\" \/>\n<link rel=\"canonical\" href=\"https:\/\/grontkontor.dk\/shop\/notesbog-i-rpet-og-bambus\/\" \/>\n<meta property=\"og:locale\" content=\"de_DE\" \/>\n<meta property=\"og:type\" content=\"article\" \/>\n<meta property=\"og:title\" content=\"Notizbuch aus RPET und Bambus\" \/>\n<meta property=\"og:description\" content=\"Hardcover-Notizblock aus umweltfreundlichem recyceltem RPET-Polyester mit Bambusverschluss. Ein klimafreundliches, robustes, leichtes Notebook. Mit 80 linierten Seiten und elastischem Halter f\u00fcr Stift. Ein exklusives und einzigartiges Produkt, das sich gut f\u00fcr Messen, Konferenzen, Veranstaltungen, als Firmengeschenk oder Werbegeschenk eignet. [rpet] [bambus] &nbsp;\" \/>\n<meta property=\"og:url\" content=\"https:\/\/grontkontor.dk\/shop\/notesbog-i-rpet-og-bambus\/\" \/>\n<meta property=\"og:site_name\" content=\"Gr\u00f8nt Kontor\" \/>\n<meta property=\"article:publisher\" content=\"https:\/\/www.facebook.com\/grontkontor.dk\/\" \/>\n<meta property=\"og:image\" content=\"https:\/\/grontkontor.dk\/wp-content\/uploads\/2024\/01\/klimavenlig-notesbog-blaa-rpet-polyester.jpg\" \/>\n\t<meta property=\"og:image:width\" content=\"900\" \/>\n\t<meta property=\"og:image:height\" content=\"639\" \/>\n\t<meta property=\"og:image:type\" content=\"image\/jpeg\" \/>\n<meta name=\"twitter:card\" content=\"summary_large_image\" \/>\n<script type=\"application\/ld+json\" class=\"yoast-schema-graph\">{\"@context\":\"https:\/\/schema.org\",\"@graph\":[{\"@type\":\"WebPage\",\"@id\":\"https:\/\/grontkontor.dk\/shop\/notesbog-i-rpet-og-bambus\/\",\"url\":\"https:\/\/grontkontor.dk\/shop\/notesbog-i-rpet-og-bambus\/\",\"name\":\"Notizbuch aus RPET und Bambus - Gr\u00f8nt Kontor\",\"isPartOf\":{\"@id\":\"https:\/\/grontkontor.dk\/#website\"},\"datePublished\":\"2024-05-28T09:42:35+00:00\",\"dateModified\":\"2024-05-28T09:42:35+00:00\",\"breadcrumb\":{\"@id\":\"https:\/\/grontkontor.dk\/shop\/notesbog-i-rpet-og-bambus\/#breadcrumb\"},\"inLanguage\":\"de\",\"potentialAction\":[{\"@type\":\"ReadAction\",\"target\":[\"https:\/\/grontkontor.dk\/shop\/notesbog-i-rpet-og-bambus\/\"]}]},{\"@type\":\"BreadcrumbList\",\"@id\":\"https:\/\/grontkontor.dk\/shop\/notesbog-i-rpet-og-bambus\/#breadcrumb\",\"itemListElement\":[{\"@type\":\"ListItem\",\"position\":1,\"name\":\"Forside\",\"item\":\"https:\/\/grontkontor.dk\/de\/\"},{\"@type\":\"ListItem\",\"position\":2,\"name\":\"Laden\",\"item\":\"https:\/\/grontkontor.dk\/de\/laden\/\"},{\"@type\":\"ListItem\",\"position\":3,\"name\":\"Papier und Bl\u00f6cke\",\"item\":\"https:\/\/grontkontor.dk\/de\/produkt-kategori\/papier-und-bloecke\/\"},{\"@type\":\"ListItem\",\"position\":4,\"name\":\"Notizb\u00fccher\",\"item\":\"https:\/\/grontkontor.dk\/de\/produkt-kategori\/papier-und-bloecke\/notizbuecher\/\"},{\"@type\":\"ListItem\",\"position\":5,\"name\":\"Notizbuch aus RPET und Bambus\"}]},{\"@type\":\"WebSite\",\"@id\":\"https:\/\/grontkontor.dk\/#website\",\"url\":\"https:\/\/grontkontor.dk\/\",\"name\":\"Gr\u00f8nt Kontor\",\"description\":\"Milj\u00f8venlige produkter til kontor og erhverv med fokus p\u00e5 b\u00e6redygtighed, design og fair trade.\",\"publisher\":{\"@id\":\"https:\/\/grontkontor.dk\/#organization\"},\"potentialAction\":[{\"@type\":\"SearchAction\",\"target\":{\"@type\":\"EntryPoint\",\"urlTemplate\":\"https:\/\/grontkontor.dk\/?s={search_term_string}\"},\"query-input\":\"required name=search_term_string\"}],\"inLanguage\":\"de\"},{\"@type\":\"Organization\",\"@id\":\"https:\/\/grontkontor.dk\/#organization\",\"name\":\"Gr\u00f8nt Kontor\",\"url\":\"https:\/\/grontkontor.dk\/\",\"logo\":{\"@type\":\"ImageObject\",\"inLanguage\":\"de\",\"@id\":\"https:\/\/grontkontor.dk\/#\/schema\/logo\/image\/\",\"url\":\"https:\/\/grontkontor.dk\/wp-content\/uploads\/2014\/02\/Logo_groent_kontor_300x80.png\",\"contentUrl\":\"https:\/\/grontkontor.dk\/wp-content\/uploads\/2014\/02\/Logo_groent_kontor_300x80.png\",\"width\":300,\"height\":80,\"caption\":\"Gr\u00f8nt Kontor\"},\"image\":{\"@id\":\"https:\/\/grontkontor.dk\/#\/schema\/logo\/image\/\"},\"sameAs\":[\"https:\/\/www.facebook.com\/grontkontor.dk\/\"]}]}<\/script>\n<!-- \/ Yoast SEO Premium plugin. -->","yoast_head_json":{"title":"Notizbuch aus RPET und Bambus - Gr\u00f8nt Kontor","robots":{"index":"index","follow":"follow","max-snippet":"max-snippet:-1","max-image-preview":"max-image-preview:large","max-video-preview":"max-video-preview:-1"},"canonical":"https:\/\/grontkontor.dk\/shop\/notesbog-i-rpet-og-bambus\/","og_locale":"de_DE","og_type":"article","og_title":"Notizbuch aus RPET und Bambus","og_description":"Hardcover-Notizblock aus umweltfreundlichem recyceltem RPET-Polyester mit Bambusverschluss. Ein klimafreundliches, robustes, leichtes Notebook. Mit 80 linierten Seiten und elastischem Halter f\u00fcr Stift. Ein exklusives und einzigartiges Produkt, das sich gut f\u00fcr Messen, Konferenzen, Veranstaltungen, als Firmengeschenk oder Werbegeschenk eignet. [rpet] [bambus] &nbsp;","og_url":"https:\/\/grontkontor.dk\/shop\/notesbog-i-rpet-og-bambus\/","og_site_name":"Gr\u00f8nt Kontor","article_publisher":"https:\/\/www.facebook.com\/grontkontor.dk\/","og_image":[{"width":900,"height":639,"url":"https:\/\/grontkontor.dk\/wp-content\/uploads\/2024\/01\/klimavenlig-notesbog-blaa-rpet-polyester.jpg","type":"image\/jpeg"}],"twitter_card":"summary_large_image","schema":{"@context":"https:\/\/schema.org","@graph":[{"@type":"WebPage","@id":"https:\/\/grontkontor.dk\/shop\/notesbog-i-rpet-og-bambus\/","url":"https:\/\/grontkontor.dk\/shop\/notesbog-i-rpet-og-bambus\/","name":"Notizbuch aus RPET und Bambus - Gr\u00f8nt Kontor","isPartOf":{"@id":"https:\/\/grontkontor.dk\/#website"},"datePublished":"2024-05-28T09:42:35+00:00","dateModified":"2024-05-28T09:42:35+00:00","breadcrumb":{"@id":"https:\/\/grontkontor.dk\/shop\/notesbog-i-rpet-og-bambus\/#breadcrumb"},"inLanguage":"de","potentialAction":[{"@type":"ReadAction","target":["https:\/\/grontkontor.dk\/shop\/notesbog-i-rpet-og-bambus\/"]}]},{"@type":"BreadcrumbList","@id":"https:\/\/grontkontor.dk\/shop\/notesbog-i-rpet-og-bambus\/#breadcrumb","itemListElement":[{"@type":"ListItem","position":1,"name":"Forside","item":"https:\/\/grontkontor.dk\/de\/"},{"@type":"ListItem","position":2,"name":"Laden","item":"https:\/\/grontkontor.dk\/de\/laden\/"},{"@type":"ListItem","position":3,"name":"Papier und Bl\u00f6cke","item":"https:\/\/grontkontor.dk\/de\/produkt-kategori\/papier-und-bloecke\/"},{"@type":"ListItem","position":4,"name":"Notizb\u00fccher","item":"https:\/\/grontkontor.dk\/de\/produkt-kategori\/papier-und-bloecke\/notizbuecher\/"},{"@type":"ListItem","position":5,"name":"Notizbuch aus RPET und Bambus"}]},{"@type":"WebSite","@id":"https:\/\/grontkontor.dk\/#website","url":"https:\/\/grontkontor.dk\/","name":"Gr\u00f8nt Kontor","description":"Milj\u00f8venlige produkter til kontor og erhverv med fokus p\u00e5 b\u00e6redygtighed, design og fair trade.","publisher":{"@id":"https:\/\/grontkontor.dk\/#organization"},"potentialAction":[{"@type":"SearchAction","target":{"@type":"EntryPoint","urlTemplate":"https:\/\/grontkontor.dk\/?s={search_term_string}"},"query-input":"required name=search_term_string"}],"inLanguage":"de"},{"@type":"Organization","@id":"https:\/\/grontkontor.dk\/#organization","name":"Gr\u00f8nt Kontor","url":"https:\/\/grontkontor.dk\/","logo":{"@type":"ImageObject","inLanguage":"de","@id":"https:\/\/grontkontor.dk\/#\/schema\/logo\/image\/","url":"https:\/\/grontkontor.dk\/wp-content\/uploads\/2014\/02\/Logo_groent_kontor_300x80.png","contentUrl":"https:\/\/grontkontor.dk\/wp-content\/uploads\/2014\/02\/Logo_groent_kontor_300x80.png","width":300,"height":80,"caption":"Gr\u00f8nt Kontor"},"image":{"@id":"https:\/\/grontkontor.dk\/#\/schema\/logo\/image\/"},"sameAs":["https:\/\/www.facebook.com\/grontkontor.dk\/"]}]}},"_links":{"self":[{"href":"https:\/\/grontkontor.dk\/de\/wp-json\/wp\/v2\/product\/86185"}],"collection":[{"href":"https:\/\/grontkontor.dk\/de\/wp-json\/wp\/v2\/product"}],"about":[{"href":"https:\/\/grontkontor.dk\/de\/wp-json\/wp\/v2\/types\/product"}],"replies":[{"embeddable":true,"href":"https:\/\/grontkontor.dk\/de\/wp-json\/wp\/v2\/comments?post=86185"}],"wp:featuredmedia":[{"embeddable":true,"href":"https:\/\/grontkontor.dk\/de\/wp-json\/wp\/v2\/media\/86200"}],"wp:attachment":[{"href":"https:\/\/grontkontor.dk\/de\/wp-json\/wp\/v2\/media?parent=86185"}],"wp:term":[{"taxonomy":"product_cat","embeddable":true,"href":"https:\/\/grontkontor.dk\/de\/wp-json\/wp\/v2\/product_cat?post=86185"},{"taxonomy":"product_tag","embeddable":true,"href":"https:\/\/grontkontor.dk\/de\/wp-json\/wp\/v2\/product_tag?post=86185"}],"curies":[{"name":"wp","href":"https:\/\/api.w.org\/{rel}","templated":true}]}}