{"id":86274,"date":"2024-01-31T13:30:37","date_gmt":"2024-05-28T09:42:40","guid":{"rendered":"https:\/\/grontkontor.dk\/shop\/bucherregal-im-leuchtturm\/"},"modified":"2024-05-28T11:42:40","modified_gmt":"2024-05-28T09:42:40","slug":"bucherregal-im-leuchtturm","status":"publish","type":"product","link":"https:\/\/grontkontor.dk\/de\/shop\/bucherregal-im-leuchtturm\/","title":{"rendered":"B\u00fccherregal im Feuer"},"content":{"rendered":"<p>Sch\u00f6nes B\u00fccherregal aus klimafreundlichem und recycelbarem Kiefernholz im nordischen Design. Perfekt als K\u00fcchenregal oder zur Pr\u00e4sentation von Tassen, Gew\u00fcrzen usw.<\/p>\n<p>Mit praktischer Schiene f\u00fcr Handt\u00fccher oder Haken f\u00fcr Geschirrt\u00fccher und K\u00f6rbe.<\/p>\n","protected":false},"excerpt":{"rendered":"<p>Sch\u00f6nes B\u00fccherregal aus klimafreundlichem und recycelbarem Kiefernholz im nordischen Design. Perfekt als K\u00fcchenregal oder zur Pr\u00e4sentation von Tassen, Gew\u00fcrzen usw. Mit praktischer Schiene f\u00fcr Handt\u00fccher oder Haken f\u00fcr Geschirrt\u00fccher und K\u00f6rbe.<\/p>\n","protected":false},"featured_media":86277,"comment_status":"closed","ping_status":"closed","template":"","meta":{"_acf_changed":false},"product_cat":[3325,3084,3598],"product_tag":[3609],"class_list":{"0":"post-86274","1":"product","2":"type-product","3":"status-publish","4":"has-post-thumbnail","6":"product_cat-dummy-moq-1-de","7":"product_cat-neuheiten","8":"product_cat-regale","9":"product_tag-wandregal-de","10":"tm-has-options","12":"first","13":"instock","14":"taxable","15":"shipping-taxable","16":"purchasable","17":"product-type-simple"},"acf":[],"yoast_head":"<!-- This site is optimized with the Yoast SEO Premium plugin v21.2 (Yoast SEO v21.2) - https:\/\/yoast.com\/wordpress\/plugins\/seo\/ -->\n<title>B\u00fccherregal im Feuer - Gr\u00f8nt Kontor<\/title>\n<meta name=\"robots\" content=\"index, follow, max-snippet:-1, max-image-preview:large, max-video-preview:-1\" \/>\n<link rel=\"canonical\" href=\"https:\/\/grontkontor.dk\/de\/shop\/bucherregal-im-leuchtturm\/\" \/>\n<meta property=\"og:locale\" content=\"de_DE\" \/>\n<meta property=\"og:type\" content=\"article\" \/>\n<meta property=\"og:title\" content=\"B\u00fccherregal im Feuer\" \/>\n<meta property=\"og:description\" content=\"Sch\u00f6nes B\u00fccherregal aus klimafreundlichem und recycelbarem Kiefernholz im nordischen Design. Perfekt als K\u00fcchenregal oder zur Pr\u00e4sentation von Tassen, Gew\u00fcrzen usw. Mit praktischer Schiene f\u00fcr Handt\u00fccher oder Haken f\u00fcr Geschirrt\u00fccher und K\u00f6rbe.\" \/>\n<meta property=\"og:url\" content=\"https:\/\/grontkontor.dk\/de\/shop\/bucherregal-im-leuchtturm\/\" \/>\n<meta property=\"og:site_name\" content=\"Gr\u00f8nt Kontor\" \/>\n<meta property=\"article:publisher\" content=\"https:\/\/www.facebook.com\/grontkontor.dk\/\" \/>\n<meta property=\"og:image\" content=\"https:\/\/grontkontor.dk\/wp-content\/uploads\/2024\/01\/Klimavenlig-reol-i-fyr.jpg\" \/>\n\t<meta property=\"og:image:width\" content=\"900\" \/>\n\t<meta property=\"og:image:height\" content=\"639\" \/>\n\t<meta property=\"og:image:type\" content=\"image\/jpeg\" \/>\n<meta name=\"twitter:card\" content=\"summary_large_image\" \/>\n<script type=\"application\/ld+json\" class=\"yoast-schema-graph\">{\"@context\":\"https:\/\/schema.org\",\"@graph\":[{\"@type\":\"WebPage\",\"@id\":\"https:\/\/grontkontor.dk\/de\/shop\/bucherregal-im-leuchtturm\/\",\"url\":\"https:\/\/grontkontor.dk\/de\/shop\/bucherregal-im-leuchtturm\/\",\"name\":\"B\u00fccherregal im Feuer - Gr\u00f8nt Kontor\",\"isPartOf\":{\"@id\":\"https:\/\/grontkontor.dk\/#website\"},\"datePublished\":\"2024-05-28T09:42:40+00:00\",\"dateModified\":\"2024-05-28T09:42:40+00:00\",\"breadcrumb\":{\"@id\":\"https:\/\/grontkontor.dk\/de\/shop\/bucherregal-im-leuchtturm\/#breadcrumb\"},\"inLanguage\":\"de\",\"potentialAction\":[{\"@type\":\"ReadAction\",\"target\":[\"https:\/\/grontkontor.dk\/de\/shop\/bucherregal-im-leuchtturm\/\"]}]},{\"@type\":\"BreadcrumbList\",\"@id\":\"https:\/\/grontkontor.dk\/de\/shop\/bucherregal-im-leuchtturm\/#breadcrumb\",\"itemListElement\":[{\"@type\":\"ListItem\",\"position\":1,\"name\":\"Forside\",\"item\":\"https:\/\/grontkontor.dk\/de\/\"},{\"@type\":\"ListItem\",\"position\":2,\"name\":\"Laden\",\"item\":\"https:\/\/grontkontor.dk\/de\/laden\/\"},{\"@type\":\"ListItem\",\"position\":3,\"name\":\"M\u00f6bel und Einrichtungsgegenst\u00e4nde\",\"item\":\"https:\/\/grontkontor.dk\/de\/produkt-kategori\/moebel-und-einrichtungsgegenstaende\/\"},{\"@type\":\"ListItem\",\"position\":4,\"name\":\"Hylder og reoler\",\"item\":\"https:\/\/grontkontor.dk\/produkt-kategori\/mobler-og-inventar\/hylder-og-reoler\/\"},{\"@type\":\"ListItem\",\"position\":5,\"name\":\"B\u00fccherregal im Feuer\"}]},{\"@type\":\"WebSite\",\"@id\":\"https:\/\/grontkontor.dk\/#website\",\"url\":\"https:\/\/grontkontor.dk\/\",\"name\":\"Gr\u00f8nt Kontor\",\"description\":\"Milj\u00f8venlige produkter til kontor og erhverv med fokus p\u00e5 b\u00e6redygtighed, design og fair trade.\",\"publisher\":{\"@id\":\"https:\/\/grontkontor.dk\/#organization\"},\"potentialAction\":[{\"@type\":\"SearchAction\",\"target\":{\"@type\":\"EntryPoint\",\"urlTemplate\":\"https:\/\/grontkontor.dk\/?s={search_term_string}\"},\"query-input\":\"required name=search_term_string\"}],\"inLanguage\":\"de\"},{\"@type\":\"Organization\",\"@id\":\"https:\/\/grontkontor.dk\/#organization\",\"name\":\"Gr\u00f8nt Kontor\",\"url\":\"https:\/\/grontkontor.dk\/\",\"logo\":{\"@type\":\"ImageObject\",\"inLanguage\":\"de\",\"@id\":\"https:\/\/grontkontor.dk\/#\/schema\/logo\/image\/\",\"url\":\"https:\/\/grontkontor.dk\/wp-content\/uploads\/2014\/02\/Logo_groent_kontor_300x80.png\",\"contentUrl\":\"https:\/\/grontkontor.dk\/wp-content\/uploads\/2014\/02\/Logo_groent_kontor_300x80.png\",\"width\":300,\"height\":80,\"caption\":\"Gr\u00f8nt Kontor\"},\"image\":{\"@id\":\"https:\/\/grontkontor.dk\/#\/schema\/logo\/image\/\"},\"sameAs\":[\"https:\/\/www.facebook.com\/grontkontor.dk\/\"]}]}<\/script>\n<!-- \/ Yoast SEO Premium plugin. -->","yoast_head_json":{"title":"B\u00fccherregal im Feuer - Gr\u00f8nt Kontor","robots":{"index":"index","follow":"follow","max-snippet":"max-snippet:-1","max-image-preview":"max-image-preview:large","max-video-preview":"max-video-preview:-1"},"canonical":"https:\/\/grontkontor.dk\/de\/shop\/bucherregal-im-leuchtturm\/","og_locale":"de_DE","og_type":"article","og_title":"B\u00fccherregal im Feuer","og_description":"Sch\u00f6nes B\u00fccherregal aus klimafreundlichem und recycelbarem Kiefernholz im nordischen Design. Perfekt als K\u00fcchenregal oder zur Pr\u00e4sentation von Tassen, Gew\u00fcrzen usw. Mit praktischer Schiene f\u00fcr Handt\u00fccher oder Haken f\u00fcr Geschirrt\u00fccher und K\u00f6rbe.","og_url":"https:\/\/grontkontor.dk\/de\/shop\/bucherregal-im-leuchtturm\/","og_site_name":"Gr\u00f8nt Kontor","article_publisher":"https:\/\/www.facebook.com\/grontkontor.dk\/","og_image":[{"width":900,"height":639,"url":"https:\/\/grontkontor.dk\/wp-content\/uploads\/2024\/01\/Klimavenlig-reol-i-fyr.jpg","type":"image\/jpeg"}],"twitter_card":"summary_large_image","schema":{"@context":"https:\/\/schema.org","@graph":[{"@type":"WebPage","@id":"https:\/\/grontkontor.dk\/de\/shop\/bucherregal-im-leuchtturm\/","url":"https:\/\/grontkontor.dk\/de\/shop\/bucherregal-im-leuchtturm\/","name":"B\u00fccherregal im Feuer - Gr\u00f8nt Kontor","isPartOf":{"@id":"https:\/\/grontkontor.dk\/#website"},"datePublished":"2024-05-28T09:42:40+00:00","dateModified":"2024-05-28T09:42:40+00:00","breadcrumb":{"@id":"https:\/\/grontkontor.dk\/de\/shop\/bucherregal-im-leuchtturm\/#breadcrumb"},"inLanguage":"de","potentialAction":[{"@type":"ReadAction","target":["https:\/\/grontkontor.dk\/de\/shop\/bucherregal-im-leuchtturm\/"]}]},{"@type":"BreadcrumbList","@id":"https:\/\/grontkontor.dk\/de\/shop\/bucherregal-im-leuchtturm\/#breadcrumb","itemListElement":[{"@type":"ListItem","position":1,"name":"Forside","item":"https:\/\/grontkontor.dk\/de\/"},{"@type":"ListItem","position":2,"name":"Laden","item":"https:\/\/grontkontor.dk\/de\/laden\/"},{"@type":"ListItem","position":3,"name":"M\u00f6bel und Einrichtungsgegenst\u00e4nde","item":"https:\/\/grontkontor.dk\/de\/produkt-kategori\/moebel-und-einrichtungsgegenstaende\/"},{"@type":"ListItem","position":4,"name":"Hylder og reoler","item":"https:\/\/grontkontor.dk\/produkt-kategori\/mobler-og-inventar\/hylder-og-reoler\/"},{"@type":"ListItem","position":5,"name":"B\u00fccherregal im Feuer"}]},{"@type":"WebSite","@id":"https:\/\/grontkontor.dk\/#website","url":"https:\/\/grontkontor.dk\/","name":"Gr\u00f8nt Kontor","description":"Milj\u00f8venlige produkter til kontor og erhverv med fokus p\u00e5 b\u00e6redygtighed, design og fair trade.","publisher":{"@id":"https:\/\/grontkontor.dk\/#organization"},"potentialAction":[{"@type":"SearchAction","target":{"@type":"EntryPoint","urlTemplate":"https:\/\/grontkontor.dk\/?s={search_term_string}"},"query-input":"required name=search_term_string"}],"inLanguage":"de"},{"@type":"Organization","@id":"https:\/\/grontkontor.dk\/#organization","name":"Gr\u00f8nt Kontor","url":"https:\/\/grontkontor.dk\/","logo":{"@type":"ImageObject","inLanguage":"de","@id":"https:\/\/grontkontor.dk\/#\/schema\/logo\/image\/","url":"https:\/\/grontkontor.dk\/wp-content\/uploads\/2014\/02\/Logo_groent_kontor_300x80.png","contentUrl":"https:\/\/grontkontor.dk\/wp-content\/uploads\/2014\/02\/Logo_groent_kontor_300x80.png","width":300,"height":80,"caption":"Gr\u00f8nt Kontor"},"image":{"@id":"https:\/\/grontkontor.dk\/#\/schema\/logo\/image\/"},"sameAs":["https:\/\/www.facebook.com\/grontkontor.dk\/"]}]}},"_links":{"self":[{"href":"https:\/\/grontkontor.dk\/de\/wp-json\/wp\/v2\/product\/86274"}],"collection":[{"href":"https:\/\/grontkontor.dk\/de\/wp-json\/wp\/v2\/product"}],"about":[{"href":"https:\/\/grontkontor.dk\/de\/wp-json\/wp\/v2\/types\/product"}],"replies":[{"embeddable":true,"href":"https:\/\/grontkontor.dk\/de\/wp-json\/wp\/v2\/comments?post=86274"}],"wp:featuredmedia":[{"embeddable":true,"href":"https:\/\/grontkontor.dk\/de\/wp-json\/wp\/v2\/media\/86277"}],"wp:attachment":[{"href":"https:\/\/grontkontor.dk\/de\/wp-json\/wp\/v2\/media?parent=86274"}],"wp:term":[{"taxonomy":"product_cat","embeddable":true,"href":"https:\/\/grontkontor.dk\/de\/wp-json\/wp\/v2\/product_cat?post=86274"},{"taxonomy":"product_tag","embeddable":true,"href":"https:\/\/grontkontor.dk\/de\/wp-json\/wp\/v2\/product_tag?post=86274"}],"curies":[{"name":"wp","href":"https:\/\/api.w.org\/{rel}","templated":true}]}}