{"id":86389,"date":"2023-12-21T13:23:34","date_gmt":"2024-05-28T09:46:41","guid":{"rendered":"https:\/\/grontkontor.dk\/shop\/messe-tisch-und-stuhle-fsc-recyclingkarton\/"},"modified":"2024-05-28T11:46:41","modified_gmt":"2024-05-28T09:46:41","slug":"messe-tisch-und-stuhle-fsc-recyclingkarton","status":"publish","type":"product","link":"https:\/\/grontkontor.dk\/de\/shop\/messe-tisch-und-stuhle-fsc-recyclingkarton\/","title":{"rendered":"Ausstellungsst\u00fchle und -tisch aus FSC-Recyclingkarton"},"content":{"rendered":"<p>Tische und Hocker aus Reboard, einem Material aus FSC-zertifiziertem Recyclingkarton, das aus Fasern aus den nordischen L\u00e4ndern hergestellt wird. Lieferung in praktischer Transportbox \u2013 mit ihrem geringen Gewicht erm\u00f6glicht sie einen einfachen Transport und Aufbau Der Hocker ist 50 cm hoch und der Tisch 75 cm.<\/p>\n<p>ANMERKUNG. Lieferung als Standard braun\/braun, erh\u00e4ltlich in elliptischer Form zum gleichen Preis<\/p>\n<p>Wenn einzelne Teile besch\u00e4digt oder gesto\u00dfen sind, k\u00f6nnen Teile einfach bestellt werden, um die besch\u00e4digten Teile zu ersetzen.<\/p>\n<p>&nbsp;<\/p>\n<p>[FSC_s]<\/p>\n<p>&nbsp;<\/p>\n<p><a href=\"https:\/\/ic.fsc.org\/en\/\" target=\"window\"><img loading=\"lazy\" decoding=\"async\" class=\"size-full wp-image-12735\" src=\"https:\/\/grontkontor.dk\/wp-content\/uploads\/2019\/04\/fsc-certificeret.png\" \n\t\t alt=\"FSC-certificeret\" title=\"FSC-certificeret\" width=\"44\" height=\"51\" border=0\/><\/a> <img loading=\"lazy\" decoding=\"async\" src=\"https:\/\/grontkontor.dk\/wp-content\/uploads\/2021\/02\/genbrug.jpg\" alt=\"Fremstillet af genbrugsmaterialer\" width=\"50\" height=\"50\" class=\"size-full wp-image-23031\" srcset=\"https:\/\/grontkontor.dk\/wp-content\/uploads\/2021\/02\/genbrug.jpg 199w, https:\/\/grontkontor.dk\/wp-content\/uploads\/2021\/02\/genbrug-100x100.jpg 100w\" sizes=\"(max-width: 50px) 100vw, 50px\" \/><\/p>\n","protected":false},"excerpt":{"rendered":"<p>Tische und Hocker aus Reboard, einem Material aus FSC-zertifiziertem Recyclingkarton, das aus Fasern aus den nordischen L\u00e4ndern hergestellt wird. Lieferung in praktischer Transportbox \u2013 mit ihrem geringen Gewicht erm\u00f6glicht sie einen einfachen Transport und Aufbau Der Hocker ist 50 cm hoch und der Tisch 75 cm. ANMERKUNG. Lieferung als Standard braun\/braun, erh\u00e4ltlich in elliptischer Form [&hellip;]<\/p>\n","protected":false},"featured_media":86416,"comment_status":"closed","ping_status":"closed","template":"","meta":{"_acf_changed":false},"product_cat":[3085,3084,3083],"product_tag":[3086,3087],"class_list":{"0":"post-86389","1":"product","2":"type-product","3":"status-publish","4":"has-post-thumbnail","6":"product_cat-messeschilder-und-einrichtung","7":"product_cat-neuheiten","8":"product_cat-nature-recyclingpapier","9":"product_tag-ausstellungsstand","10":"product_tag-ausstellungstisch","11":"tm-has-options","13":"first","14":"instock","15":"taxable","16":"shipping-taxable","17":"purchasable","18":"product-type-variable","19":"has-default-attributes"},"acf":[],"yoast_head":"<!-- This site is optimized with the Yoast SEO Premium plugin v21.2 (Yoast SEO v21.2) - https:\/\/yoast.com\/wordpress\/plugins\/seo\/ -->\n<title>Ausstellungsst\u00fchle und -tisch aus FSC-Recyclingkarton - Gr\u00f8nt Kontor<\/title>\n<meta name=\"robots\" content=\"index, follow, max-snippet:-1, max-image-preview:large, max-video-preview:-1\" \/>\n<link rel=\"canonical\" href=\"https:\/\/grontkontor.dk\/de\/shop\/messe-tisch-und-stuhle-fsc-recyclingkarton\/\" \/>\n<meta property=\"og:locale\" content=\"de_DE\" \/>\n<meta property=\"og:type\" content=\"article\" \/>\n<meta property=\"og:title\" content=\"Ausstellungsst\u00fchle und -tisch aus FSC-Recyclingkarton\" \/>\n<meta property=\"og:description\" content=\"Tische und Hocker aus Reboard, einem Material aus FSC-zertifiziertem Recyclingkarton, das aus Fasern aus den nordischen L\u00e4ndern hergestellt wird. Lieferung in praktischer Transportbox \u2013 mit ihrem geringen Gewicht erm\u00f6glicht sie einen einfachen Transport und Aufbau Der Hocker ist 50 cm hoch und der Tisch 75 cm. ANMERKUNG. Lieferung als Standard braun\/braun, erh\u00e4ltlich in elliptischer Form [&hellip;]\" \/>\n<meta property=\"og:url\" content=\"https:\/\/grontkontor.dk\/de\/shop\/messe-tisch-und-stuhle-fsc-recyclingkarton\/\" \/>\n<meta property=\"og:site_name\" content=\"Gr\u00f8nt Kontor\" \/>\n<meta property=\"article:publisher\" content=\"https:\/\/www.facebook.com\/grontkontor.dk\/\" \/>\n<meta property=\"og:image\" content=\"https:\/\/grontkontor.dk\/wp-content\/uploads\/2023\/12\/Klimavenlige-podier-i-FSC-pap-1.jpg\" \/>\n\t<meta property=\"og:image:width\" content=\"900\" \/>\n\t<meta property=\"og:image:height\" content=\"639\" \/>\n\t<meta property=\"og:image:type\" content=\"image\/jpeg\" \/>\n<meta name=\"twitter:card\" content=\"summary_large_image\" \/>\n<script type=\"application\/ld+json\" class=\"yoast-schema-graph\">{\"@context\":\"https:\/\/schema.org\",\"@graph\":[{\"@type\":\"WebPage\",\"@id\":\"https:\/\/grontkontor.dk\/de\/shop\/messe-tisch-und-stuhle-fsc-recyclingkarton\/\",\"url\":\"https:\/\/grontkontor.dk\/de\/shop\/messe-tisch-und-stuhle-fsc-recyclingkarton\/\",\"name\":\"Ausstellungsst\u00fchle und -tisch aus FSC-Recyclingkarton - Gr\u00f8nt Kontor\",\"isPartOf\":{\"@id\":\"https:\/\/grontkontor.dk\/#website\"},\"datePublished\":\"2024-05-28T09:46:41+00:00\",\"dateModified\":\"2024-05-28T09:46:41+00:00\",\"breadcrumb\":{\"@id\":\"https:\/\/grontkontor.dk\/de\/shop\/messe-tisch-und-stuhle-fsc-recyclingkarton\/#breadcrumb\"},\"inLanguage\":\"de\",\"potentialAction\":[{\"@type\":\"ReadAction\",\"target\":[\"https:\/\/grontkontor.dk\/de\/shop\/messe-tisch-und-stuhle-fsc-recyclingkarton\/\"]}]},{\"@type\":\"BreadcrumbList\",\"@id\":\"https:\/\/grontkontor.dk\/de\/shop\/messe-tisch-und-stuhle-fsc-recyclingkarton\/#breadcrumb\",\"itemListElement\":[{\"@type\":\"ListItem\",\"position\":1,\"name\":\"Forside\",\"item\":\"https:\/\/grontkontor.dk\/de\/\"},{\"@type\":\"ListItem\",\"position\":2,\"name\":\"Laden\",\"item\":\"https:\/\/grontkontor.dk\/de\/laden\/\"},{\"@type\":\"ListItem\",\"position\":3,\"name\":\"Messe og event\",\"item\":\"https:\/\/grontkontor.dk\/produkt-kategori\/messe-og-event\/\"},{\"@type\":\"ListItem\",\"position\":4,\"name\":\"Messeskilte og m\u00f8blering\",\"item\":\"https:\/\/grontkontor.dk\/produkt-kategori\/messe-og-event\/messeskilte-og-moeblering\/\"},{\"@type\":\"ListItem\",\"position\":5,\"name\":\"Ausstellungsst\u00fchle und -tisch aus FSC-Recyclingkarton\"}]},{\"@type\":\"WebSite\",\"@id\":\"https:\/\/grontkontor.dk\/#website\",\"url\":\"https:\/\/grontkontor.dk\/\",\"name\":\"Gr\u00f8nt Kontor\",\"description\":\"Milj\u00f8venlige produkter til kontor og erhverv med fokus p\u00e5 b\u00e6redygtighed, design og fair trade.\",\"publisher\":{\"@id\":\"https:\/\/grontkontor.dk\/#organization\"},\"potentialAction\":[{\"@type\":\"SearchAction\",\"target\":{\"@type\":\"EntryPoint\",\"urlTemplate\":\"https:\/\/grontkontor.dk\/?s={search_term_string}\"},\"query-input\":\"required name=search_term_string\"}],\"inLanguage\":\"de\"},{\"@type\":\"Organization\",\"@id\":\"https:\/\/grontkontor.dk\/#organization\",\"name\":\"Gr\u00f8nt Kontor\",\"url\":\"https:\/\/grontkontor.dk\/\",\"logo\":{\"@type\":\"ImageObject\",\"inLanguage\":\"de\",\"@id\":\"https:\/\/grontkontor.dk\/#\/schema\/logo\/image\/\",\"url\":\"https:\/\/grontkontor.dk\/wp-content\/uploads\/2014\/02\/Logo_groent_kontor_300x80.png\",\"contentUrl\":\"https:\/\/grontkontor.dk\/wp-content\/uploads\/2014\/02\/Logo_groent_kontor_300x80.png\",\"width\":300,\"height\":80,\"caption\":\"Gr\u00f8nt Kontor\"},\"image\":{\"@id\":\"https:\/\/grontkontor.dk\/#\/schema\/logo\/image\/\"},\"sameAs\":[\"https:\/\/www.facebook.com\/grontkontor.dk\/\"]}]}<\/script>\n<!-- \/ Yoast SEO Premium plugin. -->","yoast_head_json":{"title":"Ausstellungsst\u00fchle und -tisch aus FSC-Recyclingkarton - Gr\u00f8nt Kontor","robots":{"index":"index","follow":"follow","max-snippet":"max-snippet:-1","max-image-preview":"max-image-preview:large","max-video-preview":"max-video-preview:-1"},"canonical":"https:\/\/grontkontor.dk\/de\/shop\/messe-tisch-und-stuhle-fsc-recyclingkarton\/","og_locale":"de_DE","og_type":"article","og_title":"Ausstellungsst\u00fchle und -tisch aus FSC-Recyclingkarton","og_description":"Tische und Hocker aus Reboard, einem Material aus FSC-zertifiziertem Recyclingkarton, das aus Fasern aus den nordischen L\u00e4ndern hergestellt wird. Lieferung in praktischer Transportbox \u2013 mit ihrem geringen Gewicht erm\u00f6glicht sie einen einfachen Transport und Aufbau Der Hocker ist 50 cm hoch und der Tisch 75 cm. ANMERKUNG. Lieferung als Standard braun\/braun, erh\u00e4ltlich in elliptischer Form [&hellip;]","og_url":"https:\/\/grontkontor.dk\/de\/shop\/messe-tisch-und-stuhle-fsc-recyclingkarton\/","og_site_name":"Gr\u00f8nt Kontor","article_publisher":"https:\/\/www.facebook.com\/grontkontor.dk\/","og_image":[{"width":900,"height":639,"url":"https:\/\/grontkontor.dk\/wp-content\/uploads\/2023\/12\/Klimavenlige-podier-i-FSC-pap-1.jpg","type":"image\/jpeg"}],"twitter_card":"summary_large_image","schema":{"@context":"https:\/\/schema.org","@graph":[{"@type":"WebPage","@id":"https:\/\/grontkontor.dk\/de\/shop\/messe-tisch-und-stuhle-fsc-recyclingkarton\/","url":"https:\/\/grontkontor.dk\/de\/shop\/messe-tisch-und-stuhle-fsc-recyclingkarton\/","name":"Ausstellungsst\u00fchle und -tisch aus FSC-Recyclingkarton - Gr\u00f8nt Kontor","isPartOf":{"@id":"https:\/\/grontkontor.dk\/#website"},"datePublished":"2024-05-28T09:46:41+00:00","dateModified":"2024-05-28T09:46:41+00:00","breadcrumb":{"@id":"https:\/\/grontkontor.dk\/de\/shop\/messe-tisch-und-stuhle-fsc-recyclingkarton\/#breadcrumb"},"inLanguage":"de","potentialAction":[{"@type":"ReadAction","target":["https:\/\/grontkontor.dk\/de\/shop\/messe-tisch-und-stuhle-fsc-recyclingkarton\/"]}]},{"@type":"BreadcrumbList","@id":"https:\/\/grontkontor.dk\/de\/shop\/messe-tisch-und-stuhle-fsc-recyclingkarton\/#breadcrumb","itemListElement":[{"@type":"ListItem","position":1,"name":"Forside","item":"https:\/\/grontkontor.dk\/de\/"},{"@type":"ListItem","position":2,"name":"Laden","item":"https:\/\/grontkontor.dk\/de\/laden\/"},{"@type":"ListItem","position":3,"name":"Messe og event","item":"https:\/\/grontkontor.dk\/produkt-kategori\/messe-og-event\/"},{"@type":"ListItem","position":4,"name":"Messeskilte og m\u00f8blering","item":"https:\/\/grontkontor.dk\/produkt-kategori\/messe-og-event\/messeskilte-og-moeblering\/"},{"@type":"ListItem","position":5,"name":"Ausstellungsst\u00fchle und -tisch aus FSC-Recyclingkarton"}]},{"@type":"WebSite","@id":"https:\/\/grontkontor.dk\/#website","url":"https:\/\/grontkontor.dk\/","name":"Gr\u00f8nt Kontor","description":"Milj\u00f8venlige produkter til kontor og erhverv med fokus p\u00e5 b\u00e6redygtighed, design og fair trade.","publisher":{"@id":"https:\/\/grontkontor.dk\/#organization"},"potentialAction":[{"@type":"SearchAction","target":{"@type":"EntryPoint","urlTemplate":"https:\/\/grontkontor.dk\/?s={search_term_string}"},"query-input":"required name=search_term_string"}],"inLanguage":"de"},{"@type":"Organization","@id":"https:\/\/grontkontor.dk\/#organization","name":"Gr\u00f8nt Kontor","url":"https:\/\/grontkontor.dk\/","logo":{"@type":"ImageObject","inLanguage":"de","@id":"https:\/\/grontkontor.dk\/#\/schema\/logo\/image\/","url":"https:\/\/grontkontor.dk\/wp-content\/uploads\/2014\/02\/Logo_groent_kontor_300x80.png","contentUrl":"https:\/\/grontkontor.dk\/wp-content\/uploads\/2014\/02\/Logo_groent_kontor_300x80.png","width":300,"height":80,"caption":"Gr\u00f8nt Kontor"},"image":{"@id":"https:\/\/grontkontor.dk\/#\/schema\/logo\/image\/"},"sameAs":["https:\/\/www.facebook.com\/grontkontor.dk\/"]}]}},"_links":{"self":[{"href":"https:\/\/grontkontor.dk\/de\/wp-json\/wp\/v2\/product\/86389"}],"collection":[{"href":"https:\/\/grontkontor.dk\/de\/wp-json\/wp\/v2\/product"}],"about":[{"href":"https:\/\/grontkontor.dk\/de\/wp-json\/wp\/v2\/types\/product"}],"replies":[{"embeddable":true,"href":"https:\/\/grontkontor.dk\/de\/wp-json\/wp\/v2\/comments?post=86389"}],"wp:featuredmedia":[{"embeddable":true,"href":"https:\/\/grontkontor.dk\/de\/wp-json\/wp\/v2\/media\/86416"}],"wp:attachment":[{"href":"https:\/\/grontkontor.dk\/de\/wp-json\/wp\/v2\/media?parent=86389"}],"wp:term":[{"taxonomy":"product_cat","embeddable":true,"href":"https:\/\/grontkontor.dk\/de\/wp-json\/wp\/v2\/product_cat?post=86389"},{"taxonomy":"product_tag","embeddable":true,"href":"https:\/\/grontkontor.dk\/de\/wp-json\/wp\/v2\/product_tag?post=86389"}],"curies":[{"name":"wp","href":"https:\/\/api.w.org\/{rel}","templated":true}]}}