{"id":86451,"date":"2023-10-17T13:08:10","date_gmt":"2024-05-28T09:46:43","guid":{"rendered":"https:\/\/grontkontor.dk\/shop\/stift-mit-ewigkeitsstift-und-touchpen\/"},"modified":"2024-05-28T11:46:43","modified_gmt":"2024-05-28T09:46:43","slug":"stift-mit-ewigkeitsstift-und-touchpen","status":"publish","type":"product","link":"https:\/\/grontkontor.dk\/de\/shop\/stift-mit-ewigkeitsstift-und-touchpen\/","title":{"rendered":"Kugelschreiber mit ewigem Bleistift und Touchpen"},"content":{"rendered":"<p>Umweltfreundlicher und multifunktionaler Stift mit Touch-Stift, Dauerstift und Radiergummi. Der unbefristete Stift hat eine praktisch unendliche Lebensdauer, sodass Sie den Stift nicht immer wieder wechseln m\u00fcssen und der Stift durch Parker-Minen ersetzt werden kann. Eine klimafreundliche Wahl f\u00fcr das B\u00fcro, als Handout f\u00fcr Messen, Events oder Konferenzen. Lieferung in einzeln verpackter Baumwolltasche. Erh\u00e4ltlich mit Logodruck oder Gravur.<\/p>\n<p>&nbsp;<\/p>\n<p>[bambus]<\/p>\n","protected":false},"excerpt":{"rendered":"<p>Umweltfreundlicher und multifunktionaler Stift mit Touch-Stift, Dauerstift und Radiergummi. Der unbefristete Stift hat eine praktisch unendliche Lebensdauer, sodass Sie den Stift nicht immer wieder wechseln m\u00fcssen und der Stift durch Parker-Minen ersetzt werden kann. Eine klimafreundliche Wahl f\u00fcr das B\u00fcro, als Handout f\u00fcr Messen, Events oder Konferenzen. Lieferung in einzeln verpackter Baumwolltasche. Erh\u00e4ltlich mit Logodruck [&hellip;]<\/p>\n","protected":false},"featured_media":86458,"comment_status":"closed","ping_status":"closed","template":"","meta":{"_acf_changed":false},"product_cat":[3325,4403,3084,3423,3424],"product_tag":[3427,3660],"class_list":{"0":"post-86451","1":"product","2":"type-product","3":"status-publish","4":"has-post-thumbnail","6":"product_cat-dummy-moq-1-de","7":"product_cat-kugelschreiber-und-bleistifte","8":"product_cat-neuheiten","9":"product_cat-schreib-und-zeigegeraete","10":"product_cat-stifte","11":"product_tag-kugelschreiber","12":"product_tag-touch-stift","13":"tm-has-options","15":"first","16":"instock","17":"taxable","18":"shipping-taxable","19":"purchasable","20":"product-type-simple"},"acf":[],"yoast_head":"<!-- This site is optimized with the Yoast SEO Premium plugin v21.2 (Yoast SEO v21.2) - https:\/\/yoast.com\/wordpress\/plugins\/seo\/ -->\n<title>Kugelschreiber mit ewigem Bleistift und Touchpen - Gr\u00f8nt Kontor<\/title>\n<meta name=\"robots\" content=\"index, follow, max-snippet:-1, max-image-preview:large, max-video-preview:-1\" \/>\n<link rel=\"canonical\" href=\"https:\/\/grontkontor.dk\/shop\/kuglepen-med-evighedsblyant-og-touchpen\/\" \/>\n<meta property=\"og:locale\" content=\"de_DE\" \/>\n<meta property=\"og:type\" content=\"article\" \/>\n<meta property=\"og:title\" content=\"Kugelschreiber mit ewigem Bleistift und Touchpen\" \/>\n<meta property=\"og:description\" content=\"Umweltfreundlicher und multifunktionaler Stift mit Touch-Stift, Dauerstift und Radiergummi. Der unbefristete Stift hat eine praktisch unendliche Lebensdauer, sodass Sie den Stift nicht immer wieder wechseln m\u00fcssen und der Stift durch Parker-Minen ersetzt werden kann. Eine klimafreundliche Wahl f\u00fcr das B\u00fcro, als Handout f\u00fcr Messen, Events oder Konferenzen. Lieferung in einzeln verpackter Baumwolltasche. Erh\u00e4ltlich mit Logodruck [&hellip;]\" \/>\n<meta property=\"og:url\" content=\"https:\/\/grontkontor.dk\/shop\/kuglepen-med-evighedsblyant-og-touchpen\/\" \/>\n<meta property=\"og:site_name\" content=\"Gr\u00f8nt Kontor\" \/>\n<meta property=\"article:publisher\" content=\"https:\/\/www.facebook.com\/grontkontor.dk\/\" \/>\n<meta property=\"og:image\" content=\"https:\/\/grontkontor.dk\/wp-content\/uploads\/2023\/10\/Miljoevenlig-bambus-kuglepen-med-evighedspen-og-touchpen.jpg\" \/>\n\t<meta property=\"og:image:width\" content=\"900\" \/>\n\t<meta property=\"og:image:height\" content=\"639\" \/>\n\t<meta property=\"og:image:type\" content=\"image\/jpeg\" \/>\n<meta name=\"twitter:card\" content=\"summary_large_image\" \/>\n<script type=\"application\/ld+json\" class=\"yoast-schema-graph\">{\"@context\":\"https:\/\/schema.org\",\"@graph\":[{\"@type\":\"WebPage\",\"@id\":\"https:\/\/grontkontor.dk\/shop\/kuglepen-med-evighedsblyant-og-touchpen\/\",\"url\":\"https:\/\/grontkontor.dk\/shop\/kuglepen-med-evighedsblyant-og-touchpen\/\",\"name\":\"Kugelschreiber mit ewigem Bleistift und Touchpen - Gr\u00f8nt Kontor\",\"isPartOf\":{\"@id\":\"https:\/\/grontkontor.dk\/#website\"},\"datePublished\":\"2024-05-28T09:46:43+00:00\",\"dateModified\":\"2024-05-28T09:46:43+00:00\",\"breadcrumb\":{\"@id\":\"https:\/\/grontkontor.dk\/shop\/kuglepen-med-evighedsblyant-og-touchpen\/#breadcrumb\"},\"inLanguage\":\"de\",\"potentialAction\":[{\"@type\":\"ReadAction\",\"target\":[\"https:\/\/grontkontor.dk\/shop\/kuglepen-med-evighedsblyant-og-touchpen\/\"]}]},{\"@type\":\"BreadcrumbList\",\"@id\":\"https:\/\/grontkontor.dk\/shop\/kuglepen-med-evighedsblyant-og-touchpen\/#breadcrumb\",\"itemListElement\":[{\"@type\":\"ListItem\",\"position\":1,\"name\":\"Forside\",\"item\":\"https:\/\/grontkontor.dk\/de\/\"},{\"@type\":\"ListItem\",\"position\":2,\"name\":\"Laden\",\"item\":\"https:\/\/grontkontor.dk\/de\/laden\/\"},{\"@type\":\"ListItem\",\"position\":3,\"name\":\"Klimafreundliche Werbegeschenke\",\"item\":\"https:\/\/grontkontor.dk\/de\/produkt-kategori\/klimafreundliche-werbegeschenke\/\"},{\"@type\":\"ListItem\",\"position\":4,\"name\":\"Kugelschreiber und Bleistifte\",\"item\":\"https:\/\/grontkontor.dk\/de\/produkt-kategori\/klimafreundliche-werbegeschenke\/kugelschreiber-und-bleistifte\/\"},{\"@type\":\"ListItem\",\"position\":5,\"name\":\"Kugelschreiber mit ewigem Bleistift und Touchpen\"}]},{\"@type\":\"WebSite\",\"@id\":\"https:\/\/grontkontor.dk\/#website\",\"url\":\"https:\/\/grontkontor.dk\/\",\"name\":\"Gr\u00f8nt Kontor\",\"description\":\"Milj\u00f8venlige produkter til kontor og erhverv med fokus p\u00e5 b\u00e6redygtighed, design og fair trade.\",\"publisher\":{\"@id\":\"https:\/\/grontkontor.dk\/#organization\"},\"potentialAction\":[{\"@type\":\"SearchAction\",\"target\":{\"@type\":\"EntryPoint\",\"urlTemplate\":\"https:\/\/grontkontor.dk\/?s={search_term_string}\"},\"query-input\":\"required name=search_term_string\"}],\"inLanguage\":\"de\"},{\"@type\":\"Organization\",\"@id\":\"https:\/\/grontkontor.dk\/#organization\",\"name\":\"Gr\u00f8nt Kontor\",\"url\":\"https:\/\/grontkontor.dk\/\",\"logo\":{\"@type\":\"ImageObject\",\"inLanguage\":\"de\",\"@id\":\"https:\/\/grontkontor.dk\/#\/schema\/logo\/image\/\",\"url\":\"https:\/\/grontkontor.dk\/wp-content\/uploads\/2014\/02\/Logo_groent_kontor_300x80.png\",\"contentUrl\":\"https:\/\/grontkontor.dk\/wp-content\/uploads\/2014\/02\/Logo_groent_kontor_300x80.png\",\"width\":300,\"height\":80,\"caption\":\"Gr\u00f8nt Kontor\"},\"image\":{\"@id\":\"https:\/\/grontkontor.dk\/#\/schema\/logo\/image\/\"},\"sameAs\":[\"https:\/\/www.facebook.com\/grontkontor.dk\/\"]}]}<\/script>\n<!-- \/ Yoast SEO Premium plugin. -->","yoast_head_json":{"title":"Kugelschreiber mit ewigem Bleistift und Touchpen - Gr\u00f8nt Kontor","robots":{"index":"index","follow":"follow","max-snippet":"max-snippet:-1","max-image-preview":"max-image-preview:large","max-video-preview":"max-video-preview:-1"},"canonical":"https:\/\/grontkontor.dk\/shop\/kuglepen-med-evighedsblyant-og-touchpen\/","og_locale":"de_DE","og_type":"article","og_title":"Kugelschreiber mit ewigem Bleistift und Touchpen","og_description":"Umweltfreundlicher und multifunktionaler Stift mit Touch-Stift, Dauerstift und Radiergummi. Der unbefristete Stift hat eine praktisch unendliche Lebensdauer, sodass Sie den Stift nicht immer wieder wechseln m\u00fcssen und der Stift durch Parker-Minen ersetzt werden kann. Eine klimafreundliche Wahl f\u00fcr das B\u00fcro, als Handout f\u00fcr Messen, Events oder Konferenzen. Lieferung in einzeln verpackter Baumwolltasche. Erh\u00e4ltlich mit Logodruck [&hellip;]","og_url":"https:\/\/grontkontor.dk\/shop\/kuglepen-med-evighedsblyant-og-touchpen\/","og_site_name":"Gr\u00f8nt Kontor","article_publisher":"https:\/\/www.facebook.com\/grontkontor.dk\/","og_image":[{"width":900,"height":639,"url":"https:\/\/grontkontor.dk\/wp-content\/uploads\/2023\/10\/Miljoevenlig-bambus-kuglepen-med-evighedspen-og-touchpen.jpg","type":"image\/jpeg"}],"twitter_card":"summary_large_image","schema":{"@context":"https:\/\/schema.org","@graph":[{"@type":"WebPage","@id":"https:\/\/grontkontor.dk\/shop\/kuglepen-med-evighedsblyant-og-touchpen\/","url":"https:\/\/grontkontor.dk\/shop\/kuglepen-med-evighedsblyant-og-touchpen\/","name":"Kugelschreiber mit ewigem Bleistift und Touchpen - Gr\u00f8nt Kontor","isPartOf":{"@id":"https:\/\/grontkontor.dk\/#website"},"datePublished":"2024-05-28T09:46:43+00:00","dateModified":"2024-05-28T09:46:43+00:00","breadcrumb":{"@id":"https:\/\/grontkontor.dk\/shop\/kuglepen-med-evighedsblyant-og-touchpen\/#breadcrumb"},"inLanguage":"de","potentialAction":[{"@type":"ReadAction","target":["https:\/\/grontkontor.dk\/shop\/kuglepen-med-evighedsblyant-og-touchpen\/"]}]},{"@type":"BreadcrumbList","@id":"https:\/\/grontkontor.dk\/shop\/kuglepen-med-evighedsblyant-og-touchpen\/#breadcrumb","itemListElement":[{"@type":"ListItem","position":1,"name":"Forside","item":"https:\/\/grontkontor.dk\/de\/"},{"@type":"ListItem","position":2,"name":"Laden","item":"https:\/\/grontkontor.dk\/de\/laden\/"},{"@type":"ListItem","position":3,"name":"Klimafreundliche Werbegeschenke","item":"https:\/\/grontkontor.dk\/de\/produkt-kategori\/klimafreundliche-werbegeschenke\/"},{"@type":"ListItem","position":4,"name":"Kugelschreiber und Bleistifte","item":"https:\/\/grontkontor.dk\/de\/produkt-kategori\/klimafreundliche-werbegeschenke\/kugelschreiber-und-bleistifte\/"},{"@type":"ListItem","position":5,"name":"Kugelschreiber mit ewigem Bleistift und Touchpen"}]},{"@type":"WebSite","@id":"https:\/\/grontkontor.dk\/#website","url":"https:\/\/grontkontor.dk\/","name":"Gr\u00f8nt Kontor","description":"Milj\u00f8venlige produkter til kontor og erhverv med fokus p\u00e5 b\u00e6redygtighed, design og fair trade.","publisher":{"@id":"https:\/\/grontkontor.dk\/#organization"},"potentialAction":[{"@type":"SearchAction","target":{"@type":"EntryPoint","urlTemplate":"https:\/\/grontkontor.dk\/?s={search_term_string}"},"query-input":"required name=search_term_string"}],"inLanguage":"de"},{"@type":"Organization","@id":"https:\/\/grontkontor.dk\/#organization","name":"Gr\u00f8nt Kontor","url":"https:\/\/grontkontor.dk\/","logo":{"@type":"ImageObject","inLanguage":"de","@id":"https:\/\/grontkontor.dk\/#\/schema\/logo\/image\/","url":"https:\/\/grontkontor.dk\/wp-content\/uploads\/2014\/02\/Logo_groent_kontor_300x80.png","contentUrl":"https:\/\/grontkontor.dk\/wp-content\/uploads\/2014\/02\/Logo_groent_kontor_300x80.png","width":300,"height":80,"caption":"Gr\u00f8nt Kontor"},"image":{"@id":"https:\/\/grontkontor.dk\/#\/schema\/logo\/image\/"},"sameAs":["https:\/\/www.facebook.com\/grontkontor.dk\/"]}]}},"_links":{"self":[{"href":"https:\/\/grontkontor.dk\/de\/wp-json\/wp\/v2\/product\/86451"}],"collection":[{"href":"https:\/\/grontkontor.dk\/de\/wp-json\/wp\/v2\/product"}],"about":[{"href":"https:\/\/grontkontor.dk\/de\/wp-json\/wp\/v2\/types\/product"}],"replies":[{"embeddable":true,"href":"https:\/\/grontkontor.dk\/de\/wp-json\/wp\/v2\/comments?post=86451"}],"wp:featuredmedia":[{"embeddable":true,"href":"https:\/\/grontkontor.dk\/de\/wp-json\/wp\/v2\/media\/86458"}],"wp:attachment":[{"href":"https:\/\/grontkontor.dk\/de\/wp-json\/wp\/v2\/media?parent=86451"}],"wp:term":[{"taxonomy":"product_cat","embeddable":true,"href":"https:\/\/grontkontor.dk\/de\/wp-json\/wp\/v2\/product_cat?post=86451"},{"taxonomy":"product_tag","embeddable":true,"href":"https:\/\/grontkontor.dk\/de\/wp-json\/wp\/v2\/product_tag?post=86451"}],"curies":[{"name":"wp","href":"https:\/\/api.w.org\/{rel}","templated":true}]}}