{"id":86472,"date":"2023-11-06T09:53:51","date_gmt":"2024-05-28T09:46:44","guid":{"rendered":"https:\/\/grontkontor.dk\/shop\/event-becher-wiederverwendbar-500ml\/"},"modified":"2024-05-28T11:46:44","modified_gmt":"2024-05-28T09:46:44","slug":"event-becher-wiederverwendbar-500ml","status":"publish","type":"product","link":"https:\/\/grontkontor.dk\/de\/shop\/event-becher-wiederverwendbar-500ml\/","title":{"rendered":"Event-Becher wiederverwendbar 500ml"},"content":{"rendered":"<p>Festivalbecher aus Kunststoff, der gewaschen und wiederverwendet werden kann. Der Becher besteht nicht aus recyceltem Kunststoff, sondern ist in den meisten F\u00e4llen eine nachhaltigere Alternative zu Einwegbechern. F\u00fcr individuelle Veranstaltungen empfehlen wir jedoch unsere <a href=\".. \/product\/plastikfreier-pappbecher-logoprint-47-cl\/\">plastikfreien Einwegbecher f\u00fcr Hei\u00dfgetr\u00e4nke<\/a> (3 Gr\u00f6\u00dfen) oder <a href=\".. \/product\/plastikfreie-Kartonkruste-mit-Logo-Aufdruck-47cl\/\">plastikfreie Einwegbecher f\u00fcr Kaltgetr\u00e4nke<\/a> (3 Gr\u00f6\u00dfen) Erh\u00e4ltlich in 3 verschiedenen Farben ohne Logodruck. Der Becher ist [food-c] auch wiederverwendbar. Sp\u00fclmaschinenfest.<\/p>\n","protected":false},"excerpt":{"rendered":"<p>Festivalbecher aus Kunststoff, der gewaschen und wiederverwendet werden kann. Der Becher besteht nicht aus recyceltem Kunststoff, sondern ist in den meisten F\u00e4llen eine nachhaltigere Alternative zu Einwegbechern. F\u00fcr individuelle Veranstaltungen empfehlen wir jedoch unsere plastikfreien Einwegbecher f\u00fcr Hei\u00dfgetr\u00e4nke (3 Gr\u00f6\u00dfen) oder plastikfreie Einwegbecher f\u00fcr Kaltgetr\u00e4nke (3 Gr\u00f6\u00dfen) Erh\u00e4ltlich in 3 verschiedenen Farben ohne Logodruck. Der [&hellip;]<\/p>\n","protected":false},"featured_media":86486,"comment_status":"closed","ping_status":"closed","template":"","meta":{"_acf_changed":false},"product_cat":[3662,3465,3517,3418,3084],"product_tag":[3663,3664,4772],"class_list":{"0":"post-86472","1":"product","2":"type-product","3":"status-publish","4":"has-post-thumbnail","6":"product_cat-becher-und-tassen-fuer-die-messe","7":"product_cat-becher-tassen-etc","8":"product_cat-dummy-moq-50-100-de","9":"product_cat-messe-und-event","10":"product_cat-neuheiten","11":"product_tag-becher","12":"product_tag-festival-tassen","13":"product_tag-messbecher","14":"pa_farve-durchsichtig","15":"pa_farve-schwarz","16":"pa_farve-weiss","17":"tm-has-options","19":"first","20":"instock","21":"taxable","22":"shipping-taxable","23":"purchasable","24":"product-type-variable","25":"has-default-attributes"},"acf":[],"yoast_head":"<!-- This site is optimized with the Yoast SEO Premium plugin v21.2 (Yoast SEO v21.2) - https:\/\/yoast.com\/wordpress\/plugins\/seo\/ -->\n<title>Event-Becher wiederverwendbar 500ml - Gr\u00f8nt Kontor<\/title>\n<meta name=\"robots\" content=\"index, follow, max-snippet:-1, max-image-preview:large, max-video-preview:-1\" \/>\n<link rel=\"canonical\" href=\"https:\/\/grontkontor.dk\/de\/shop\/event-becher-wiederverwendbar-500ml\/\" \/>\n<meta property=\"og:locale\" content=\"de_DE\" \/>\n<meta property=\"og:type\" content=\"article\" \/>\n<meta property=\"og:title\" content=\"Event-Becher wiederverwendbar 500ml\" \/>\n<meta property=\"og:description\" content=\"Festivalbecher aus Kunststoff, der gewaschen und wiederverwendet werden kann. Der Becher besteht nicht aus recyceltem Kunststoff, sondern ist in den meisten F\u00e4llen eine nachhaltigere Alternative zu Einwegbechern. F\u00fcr individuelle Veranstaltungen empfehlen wir jedoch unsere plastikfreien Einwegbecher f\u00fcr Hei\u00dfgetr\u00e4nke (3 Gr\u00f6\u00dfen) oder plastikfreie Einwegbecher f\u00fcr Kaltgetr\u00e4nke (3 Gr\u00f6\u00dfen) Erh\u00e4ltlich in 3 verschiedenen Farben ohne Logodruck. Der [&hellip;]\" \/>\n<meta property=\"og:url\" content=\"https:\/\/grontkontor.dk\/de\/shop\/event-becher-wiederverwendbar-500ml\/\" \/>\n<meta property=\"og:site_name\" content=\"Gr\u00f8nt Kontor\" \/>\n<meta property=\"article:publisher\" content=\"https:\/\/www.facebook.com\/grontkontor.dk\/\" \/>\n<meta property=\"og:image\" content=\"https:\/\/grontkontor.dk\/wp-content\/uploads\/2023\/11\/Festivalkrus-500ml-genanvendeligt-gennemsigtig.jpg\" \/>\n\t<meta property=\"og:image:width\" content=\"900\" \/>\n\t<meta property=\"og:image:height\" content=\"639\" \/>\n\t<meta property=\"og:image:type\" content=\"image\/jpeg\" \/>\n<meta name=\"twitter:card\" content=\"summary_large_image\" \/>\n<script type=\"application\/ld+json\" class=\"yoast-schema-graph\">{\"@context\":\"https:\/\/schema.org\",\"@graph\":[{\"@type\":\"WebPage\",\"@id\":\"https:\/\/grontkontor.dk\/de\/shop\/event-becher-wiederverwendbar-500ml\/\",\"url\":\"https:\/\/grontkontor.dk\/de\/shop\/event-becher-wiederverwendbar-500ml\/\",\"name\":\"Event-Becher wiederverwendbar 500ml - Gr\u00f8nt Kontor\",\"isPartOf\":{\"@id\":\"https:\/\/grontkontor.dk\/#website\"},\"datePublished\":\"2024-05-28T09:46:44+00:00\",\"dateModified\":\"2024-05-28T09:46:44+00:00\",\"breadcrumb\":{\"@id\":\"https:\/\/grontkontor.dk\/de\/shop\/event-becher-wiederverwendbar-500ml\/#breadcrumb\"},\"inLanguage\":\"de\",\"potentialAction\":[{\"@type\":\"ReadAction\",\"target\":[\"https:\/\/grontkontor.dk\/de\/shop\/event-becher-wiederverwendbar-500ml\/\"]}]},{\"@type\":\"BreadcrumbList\",\"@id\":\"https:\/\/grontkontor.dk\/de\/shop\/event-becher-wiederverwendbar-500ml\/#breadcrumb\",\"itemListElement\":[{\"@type\":\"ListItem\",\"position\":1,\"name\":\"Forside\",\"item\":\"https:\/\/grontkontor.dk\/de\/\"},{\"@type\":\"ListItem\",\"position\":2,\"name\":\"Laden\",\"item\":\"https:\/\/grontkontor.dk\/de\/laden\/\"},{\"@type\":\"ListItem\",\"position\":3,\"name\":\"Mad og drikke\",\"item\":\"https:\/\/grontkontor.dk\/produkt-kategori\/mad-og-drikke\/\"},{\"@type\":\"ListItem\",\"position\":4,\"name\":\"Krus, kopper mm.\",\"item\":\"https:\/\/grontkontor.dk\/produkt-kategori\/mad-og-drikke\/to-go-krus-og-kopper\/\"},{\"@type\":\"ListItem\",\"position\":5,\"name\":\"Event-Becher wiederverwendbar 500ml\"}]},{\"@type\":\"WebSite\",\"@id\":\"https:\/\/grontkontor.dk\/#website\",\"url\":\"https:\/\/grontkontor.dk\/\",\"name\":\"Gr\u00f8nt Kontor\",\"description\":\"Milj\u00f8venlige produkter til kontor og erhverv med fokus p\u00e5 b\u00e6redygtighed, design og fair trade.\",\"publisher\":{\"@id\":\"https:\/\/grontkontor.dk\/#organization\"},\"potentialAction\":[{\"@type\":\"SearchAction\",\"target\":{\"@type\":\"EntryPoint\",\"urlTemplate\":\"https:\/\/grontkontor.dk\/?s={search_term_string}\"},\"query-input\":\"required name=search_term_string\"}],\"inLanguage\":\"de\"},{\"@type\":\"Organization\",\"@id\":\"https:\/\/grontkontor.dk\/#organization\",\"name\":\"Gr\u00f8nt Kontor\",\"url\":\"https:\/\/grontkontor.dk\/\",\"logo\":{\"@type\":\"ImageObject\",\"inLanguage\":\"de\",\"@id\":\"https:\/\/grontkontor.dk\/#\/schema\/logo\/image\/\",\"url\":\"https:\/\/grontkontor.dk\/wp-content\/uploads\/2014\/02\/Logo_groent_kontor_300x80.png\",\"contentUrl\":\"https:\/\/grontkontor.dk\/wp-content\/uploads\/2014\/02\/Logo_groent_kontor_300x80.png\",\"width\":300,\"height\":80,\"caption\":\"Gr\u00f8nt Kontor\"},\"image\":{\"@id\":\"https:\/\/grontkontor.dk\/#\/schema\/logo\/image\/\"},\"sameAs\":[\"https:\/\/www.facebook.com\/grontkontor.dk\/\"]}]}<\/script>\n<!-- \/ Yoast SEO Premium plugin. -->","yoast_head_json":{"title":"Event-Becher wiederverwendbar 500ml - Gr\u00f8nt Kontor","robots":{"index":"index","follow":"follow","max-snippet":"max-snippet:-1","max-image-preview":"max-image-preview:large","max-video-preview":"max-video-preview:-1"},"canonical":"https:\/\/grontkontor.dk\/de\/shop\/event-becher-wiederverwendbar-500ml\/","og_locale":"de_DE","og_type":"article","og_title":"Event-Becher wiederverwendbar 500ml","og_description":"Festivalbecher aus Kunststoff, der gewaschen und wiederverwendet werden kann. Der Becher besteht nicht aus recyceltem Kunststoff, sondern ist in den meisten F\u00e4llen eine nachhaltigere Alternative zu Einwegbechern. F\u00fcr individuelle Veranstaltungen empfehlen wir jedoch unsere plastikfreien Einwegbecher f\u00fcr Hei\u00dfgetr\u00e4nke (3 Gr\u00f6\u00dfen) oder plastikfreie Einwegbecher f\u00fcr Kaltgetr\u00e4nke (3 Gr\u00f6\u00dfen) Erh\u00e4ltlich in 3 verschiedenen Farben ohne Logodruck. Der [&hellip;]","og_url":"https:\/\/grontkontor.dk\/de\/shop\/event-becher-wiederverwendbar-500ml\/","og_site_name":"Gr\u00f8nt Kontor","article_publisher":"https:\/\/www.facebook.com\/grontkontor.dk\/","og_image":[{"width":900,"height":639,"url":"https:\/\/grontkontor.dk\/wp-content\/uploads\/2023\/11\/Festivalkrus-500ml-genanvendeligt-gennemsigtig.jpg","type":"image\/jpeg"}],"twitter_card":"summary_large_image","schema":{"@context":"https:\/\/schema.org","@graph":[{"@type":"WebPage","@id":"https:\/\/grontkontor.dk\/de\/shop\/event-becher-wiederverwendbar-500ml\/","url":"https:\/\/grontkontor.dk\/de\/shop\/event-becher-wiederverwendbar-500ml\/","name":"Event-Becher wiederverwendbar 500ml - Gr\u00f8nt Kontor","isPartOf":{"@id":"https:\/\/grontkontor.dk\/#website"},"datePublished":"2024-05-28T09:46:44+00:00","dateModified":"2024-05-28T09:46:44+00:00","breadcrumb":{"@id":"https:\/\/grontkontor.dk\/de\/shop\/event-becher-wiederverwendbar-500ml\/#breadcrumb"},"inLanguage":"de","potentialAction":[{"@type":"ReadAction","target":["https:\/\/grontkontor.dk\/de\/shop\/event-becher-wiederverwendbar-500ml\/"]}]},{"@type":"BreadcrumbList","@id":"https:\/\/grontkontor.dk\/de\/shop\/event-becher-wiederverwendbar-500ml\/#breadcrumb","itemListElement":[{"@type":"ListItem","position":1,"name":"Forside","item":"https:\/\/grontkontor.dk\/de\/"},{"@type":"ListItem","position":2,"name":"Laden","item":"https:\/\/grontkontor.dk\/de\/laden\/"},{"@type":"ListItem","position":3,"name":"Mad og drikke","item":"https:\/\/grontkontor.dk\/produkt-kategori\/mad-og-drikke\/"},{"@type":"ListItem","position":4,"name":"Krus, kopper mm.","item":"https:\/\/grontkontor.dk\/produkt-kategori\/mad-og-drikke\/to-go-krus-og-kopper\/"},{"@type":"ListItem","position":5,"name":"Event-Becher wiederverwendbar 500ml"}]},{"@type":"WebSite","@id":"https:\/\/grontkontor.dk\/#website","url":"https:\/\/grontkontor.dk\/","name":"Gr\u00f8nt Kontor","description":"Milj\u00f8venlige produkter til kontor og erhverv med fokus p\u00e5 b\u00e6redygtighed, design og fair trade.","publisher":{"@id":"https:\/\/grontkontor.dk\/#organization"},"potentialAction":[{"@type":"SearchAction","target":{"@type":"EntryPoint","urlTemplate":"https:\/\/grontkontor.dk\/?s={search_term_string}"},"query-input":"required name=search_term_string"}],"inLanguage":"de"},{"@type":"Organization","@id":"https:\/\/grontkontor.dk\/#organization","name":"Gr\u00f8nt Kontor","url":"https:\/\/grontkontor.dk\/","logo":{"@type":"ImageObject","inLanguage":"de","@id":"https:\/\/grontkontor.dk\/#\/schema\/logo\/image\/","url":"https:\/\/grontkontor.dk\/wp-content\/uploads\/2014\/02\/Logo_groent_kontor_300x80.png","contentUrl":"https:\/\/grontkontor.dk\/wp-content\/uploads\/2014\/02\/Logo_groent_kontor_300x80.png","width":300,"height":80,"caption":"Gr\u00f8nt Kontor"},"image":{"@id":"https:\/\/grontkontor.dk\/#\/schema\/logo\/image\/"},"sameAs":["https:\/\/www.facebook.com\/grontkontor.dk\/"]}]}},"_links":{"self":[{"href":"https:\/\/grontkontor.dk\/de\/wp-json\/wp\/v2\/product\/86472"}],"collection":[{"href":"https:\/\/grontkontor.dk\/de\/wp-json\/wp\/v2\/product"}],"about":[{"href":"https:\/\/grontkontor.dk\/de\/wp-json\/wp\/v2\/types\/product"}],"replies":[{"embeddable":true,"href":"https:\/\/grontkontor.dk\/de\/wp-json\/wp\/v2\/comments?post=86472"}],"wp:featuredmedia":[{"embeddable":true,"href":"https:\/\/grontkontor.dk\/de\/wp-json\/wp\/v2\/media\/86486"}],"wp:attachment":[{"href":"https:\/\/grontkontor.dk\/de\/wp-json\/wp\/v2\/media?parent=86472"}],"wp:term":[{"taxonomy":"product_cat","embeddable":true,"href":"https:\/\/grontkontor.dk\/de\/wp-json\/wp\/v2\/product_cat?post=86472"},{"taxonomy":"product_tag","embeddable":true,"href":"https:\/\/grontkontor.dk\/de\/wp-json\/wp\/v2\/product_tag?post=86472"}],"curies":[{"name":"wp","href":"https:\/\/api.w.org\/{rel}","templated":true}]}}