{"id":86588,"date":"2023-09-30T10:04:12","date_gmt":"2024-05-28T09:47:35","guid":{"rendered":"https:\/\/grontkontor.dk\/shop\/ausweishalter-lanyard-m-print\/"},"modified":"2024-05-28T11:47:35","modified_gmt":"2024-05-28T09:47:35","slug":"ausweishalter-lanyard-m-print","status":"publish","type":"product","link":"https:\/\/grontkontor.dk\/de\/shop\/ausweishalter-lanyard-m-print\/","title":{"rendered":"Namensschild f\u00fcr bedrucktes Schl\u00fcsselband"},"content":{"rendered":"<p>Umweltfreundliches Namensschild aus recyceltem Karton. Kann als Ausweis f\u00fcr ein Lanyard auf Messen verwendet werden &#8211; passt perfekt zu unseren anderen Lanyards, z.B <a class=\"light\" href=\"https:\/\/grontkontor.dk\/produkt\/keyhanger-i-kork-og-sukkerroerfibre\/\">. diesem Kork-Lanyard.<\/a><\/p>\n<p>Lieferung mit statischem Vollfarbdruck oder variablem Namensdruck mit bis zu 3 Variablen z.B. Name, Position und Firma. Hergestellt in D\u00e4nemark &#8211; Europa<br \/>\nPrint-to-Edge-Option.<\/p>\n<p>&nbsp;<\/p>\n<p>[papir]<\/p>\n<p>&nbsp;<\/p>\n<p>&nbsp;<\/p>\n<p><img loading=\"lazy\" decoding=\"async\" src=\"https:\/\/grontkontor.dk\/wp-content\/uploads\/2021\/02\/genbrug.jpg\" alt=\"Fremstillet af genbrugsmaterialer\" width=\"50\" height=\"50\" class=\"size-full wp-image-23031\" srcset=\"https:\/\/grontkontor.dk\/wp-content\/uploads\/2021\/02\/genbrug.jpg 199w, https:\/\/grontkontor.dk\/wp-content\/uploads\/2021\/02\/genbrug-100x100.jpg 100w\" sizes=\"(max-width: 50px) 100vw, 50px\" \/><img loading=\"lazy\" decoding=\"async\" class=\"size-medium wp-image-21008\" src=\"https:\/\/grontkontor.dk\/wp-content\/uploads\/2020\/11\/eu-flag_1-300x199.jpg\" alt=\"Fremstillet i EU\" width=\"76\" height=\"50\" srcset=\"https:\/\/grontkontor.dk\/wp-content\/uploads\/2020\/11\/eu-flag_1-300x199.jpg 300w, https:\/\/grontkontor.dk\/wp-content\/uploads\/2020\/11\/eu-flag_1.jpg 530w\" sizes=\"(max-width: 76px) 100vw, 76px\" \/><img loading=\"lazy\" decoding=\"async\" src=\"https:\/\/grontkontor.dk\/wp-content\/uploads\/2022\/04\/fremstillet-i-danmark.jpg\" alt=\"Fremstillet i dk danmark\" width=\"66\" height=\"50\" class=\"size-full wp-image-35747\" \/><\/p>\n<p>&nbsp;<\/p>\n","protected":false},"excerpt":{"rendered":"<p>Umweltfreundliches Namensschild aus recyceltem Karton. Kann als Ausweis f\u00fcr ein Lanyard auf Messen verwendet werden &#8211; passt perfekt zu unseren anderen Lanyards, z.B . diesem Kork-Lanyard. Lieferung mit statischem Vollfarbdruck oder variablem Namensdruck mit bis zu 3 Variablen z.B. Name, Position und Firma. Hergestellt in D\u00e4nemark &#8211; Europa Print-to-Edge-Option. &nbsp; [papir] &nbsp; &nbsp; &nbsp;<\/p>\n","protected":false},"featured_media":114193,"comment_status":"closed","ping_status":"closed","template":"","meta":{"_acf_changed":false},"product_cat":[3517,3084,3669],"product_tag":[3682,3679],"class_list":{"0":"post-86588","1":"product","2":"type-product","3":"status-publish","4":"has-post-thumbnail","6":"product_cat-dummy-moq-50-100-de","7":"product_cat-neuheiten","8":"product_cat-schluesselanhaenger-und-namensschilder","9":"product_tag-identitaetskarte","10":"product_tag-namensschild","11":"tm-has-options","13":"first","14":"instock","15":"taxable","16":"shipping-taxable","17":"purchasable","18":"product-type-simple"},"acf":[],"yoast_head":"<!-- This site is optimized with the Yoast SEO Premium plugin v21.2 (Yoast SEO v21.2) - https:\/\/yoast.com\/wordpress\/plugins\/seo\/ -->\n<title>Namensschild f\u00fcr bedrucktes Schl\u00fcsselband - Gr\u00f8nt Kontor<\/title>\n<meta name=\"robots\" content=\"index, follow, max-snippet:-1, max-image-preview:large, max-video-preview:-1\" \/>\n<link rel=\"canonical\" href=\"https:\/\/grontkontor.dk\/de\/shop\/ausweishalter-lanyard-m-print\/\" \/>\n<meta property=\"og:locale\" content=\"de_DE\" \/>\n<meta property=\"og:type\" content=\"article\" \/>\n<meta property=\"og:title\" content=\"Namensschild f\u00fcr bedrucktes Schl\u00fcsselband\" \/>\n<meta property=\"og:description\" content=\"Umweltfreundliches Namensschild aus recyceltem Karton. Kann als Ausweis f\u00fcr ein Lanyard auf Messen verwendet werden &#8211; passt perfekt zu unseren anderen Lanyards, z.B . diesem Kork-Lanyard. Lieferung mit statischem Vollfarbdruck oder variablem Namensdruck mit bis zu 3 Variablen z.B. Name, Position und Firma. Hergestellt in D\u00e4nemark &#8211; Europa Print-to-Edge-Option. &nbsp; [papir] &nbsp; &nbsp; &nbsp;\" \/>\n<meta property=\"og:url\" content=\"https:\/\/grontkontor.dk\/de\/shop\/ausweishalter-lanyard-m-print\/\" \/>\n<meta property=\"og:site_name\" content=\"Gr\u00f8nt Kontor\" \/>\n<meta property=\"article:publisher\" content=\"https:\/\/www.facebook.com\/grontkontor.dk\/\" \/>\n<meta property=\"og:image\" content=\"https:\/\/grontkontor.dk\/wp-content\/uploads\/2023\/09\/Miljoevenligt-navneskilt-i-genbrugspapir.jpg\" \/>\n\t<meta property=\"og:image:width\" content=\"900\" \/>\n\t<meta property=\"og:image:height\" content=\"639\" \/>\n\t<meta property=\"og:image:type\" content=\"image\/jpeg\" \/>\n<meta name=\"twitter:card\" content=\"summary_large_image\" \/>\n<script type=\"application\/ld+json\" class=\"yoast-schema-graph\">{\"@context\":\"https:\/\/schema.org\",\"@graph\":[{\"@type\":\"WebPage\",\"@id\":\"https:\/\/grontkontor.dk\/de\/shop\/ausweishalter-lanyard-m-print\/\",\"url\":\"https:\/\/grontkontor.dk\/de\/shop\/ausweishalter-lanyard-m-print\/\",\"name\":\"Namensschild f\u00fcr bedrucktes Schl\u00fcsselband - Gr\u00f8nt Kontor\",\"isPartOf\":{\"@id\":\"https:\/\/grontkontor.dk\/#website\"},\"datePublished\":\"2024-05-28T09:47:35+00:00\",\"dateModified\":\"2024-05-28T09:47:35+00:00\",\"breadcrumb\":{\"@id\":\"https:\/\/grontkontor.dk\/de\/shop\/ausweishalter-lanyard-m-print\/#breadcrumb\"},\"inLanguage\":\"de\",\"potentialAction\":[{\"@type\":\"ReadAction\",\"target\":[\"https:\/\/grontkontor.dk\/de\/shop\/ausweishalter-lanyard-m-print\/\"]}]},{\"@type\":\"BreadcrumbList\",\"@id\":\"https:\/\/grontkontor.dk\/de\/shop\/ausweishalter-lanyard-m-print\/#breadcrumb\",\"itemListElement\":[{\"@type\":\"ListItem\",\"position\":1,\"name\":\"Forside\",\"item\":\"https:\/\/grontkontor.dk\/de\/\"},{\"@type\":\"ListItem\",\"position\":2,\"name\":\"Laden\",\"item\":\"https:\/\/grontkontor.dk\/de\/laden\/\"},{\"@type\":\"ListItem\",\"position\":3,\"name\":\"Messe og event\",\"item\":\"https:\/\/grontkontor.dk\/produkt-kategori\/messe-og-event\/\"},{\"@type\":\"ListItem\",\"position\":4,\"name\":\"Keyhangers og navneskilte\",\"item\":\"https:\/\/grontkontor.dk\/produkt-kategori\/messe-og-event\/keyhangers-og-navneskilte\/\"},{\"@type\":\"ListItem\",\"position\":5,\"name\":\"Namensschild f\u00fcr bedrucktes Schl\u00fcsselband\"}]},{\"@type\":\"WebSite\",\"@id\":\"https:\/\/grontkontor.dk\/#website\",\"url\":\"https:\/\/grontkontor.dk\/\",\"name\":\"Gr\u00f8nt Kontor\",\"description\":\"Milj\u00f8venlige produkter til kontor og erhverv med fokus p\u00e5 b\u00e6redygtighed, design og fair trade.\",\"publisher\":{\"@id\":\"https:\/\/grontkontor.dk\/#organization\"},\"potentialAction\":[{\"@type\":\"SearchAction\",\"target\":{\"@type\":\"EntryPoint\",\"urlTemplate\":\"https:\/\/grontkontor.dk\/?s={search_term_string}\"},\"query-input\":\"required name=search_term_string\"}],\"inLanguage\":\"de\"},{\"@type\":\"Organization\",\"@id\":\"https:\/\/grontkontor.dk\/#organization\",\"name\":\"Gr\u00f8nt Kontor\",\"url\":\"https:\/\/grontkontor.dk\/\",\"logo\":{\"@type\":\"ImageObject\",\"inLanguage\":\"de\",\"@id\":\"https:\/\/grontkontor.dk\/#\/schema\/logo\/image\/\",\"url\":\"https:\/\/grontkontor.dk\/wp-content\/uploads\/2014\/02\/Logo_groent_kontor_300x80.png\",\"contentUrl\":\"https:\/\/grontkontor.dk\/wp-content\/uploads\/2014\/02\/Logo_groent_kontor_300x80.png\",\"width\":300,\"height\":80,\"caption\":\"Gr\u00f8nt Kontor\"},\"image\":{\"@id\":\"https:\/\/grontkontor.dk\/#\/schema\/logo\/image\/\"},\"sameAs\":[\"https:\/\/www.facebook.com\/grontkontor.dk\/\"]}]}<\/script>\n<!-- \/ Yoast SEO Premium plugin. -->","yoast_head_json":{"title":"Namensschild f\u00fcr bedrucktes Schl\u00fcsselband - Gr\u00f8nt Kontor","robots":{"index":"index","follow":"follow","max-snippet":"max-snippet:-1","max-image-preview":"max-image-preview:large","max-video-preview":"max-video-preview:-1"},"canonical":"https:\/\/grontkontor.dk\/de\/shop\/ausweishalter-lanyard-m-print\/","og_locale":"de_DE","og_type":"article","og_title":"Namensschild f\u00fcr bedrucktes Schl\u00fcsselband","og_description":"Umweltfreundliches Namensschild aus recyceltem Karton. Kann als Ausweis f\u00fcr ein Lanyard auf Messen verwendet werden &#8211; passt perfekt zu unseren anderen Lanyards, z.B . diesem Kork-Lanyard. Lieferung mit statischem Vollfarbdruck oder variablem Namensdruck mit bis zu 3 Variablen z.B. Name, Position und Firma. Hergestellt in D\u00e4nemark &#8211; Europa Print-to-Edge-Option. &nbsp; [papir] &nbsp; &nbsp; &nbsp;","og_url":"https:\/\/grontkontor.dk\/de\/shop\/ausweishalter-lanyard-m-print\/","og_site_name":"Gr\u00f8nt Kontor","article_publisher":"https:\/\/www.facebook.com\/grontkontor.dk\/","og_image":[{"width":900,"height":639,"url":"https:\/\/grontkontor.dk\/wp-content\/uploads\/2023\/09\/Miljoevenligt-navneskilt-i-genbrugspapir.jpg","type":"image\/jpeg"}],"twitter_card":"summary_large_image","schema":{"@context":"https:\/\/schema.org","@graph":[{"@type":"WebPage","@id":"https:\/\/grontkontor.dk\/de\/shop\/ausweishalter-lanyard-m-print\/","url":"https:\/\/grontkontor.dk\/de\/shop\/ausweishalter-lanyard-m-print\/","name":"Namensschild f\u00fcr bedrucktes Schl\u00fcsselband - Gr\u00f8nt Kontor","isPartOf":{"@id":"https:\/\/grontkontor.dk\/#website"},"datePublished":"2024-05-28T09:47:35+00:00","dateModified":"2024-05-28T09:47:35+00:00","breadcrumb":{"@id":"https:\/\/grontkontor.dk\/de\/shop\/ausweishalter-lanyard-m-print\/#breadcrumb"},"inLanguage":"de","potentialAction":[{"@type":"ReadAction","target":["https:\/\/grontkontor.dk\/de\/shop\/ausweishalter-lanyard-m-print\/"]}]},{"@type":"BreadcrumbList","@id":"https:\/\/grontkontor.dk\/de\/shop\/ausweishalter-lanyard-m-print\/#breadcrumb","itemListElement":[{"@type":"ListItem","position":1,"name":"Forside","item":"https:\/\/grontkontor.dk\/de\/"},{"@type":"ListItem","position":2,"name":"Laden","item":"https:\/\/grontkontor.dk\/de\/laden\/"},{"@type":"ListItem","position":3,"name":"Messe og event","item":"https:\/\/grontkontor.dk\/produkt-kategori\/messe-og-event\/"},{"@type":"ListItem","position":4,"name":"Keyhangers og navneskilte","item":"https:\/\/grontkontor.dk\/produkt-kategori\/messe-og-event\/keyhangers-og-navneskilte\/"},{"@type":"ListItem","position":5,"name":"Namensschild f\u00fcr bedrucktes Schl\u00fcsselband"}]},{"@type":"WebSite","@id":"https:\/\/grontkontor.dk\/#website","url":"https:\/\/grontkontor.dk\/","name":"Gr\u00f8nt Kontor","description":"Milj\u00f8venlige produkter til kontor og erhverv med fokus p\u00e5 b\u00e6redygtighed, design og fair trade.","publisher":{"@id":"https:\/\/grontkontor.dk\/#organization"},"potentialAction":[{"@type":"SearchAction","target":{"@type":"EntryPoint","urlTemplate":"https:\/\/grontkontor.dk\/?s={search_term_string}"},"query-input":"required name=search_term_string"}],"inLanguage":"de"},{"@type":"Organization","@id":"https:\/\/grontkontor.dk\/#organization","name":"Gr\u00f8nt Kontor","url":"https:\/\/grontkontor.dk\/","logo":{"@type":"ImageObject","inLanguage":"de","@id":"https:\/\/grontkontor.dk\/#\/schema\/logo\/image\/","url":"https:\/\/grontkontor.dk\/wp-content\/uploads\/2014\/02\/Logo_groent_kontor_300x80.png","contentUrl":"https:\/\/grontkontor.dk\/wp-content\/uploads\/2014\/02\/Logo_groent_kontor_300x80.png","width":300,"height":80,"caption":"Gr\u00f8nt Kontor"},"image":{"@id":"https:\/\/grontkontor.dk\/#\/schema\/logo\/image\/"},"sameAs":["https:\/\/www.facebook.com\/grontkontor.dk\/"]}]}},"_links":{"self":[{"href":"https:\/\/grontkontor.dk\/de\/wp-json\/wp\/v2\/product\/86588"}],"collection":[{"href":"https:\/\/grontkontor.dk\/de\/wp-json\/wp\/v2\/product"}],"about":[{"href":"https:\/\/grontkontor.dk\/de\/wp-json\/wp\/v2\/types\/product"}],"replies":[{"embeddable":true,"href":"https:\/\/grontkontor.dk\/de\/wp-json\/wp\/v2\/comments?post=86588"}],"wp:featuredmedia":[{"embeddable":true,"href":"https:\/\/grontkontor.dk\/de\/wp-json\/wp\/v2\/media\/114193"}],"wp:attachment":[{"href":"https:\/\/grontkontor.dk\/de\/wp-json\/wp\/v2\/media?parent=86588"}],"wp:term":[{"taxonomy":"product_cat","embeddable":true,"href":"https:\/\/grontkontor.dk\/de\/wp-json\/wp\/v2\/product_cat?post=86588"},{"taxonomy":"product_tag","embeddable":true,"href":"https:\/\/grontkontor.dk\/de\/wp-json\/wp\/v2\/product_tag?post=86588"}],"curies":[{"name":"wp","href":"https:\/\/api.w.org\/{rel}","templated":true}]}}