{"id":86701,"date":"2023-09-30T10:02:26","date_gmt":"2024-05-28T09:47:41","guid":{"rendered":"https:\/\/grontkontor.dk\/shop\/plastikfreier-pappbecher-logo-aufdruck-24cl\/"},"modified":"2024-05-28T11:47:41","modified_gmt":"2024-05-28T09:47:41","slug":"plastikfreier-pappbecher-logo-aufdruck-24cl","status":"publish","type":"product","link":"https:\/\/grontkontor.dk\/de\/shop\/plastikfreier-pappbecher-logo-aufdruck-24cl\/","title":{"rendered":"Plastikfreier Pappbecher f\u00fcr Hei\u00dfgetr\u00e4nke mit Logodruck 24cl"},"content":{"rendered":"<p>Paper2Paper Mehrweg-Pappbecher aus Papier mit Wasserbeschichtung und Au\u00dfenw\u00e4nden aus Recyclingkarton. Die Pappbecher k\u00f6nnen mit gew\u00f6hnlichem Papierm\u00fcll recycelt werden.<\/p>\n<p>Die Becher sind doppelwandig und somit besonders f\u00fcr Hei\u00dfgetr\u00e4nke geeignet. W\u00e4hlen Sie zwischen matter und gl\u00e4nzender Oberfl\u00e4che &#8211; der Preis ist derselbe. Deckel aus Bagasse &#8211; biologisch abbaubaren Zuckerrohrfasern &#8211; k\u00f6nnen Sie separat ausw\u00e4hlen.<\/p>\n<p>Der Pappbecher ist [food-c] ein klima- und umweltfreundliches Produkt, das in der EU hergestellt und f\u00fcr diesen Zweck zugelassen ist.<\/p>\n<p>HINWEIS: Der Preis ist inkl. Inbetriebnahme und vollfarbiger Logodruck. Sie machen nur die &#8220;flachen&#8221; Designs, und wir k\u00fcmmern uns um den Rest.<\/p>\n<p>Hervorragende Qualit\u00e4t, super g\u00fcnstig und dazu noch klimafreundlich &#8211; win win win.<\/p>\n<p>Hergestellt aus ca. 40% recycelten Materialien. Entsorgung: Kann mit dem allgemeinen Papierabfall recycelt werden.<br \/>\n<img loading=\"lazy\" decoding=\"async\" src=\"https:\/\/grontkontor.dk\/wp-content\/uploads\/2020\/03\/recycable_paper_certificate_2020.jpg\" alt=\"Recyclable paper certificate\" width=\"50\" height=\"50\" class=\"size-full wp-image-35728\" srcset=\"https:\/\/grontkontor.dk\/wp-content\/uploads\/2020\/03\/recycable_paper_certificate_2020.jpg 146w, https:\/\/grontkontor.dk\/wp-content\/uploads\/2020\/03\/recycable_paper_certificate_2020-100x100.jpg 100w\" sizes=\"(max-width: 50px) 100vw, 50px\" \/> <img loading=\"lazy\" decoding=\"async\" class=\"size-medium wp-image-21008\" src=\"https:\/\/grontkontor.dk\/wp-content\/uploads\/2020\/11\/eu-flag_1-300x199.jpg\" alt=\"Fremstillet i EU\" width=\"76\" height=\"50\" srcset=\"https:\/\/grontkontor.dk\/wp-content\/uploads\/2020\/11\/eu-flag_1-300x199.jpg 300w, https:\/\/grontkontor.dk\/wp-content\/uploads\/2020\/11\/eu-flag_1.jpg 530w\" sizes=\"(max-width: 76px) 100vw, 76px\" \/><\/p>\n","protected":false},"excerpt":{"rendered":"<p>Paper2Paper Mehrweg-Pappbecher aus Papier mit Wasserbeschichtung und Au\u00dfenw\u00e4nden aus Recyclingkarton. Die Pappbecher k\u00f6nnen mit gew\u00f6hnlichem Papierm\u00fcll recycelt werden. Die Becher sind doppelwandig und somit besonders f\u00fcr Hei\u00dfgetr\u00e4nke geeignet. W\u00e4hlen Sie zwischen matter und gl\u00e4nzender Oberfl\u00e4che &#8211; der Preis ist derselbe. Deckel aus Bagasse &#8211; biologisch abbaubaren Zuckerrohrfasern &#8211; k\u00f6nnen Sie separat ausw\u00e4hlen. Der Pappbecher ist [&hellip;]<\/p>\n","protected":false},"featured_media":113089,"comment_status":"closed","ping_status":"closed","template":"","meta":{"_acf_changed":false},"product_cat":[3662,3696,3084],"product_tag":[3698,3697],"class_list":{"0":"post-86701","1":"product","2":"type-product","3":"status-publish","4":"has-post-thumbnail","6":"product_cat-becher-und-tassen-fuer-die-messe","7":"product_cat-einweg-becher","8":"product_cat-neuheiten","9":"product_tag-einwegbecher","10":"product_tag-pappbecher","11":"tm-has-options","13":"first","14":"instock","15":"taxable","16":"shipping-taxable","17":"purchasable","18":"product-type-simple"},"acf":[],"yoast_head":"<!-- This site is optimized with the Yoast SEO Premium plugin v21.2 (Yoast SEO v21.2) - https:\/\/yoast.com\/wordpress\/plugins\/seo\/ -->\n<title>Plastikfreier Pappbecher f\u00fcr Hei\u00dfgetr\u00e4nke mit Logodruck 24cl - Gr\u00f8nt Kontor<\/title>\n<meta name=\"robots\" content=\"index, follow, max-snippet:-1, max-image-preview:large, max-video-preview:-1\" \/>\n<link rel=\"canonical\" href=\"https:\/\/grontkontor.dk\/shop\/plastfrit-papkrus-logotryk-24cl\/\" \/>\n<meta property=\"og:locale\" content=\"de_DE\" \/>\n<meta property=\"og:type\" content=\"article\" \/>\n<meta property=\"og:title\" content=\"Plastikfreier Pappbecher f\u00fcr Hei\u00dfgetr\u00e4nke mit Logodruck 24cl\" \/>\n<meta property=\"og:description\" content=\"Paper2Paper Mehrweg-Pappbecher aus Papier mit Wasserbeschichtung und Au\u00dfenw\u00e4nden aus Recyclingkarton. Die Pappbecher k\u00f6nnen mit gew\u00f6hnlichem Papierm\u00fcll recycelt werden. Die Becher sind doppelwandig und somit besonders f\u00fcr Hei\u00dfgetr\u00e4nke geeignet. W\u00e4hlen Sie zwischen matter und gl\u00e4nzender Oberfl\u00e4che &#8211; der Preis ist derselbe. Deckel aus Bagasse &#8211; biologisch abbaubaren Zuckerrohrfasern &#8211; k\u00f6nnen Sie separat ausw\u00e4hlen. Der Pappbecher ist [&hellip;]\" \/>\n<meta property=\"og:url\" content=\"https:\/\/grontkontor.dk\/shop\/plastfrit-papkrus-logotryk-24cl\/\" \/>\n<meta property=\"og:site_name\" content=\"Gr\u00f8nt Kontor\" \/>\n<meta property=\"article:publisher\" content=\"https:\/\/www.facebook.com\/grontkontor.dk\/\" \/>\n<meta property=\"og:image\" content=\"https:\/\/grontkontor.dk\/wp-content\/uploads\/2019\/03\/Dobbeltvaegget_papbaeger_23cl-3.jpg\" \/>\n\t<meta property=\"og:image:width\" content=\"800\" \/>\n\t<meta property=\"og:image:height\" content=\"568\" \/>\n\t<meta property=\"og:image:type\" content=\"image\/jpeg\" \/>\n<meta name=\"twitter:card\" content=\"summary_large_image\" \/>\n<meta name=\"twitter:label1\" content=\"Gesch\u00e4tzte Lesezeit\" \/>\n\t<meta name=\"twitter:data1\" content=\"1\u00a0Minute\" \/>\n<script type=\"application\/ld+json\" class=\"yoast-schema-graph\">{\"@context\":\"https:\/\/schema.org\",\"@graph\":[{\"@type\":\"WebPage\",\"@id\":\"https:\/\/grontkontor.dk\/shop\/plastfrit-papkrus-logotryk-24cl\/\",\"url\":\"https:\/\/grontkontor.dk\/shop\/plastfrit-papkrus-logotryk-24cl\/\",\"name\":\"Plastikfreier Pappbecher f\u00fcr Hei\u00dfgetr\u00e4nke mit Logodruck 24cl - Gr\u00f8nt Kontor\",\"isPartOf\":{\"@id\":\"https:\/\/grontkontor.dk\/#website\"},\"datePublished\":\"2024-05-28T09:47:41+00:00\",\"dateModified\":\"2024-05-28T09:47:41+00:00\",\"breadcrumb\":{\"@id\":\"https:\/\/grontkontor.dk\/shop\/plastfrit-papkrus-logotryk-24cl\/#breadcrumb\"},\"inLanguage\":\"de\",\"potentialAction\":[{\"@type\":\"ReadAction\",\"target\":[\"https:\/\/grontkontor.dk\/shop\/plastfrit-papkrus-logotryk-24cl\/\"]}]},{\"@type\":\"BreadcrumbList\",\"@id\":\"https:\/\/grontkontor.dk\/shop\/plastfrit-papkrus-logotryk-24cl\/#breadcrumb\",\"itemListElement\":[{\"@type\":\"ListItem\",\"position\":1,\"name\":\"Forside\",\"item\":\"https:\/\/grontkontor.dk\/de\/\"},{\"@type\":\"ListItem\",\"position\":2,\"name\":\"Laden\",\"item\":\"https:\/\/grontkontor.dk\/de\/laden\/\"},{\"@type\":\"ListItem\",\"position\":3,\"name\":\"Messe und Event\",\"item\":\"https:\/\/grontkontor.dk\/de\/produkt-kategori\/messe-und-event\/\"},{\"@type\":\"ListItem\",\"position\":4,\"name\":\"Becher und Tassen f\u00fcr die Messe\",\"item\":\"https:\/\/grontkontor.dk\/de\/produkt-kategori\/messe-und-event\/becher-und-tassen-fuer-die-messe\/\"},{\"@type\":\"ListItem\",\"position\":5,\"name\":\"Plastikfreier Pappbecher f\u00fcr Hei\u00dfgetr\u00e4nke mit Logodruck 24cl\"}]},{\"@type\":\"WebSite\",\"@id\":\"https:\/\/grontkontor.dk\/#website\",\"url\":\"https:\/\/grontkontor.dk\/\",\"name\":\"Gr\u00f8nt Kontor\",\"description\":\"Milj\u00f8venlige produkter til kontor og erhverv med fokus p\u00e5 b\u00e6redygtighed, design og fair trade.\",\"publisher\":{\"@id\":\"https:\/\/grontkontor.dk\/#organization\"},\"potentialAction\":[{\"@type\":\"SearchAction\",\"target\":{\"@type\":\"EntryPoint\",\"urlTemplate\":\"https:\/\/grontkontor.dk\/?s={search_term_string}\"},\"query-input\":\"required name=search_term_string\"}],\"inLanguage\":\"de\"},{\"@type\":\"Organization\",\"@id\":\"https:\/\/grontkontor.dk\/#organization\",\"name\":\"Gr\u00f8nt Kontor\",\"url\":\"https:\/\/grontkontor.dk\/\",\"logo\":{\"@type\":\"ImageObject\",\"inLanguage\":\"de\",\"@id\":\"https:\/\/grontkontor.dk\/#\/schema\/logo\/image\/\",\"url\":\"https:\/\/grontkontor.dk\/wp-content\/uploads\/2014\/02\/Logo_groent_kontor_300x80.png\",\"contentUrl\":\"https:\/\/grontkontor.dk\/wp-content\/uploads\/2014\/02\/Logo_groent_kontor_300x80.png\",\"width\":300,\"height\":80,\"caption\":\"Gr\u00f8nt Kontor\"},\"image\":{\"@id\":\"https:\/\/grontkontor.dk\/#\/schema\/logo\/image\/\"},\"sameAs\":[\"https:\/\/www.facebook.com\/grontkontor.dk\/\"]}]}<\/script>\n<!-- \/ Yoast SEO Premium plugin. -->","yoast_head_json":{"title":"Plastikfreier Pappbecher f\u00fcr Hei\u00dfgetr\u00e4nke mit Logodruck 24cl - Gr\u00f8nt Kontor","robots":{"index":"index","follow":"follow","max-snippet":"max-snippet:-1","max-image-preview":"max-image-preview:large","max-video-preview":"max-video-preview:-1"},"canonical":"https:\/\/grontkontor.dk\/shop\/plastfrit-papkrus-logotryk-24cl\/","og_locale":"de_DE","og_type":"article","og_title":"Plastikfreier Pappbecher f\u00fcr Hei\u00dfgetr\u00e4nke mit Logodruck 24cl","og_description":"Paper2Paper Mehrweg-Pappbecher aus Papier mit Wasserbeschichtung und Au\u00dfenw\u00e4nden aus Recyclingkarton. Die Pappbecher k\u00f6nnen mit gew\u00f6hnlichem Papierm\u00fcll recycelt werden. Die Becher sind doppelwandig und somit besonders f\u00fcr Hei\u00dfgetr\u00e4nke geeignet. W\u00e4hlen Sie zwischen matter und gl\u00e4nzender Oberfl\u00e4che &#8211; der Preis ist derselbe. Deckel aus Bagasse &#8211; biologisch abbaubaren Zuckerrohrfasern &#8211; k\u00f6nnen Sie separat ausw\u00e4hlen. Der Pappbecher ist [&hellip;]","og_url":"https:\/\/grontkontor.dk\/shop\/plastfrit-papkrus-logotryk-24cl\/","og_site_name":"Gr\u00f8nt Kontor","article_publisher":"https:\/\/www.facebook.com\/grontkontor.dk\/","og_image":[{"width":800,"height":568,"url":"https:\/\/grontkontor.dk\/wp-content\/uploads\/2019\/03\/Dobbeltvaegget_papbaeger_23cl-3.jpg","type":"image\/jpeg"}],"twitter_card":"summary_large_image","twitter_misc":{"Gesch\u00e4tzte Lesezeit":"1\u00a0Minute"},"schema":{"@context":"https:\/\/schema.org","@graph":[{"@type":"WebPage","@id":"https:\/\/grontkontor.dk\/shop\/plastfrit-papkrus-logotryk-24cl\/","url":"https:\/\/grontkontor.dk\/shop\/plastfrit-papkrus-logotryk-24cl\/","name":"Plastikfreier Pappbecher f\u00fcr Hei\u00dfgetr\u00e4nke mit Logodruck 24cl - Gr\u00f8nt Kontor","isPartOf":{"@id":"https:\/\/grontkontor.dk\/#website"},"datePublished":"2024-05-28T09:47:41+00:00","dateModified":"2024-05-28T09:47:41+00:00","breadcrumb":{"@id":"https:\/\/grontkontor.dk\/shop\/plastfrit-papkrus-logotryk-24cl\/#breadcrumb"},"inLanguage":"de","potentialAction":[{"@type":"ReadAction","target":["https:\/\/grontkontor.dk\/shop\/plastfrit-papkrus-logotryk-24cl\/"]}]},{"@type":"BreadcrumbList","@id":"https:\/\/grontkontor.dk\/shop\/plastfrit-papkrus-logotryk-24cl\/#breadcrumb","itemListElement":[{"@type":"ListItem","position":1,"name":"Forside","item":"https:\/\/grontkontor.dk\/de\/"},{"@type":"ListItem","position":2,"name":"Laden","item":"https:\/\/grontkontor.dk\/de\/laden\/"},{"@type":"ListItem","position":3,"name":"Messe und Event","item":"https:\/\/grontkontor.dk\/de\/produkt-kategori\/messe-und-event\/"},{"@type":"ListItem","position":4,"name":"Becher und Tassen f\u00fcr die Messe","item":"https:\/\/grontkontor.dk\/de\/produkt-kategori\/messe-und-event\/becher-und-tassen-fuer-die-messe\/"},{"@type":"ListItem","position":5,"name":"Plastikfreier Pappbecher f\u00fcr Hei\u00dfgetr\u00e4nke mit Logodruck 24cl"}]},{"@type":"WebSite","@id":"https:\/\/grontkontor.dk\/#website","url":"https:\/\/grontkontor.dk\/","name":"Gr\u00f8nt Kontor","description":"Milj\u00f8venlige produkter til kontor og erhverv med fokus p\u00e5 b\u00e6redygtighed, design og fair trade.","publisher":{"@id":"https:\/\/grontkontor.dk\/#organization"},"potentialAction":[{"@type":"SearchAction","target":{"@type":"EntryPoint","urlTemplate":"https:\/\/grontkontor.dk\/?s={search_term_string}"},"query-input":"required name=search_term_string"}],"inLanguage":"de"},{"@type":"Organization","@id":"https:\/\/grontkontor.dk\/#organization","name":"Gr\u00f8nt Kontor","url":"https:\/\/grontkontor.dk\/","logo":{"@type":"ImageObject","inLanguage":"de","@id":"https:\/\/grontkontor.dk\/#\/schema\/logo\/image\/","url":"https:\/\/grontkontor.dk\/wp-content\/uploads\/2014\/02\/Logo_groent_kontor_300x80.png","contentUrl":"https:\/\/grontkontor.dk\/wp-content\/uploads\/2014\/02\/Logo_groent_kontor_300x80.png","width":300,"height":80,"caption":"Gr\u00f8nt Kontor"},"image":{"@id":"https:\/\/grontkontor.dk\/#\/schema\/logo\/image\/"},"sameAs":["https:\/\/www.facebook.com\/grontkontor.dk\/"]}]}},"_links":{"self":[{"href":"https:\/\/grontkontor.dk\/de\/wp-json\/wp\/v2\/product\/86701"}],"collection":[{"href":"https:\/\/grontkontor.dk\/de\/wp-json\/wp\/v2\/product"}],"about":[{"href":"https:\/\/grontkontor.dk\/de\/wp-json\/wp\/v2\/types\/product"}],"replies":[{"embeddable":true,"href":"https:\/\/grontkontor.dk\/de\/wp-json\/wp\/v2\/comments?post=86701"}],"wp:featuredmedia":[{"embeddable":true,"href":"https:\/\/grontkontor.dk\/de\/wp-json\/wp\/v2\/media\/113089"}],"wp:attachment":[{"href":"https:\/\/grontkontor.dk\/de\/wp-json\/wp\/v2\/media?parent=86701"}],"wp:term":[{"taxonomy":"product_cat","embeddable":true,"href":"https:\/\/grontkontor.dk\/de\/wp-json\/wp\/v2\/product_cat?post=86701"},{"taxonomy":"product_tag","embeddable":true,"href":"https:\/\/grontkontor.dk\/de\/wp-json\/wp\/v2\/product_tag?post=86701"}],"curies":[{"name":"wp","href":"https:\/\/api.w.org\/{rel}","templated":true}]}}