{"id":86822,"date":"2023-09-22T14:06:53","date_gmt":"2024-05-28T09:48:34","guid":{"rendered":"https:\/\/grontkontor.dk\/shop\/haftnotizen-block-bambus\/"},"modified":"2024-05-28T11:48:34","modified_gmt":"2024-05-28T09:48:34","slug":"haftnotizen-block-bambus","status":"publish","type":"product","link":"https:\/\/grontkontor.dk\/de\/shop\/haftnotizen-block-bambus\/","title":{"rendered":"Haftnotizblock aus Bambus"},"content":{"rendered":"<p>Notizblock mit 80 Seiten. Hardcover aus umweltfreundlichem Bambus und Schnur aus Jutefasern. Ein klimafreundliches, robustes, leichtes Notebook.<\/p>\n<p>Die Seiten sind wie Haftnotizen.<\/p>\n<p>Hardcover und ungef\u00fcttert. Die Seiten messen 2,9 x 5,9 cm<\/p>\n<p>Ein exklusives und einzigartiges Produkt, das sich gut f\u00fcr Messen, Konferenzen, Veranstaltungen, als Firmengeschenk oder Werbegeschenk eignet.<\/p>\n<p>&nbsp;<\/p>\n<p>[bambus]<\/p>\n","protected":false},"excerpt":{"rendered":"<p>Notizblock mit 80 Seiten. Hardcover aus umweltfreundlichem Bambus und Schnur aus Jutefasern. Ein klimafreundliches, robustes, leichtes Notebook. Die Seiten sind wie Haftnotizen. Hardcover und ungef\u00fcttert. Die Seiten messen 2,9 x 5,9 cm Ein exklusives und einzigartiges Produkt, das sich gut f\u00fcr Messen, Konferenzen, Veranstaltungen, als Firmengeschenk oder Werbegeschenk eignet. &nbsp; [bambus]<\/p>\n","protected":false},"featured_media":86827,"comment_status":"closed","ping_status":"closed","template":"","meta":{"_acf_changed":false},"product_cat":[3325,3084,3728,3604],"product_tag":[3732,3729,3608],"class_list":{"0":"post-86822","1":"product","2":"type-product","3":"status-publish","4":"has-post-thumbnail","6":"product_cat-dummy-moq-1-de","7":"product_cat-neuheiten","8":"product_cat-notizbloecke","9":"product_cat-papier-und-bloecke","10":"product_tag-haftnotizen","11":"product_tag-notizblock","12":"product_tag-notizbuch","13":"tm-has-options","15":"first","16":"instock","17":"taxable","18":"shipping-taxable","19":"purchasable","20":"product-type-simple"},"acf":[],"yoast_head":"<!-- This site is optimized with the Yoast SEO Premium plugin v21.2 (Yoast SEO v21.2) - https:\/\/yoast.com\/wordpress\/plugins\/seo\/ -->\n<title>Haftnotizblock aus Bambus - Gr\u00f8nt Kontor<\/title>\n<meta name=\"robots\" content=\"index, follow, max-snippet:-1, max-image-preview:large, max-video-preview:-1\" \/>\n<link rel=\"canonical\" href=\"https:\/\/grontkontor.dk\/shop\/sticky-notes-blok-bambus\/\" \/>\n<meta property=\"og:locale\" content=\"de_DE\" \/>\n<meta property=\"og:type\" content=\"article\" \/>\n<meta property=\"og:title\" content=\"Haftnotizblock aus Bambus\" \/>\n<meta property=\"og:description\" content=\"Notizblock mit 80 Seiten. Hardcover aus umweltfreundlichem Bambus und Schnur aus Jutefasern. Ein klimafreundliches, robustes, leichtes Notebook. Die Seiten sind wie Haftnotizen. Hardcover und ungef\u00fcttert. Die Seiten messen 2,9 x 5,9 cm Ein exklusives und einzigartiges Produkt, das sich gut f\u00fcr Messen, Konferenzen, Veranstaltungen, als Firmengeschenk oder Werbegeschenk eignet. &nbsp; [bambus]\" \/>\n<meta property=\"og:url\" content=\"https:\/\/grontkontor.dk\/shop\/sticky-notes-blok-bambus\/\" \/>\n<meta property=\"og:site_name\" content=\"Gr\u00f8nt Kontor\" \/>\n<meta property=\"article:publisher\" content=\"https:\/\/www.facebook.com\/grontkontor.dk\/\" \/>\n<meta property=\"og:image\" content=\"https:\/\/grontkontor.dk\/wp-content\/uploads\/2023\/09\/Miljoevenlig-notesblok-i-bambus.jpg\" \/>\n\t<meta property=\"og:image:width\" content=\"900\" \/>\n\t<meta property=\"og:image:height\" content=\"639\" \/>\n\t<meta property=\"og:image:type\" content=\"image\/jpeg\" \/>\n<meta name=\"twitter:card\" content=\"summary_large_image\" \/>\n<script type=\"application\/ld+json\" class=\"yoast-schema-graph\">{\"@context\":\"https:\/\/schema.org\",\"@graph\":[{\"@type\":\"WebPage\",\"@id\":\"https:\/\/grontkontor.dk\/shop\/sticky-notes-blok-bambus\/\",\"url\":\"https:\/\/grontkontor.dk\/shop\/sticky-notes-blok-bambus\/\",\"name\":\"Haftnotizblock aus Bambus - Gr\u00f8nt Kontor\",\"isPartOf\":{\"@id\":\"https:\/\/grontkontor.dk\/#website\"},\"datePublished\":\"2024-05-28T09:48:34+00:00\",\"dateModified\":\"2024-05-28T09:48:34+00:00\",\"breadcrumb\":{\"@id\":\"https:\/\/grontkontor.dk\/shop\/sticky-notes-blok-bambus\/#breadcrumb\"},\"inLanguage\":\"de\",\"potentialAction\":[{\"@type\":\"ReadAction\",\"target\":[\"https:\/\/grontkontor.dk\/shop\/sticky-notes-blok-bambus\/\"]}]},{\"@type\":\"BreadcrumbList\",\"@id\":\"https:\/\/grontkontor.dk\/shop\/sticky-notes-blok-bambus\/#breadcrumb\",\"itemListElement\":[{\"@type\":\"ListItem\",\"position\":1,\"name\":\"Forside\",\"item\":\"https:\/\/grontkontor.dk\/de\/\"},{\"@type\":\"ListItem\",\"position\":2,\"name\":\"Laden\",\"item\":\"https:\/\/grontkontor.dk\/de\/laden\/\"},{\"@type\":\"ListItem\",\"position\":3,\"name\":\"Papier und Bl\u00f6cke\",\"item\":\"https:\/\/grontkontor.dk\/de\/produkt-kategori\/papier-und-bloecke\/\"},{\"@type\":\"ListItem\",\"position\":4,\"name\":\"Notizbl\u00f6cke\",\"item\":\"https:\/\/grontkontor.dk\/de\/produkt-kategori\/papier-und-bloecke\/notizbloecke\/\"},{\"@type\":\"ListItem\",\"position\":5,\"name\":\"Haftnotizblock aus Bambus\"}]},{\"@type\":\"WebSite\",\"@id\":\"https:\/\/grontkontor.dk\/#website\",\"url\":\"https:\/\/grontkontor.dk\/\",\"name\":\"Gr\u00f8nt Kontor\",\"description\":\"Milj\u00f8venlige produkter til kontor og erhverv med fokus p\u00e5 b\u00e6redygtighed, design og fair trade.\",\"publisher\":{\"@id\":\"https:\/\/grontkontor.dk\/#organization\"},\"potentialAction\":[{\"@type\":\"SearchAction\",\"target\":{\"@type\":\"EntryPoint\",\"urlTemplate\":\"https:\/\/grontkontor.dk\/?s={search_term_string}\"},\"query-input\":\"required name=search_term_string\"}],\"inLanguage\":\"de\"},{\"@type\":\"Organization\",\"@id\":\"https:\/\/grontkontor.dk\/#organization\",\"name\":\"Gr\u00f8nt Kontor\",\"url\":\"https:\/\/grontkontor.dk\/\",\"logo\":{\"@type\":\"ImageObject\",\"inLanguage\":\"de\",\"@id\":\"https:\/\/grontkontor.dk\/#\/schema\/logo\/image\/\",\"url\":\"https:\/\/grontkontor.dk\/wp-content\/uploads\/2014\/02\/Logo_groent_kontor_300x80.png\",\"contentUrl\":\"https:\/\/grontkontor.dk\/wp-content\/uploads\/2014\/02\/Logo_groent_kontor_300x80.png\",\"width\":300,\"height\":80,\"caption\":\"Gr\u00f8nt Kontor\"},\"image\":{\"@id\":\"https:\/\/grontkontor.dk\/#\/schema\/logo\/image\/\"},\"sameAs\":[\"https:\/\/www.facebook.com\/grontkontor.dk\/\"]}]}<\/script>\n<!-- \/ Yoast SEO Premium plugin. -->","yoast_head_json":{"title":"Haftnotizblock aus Bambus - Gr\u00f8nt Kontor","robots":{"index":"index","follow":"follow","max-snippet":"max-snippet:-1","max-image-preview":"max-image-preview:large","max-video-preview":"max-video-preview:-1"},"canonical":"https:\/\/grontkontor.dk\/shop\/sticky-notes-blok-bambus\/","og_locale":"de_DE","og_type":"article","og_title":"Haftnotizblock aus Bambus","og_description":"Notizblock mit 80 Seiten. Hardcover aus umweltfreundlichem Bambus und Schnur aus Jutefasern. Ein klimafreundliches, robustes, leichtes Notebook. Die Seiten sind wie Haftnotizen. Hardcover und ungef\u00fcttert. Die Seiten messen 2,9 x 5,9 cm Ein exklusives und einzigartiges Produkt, das sich gut f\u00fcr Messen, Konferenzen, Veranstaltungen, als Firmengeschenk oder Werbegeschenk eignet. &nbsp; [bambus]","og_url":"https:\/\/grontkontor.dk\/shop\/sticky-notes-blok-bambus\/","og_site_name":"Gr\u00f8nt Kontor","article_publisher":"https:\/\/www.facebook.com\/grontkontor.dk\/","og_image":[{"width":900,"height":639,"url":"https:\/\/grontkontor.dk\/wp-content\/uploads\/2023\/09\/Miljoevenlig-notesblok-i-bambus.jpg","type":"image\/jpeg"}],"twitter_card":"summary_large_image","schema":{"@context":"https:\/\/schema.org","@graph":[{"@type":"WebPage","@id":"https:\/\/grontkontor.dk\/shop\/sticky-notes-blok-bambus\/","url":"https:\/\/grontkontor.dk\/shop\/sticky-notes-blok-bambus\/","name":"Haftnotizblock aus Bambus - Gr\u00f8nt Kontor","isPartOf":{"@id":"https:\/\/grontkontor.dk\/#website"},"datePublished":"2024-05-28T09:48:34+00:00","dateModified":"2024-05-28T09:48:34+00:00","breadcrumb":{"@id":"https:\/\/grontkontor.dk\/shop\/sticky-notes-blok-bambus\/#breadcrumb"},"inLanguage":"de","potentialAction":[{"@type":"ReadAction","target":["https:\/\/grontkontor.dk\/shop\/sticky-notes-blok-bambus\/"]}]},{"@type":"BreadcrumbList","@id":"https:\/\/grontkontor.dk\/shop\/sticky-notes-blok-bambus\/#breadcrumb","itemListElement":[{"@type":"ListItem","position":1,"name":"Forside","item":"https:\/\/grontkontor.dk\/de\/"},{"@type":"ListItem","position":2,"name":"Laden","item":"https:\/\/grontkontor.dk\/de\/laden\/"},{"@type":"ListItem","position":3,"name":"Papier und Bl\u00f6cke","item":"https:\/\/grontkontor.dk\/de\/produkt-kategori\/papier-und-bloecke\/"},{"@type":"ListItem","position":4,"name":"Notizbl\u00f6cke","item":"https:\/\/grontkontor.dk\/de\/produkt-kategori\/papier-und-bloecke\/notizbloecke\/"},{"@type":"ListItem","position":5,"name":"Haftnotizblock aus Bambus"}]},{"@type":"WebSite","@id":"https:\/\/grontkontor.dk\/#website","url":"https:\/\/grontkontor.dk\/","name":"Gr\u00f8nt Kontor","description":"Milj\u00f8venlige produkter til kontor og erhverv med fokus p\u00e5 b\u00e6redygtighed, design og fair trade.","publisher":{"@id":"https:\/\/grontkontor.dk\/#organization"},"potentialAction":[{"@type":"SearchAction","target":{"@type":"EntryPoint","urlTemplate":"https:\/\/grontkontor.dk\/?s={search_term_string}"},"query-input":"required name=search_term_string"}],"inLanguage":"de"},{"@type":"Organization","@id":"https:\/\/grontkontor.dk\/#organization","name":"Gr\u00f8nt Kontor","url":"https:\/\/grontkontor.dk\/","logo":{"@type":"ImageObject","inLanguage":"de","@id":"https:\/\/grontkontor.dk\/#\/schema\/logo\/image\/","url":"https:\/\/grontkontor.dk\/wp-content\/uploads\/2014\/02\/Logo_groent_kontor_300x80.png","contentUrl":"https:\/\/grontkontor.dk\/wp-content\/uploads\/2014\/02\/Logo_groent_kontor_300x80.png","width":300,"height":80,"caption":"Gr\u00f8nt Kontor"},"image":{"@id":"https:\/\/grontkontor.dk\/#\/schema\/logo\/image\/"},"sameAs":["https:\/\/www.facebook.com\/grontkontor.dk\/"]}]}},"_links":{"self":[{"href":"https:\/\/grontkontor.dk\/de\/wp-json\/wp\/v2\/product\/86822"}],"collection":[{"href":"https:\/\/grontkontor.dk\/de\/wp-json\/wp\/v2\/product"}],"about":[{"href":"https:\/\/grontkontor.dk\/de\/wp-json\/wp\/v2\/types\/product"}],"replies":[{"embeddable":true,"href":"https:\/\/grontkontor.dk\/de\/wp-json\/wp\/v2\/comments?post=86822"}],"wp:featuredmedia":[{"embeddable":true,"href":"https:\/\/grontkontor.dk\/de\/wp-json\/wp\/v2\/media\/86827"}],"wp:attachment":[{"href":"https:\/\/grontkontor.dk\/de\/wp-json\/wp\/v2\/media?parent=86822"}],"wp:term":[{"taxonomy":"product_cat","embeddable":true,"href":"https:\/\/grontkontor.dk\/de\/wp-json\/wp\/v2\/product_cat?post=86822"},{"taxonomy":"product_tag","embeddable":true,"href":"https:\/\/grontkontor.dk\/de\/wp-json\/wp\/v2\/product_tag?post=86822"}],"curies":[{"name":"wp","href":"https:\/\/api.w.org\/{rel}","templated":true}]}}