{"id":86857,"date":"2023-09-22T14:06:18","date_gmt":"2024-05-28T09:49:51","guid":{"rendered":"https:\/\/grontkontor.dk\/shop\/sitz-aus-recycelter-karaffe-4-glas\/"},"modified":"2024-05-28T11:49:51","modified_gmt":"2024-05-28T09:49:51","slug":"sitz-aus-recycelter-karaffe-4-glas","status":"publish","type":"product","link":"https:\/\/grontkontor.dk\/de\/shop\/sitz-aus-recycelter-karaffe-4-glas\/","title":{"rendered":"Recyceltes Karaffenset mit 4 Gl\u00e4sern"},"content":{"rendered":"<p>Klimafreundliches Karaffen-Set mit 4 passenden Gl\u00e4sern aus recyceltem Glas mit Korkdeckel. Die Kanne und die Gl\u00e4ser sind f\u00fcr kalte Getr\u00e4nke und Erfrischungen geeignet und sp\u00fclmaschinenfest. Wir empfehlen jedoch, den Deckel von Hand zu waschen. Sowohl Karaffe (1000 ml) als auch Glas (420 ml) sind [food-c]recycelbar.<\/p>\n<p>Gut f\u00fcr Firmengeschenke oder Werbegeschenke.<\/p>\n<p>Geeignet f\u00fcr Caf\u00e9, Restaurant oder Hotel.<\/p>\n<p>ANMERKUNG. Wenn Sie mit Druck oder Lasergravur auf der Brille bestellen, sind die Grafiken auf allen vier Brillen gleich.<\/p>\n<p>[glas] [kork]<\/p>\n<p>&nbsp;<\/p>\n<img loading=\"lazy\" decoding=\"async\" src=\"https:\/\/grontkontor.dk\/wp-content\/uploads\/2021\/02\/genbrug.jpg\" alt=\"Fremstillet af genbrugsmaterialer\" width=\"50\" height=\"50\" class=\"size-full wp-image-23031\" srcset=\"https:\/\/grontkontor.dk\/wp-content\/uploads\/2021\/02\/genbrug.jpg 199w, https:\/\/grontkontor.dk\/wp-content\/uploads\/2021\/02\/genbrug-100x100.jpg 100w\" sizes=\"(max-width: 50px) 100vw, 50px\" \/>\n","protected":false},"excerpt":{"rendered":"<p>Klimafreundliches Karaffen-Set mit 4 passenden Gl\u00e4sern aus recyceltem Glas mit Korkdeckel. Die Kanne und die Gl\u00e4ser sind f\u00fcr kalte Getr\u00e4nke und Erfrischungen geeignet und sp\u00fclmaschinenfest. Wir empfehlen jedoch, den Deckel von Hand zu waschen. Sowohl Karaffe (1000 ml) als auch Glas (420 ml) sind [food-c]recycelbar. Gut f\u00fcr Firmengeschenke oder Werbegeschenke. Geeignet f\u00fcr Caf\u00e9, Restaurant oder [&hellip;]<\/p>\n","protected":false},"featured_media":114104,"comment_status":"closed","ping_status":"closed","template":"","meta":{"_acf_changed":false},"product_cat":[4489,3325,3339,3084,3338],"product_tag":[3746,3468,3744],"class_list":{"0":"post-86857","1":"product","2":"type-product","3":"status-publish","4":"has-post-thumbnail","6":"product_cat-becher-und-tassen","7":"product_cat-dummy-moq-1-de","8":"product_cat-essen-und-trinken","9":"product_cat-neuheiten","10":"product_cat-trinkflaschen-und-thermosflaschen","11":"product_tag-karaffe","12":"product_tag-krug","13":"product_tag-trinkglaeser","14":"tm-has-options","16":"first","17":"instock","18":"taxable","19":"shipping-taxable","20":"purchasable","21":"product-type-simple"},"acf":[],"yoast_head":"<!-- This site is optimized with the Yoast SEO Premium plugin v21.2 (Yoast SEO v21.2) - https:\/\/yoast.com\/wordpress\/plugins\/seo\/ -->\n<title>Recyceltes Karaffenset mit 4 Gl\u00e4sern - Gr\u00f8nt Kontor<\/title>\n<meta name=\"robots\" content=\"index, follow, max-snippet:-1, max-image-preview:large, max-video-preview:-1\" \/>\n<link rel=\"canonical\" href=\"https:\/\/grontkontor.dk\/de\/shop\/sitz-aus-recycelter-karaffe-4-glas\/\" \/>\n<meta property=\"og:locale\" content=\"de_DE\" \/>\n<meta property=\"og:type\" content=\"article\" \/>\n<meta property=\"og:title\" content=\"Recyceltes Karaffenset mit 4 Gl\u00e4sern\" \/>\n<meta property=\"og:description\" content=\"Klimafreundliches Karaffen-Set mit 4 passenden Gl\u00e4sern aus recyceltem Glas mit Korkdeckel. Die Kanne und die Gl\u00e4ser sind f\u00fcr kalte Getr\u00e4nke und Erfrischungen geeignet und sp\u00fclmaschinenfest. Wir empfehlen jedoch, den Deckel von Hand zu waschen. Sowohl Karaffe (1000 ml) als auch Glas (420 ml) sind [food-c]recycelbar. Gut f\u00fcr Firmengeschenke oder Werbegeschenke. Geeignet f\u00fcr Caf\u00e9, Restaurant oder [&hellip;]\" \/>\n<meta property=\"og:url\" content=\"https:\/\/grontkontor.dk\/de\/shop\/sitz-aus-recycelter-karaffe-4-glas\/\" \/>\n<meta property=\"og:site_name\" content=\"Gr\u00f8nt Kontor\" \/>\n<meta property=\"article:publisher\" content=\"https:\/\/www.facebook.com\/grontkontor.dk\/\" \/>\n<meta property=\"og:image\" content=\"https:\/\/grontkontor.dk\/wp-content\/uploads\/2023\/09\/Recycled-karaffelsaet.jpg\" \/>\n\t<meta property=\"og:image:width\" content=\"900\" \/>\n\t<meta property=\"og:image:height\" content=\"639\" \/>\n\t<meta property=\"og:image:type\" content=\"image\/jpeg\" \/>\n<meta name=\"twitter:card\" content=\"summary_large_image\" \/>\n<script type=\"application\/ld+json\" class=\"yoast-schema-graph\">{\"@context\":\"https:\/\/schema.org\",\"@graph\":[{\"@type\":\"WebPage\",\"@id\":\"https:\/\/grontkontor.dk\/de\/shop\/sitz-aus-recycelter-karaffe-4-glas\/\",\"url\":\"https:\/\/grontkontor.dk\/de\/shop\/sitz-aus-recycelter-karaffe-4-glas\/\",\"name\":\"Recyceltes Karaffenset mit 4 Gl\u00e4sern - Gr\u00f8nt Kontor\",\"isPartOf\":{\"@id\":\"https:\/\/grontkontor.dk\/#website\"},\"datePublished\":\"2024-05-28T09:49:51+00:00\",\"dateModified\":\"2024-05-28T09:49:51+00:00\",\"breadcrumb\":{\"@id\":\"https:\/\/grontkontor.dk\/de\/shop\/sitz-aus-recycelter-karaffe-4-glas\/#breadcrumb\"},\"inLanguage\":\"de\",\"potentialAction\":[{\"@type\":\"ReadAction\",\"target\":[\"https:\/\/grontkontor.dk\/de\/shop\/sitz-aus-recycelter-karaffe-4-glas\/\"]}]},{\"@type\":\"BreadcrumbList\",\"@id\":\"https:\/\/grontkontor.dk\/de\/shop\/sitz-aus-recycelter-karaffe-4-glas\/#breadcrumb\",\"itemListElement\":[{\"@type\":\"ListItem\",\"position\":1,\"name\":\"Forside\",\"item\":\"https:\/\/grontkontor.dk\/de\/\"},{\"@type\":\"ListItem\",\"position\":2,\"name\":\"Laden\",\"item\":\"https:\/\/grontkontor.dk\/de\/laden\/\"},{\"@type\":\"ListItem\",\"position\":3,\"name\":\"Essen und Trinken\",\"item\":\"https:\/\/grontkontor.dk\/de\/produkt-kategori\/essen-und-trinken\/\"},{\"@type\":\"ListItem\",\"position\":4,\"name\":\"Trinkflaschen und Thermosflaschen\",\"item\":\"https:\/\/grontkontor.dk\/de\/produkt-kategori\/essen-und-trinken\/trinkflaschen-und-thermosflaschen\/\"},{\"@type\":\"ListItem\",\"position\":5,\"name\":\"Recyceltes Karaffenset mit 4 Gl\u00e4sern\"}]},{\"@type\":\"WebSite\",\"@id\":\"https:\/\/grontkontor.dk\/#website\",\"url\":\"https:\/\/grontkontor.dk\/\",\"name\":\"Gr\u00f8nt Kontor\",\"description\":\"Milj\u00f8venlige produkter til kontor og erhverv med fokus p\u00e5 b\u00e6redygtighed, design og fair trade.\",\"publisher\":{\"@id\":\"https:\/\/grontkontor.dk\/#organization\"},\"potentialAction\":[{\"@type\":\"SearchAction\",\"target\":{\"@type\":\"EntryPoint\",\"urlTemplate\":\"https:\/\/grontkontor.dk\/?s={search_term_string}\"},\"query-input\":\"required name=search_term_string\"}],\"inLanguage\":\"de\"},{\"@type\":\"Organization\",\"@id\":\"https:\/\/grontkontor.dk\/#organization\",\"name\":\"Gr\u00f8nt Kontor\",\"url\":\"https:\/\/grontkontor.dk\/\",\"logo\":{\"@type\":\"ImageObject\",\"inLanguage\":\"de\",\"@id\":\"https:\/\/grontkontor.dk\/#\/schema\/logo\/image\/\",\"url\":\"https:\/\/grontkontor.dk\/wp-content\/uploads\/2014\/02\/Logo_groent_kontor_300x80.png\",\"contentUrl\":\"https:\/\/grontkontor.dk\/wp-content\/uploads\/2014\/02\/Logo_groent_kontor_300x80.png\",\"width\":300,\"height\":80,\"caption\":\"Gr\u00f8nt Kontor\"},\"image\":{\"@id\":\"https:\/\/grontkontor.dk\/#\/schema\/logo\/image\/\"},\"sameAs\":[\"https:\/\/www.facebook.com\/grontkontor.dk\/\"]}]}<\/script>\n<!-- \/ Yoast SEO Premium plugin. -->","yoast_head_json":{"title":"Recyceltes Karaffenset mit 4 Gl\u00e4sern - Gr\u00f8nt Kontor","robots":{"index":"index","follow":"follow","max-snippet":"max-snippet:-1","max-image-preview":"max-image-preview:large","max-video-preview":"max-video-preview:-1"},"canonical":"https:\/\/grontkontor.dk\/de\/shop\/sitz-aus-recycelter-karaffe-4-glas\/","og_locale":"de_DE","og_type":"article","og_title":"Recyceltes Karaffenset mit 4 Gl\u00e4sern","og_description":"Klimafreundliches Karaffen-Set mit 4 passenden Gl\u00e4sern aus recyceltem Glas mit Korkdeckel. Die Kanne und die Gl\u00e4ser sind f\u00fcr kalte Getr\u00e4nke und Erfrischungen geeignet und sp\u00fclmaschinenfest. Wir empfehlen jedoch, den Deckel von Hand zu waschen. Sowohl Karaffe (1000 ml) als auch Glas (420 ml) sind [food-c]recycelbar. Gut f\u00fcr Firmengeschenke oder Werbegeschenke. Geeignet f\u00fcr Caf\u00e9, Restaurant oder [&hellip;]","og_url":"https:\/\/grontkontor.dk\/de\/shop\/sitz-aus-recycelter-karaffe-4-glas\/","og_site_name":"Gr\u00f8nt Kontor","article_publisher":"https:\/\/www.facebook.com\/grontkontor.dk\/","og_image":[{"width":900,"height":639,"url":"https:\/\/grontkontor.dk\/wp-content\/uploads\/2023\/09\/Recycled-karaffelsaet.jpg","type":"image\/jpeg"}],"twitter_card":"summary_large_image","schema":{"@context":"https:\/\/schema.org","@graph":[{"@type":"WebPage","@id":"https:\/\/grontkontor.dk\/de\/shop\/sitz-aus-recycelter-karaffe-4-glas\/","url":"https:\/\/grontkontor.dk\/de\/shop\/sitz-aus-recycelter-karaffe-4-glas\/","name":"Recyceltes Karaffenset mit 4 Gl\u00e4sern - Gr\u00f8nt Kontor","isPartOf":{"@id":"https:\/\/grontkontor.dk\/#website"},"datePublished":"2024-05-28T09:49:51+00:00","dateModified":"2024-05-28T09:49:51+00:00","breadcrumb":{"@id":"https:\/\/grontkontor.dk\/de\/shop\/sitz-aus-recycelter-karaffe-4-glas\/#breadcrumb"},"inLanguage":"de","potentialAction":[{"@type":"ReadAction","target":["https:\/\/grontkontor.dk\/de\/shop\/sitz-aus-recycelter-karaffe-4-glas\/"]}]},{"@type":"BreadcrumbList","@id":"https:\/\/grontkontor.dk\/de\/shop\/sitz-aus-recycelter-karaffe-4-glas\/#breadcrumb","itemListElement":[{"@type":"ListItem","position":1,"name":"Forside","item":"https:\/\/grontkontor.dk\/de\/"},{"@type":"ListItem","position":2,"name":"Laden","item":"https:\/\/grontkontor.dk\/de\/laden\/"},{"@type":"ListItem","position":3,"name":"Essen und Trinken","item":"https:\/\/grontkontor.dk\/de\/produkt-kategori\/essen-und-trinken\/"},{"@type":"ListItem","position":4,"name":"Trinkflaschen und Thermosflaschen","item":"https:\/\/grontkontor.dk\/de\/produkt-kategori\/essen-und-trinken\/trinkflaschen-und-thermosflaschen\/"},{"@type":"ListItem","position":5,"name":"Recyceltes Karaffenset mit 4 Gl\u00e4sern"}]},{"@type":"WebSite","@id":"https:\/\/grontkontor.dk\/#website","url":"https:\/\/grontkontor.dk\/","name":"Gr\u00f8nt Kontor","description":"Milj\u00f8venlige produkter til kontor og erhverv med fokus p\u00e5 b\u00e6redygtighed, design og fair trade.","publisher":{"@id":"https:\/\/grontkontor.dk\/#organization"},"potentialAction":[{"@type":"SearchAction","target":{"@type":"EntryPoint","urlTemplate":"https:\/\/grontkontor.dk\/?s={search_term_string}"},"query-input":"required name=search_term_string"}],"inLanguage":"de"},{"@type":"Organization","@id":"https:\/\/grontkontor.dk\/#organization","name":"Gr\u00f8nt Kontor","url":"https:\/\/grontkontor.dk\/","logo":{"@type":"ImageObject","inLanguage":"de","@id":"https:\/\/grontkontor.dk\/#\/schema\/logo\/image\/","url":"https:\/\/grontkontor.dk\/wp-content\/uploads\/2014\/02\/Logo_groent_kontor_300x80.png","contentUrl":"https:\/\/grontkontor.dk\/wp-content\/uploads\/2014\/02\/Logo_groent_kontor_300x80.png","width":300,"height":80,"caption":"Gr\u00f8nt Kontor"},"image":{"@id":"https:\/\/grontkontor.dk\/#\/schema\/logo\/image\/"},"sameAs":["https:\/\/www.facebook.com\/grontkontor.dk\/"]}]}},"_links":{"self":[{"href":"https:\/\/grontkontor.dk\/de\/wp-json\/wp\/v2\/product\/86857"}],"collection":[{"href":"https:\/\/grontkontor.dk\/de\/wp-json\/wp\/v2\/product"}],"about":[{"href":"https:\/\/grontkontor.dk\/de\/wp-json\/wp\/v2\/types\/product"}],"replies":[{"embeddable":true,"href":"https:\/\/grontkontor.dk\/de\/wp-json\/wp\/v2\/comments?post=86857"}],"wp:featuredmedia":[{"embeddable":true,"href":"https:\/\/grontkontor.dk\/de\/wp-json\/wp\/v2\/media\/114104"}],"wp:attachment":[{"href":"https:\/\/grontkontor.dk\/de\/wp-json\/wp\/v2\/media?parent=86857"}],"wp:term":[{"taxonomy":"product_cat","embeddable":true,"href":"https:\/\/grontkontor.dk\/de\/wp-json\/wp\/v2\/product_cat?post=86857"},{"taxonomy":"product_tag","embeddable":true,"href":"https:\/\/grontkontor.dk\/de\/wp-json\/wp\/v2\/product_tag?post=86857"}],"curies":[{"name":"wp","href":"https:\/\/api.w.org\/{rel}","templated":true}]}}