{"id":86866,"date":"2023-09-22T14:06:53","date_gmt":"2024-05-28T09:49:51","guid":{"rendered":"https:\/\/grontkontor.dk\/shop\/geschnittener-bambus\/"},"modified":"2024-05-28T11:49:51","modified_gmt":"2024-05-28T09:49:51","slug":"geschnittener-bambus","status":"publish","type":"product","link":"https:\/\/grontkontor.dk\/de\/shop\/geschnittener-bambus\/","title":{"rendered":"Bambus Schneidebrett"},"content":{"rendered":"<p><span class=\"VIiyi\" lang=\"da\"><span class=\"JLqJ4b ChMk0b\" data-language-for-alternatives=\"da\" data-language-to-translate-into=\"en\" data-phrase-index=\"0\">Dieses klimafreundliche Schneidebrett ist<\/span><\/span><span class=\"VIiyi\" lang=\"da\"><span class=\"JLqJ4b ChMk0b\" data-language-for-alternatives=\"da\" data-language-to-translate-into=\"en\" data-phrase-index=\"3\">  Es besteht aus Bambus und hat eine glatte und widerstandsf\u00e4hige polierte Oberfl\u00e4che. Ideal zum Schneiden und Pr\u00e4sentieren. Mit Griff f\u00fcr einfache Bedienung und Schnur zum Aufh\u00e4ngen. Perfekt f\u00fcr Firmen- oder Mitarbeitergeschenke oder zur Pr\u00e4sentation von Speisen oder Snacks auf Messen oder Veranstaltungen.  <\/span><\/span><\/p>\n<p>[bambus]<\/p>\n<p>&nbsp;<\/p>\n<p>&nbsp;<\/p>\n<p>&nbsp;<\/p>\n<p>&nbsp;<\/p>\n","protected":false},"excerpt":{"rendered":"<p>Dieses klimafreundliche Schneidebrett ist Es besteht aus Bambus und hat eine glatte und widerstandsf\u00e4hige polierte Oberfl\u00e4che. Ideal zum Schneiden und Pr\u00e4sentieren. Mit Griff f\u00fcr einfache Bedienung und Schnur zum Aufh\u00e4ngen. Perfekt f\u00fcr Firmen- oder Mitarbeitergeschenke oder zur Pr\u00e4sentation von Speisen oder Snacks auf Messen oder Veranstaltungen. [bambus] &nbsp; &nbsp; &nbsp; &nbsp;<\/p>\n","protected":false},"featured_media":86875,"comment_status":"closed","ping_status":"closed","template":"","meta":{"_acf_changed":false},"product_cat":[3334,3325,3466,3321,3084,3323],"product_tag":[3721,3722],"class_list":{"0":"post-86866","1":"product","2":"type-product","3":"status-publish","4":"has-post-thumbnail","6":"product_cat-bambus-de","7":"product_cat-dummy-moq-1-de","8":"product_cat-hotel-restaurant","9":"product_cat-klimafreundliche-werbegeschenke","10":"product_cat-neuheiten","11":"product_cat-produktserien","12":"product_tag-kueche","13":"product_tag-schneidbrett","14":"tm-has-options","16":"first","17":"instock","18":"taxable","19":"shipping-taxable","20":"purchasable","21":"product-type-simple"},"acf":[],"yoast_head":"<!-- This site is optimized with the Yoast SEO Premium plugin v21.2 (Yoast SEO v21.2) - https:\/\/yoast.com\/wordpress\/plugins\/seo\/ -->\n<title>Bambus Schneidebrett - Gr\u00f8nt Kontor<\/title>\n<meta name=\"robots\" content=\"index, follow, max-snippet:-1, max-image-preview:large, max-video-preview:-1\" \/>\n<link rel=\"canonical\" href=\"https:\/\/grontkontor.dk\/de\/shop\/geschnittener-bambus\/\" \/>\n<meta property=\"og:locale\" content=\"de_DE\" \/>\n<meta property=\"og:type\" content=\"article\" \/>\n<meta property=\"og:title\" content=\"Bambus Schneidebrett\" \/>\n<meta property=\"og:description\" content=\"Dieses klimafreundliche Schneidebrett ist Es besteht aus Bambus und hat eine glatte und widerstandsf\u00e4hige polierte Oberfl\u00e4che. Ideal zum Schneiden und Pr\u00e4sentieren. Mit Griff f\u00fcr einfache Bedienung und Schnur zum Aufh\u00e4ngen. Perfekt f\u00fcr Firmen- oder Mitarbeitergeschenke oder zur Pr\u00e4sentation von Speisen oder Snacks auf Messen oder Veranstaltungen. [bambus] &nbsp; &nbsp; &nbsp; &nbsp;\" \/>\n<meta property=\"og:url\" content=\"https:\/\/grontkontor.dk\/de\/shop\/geschnittener-bambus\/\" \/>\n<meta property=\"og:site_name\" content=\"Gr\u00f8nt Kontor\" \/>\n<meta property=\"article:publisher\" content=\"https:\/\/www.facebook.com\/grontkontor.dk\/\" \/>\n<meta name=\"twitter:card\" content=\"summary_large_image\" \/>\n<script type=\"application\/ld+json\" class=\"yoast-schema-graph\">{\"@context\":\"https:\/\/schema.org\",\"@graph\":[{\"@type\":\"WebPage\",\"@id\":\"https:\/\/grontkontor.dk\/de\/shop\/geschnittener-bambus\/\",\"url\":\"https:\/\/grontkontor.dk\/de\/shop\/geschnittener-bambus\/\",\"name\":\"Bambus Schneidebrett - Gr\u00f8nt Kontor\",\"isPartOf\":{\"@id\":\"https:\/\/grontkontor.dk\/#website\"},\"datePublished\":\"2024-05-28T09:49:51+00:00\",\"dateModified\":\"2024-05-28T09:49:51+00:00\",\"breadcrumb\":{\"@id\":\"https:\/\/grontkontor.dk\/de\/shop\/geschnittener-bambus\/#breadcrumb\"},\"inLanguage\":\"de\",\"potentialAction\":[{\"@type\":\"ReadAction\",\"target\":[\"https:\/\/grontkontor.dk\/de\/shop\/geschnittener-bambus\/\"]}]},{\"@type\":\"BreadcrumbList\",\"@id\":\"https:\/\/grontkontor.dk\/de\/shop\/geschnittener-bambus\/#breadcrumb\",\"itemListElement\":[{\"@type\":\"ListItem\",\"position\":1,\"name\":\"Forside\",\"item\":\"https:\/\/grontkontor.dk\/de\/\"},{\"@type\":\"ListItem\",\"position\":2,\"name\":\"Laden\",\"item\":\"https:\/\/grontkontor.dk\/de\/laden\/\"},{\"@type\":\"ListItem\",\"position\":3,\"name\":\"Produktserien\",\"item\":\"https:\/\/grontkontor.dk\/de\/produkt-kategori\/produktserien\/\"},{\"@type\":\"ListItem\",\"position\":4,\"name\":\"Bambus\",\"item\":\"https:\/\/grontkontor.dk\/de\/produkt-kategori\/produktserien\/bambus-de\/\"},{\"@type\":\"ListItem\",\"position\":5,\"name\":\"Bambus Schneidebrett\"}]},{\"@type\":\"WebSite\",\"@id\":\"https:\/\/grontkontor.dk\/#website\",\"url\":\"https:\/\/grontkontor.dk\/\",\"name\":\"Gr\u00f8nt Kontor\",\"description\":\"Milj\u00f8venlige produkter til kontor og erhverv med fokus p\u00e5 b\u00e6redygtighed, design og fair trade.\",\"publisher\":{\"@id\":\"https:\/\/grontkontor.dk\/#organization\"},\"potentialAction\":[{\"@type\":\"SearchAction\",\"target\":{\"@type\":\"EntryPoint\",\"urlTemplate\":\"https:\/\/grontkontor.dk\/?s={search_term_string}\"},\"query-input\":\"required name=search_term_string\"}],\"inLanguage\":\"de\"},{\"@type\":\"Organization\",\"@id\":\"https:\/\/grontkontor.dk\/#organization\",\"name\":\"Gr\u00f8nt Kontor\",\"url\":\"https:\/\/grontkontor.dk\/\",\"logo\":{\"@type\":\"ImageObject\",\"inLanguage\":\"de\",\"@id\":\"https:\/\/grontkontor.dk\/#\/schema\/logo\/image\/\",\"url\":\"https:\/\/grontkontor.dk\/wp-content\/uploads\/2014\/02\/Logo_groent_kontor_300x80.png\",\"contentUrl\":\"https:\/\/grontkontor.dk\/wp-content\/uploads\/2014\/02\/Logo_groent_kontor_300x80.png\",\"width\":300,\"height\":80,\"caption\":\"Gr\u00f8nt Kontor\"},\"image\":{\"@id\":\"https:\/\/grontkontor.dk\/#\/schema\/logo\/image\/\"},\"sameAs\":[\"https:\/\/www.facebook.com\/grontkontor.dk\/\"]}]}<\/script>\n<!-- \/ Yoast SEO Premium plugin. -->","yoast_head_json":{"title":"Bambus Schneidebrett - Gr\u00f8nt Kontor","robots":{"index":"index","follow":"follow","max-snippet":"max-snippet:-1","max-image-preview":"max-image-preview:large","max-video-preview":"max-video-preview:-1"},"canonical":"https:\/\/grontkontor.dk\/de\/shop\/geschnittener-bambus\/","og_locale":"de_DE","og_type":"article","og_title":"Bambus Schneidebrett","og_description":"Dieses klimafreundliche Schneidebrett ist Es besteht aus Bambus und hat eine glatte und widerstandsf\u00e4hige polierte Oberfl\u00e4che. Ideal zum Schneiden und Pr\u00e4sentieren. Mit Griff f\u00fcr einfache Bedienung und Schnur zum Aufh\u00e4ngen. Perfekt f\u00fcr Firmen- oder Mitarbeitergeschenke oder zur Pr\u00e4sentation von Speisen oder Snacks auf Messen oder Veranstaltungen. [bambus] &nbsp; &nbsp; &nbsp; &nbsp;","og_url":"https:\/\/grontkontor.dk\/de\/shop\/geschnittener-bambus\/","og_site_name":"Gr\u00f8nt Kontor","article_publisher":"https:\/\/www.facebook.com\/grontkontor.dk\/","twitter_card":"summary_large_image","schema":{"@context":"https:\/\/schema.org","@graph":[{"@type":"WebPage","@id":"https:\/\/grontkontor.dk\/de\/shop\/geschnittener-bambus\/","url":"https:\/\/grontkontor.dk\/de\/shop\/geschnittener-bambus\/","name":"Bambus Schneidebrett - Gr\u00f8nt Kontor","isPartOf":{"@id":"https:\/\/grontkontor.dk\/#website"},"datePublished":"2024-05-28T09:49:51+00:00","dateModified":"2024-05-28T09:49:51+00:00","breadcrumb":{"@id":"https:\/\/grontkontor.dk\/de\/shop\/geschnittener-bambus\/#breadcrumb"},"inLanguage":"de","potentialAction":[{"@type":"ReadAction","target":["https:\/\/grontkontor.dk\/de\/shop\/geschnittener-bambus\/"]}]},{"@type":"BreadcrumbList","@id":"https:\/\/grontkontor.dk\/de\/shop\/geschnittener-bambus\/#breadcrumb","itemListElement":[{"@type":"ListItem","position":1,"name":"Forside","item":"https:\/\/grontkontor.dk\/de\/"},{"@type":"ListItem","position":2,"name":"Laden","item":"https:\/\/grontkontor.dk\/de\/laden\/"},{"@type":"ListItem","position":3,"name":"Produktserien","item":"https:\/\/grontkontor.dk\/de\/produkt-kategori\/produktserien\/"},{"@type":"ListItem","position":4,"name":"Bambus","item":"https:\/\/grontkontor.dk\/de\/produkt-kategori\/produktserien\/bambus-de\/"},{"@type":"ListItem","position":5,"name":"Bambus Schneidebrett"}]},{"@type":"WebSite","@id":"https:\/\/grontkontor.dk\/#website","url":"https:\/\/grontkontor.dk\/","name":"Gr\u00f8nt Kontor","description":"Milj\u00f8venlige produkter til kontor og erhverv med fokus p\u00e5 b\u00e6redygtighed, design og fair trade.","publisher":{"@id":"https:\/\/grontkontor.dk\/#organization"},"potentialAction":[{"@type":"SearchAction","target":{"@type":"EntryPoint","urlTemplate":"https:\/\/grontkontor.dk\/?s={search_term_string}"},"query-input":"required name=search_term_string"}],"inLanguage":"de"},{"@type":"Organization","@id":"https:\/\/grontkontor.dk\/#organization","name":"Gr\u00f8nt Kontor","url":"https:\/\/grontkontor.dk\/","logo":{"@type":"ImageObject","inLanguage":"de","@id":"https:\/\/grontkontor.dk\/#\/schema\/logo\/image\/","url":"https:\/\/grontkontor.dk\/wp-content\/uploads\/2014\/02\/Logo_groent_kontor_300x80.png","contentUrl":"https:\/\/grontkontor.dk\/wp-content\/uploads\/2014\/02\/Logo_groent_kontor_300x80.png","width":300,"height":80,"caption":"Gr\u00f8nt Kontor"},"image":{"@id":"https:\/\/grontkontor.dk\/#\/schema\/logo\/image\/"},"sameAs":["https:\/\/www.facebook.com\/grontkontor.dk\/"]}]}},"_links":{"self":[{"href":"https:\/\/grontkontor.dk\/de\/wp-json\/wp\/v2\/product\/86866"}],"collection":[{"href":"https:\/\/grontkontor.dk\/de\/wp-json\/wp\/v2\/product"}],"about":[{"href":"https:\/\/grontkontor.dk\/de\/wp-json\/wp\/v2\/types\/product"}],"replies":[{"embeddable":true,"href":"https:\/\/grontkontor.dk\/de\/wp-json\/wp\/v2\/comments?post=86866"}],"wp:featuredmedia":[{"embeddable":true,"href":"https:\/\/grontkontor.dk\/de\/wp-json\/wp\/v2\/media\/86875"}],"wp:attachment":[{"href":"https:\/\/grontkontor.dk\/de\/wp-json\/wp\/v2\/media?parent=86866"}],"wp:term":[{"taxonomy":"product_cat","embeddable":true,"href":"https:\/\/grontkontor.dk\/de\/wp-json\/wp\/v2\/product_cat?post=86866"},{"taxonomy":"product_tag","embeddable":true,"href":"https:\/\/grontkontor.dk\/de\/wp-json\/wp\/v2\/product_tag?post=86866"}],"curies":[{"name":"wp","href":"https:\/\/api.w.org\/{rel}","templated":true}]}}