{"id":86919,"date":"2023-09-22T14:06:18","date_gmt":"2024-05-28T09:49:56","guid":{"rendered":"https:\/\/grontkontor.dk\/shop\/regenbogen-trinkflasche-stahl\/"},"modified":"2024-05-28T11:49:56","modified_gmt":"2024-05-28T09:49:56","slug":"regenbogen-trinkflasche-stahl","status":"publish","type":"product","link":"https:\/\/grontkontor.dk\/de\/shop\/regenbogen-trinkflasche-stahl\/","title":{"rendered":"Stahl-Regenbogen-Wasserflasche"},"content":{"rendered":"<p>Klimafreundliche Trinkflasche in Edelstahl und Regenbogenfarben in mattem Finish. Eine klima- und umweltfreundliche Wasserflasche, die sich perfekt f\u00fcr Werbegeschenke eignet. Giveaway f\u00fcr Messen, Events oder Pride.<br \/>\nFassungsverm\u00f6gen: 790 ml. Lieferung in einer Geschenkbox.<\/p>\n<p>Nicht f\u00fcr die Mikrowelle geeignet, aber f\u00fcr die Sp\u00fclmaschine geeignet, jedoch nicht f\u00fcr den Deckel.<\/p>\n<p>Die Wasserflasche ist  [food-cs]<\/p>\n<p>[staal]<\/p>\n<p>&nbsp;<\/p>\n","protected":false},"excerpt":{"rendered":"<p>Klimafreundliche Trinkflasche in Edelstahl und Regenbogenfarben in mattem Finish. Eine klima- und umweltfreundliche Wasserflasche, die sich perfekt f\u00fcr Werbegeschenke eignet. Giveaway f\u00fcr Messen, Events oder Pride. Fassungsverm\u00f6gen: 790 ml. Lieferung in einer Geschenkbox. Nicht f\u00fcr die Mikrowelle geeignet, aber f\u00fcr die Sp\u00fclmaschine geeignet, jedoch nicht f\u00fcr den Deckel. Die Wasserflasche ist [food-cs] [staal] &nbsp;<\/p>\n","protected":false},"featured_media":86935,"comment_status":"closed","ping_status":"closed","template":"","meta":{"_acf_changed":false},"product_cat":[3325,3339,3084,4411,3338],"product_tag":[3984,3340,3713],"class_list":{"0":"post-86919","1":"product","2":"type-product","3":"status-publish","4":"has-post-thumbnail","6":"product_cat-dummy-moq-1-de","7":"product_cat-essen-und-trinken","8":"product_cat-neuheiten","9":"product_cat-trinkflaschen-und-thermosflaschen-de","10":"product_cat-trinkflaschen-und-thermosflaschen","11":"product_tag-trinkflaschen","12":"product_tag-wasserflasche","13":"product_tag-wasserflasche-de","14":"pa_farve-azurblau","15":"pa_farve-beige-de","16":"pa_farve-blau-de","17":"pa_farve-blau","18":"pa_farve-blau-min-15","19":"pa_farve-blau-min-100-stk","20":"pa_farve-blau-min-15-stueck","21":"pa_farve-blau-gelb","22":"pa_farve-blau-gruen-gelb","23":"pa_farve-braun","24":"pa_farve-braun-de","25":"pa_farve-browne-de","26":"pa_farve-dunkelblau","27":"pa_farve-dunkelgrau","28":"pa_farve-dunkelgruen","29":"pa_farve-ed-de","30":"pa_farve-fuchsia-min-100-stk-de","31":"pa_farve-gelb-de","32":"pa_farve-gelb","33":"pa_farve-gemischt","34":"pa_farve-gold-de","35":"pa_farve-graphit","36":"pa_farve-grau","37":"pa_farve-grau-de","38":"pa_farve-grau-min-100-stk","39":"pa_farve-gruen","40":"pa_farve-gruen-de","41":"pa_farve-hellblau","42":"pa_farve-karmesinrot","43":"pa_farve-kastanienbraun","44":"pa_farve-khaki-de","45":"pa_farve-kriegsmarine","46":"pa_farve-koenigsblau","47":"pa_farve-lichtgrau","48":"pa_farve-lichtgruen","49":"pa_farve-lila","50":"pa_farve-limone","51":"pa_farve-minze","52":"pa_farve-mischen","53":"pa_farve-natur-de","54":"pa_farve-natur-min-100-stk-de","55":"pa_farve-olive","56":"pa_farve-orange-de","57":"pa_farve-ozeanblau","58":"pa_farve-rahm-de","59":"pa_farve-rahm","60":"pa_farve-rosa-de","61":"pa_farve-rot","62":"pa_farve-rot-min-15","63":"pa_farve-rot-min-100-stk","64":"pa_farve-rot-min-15-stueck","65":"pa_farve-schwarz-de","66":"pa_farve-schwarz","67":"pa_farve-schwarz-min-100-stk","68":"pa_farve-schwarz-gold-silber","69":"pa_farve-senf","70":"pa_farve-silber","71":"pa_farve-silber-de","72":"pa_farve-silber-de-2","73":"pa_farve-struktur-de","74":"pa_farve-tiefgruen","75":"pa_farve-tuerkis","76":"pa_farve-tuerkis-de","77":"pa_farve-verletzen","78":"pa_farve-viele","79":"pa_farve-violett","80":"pa_farve-weinrot","81":"pa_farve-weiss-de","82":"pa_farve-weiss","83":"tm-has-options","85":"first","86":"instock","87":"sale","88":"taxable","89":"shipping-taxable","90":"purchasable","91":"product-type-simple"},"acf":[],"yoast_head":"<!-- This site is optimized with the Yoast SEO Premium plugin v21.2 (Yoast SEO v21.2) - https:\/\/yoast.com\/wordpress\/plugins\/seo\/ -->\n<title>Stahl-Regenbogen-Wasserflasche - Gr\u00f8nt Kontor<\/title>\n<meta name=\"robots\" content=\"index, follow, max-snippet:-1, max-image-preview:large, max-video-preview:-1\" \/>\n<link rel=\"canonical\" href=\"https:\/\/grontkontor.dk\/shop\/regnbue-drikkedunk-staal\/\" \/>\n<meta property=\"og:locale\" content=\"de_DE\" \/>\n<meta property=\"og:type\" content=\"article\" \/>\n<meta property=\"og:title\" content=\"Stahl-Regenbogen-Wasserflasche\" \/>\n<meta property=\"og:description\" content=\"Klimafreundliche Trinkflasche in Edelstahl und Regenbogenfarben in mattem Finish. Eine klima- und umweltfreundliche Wasserflasche, die sich perfekt f\u00fcr Werbegeschenke eignet. Giveaway f\u00fcr Messen, Events oder Pride. Fassungsverm\u00f6gen: 790 ml. Lieferung in einer Geschenkbox. Nicht f\u00fcr die Mikrowelle geeignet, aber f\u00fcr die Sp\u00fclmaschine geeignet, jedoch nicht f\u00fcr den Deckel. Die Wasserflasche ist [food-cs] [staal] &nbsp;\" \/>\n<meta property=\"og:url\" content=\"https:\/\/grontkontor.dk\/shop\/regnbue-drikkedunk-staal\/\" \/>\n<meta property=\"og:site_name\" content=\"Gr\u00f8nt Kontor\" \/>\n<meta property=\"article:publisher\" content=\"https:\/\/www.facebook.com\/grontkontor.dk\/\" \/>\n<meta property=\"og:image\" content=\"https:\/\/grontkontor.dk\/wp-content\/uploads\/2023\/09\/Klimavenlig-regnbue-vandflaske.jpg\" \/>\n\t<meta property=\"og:image:width\" content=\"900\" \/>\n\t<meta property=\"og:image:height\" content=\"639\" \/>\n\t<meta property=\"og:image:type\" content=\"image\/jpeg\" \/>\n<meta name=\"twitter:card\" content=\"summary_large_image\" \/>\n<script type=\"application\/ld+json\" class=\"yoast-schema-graph\">{\"@context\":\"https:\/\/schema.org\",\"@graph\":[{\"@type\":\"WebPage\",\"@id\":\"https:\/\/grontkontor.dk\/shop\/regnbue-drikkedunk-staal\/\",\"url\":\"https:\/\/grontkontor.dk\/shop\/regnbue-drikkedunk-staal\/\",\"name\":\"Stahl-Regenbogen-Wasserflasche - Gr\u00f8nt Kontor\",\"isPartOf\":{\"@id\":\"https:\/\/grontkontor.dk\/#website\"},\"datePublished\":\"2024-05-28T09:49:56+00:00\",\"dateModified\":\"2024-05-28T09:49:56+00:00\",\"breadcrumb\":{\"@id\":\"https:\/\/grontkontor.dk\/shop\/regnbue-drikkedunk-staal\/#breadcrumb\"},\"inLanguage\":\"de\",\"potentialAction\":[{\"@type\":\"ReadAction\",\"target\":[\"https:\/\/grontkontor.dk\/shop\/regnbue-drikkedunk-staal\/\"]}]},{\"@type\":\"BreadcrumbList\",\"@id\":\"https:\/\/grontkontor.dk\/shop\/regnbue-drikkedunk-staal\/#breadcrumb\",\"itemListElement\":[{\"@type\":\"ListItem\",\"position\":1,\"name\":\"Forside\",\"item\":\"https:\/\/grontkontor.dk\/de\/\"},{\"@type\":\"ListItem\",\"position\":2,\"name\":\"Laden\",\"item\":\"https:\/\/grontkontor.dk\/de\/laden\/\"},{\"@type\":\"ListItem\",\"position\":3,\"name\":\"Klimafreundliche Werbegeschenke\",\"item\":\"https:\/\/grontkontor.dk\/de\/produkt-kategori\/klimafreundliche-werbegeschenke\/\"},{\"@type\":\"ListItem\",\"position\":4,\"name\":\"Trinkflaschen und Thermosflaschen\",\"item\":\"https:\/\/grontkontor.dk\/de\/produkt-kategori\/klimafreundliche-werbegeschenke\/trinkflaschen-und-thermosflaschen-de\/\"},{\"@type\":\"ListItem\",\"position\":5,\"name\":\"Stahl-Regenbogen-Wasserflasche\"}]},{\"@type\":\"WebSite\",\"@id\":\"https:\/\/grontkontor.dk\/#website\",\"url\":\"https:\/\/grontkontor.dk\/\",\"name\":\"Gr\u00f8nt Kontor\",\"description\":\"Milj\u00f8venlige produkter til kontor og erhverv med fokus p\u00e5 b\u00e6redygtighed, design og fair trade.\",\"publisher\":{\"@id\":\"https:\/\/grontkontor.dk\/#organization\"},\"potentialAction\":[{\"@type\":\"SearchAction\",\"target\":{\"@type\":\"EntryPoint\",\"urlTemplate\":\"https:\/\/grontkontor.dk\/?s={search_term_string}\"},\"query-input\":\"required name=search_term_string\"}],\"inLanguage\":\"de\"},{\"@type\":\"Organization\",\"@id\":\"https:\/\/grontkontor.dk\/#organization\",\"name\":\"Gr\u00f8nt Kontor\",\"url\":\"https:\/\/grontkontor.dk\/\",\"logo\":{\"@type\":\"ImageObject\",\"inLanguage\":\"de\",\"@id\":\"https:\/\/grontkontor.dk\/#\/schema\/logo\/image\/\",\"url\":\"https:\/\/grontkontor.dk\/wp-content\/uploads\/2014\/02\/Logo_groent_kontor_300x80.png\",\"contentUrl\":\"https:\/\/grontkontor.dk\/wp-content\/uploads\/2014\/02\/Logo_groent_kontor_300x80.png\",\"width\":300,\"height\":80,\"caption\":\"Gr\u00f8nt Kontor\"},\"image\":{\"@id\":\"https:\/\/grontkontor.dk\/#\/schema\/logo\/image\/\"},\"sameAs\":[\"https:\/\/www.facebook.com\/grontkontor.dk\/\"]}]}<\/script>\n<!-- \/ Yoast SEO Premium plugin. -->","yoast_head_json":{"title":"Stahl-Regenbogen-Wasserflasche - Gr\u00f8nt Kontor","robots":{"index":"index","follow":"follow","max-snippet":"max-snippet:-1","max-image-preview":"max-image-preview:large","max-video-preview":"max-video-preview:-1"},"canonical":"https:\/\/grontkontor.dk\/shop\/regnbue-drikkedunk-staal\/","og_locale":"de_DE","og_type":"article","og_title":"Stahl-Regenbogen-Wasserflasche","og_description":"Klimafreundliche Trinkflasche in Edelstahl und Regenbogenfarben in mattem Finish. Eine klima- und umweltfreundliche Wasserflasche, die sich perfekt f\u00fcr Werbegeschenke eignet. Giveaway f\u00fcr Messen, Events oder Pride. Fassungsverm\u00f6gen: 790 ml. Lieferung in einer Geschenkbox. Nicht f\u00fcr die Mikrowelle geeignet, aber f\u00fcr die Sp\u00fclmaschine geeignet, jedoch nicht f\u00fcr den Deckel. Die Wasserflasche ist [food-cs] [staal] &nbsp;","og_url":"https:\/\/grontkontor.dk\/shop\/regnbue-drikkedunk-staal\/","og_site_name":"Gr\u00f8nt Kontor","article_publisher":"https:\/\/www.facebook.com\/grontkontor.dk\/","og_image":[{"width":900,"height":639,"url":"https:\/\/grontkontor.dk\/wp-content\/uploads\/2023\/09\/Klimavenlig-regnbue-vandflaske.jpg","type":"image\/jpeg"}],"twitter_card":"summary_large_image","schema":{"@context":"https:\/\/schema.org","@graph":[{"@type":"WebPage","@id":"https:\/\/grontkontor.dk\/shop\/regnbue-drikkedunk-staal\/","url":"https:\/\/grontkontor.dk\/shop\/regnbue-drikkedunk-staal\/","name":"Stahl-Regenbogen-Wasserflasche - Gr\u00f8nt Kontor","isPartOf":{"@id":"https:\/\/grontkontor.dk\/#website"},"datePublished":"2024-05-28T09:49:56+00:00","dateModified":"2024-05-28T09:49:56+00:00","breadcrumb":{"@id":"https:\/\/grontkontor.dk\/shop\/regnbue-drikkedunk-staal\/#breadcrumb"},"inLanguage":"de","potentialAction":[{"@type":"ReadAction","target":["https:\/\/grontkontor.dk\/shop\/regnbue-drikkedunk-staal\/"]}]},{"@type":"BreadcrumbList","@id":"https:\/\/grontkontor.dk\/shop\/regnbue-drikkedunk-staal\/#breadcrumb","itemListElement":[{"@type":"ListItem","position":1,"name":"Forside","item":"https:\/\/grontkontor.dk\/de\/"},{"@type":"ListItem","position":2,"name":"Laden","item":"https:\/\/grontkontor.dk\/de\/laden\/"},{"@type":"ListItem","position":3,"name":"Klimafreundliche Werbegeschenke","item":"https:\/\/grontkontor.dk\/de\/produkt-kategori\/klimafreundliche-werbegeschenke\/"},{"@type":"ListItem","position":4,"name":"Trinkflaschen und Thermosflaschen","item":"https:\/\/grontkontor.dk\/de\/produkt-kategori\/klimafreundliche-werbegeschenke\/trinkflaschen-und-thermosflaschen-de\/"},{"@type":"ListItem","position":5,"name":"Stahl-Regenbogen-Wasserflasche"}]},{"@type":"WebSite","@id":"https:\/\/grontkontor.dk\/#website","url":"https:\/\/grontkontor.dk\/","name":"Gr\u00f8nt Kontor","description":"Milj\u00f8venlige produkter til kontor og erhverv med fokus p\u00e5 b\u00e6redygtighed, design og fair trade.","publisher":{"@id":"https:\/\/grontkontor.dk\/#organization"},"potentialAction":[{"@type":"SearchAction","target":{"@type":"EntryPoint","urlTemplate":"https:\/\/grontkontor.dk\/?s={search_term_string}"},"query-input":"required name=search_term_string"}],"inLanguage":"de"},{"@type":"Organization","@id":"https:\/\/grontkontor.dk\/#organization","name":"Gr\u00f8nt Kontor","url":"https:\/\/grontkontor.dk\/","logo":{"@type":"ImageObject","inLanguage":"de","@id":"https:\/\/grontkontor.dk\/#\/schema\/logo\/image\/","url":"https:\/\/grontkontor.dk\/wp-content\/uploads\/2014\/02\/Logo_groent_kontor_300x80.png","contentUrl":"https:\/\/grontkontor.dk\/wp-content\/uploads\/2014\/02\/Logo_groent_kontor_300x80.png","width":300,"height":80,"caption":"Gr\u00f8nt Kontor"},"image":{"@id":"https:\/\/grontkontor.dk\/#\/schema\/logo\/image\/"},"sameAs":["https:\/\/www.facebook.com\/grontkontor.dk\/"]}]}},"_links":{"self":[{"href":"https:\/\/grontkontor.dk\/de\/wp-json\/wp\/v2\/product\/86919"}],"collection":[{"href":"https:\/\/grontkontor.dk\/de\/wp-json\/wp\/v2\/product"}],"about":[{"href":"https:\/\/grontkontor.dk\/de\/wp-json\/wp\/v2\/types\/product"}],"replies":[{"embeddable":true,"href":"https:\/\/grontkontor.dk\/de\/wp-json\/wp\/v2\/comments?post=86919"}],"wp:featuredmedia":[{"embeddable":true,"href":"https:\/\/grontkontor.dk\/de\/wp-json\/wp\/v2\/media\/86935"}],"wp:attachment":[{"href":"https:\/\/grontkontor.dk\/de\/wp-json\/wp\/v2\/media?parent=86919"}],"wp:term":[{"taxonomy":"product_cat","embeddable":true,"href":"https:\/\/grontkontor.dk\/de\/wp-json\/wp\/v2\/product_cat?post=86919"},{"taxonomy":"product_tag","embeddable":true,"href":"https:\/\/grontkontor.dk\/de\/wp-json\/wp\/v2\/product_tag?post=86919"}],"curies":[{"name":"wp","href":"https:\/\/api.w.org\/{rel}","templated":true}]}}