{"id":86965,"date":"2023-09-22T14:02:52","date_gmt":"2024-05-28T09:54:54","guid":{"rendered":"https:\/\/grontkontor.dk\/shop\/bio-fairtrade-kaffee-500gr\/"},"modified":"2024-05-28T11:54:54","modified_gmt":"2024-05-28T09:54:54","slug":"bio-fairtrade-kaffee-500gr","status":"publish","type":"product","link":"https:\/\/grontkontor.dk\/de\/shop\/bio-fairtrade-kaffee-500gr\/","title":{"rendered":"Bio Fairtrade Kaffee 500gr"},"content":{"rendered":"<p>Handverlesener Bio-Arabica-Kaffee von Fairtrade-zertifizierten Kaffeeplantagen. Die Mischung ist rund und harmonisch mit Schokoladennoten.<\/p>\n<p>Der Kaffee ist f\u00fcr Kaffeemaschine, Filterkaffee und French Press geeignet.<\/p>\n<p>Mindestens 12 St\u00fcck werden in Kartons zu 12 St\u00fcck verkauft.<\/p>\n<p>Nettogewicht: 500 g<br \/>\nHerkunft: Peru &amp; Honduras<br \/>\nSollte gelagert werden: Trocken und k\u00fchl<\/p>\n<p lang=\"da-DK\"><span style=\"font-family: Arial, sans-serif;\"><span style=\"font-size: medium;\"><a href=\"http:\/\/www.fairtrade-maerket.dk\/\" target=\"window\"><img loading=\"lazy\" decoding=\"async\" class=\"alignnone size-full\" src=\"https:\/\/grontkontor.dk\/wp-content\/uploads\/2019\/04\/fairtrade-certificeret.jpg\" \n  alt=\"Fair trade certifikatet - din garanti for at arbejdere og b?nder har fair arbejdsforhold og indt?gt\" width=\"49\" height=\"50\" border=0 \/><\/a><\/span><\/span><\/p>\n","protected":false},"excerpt":{"rendered":"<p>Handverlesener Bio-Arabica-Kaffee von Fairtrade-zertifizierten Kaffeeplantagen. Die Mischung ist rund und harmonisch mit Schokoladennoten. Der Kaffee ist f\u00fcr Kaffeemaschine, Filterkaffee und French Press geeignet. Mindestens 12 St\u00fcck werden in Kartons zu 12 St\u00fcck verkauft. Nettogewicht: 500 g Herkunft: Peru &amp; Honduras Sollte gelagert werden: Trocken und k\u00fchl<\/p>\n","protected":false},"featured_media":86972,"comment_status":"closed","ping_status":"closed","template":"","meta":{"_acf_changed":false},"product_cat":[3089,3339,3783,3321,3084],"product_tag":[3785,3789],"class_list":{"0":"post-86965","1":"product","2":"type-product","3":"status-publish","4":"has-post-thumbnail","6":"product_cat-dummy-moq-10-50-de","7":"product_cat-essen-und-trinken","8":"product_cat-kaffee-und-tee","9":"product_cat-klimafreundliche-werbegeschenke","10":"product_cat-neuheiten","11":"product_tag-kaffee","12":"product_tag-tee","13":"tm-has-options","15":"first","16":"instock","17":"taxable","18":"shipping-taxable","19":"purchasable","20":"product-type-simple"},"acf":[],"yoast_head":"<!-- This site is optimized with the Yoast SEO Premium plugin v21.2 (Yoast SEO v21.2) - https:\/\/yoast.com\/wordpress\/plugins\/seo\/ -->\n<title>Bio Fairtrade Kaffee 500gr - Gr\u00f8nt Kontor<\/title>\n<meta name=\"robots\" content=\"index, follow, max-snippet:-1, max-image-preview:large, max-video-preview:-1\" \/>\n<link rel=\"canonical\" href=\"https:\/\/grontkontor.dk\/de\/shop\/bio-fairtrade-kaffee-500gr\/\" \/>\n<meta property=\"og:locale\" content=\"de_DE\" \/>\n<meta property=\"og:type\" content=\"article\" \/>\n<meta property=\"og:title\" content=\"Bio Fairtrade Kaffee 500gr\" \/>\n<meta property=\"og:description\" content=\"Handverlesener Bio-Arabica-Kaffee von Fairtrade-zertifizierten Kaffeeplantagen. Die Mischung ist rund und harmonisch mit Schokoladennoten. Der Kaffee ist f\u00fcr Kaffeemaschine, Filterkaffee und French Press geeignet. Mindestens 12 St\u00fcck werden in Kartons zu 12 St\u00fcck verkauft. Nettogewicht: 500 g Herkunft: Peru &amp; Honduras Sollte gelagert werden: Trocken und k\u00fchl\" \/>\n<meta property=\"og:url\" content=\"https:\/\/grontkontor.dk\/de\/shop\/bio-fairtrade-kaffee-500gr\/\" \/>\n<meta property=\"og:site_name\" content=\"Gr\u00f8nt Kontor\" \/>\n<meta property=\"article:publisher\" content=\"https:\/\/www.facebook.com\/grontkontor.dk\/\" \/>\n<meta name=\"twitter:card\" content=\"summary_large_image\" \/>\n<script type=\"application\/ld+json\" class=\"yoast-schema-graph\">{\"@context\":\"https:\/\/schema.org\",\"@graph\":[{\"@type\":\"WebPage\",\"@id\":\"https:\/\/grontkontor.dk\/de\/shop\/bio-fairtrade-kaffee-500gr\/\",\"url\":\"https:\/\/grontkontor.dk\/de\/shop\/bio-fairtrade-kaffee-500gr\/\",\"name\":\"Bio Fairtrade Kaffee 500gr - Gr\u00f8nt Kontor\",\"isPartOf\":{\"@id\":\"https:\/\/grontkontor.dk\/#website\"},\"datePublished\":\"2024-05-28T09:54:54+00:00\",\"dateModified\":\"2024-05-28T09:54:54+00:00\",\"breadcrumb\":{\"@id\":\"https:\/\/grontkontor.dk\/de\/shop\/bio-fairtrade-kaffee-500gr\/#breadcrumb\"},\"inLanguage\":\"de\",\"potentialAction\":[{\"@type\":\"ReadAction\",\"target\":[\"https:\/\/grontkontor.dk\/de\/shop\/bio-fairtrade-kaffee-500gr\/\"]}]},{\"@type\":\"BreadcrumbList\",\"@id\":\"https:\/\/grontkontor.dk\/de\/shop\/bio-fairtrade-kaffee-500gr\/#breadcrumb\",\"itemListElement\":[{\"@type\":\"ListItem\",\"position\":1,\"name\":\"Forside\",\"item\":\"https:\/\/grontkontor.dk\/de\/\"},{\"@type\":\"ListItem\",\"position\":2,\"name\":\"Laden\",\"item\":\"https:\/\/grontkontor.dk\/de\/laden\/\"},{\"@type\":\"ListItem\",\"position\":3,\"name\":\"Essen und Trinken\",\"item\":\"https:\/\/grontkontor.dk\/de\/produkt-kategori\/essen-und-trinken\/\"},{\"@type\":\"ListItem\",\"position\":4,\"name\":\"Kaffee und Tee\",\"item\":\"https:\/\/grontkontor.dk\/de\/produkt-kategori\/kaffee-und-tee\/\"},{\"@type\":\"ListItem\",\"position\":5,\"name\":\"Bio Fairtrade Kaffee 500gr\"}]},{\"@type\":\"WebSite\",\"@id\":\"https:\/\/grontkontor.dk\/#website\",\"url\":\"https:\/\/grontkontor.dk\/\",\"name\":\"Gr\u00f8nt Kontor\",\"description\":\"Milj\u00f8venlige produkter til kontor og erhverv med fokus p\u00e5 b\u00e6redygtighed, design og fair trade.\",\"publisher\":{\"@id\":\"https:\/\/grontkontor.dk\/#organization\"},\"potentialAction\":[{\"@type\":\"SearchAction\",\"target\":{\"@type\":\"EntryPoint\",\"urlTemplate\":\"https:\/\/grontkontor.dk\/?s={search_term_string}\"},\"query-input\":\"required name=search_term_string\"}],\"inLanguage\":\"de\"},{\"@type\":\"Organization\",\"@id\":\"https:\/\/grontkontor.dk\/#organization\",\"name\":\"Gr\u00f8nt Kontor\",\"url\":\"https:\/\/grontkontor.dk\/\",\"logo\":{\"@type\":\"ImageObject\",\"inLanguage\":\"de\",\"@id\":\"https:\/\/grontkontor.dk\/#\/schema\/logo\/image\/\",\"url\":\"https:\/\/grontkontor.dk\/wp-content\/uploads\/2014\/02\/Logo_groent_kontor_300x80.png\",\"contentUrl\":\"https:\/\/grontkontor.dk\/wp-content\/uploads\/2014\/02\/Logo_groent_kontor_300x80.png\",\"width\":300,\"height\":80,\"caption\":\"Gr\u00f8nt Kontor\"},\"image\":{\"@id\":\"https:\/\/grontkontor.dk\/#\/schema\/logo\/image\/\"},\"sameAs\":[\"https:\/\/www.facebook.com\/grontkontor.dk\/\"]}]}<\/script>\n<!-- \/ Yoast SEO Premium plugin. -->","yoast_head_json":{"title":"Bio Fairtrade Kaffee 500gr - Gr\u00f8nt Kontor","robots":{"index":"index","follow":"follow","max-snippet":"max-snippet:-1","max-image-preview":"max-image-preview:large","max-video-preview":"max-video-preview:-1"},"canonical":"https:\/\/grontkontor.dk\/de\/shop\/bio-fairtrade-kaffee-500gr\/","og_locale":"de_DE","og_type":"article","og_title":"Bio Fairtrade Kaffee 500gr","og_description":"Handverlesener Bio-Arabica-Kaffee von Fairtrade-zertifizierten Kaffeeplantagen. Die Mischung ist rund und harmonisch mit Schokoladennoten. Der Kaffee ist f\u00fcr Kaffeemaschine, Filterkaffee und French Press geeignet. Mindestens 12 St\u00fcck werden in Kartons zu 12 St\u00fcck verkauft. Nettogewicht: 500 g Herkunft: Peru &amp; Honduras Sollte gelagert werden: Trocken und k\u00fchl","og_url":"https:\/\/grontkontor.dk\/de\/shop\/bio-fairtrade-kaffee-500gr\/","og_site_name":"Gr\u00f8nt Kontor","article_publisher":"https:\/\/www.facebook.com\/grontkontor.dk\/","twitter_card":"summary_large_image","schema":{"@context":"https:\/\/schema.org","@graph":[{"@type":"WebPage","@id":"https:\/\/grontkontor.dk\/de\/shop\/bio-fairtrade-kaffee-500gr\/","url":"https:\/\/grontkontor.dk\/de\/shop\/bio-fairtrade-kaffee-500gr\/","name":"Bio Fairtrade Kaffee 500gr - Gr\u00f8nt Kontor","isPartOf":{"@id":"https:\/\/grontkontor.dk\/#website"},"datePublished":"2024-05-28T09:54:54+00:00","dateModified":"2024-05-28T09:54:54+00:00","breadcrumb":{"@id":"https:\/\/grontkontor.dk\/de\/shop\/bio-fairtrade-kaffee-500gr\/#breadcrumb"},"inLanguage":"de","potentialAction":[{"@type":"ReadAction","target":["https:\/\/grontkontor.dk\/de\/shop\/bio-fairtrade-kaffee-500gr\/"]}]},{"@type":"BreadcrumbList","@id":"https:\/\/grontkontor.dk\/de\/shop\/bio-fairtrade-kaffee-500gr\/#breadcrumb","itemListElement":[{"@type":"ListItem","position":1,"name":"Forside","item":"https:\/\/grontkontor.dk\/de\/"},{"@type":"ListItem","position":2,"name":"Laden","item":"https:\/\/grontkontor.dk\/de\/laden\/"},{"@type":"ListItem","position":3,"name":"Essen und Trinken","item":"https:\/\/grontkontor.dk\/de\/produkt-kategori\/essen-und-trinken\/"},{"@type":"ListItem","position":4,"name":"Kaffee und Tee","item":"https:\/\/grontkontor.dk\/de\/produkt-kategori\/kaffee-und-tee\/"},{"@type":"ListItem","position":5,"name":"Bio Fairtrade Kaffee 500gr"}]},{"@type":"WebSite","@id":"https:\/\/grontkontor.dk\/#website","url":"https:\/\/grontkontor.dk\/","name":"Gr\u00f8nt Kontor","description":"Milj\u00f8venlige produkter til kontor og erhverv med fokus p\u00e5 b\u00e6redygtighed, design og fair trade.","publisher":{"@id":"https:\/\/grontkontor.dk\/#organization"},"potentialAction":[{"@type":"SearchAction","target":{"@type":"EntryPoint","urlTemplate":"https:\/\/grontkontor.dk\/?s={search_term_string}"},"query-input":"required name=search_term_string"}],"inLanguage":"de"},{"@type":"Organization","@id":"https:\/\/grontkontor.dk\/#organization","name":"Gr\u00f8nt Kontor","url":"https:\/\/grontkontor.dk\/","logo":{"@type":"ImageObject","inLanguage":"de","@id":"https:\/\/grontkontor.dk\/#\/schema\/logo\/image\/","url":"https:\/\/grontkontor.dk\/wp-content\/uploads\/2014\/02\/Logo_groent_kontor_300x80.png","contentUrl":"https:\/\/grontkontor.dk\/wp-content\/uploads\/2014\/02\/Logo_groent_kontor_300x80.png","width":300,"height":80,"caption":"Gr\u00f8nt Kontor"},"image":{"@id":"https:\/\/grontkontor.dk\/#\/schema\/logo\/image\/"},"sameAs":["https:\/\/www.facebook.com\/grontkontor.dk\/"]}]}},"_links":{"self":[{"href":"https:\/\/grontkontor.dk\/de\/wp-json\/wp\/v2\/product\/86965"}],"collection":[{"href":"https:\/\/grontkontor.dk\/de\/wp-json\/wp\/v2\/product"}],"about":[{"href":"https:\/\/grontkontor.dk\/de\/wp-json\/wp\/v2\/types\/product"}],"replies":[{"embeddable":true,"href":"https:\/\/grontkontor.dk\/de\/wp-json\/wp\/v2\/comments?post=86965"}],"wp:featuredmedia":[{"embeddable":true,"href":"https:\/\/grontkontor.dk\/de\/wp-json\/wp\/v2\/media\/86972"}],"wp:attachment":[{"href":"https:\/\/grontkontor.dk\/de\/wp-json\/wp\/v2\/media?parent=86965"}],"wp:term":[{"taxonomy":"product_cat","embeddable":true,"href":"https:\/\/grontkontor.dk\/de\/wp-json\/wp\/v2\/product_cat?post=86965"},{"taxonomy":"product_tag","embeddable":true,"href":"https:\/\/grontkontor.dk\/de\/wp-json\/wp\/v2\/product_tag?post=86965"}],"curies":[{"name":"wp","href":"https:\/\/api.w.org\/{rel}","templated":true}]}}