{"id":86996,"date":"2023-09-22T14:02:52","date_gmt":"2024-05-28T09:54:57","guid":{"rendered":"https:\/\/grontkontor.dk\/shop\/mini-terrarium-set-m-u-print\/"},"modified":"2024-05-28T11:54:57","modified_gmt":"2024-05-28T09:54:57","slug":"mini-terrarium-set-m-u-print","status":"publish","type":"product","link":"https:\/\/grontkontor.dk\/de\/shop\/mini-terrarium-set-m-u-print\/","title":{"rendered":"Mini-Terrarien-Set ohne Aufdruck"},"content":{"rendered":"<p>Kreieren Sie Ihr eigenes Mini-Terrarium mit diesem Terrarien-Set. Dieser Indoor-Garten besteht aus Borosilikatglas mit einem Deckel aus umweltfreundlichem Kork. Kann mit Druck oder Lasergravur auf dem Deckel bestellt werden.<br \/>\nAnleitung, Kaktussamen und Bambuszange sind im Lieferumfang enthalten.<\/p>\n<p>Ein nettes Mitarbeiter- oder Firmengeschenk f\u00fcr besondere Anl\u00e4sse.<\/p>\n<p>Hergestellt in Europa<\/p>\n<p>&nbsp;<\/p>\n<p>[kork] [glas] [bambus]<\/p>\n<p>&nbsp;<\/p>\n<p><img loading=\"lazy\" decoding=\"async\" class=\"size-medium wp-image-21008\" src=\"https:\/\/grontkontor.dk\/wp-content\/uploads\/2020\/11\/eu-flag_1-300x199.jpg\" alt=\"Fremstillet i EU\" width=\"76\" height=\"50\" srcset=\"https:\/\/grontkontor.dk\/wp-content\/uploads\/2020\/11\/eu-flag_1-300x199.jpg 300w, https:\/\/grontkontor.dk\/wp-content\/uploads\/2020\/11\/eu-flag_1.jpg 530w\" sizes=\"(max-width: 76px) 100vw, 76px\" \/> <img loading=\"lazy\" decoding=\"async\" src=\"https:\/\/grontkontor.dk\/wp-content\/uploads\/2021\/02\/genbrug.jpg\" alt=\"Fremstillet af genbrugsmaterialer\" width=\"50\" height=\"50\" class=\"size-full wp-image-23031\" srcset=\"https:\/\/grontkontor.dk\/wp-content\/uploads\/2021\/02\/genbrug.jpg 199w, https:\/\/grontkontor.dk\/wp-content\/uploads\/2021\/02\/genbrug-100x100.jpg 100w\" sizes=\"(max-width: 50px) 100vw, 50px\" \/><\/p>\n","protected":false},"excerpt":{"rendered":"<p>Kreieren Sie Ihr eigenes Mini-Terrarium mit diesem Terrarien-Set. Dieser Indoor-Garten besteht aus Borosilikatglas mit einem Deckel aus umweltfreundlichem Kork. Kann mit Druck oder Lasergravur auf dem Deckel bestellt werden. Anleitung, Kaktussamen und Bambuszange sind im Lieferumfang enthalten. Ein nettes Mitarbeiter- oder Firmengeschenk f\u00fcr besondere Anl\u00e4sse. Hergestellt in Europa &nbsp; [kork] [glas] [bambus] &nbsp;<\/p>\n","protected":false},"featured_media":87008,"comment_status":"closed","ping_status":"closed","template":"","meta":{"_acf_changed":false},"product_cat":[3325,3644,3321,3084,3323],"product_tag":[3646,3804],"class_list":{"0":"post-86996","1":"product","2":"type-product","3":"status-publish","4":"has-post-thumbnail","6":"product_cat-dummy-moq-1-de","7":"product_cat-geschenke-pflanzen","8":"product_cat-klimafreundliche-werbegeschenke","9":"product_cat-neuheiten","10":"product_cat-produktserien","11":"product_tag-pflanzen-geschenk","12":"product_tag-terrarien-set","13":"tm-has-options","15":"first","16":"instock","17":"taxable","18":"shipping-taxable","19":"purchasable","20":"product-type-simple"},"acf":[],"yoast_head":"<!-- This site is optimized with the Yoast SEO Premium plugin v21.2 (Yoast SEO v21.2) - https:\/\/yoast.com\/wordpress\/plugins\/seo\/ -->\n<title>Mini-Terrarien-Set ohne Aufdruck - Gr\u00f8nt Kontor<\/title>\n<meta name=\"robots\" content=\"index, follow, max-snippet:-1, max-image-preview:large, max-video-preview:-1\" \/>\n<link rel=\"canonical\" href=\"https:\/\/grontkontor.dk\/de\/shop\/mini-terrarium-set-m-u-print\/\" \/>\n<meta property=\"og:locale\" content=\"de_DE\" \/>\n<meta property=\"og:type\" content=\"article\" \/>\n<meta property=\"og:title\" content=\"Mini-Terrarien-Set ohne Aufdruck\" \/>\n<meta property=\"og:description\" content=\"Kreieren Sie Ihr eigenes Mini-Terrarium mit diesem Terrarien-Set. Dieser Indoor-Garten besteht aus Borosilikatglas mit einem Deckel aus umweltfreundlichem Kork. Kann mit Druck oder Lasergravur auf dem Deckel bestellt werden. Anleitung, Kaktussamen und Bambuszange sind im Lieferumfang enthalten. Ein nettes Mitarbeiter- oder Firmengeschenk f\u00fcr besondere Anl\u00e4sse. Hergestellt in Europa &nbsp; [kork] [glas] [bambus] &nbsp;\" \/>\n<meta property=\"og:url\" content=\"https:\/\/grontkontor.dk\/de\/shop\/mini-terrarium-set-m-u-print\/\" \/>\n<meta property=\"og:site_name\" content=\"Gr\u00f8nt Kontor\" \/>\n<meta property=\"article:publisher\" content=\"https:\/\/www.facebook.com\/grontkontor.dk\/\" \/>\n<meta name=\"twitter:card\" content=\"summary_large_image\" \/>\n<script type=\"application\/ld+json\" class=\"yoast-schema-graph\">{\"@context\":\"https:\/\/schema.org\",\"@graph\":[{\"@type\":\"WebPage\",\"@id\":\"https:\/\/grontkontor.dk\/de\/shop\/mini-terrarium-set-m-u-print\/\",\"url\":\"https:\/\/grontkontor.dk\/de\/shop\/mini-terrarium-set-m-u-print\/\",\"name\":\"Mini-Terrarien-Set ohne Aufdruck - Gr\u00f8nt Kontor\",\"isPartOf\":{\"@id\":\"https:\/\/grontkontor.dk\/#website\"},\"datePublished\":\"2024-05-28T09:54:57+00:00\",\"dateModified\":\"2024-05-28T09:54:57+00:00\",\"breadcrumb\":{\"@id\":\"https:\/\/grontkontor.dk\/de\/shop\/mini-terrarium-set-m-u-print\/#breadcrumb\"},\"inLanguage\":\"de\",\"potentialAction\":[{\"@type\":\"ReadAction\",\"target\":[\"https:\/\/grontkontor.dk\/de\/shop\/mini-terrarium-set-m-u-print\/\"]}]},{\"@type\":\"BreadcrumbList\",\"@id\":\"https:\/\/grontkontor.dk\/de\/shop\/mini-terrarium-set-m-u-print\/#breadcrumb\",\"itemListElement\":[{\"@type\":\"ListItem\",\"position\":1,\"name\":\"Forside\",\"item\":\"https:\/\/grontkontor.dk\/de\/\"},{\"@type\":\"ListItem\",\"position\":2,\"name\":\"Laden\",\"item\":\"https:\/\/grontkontor.dk\/de\/laden\/\"},{\"@type\":\"ListItem\",\"position\":3,\"name\":\"Produktserien\",\"item\":\"https:\/\/grontkontor.dk\/de\/produkt-kategori\/produktserien\/\"},{\"@type\":\"ListItem\",\"position\":4,\"name\":\"Geschenke pflanzen\",\"item\":\"https:\/\/grontkontor.dk\/de\/produkt-kategori\/produktserien\/geschenke-pflanzen\/\"},{\"@type\":\"ListItem\",\"position\":5,\"name\":\"Mini-Terrarien-Set ohne Aufdruck\"}]},{\"@type\":\"WebSite\",\"@id\":\"https:\/\/grontkontor.dk\/#website\",\"url\":\"https:\/\/grontkontor.dk\/\",\"name\":\"Gr\u00f8nt Kontor\",\"description\":\"Milj\u00f8venlige produkter til kontor og erhverv med fokus p\u00e5 b\u00e6redygtighed, design og fair trade.\",\"publisher\":{\"@id\":\"https:\/\/grontkontor.dk\/#organization\"},\"potentialAction\":[{\"@type\":\"SearchAction\",\"target\":{\"@type\":\"EntryPoint\",\"urlTemplate\":\"https:\/\/grontkontor.dk\/?s={search_term_string}\"},\"query-input\":\"required name=search_term_string\"}],\"inLanguage\":\"de\"},{\"@type\":\"Organization\",\"@id\":\"https:\/\/grontkontor.dk\/#organization\",\"name\":\"Gr\u00f8nt Kontor\",\"url\":\"https:\/\/grontkontor.dk\/\",\"logo\":{\"@type\":\"ImageObject\",\"inLanguage\":\"de\",\"@id\":\"https:\/\/grontkontor.dk\/#\/schema\/logo\/image\/\",\"url\":\"https:\/\/grontkontor.dk\/wp-content\/uploads\/2014\/02\/Logo_groent_kontor_300x80.png\",\"contentUrl\":\"https:\/\/grontkontor.dk\/wp-content\/uploads\/2014\/02\/Logo_groent_kontor_300x80.png\",\"width\":300,\"height\":80,\"caption\":\"Gr\u00f8nt Kontor\"},\"image\":{\"@id\":\"https:\/\/grontkontor.dk\/#\/schema\/logo\/image\/\"},\"sameAs\":[\"https:\/\/www.facebook.com\/grontkontor.dk\/\"]}]}<\/script>\n<!-- \/ Yoast SEO Premium plugin. -->","yoast_head_json":{"title":"Mini-Terrarien-Set ohne Aufdruck - Gr\u00f8nt Kontor","robots":{"index":"index","follow":"follow","max-snippet":"max-snippet:-1","max-image-preview":"max-image-preview:large","max-video-preview":"max-video-preview:-1"},"canonical":"https:\/\/grontkontor.dk\/de\/shop\/mini-terrarium-set-m-u-print\/","og_locale":"de_DE","og_type":"article","og_title":"Mini-Terrarien-Set ohne Aufdruck","og_description":"Kreieren Sie Ihr eigenes Mini-Terrarium mit diesem Terrarien-Set. Dieser Indoor-Garten besteht aus Borosilikatglas mit einem Deckel aus umweltfreundlichem Kork. Kann mit Druck oder Lasergravur auf dem Deckel bestellt werden. Anleitung, Kaktussamen und Bambuszange sind im Lieferumfang enthalten. Ein nettes Mitarbeiter- oder Firmengeschenk f\u00fcr besondere Anl\u00e4sse. Hergestellt in Europa &nbsp; [kork] [glas] [bambus] &nbsp;","og_url":"https:\/\/grontkontor.dk\/de\/shop\/mini-terrarium-set-m-u-print\/","og_site_name":"Gr\u00f8nt Kontor","article_publisher":"https:\/\/www.facebook.com\/grontkontor.dk\/","twitter_card":"summary_large_image","schema":{"@context":"https:\/\/schema.org","@graph":[{"@type":"WebPage","@id":"https:\/\/grontkontor.dk\/de\/shop\/mini-terrarium-set-m-u-print\/","url":"https:\/\/grontkontor.dk\/de\/shop\/mini-terrarium-set-m-u-print\/","name":"Mini-Terrarien-Set ohne Aufdruck - Gr\u00f8nt Kontor","isPartOf":{"@id":"https:\/\/grontkontor.dk\/#website"},"datePublished":"2024-05-28T09:54:57+00:00","dateModified":"2024-05-28T09:54:57+00:00","breadcrumb":{"@id":"https:\/\/grontkontor.dk\/de\/shop\/mini-terrarium-set-m-u-print\/#breadcrumb"},"inLanguage":"de","potentialAction":[{"@type":"ReadAction","target":["https:\/\/grontkontor.dk\/de\/shop\/mini-terrarium-set-m-u-print\/"]}]},{"@type":"BreadcrumbList","@id":"https:\/\/grontkontor.dk\/de\/shop\/mini-terrarium-set-m-u-print\/#breadcrumb","itemListElement":[{"@type":"ListItem","position":1,"name":"Forside","item":"https:\/\/grontkontor.dk\/de\/"},{"@type":"ListItem","position":2,"name":"Laden","item":"https:\/\/grontkontor.dk\/de\/laden\/"},{"@type":"ListItem","position":3,"name":"Produktserien","item":"https:\/\/grontkontor.dk\/de\/produkt-kategori\/produktserien\/"},{"@type":"ListItem","position":4,"name":"Geschenke pflanzen","item":"https:\/\/grontkontor.dk\/de\/produkt-kategori\/produktserien\/geschenke-pflanzen\/"},{"@type":"ListItem","position":5,"name":"Mini-Terrarien-Set ohne Aufdruck"}]},{"@type":"WebSite","@id":"https:\/\/grontkontor.dk\/#website","url":"https:\/\/grontkontor.dk\/","name":"Gr\u00f8nt Kontor","description":"Milj\u00f8venlige produkter til kontor og erhverv med fokus p\u00e5 b\u00e6redygtighed, design og fair trade.","publisher":{"@id":"https:\/\/grontkontor.dk\/#organization"},"potentialAction":[{"@type":"SearchAction","target":{"@type":"EntryPoint","urlTemplate":"https:\/\/grontkontor.dk\/?s={search_term_string}"},"query-input":"required name=search_term_string"}],"inLanguage":"de"},{"@type":"Organization","@id":"https:\/\/grontkontor.dk\/#organization","name":"Gr\u00f8nt Kontor","url":"https:\/\/grontkontor.dk\/","logo":{"@type":"ImageObject","inLanguage":"de","@id":"https:\/\/grontkontor.dk\/#\/schema\/logo\/image\/","url":"https:\/\/grontkontor.dk\/wp-content\/uploads\/2014\/02\/Logo_groent_kontor_300x80.png","contentUrl":"https:\/\/grontkontor.dk\/wp-content\/uploads\/2014\/02\/Logo_groent_kontor_300x80.png","width":300,"height":80,"caption":"Gr\u00f8nt Kontor"},"image":{"@id":"https:\/\/grontkontor.dk\/#\/schema\/logo\/image\/"},"sameAs":["https:\/\/www.facebook.com\/grontkontor.dk\/"]}]}},"_links":{"self":[{"href":"https:\/\/grontkontor.dk\/de\/wp-json\/wp\/v2\/product\/86996"}],"collection":[{"href":"https:\/\/grontkontor.dk\/de\/wp-json\/wp\/v2\/product"}],"about":[{"href":"https:\/\/grontkontor.dk\/de\/wp-json\/wp\/v2\/types\/product"}],"replies":[{"embeddable":true,"href":"https:\/\/grontkontor.dk\/de\/wp-json\/wp\/v2\/comments?post=86996"}],"wp:featuredmedia":[{"embeddable":true,"href":"https:\/\/grontkontor.dk\/de\/wp-json\/wp\/v2\/media\/87008"}],"wp:attachment":[{"href":"https:\/\/grontkontor.dk\/de\/wp-json\/wp\/v2\/media?parent=86996"}],"wp:term":[{"taxonomy":"product_cat","embeddable":true,"href":"https:\/\/grontkontor.dk\/de\/wp-json\/wp\/v2\/product_cat?post=86996"},{"taxonomy":"product_tag","embeddable":true,"href":"https:\/\/grontkontor.dk\/de\/wp-json\/wp\/v2\/product_tag?post=86996"}],"curies":[{"name":"wp","href":"https:\/\/api.w.org\/{rel}","templated":true}]}}