{"id":87051,"date":"2023-09-22T14:05:13","date_gmt":"2024-05-28T09:55:03","guid":{"rendered":"https:\/\/grontkontor.dk\/shop\/versandtasche-recyclingpapier-l\/"},"modified":"2024-05-28T11:55:03","modified_gmt":"2024-05-28T09:55:03","slug":"versandtasche-recyclingpapier-l","status":"publish","type":"product","link":"https:\/\/grontkontor.dk\/de\/shop\/versandtasche-recyclingpapier-l\/","title":{"rendered":"Versandtasche aus recyceltem Papier L"},"content":{"rendered":"<p>Musterbeutel aus 100% Kraft-Recyclingpapier. Diese strapazierf\u00e4higen und langlebigen Taschen sind eine gro\u00dfartige umweltfreundliche Alternative zu Plastikversandtaschen. Der Beutel ist mit Perforation und Doppelstreifenverschluss versehen, um eine einfache R\u00fcckgabe zu erm\u00f6glichen. Nach Gebrauch kann die Tasche wie normales Papier sortiert werden.<\/p>\n<p>&nbsp;<\/p>\n<p>[papir]<br \/>\n[FSC_s]<\/p>\n<p>&nbsp;<\/p>\n<p><img loading=\"lazy\" decoding=\"async\" src=\"https:\/\/grontkontor.dk\/wp-content\/uploads\/2021\/02\/genbrug.jpg\" alt=\"Fremstillet af genbrugsmaterialer\" width=\"50\" height=\"50\" class=\"size-full wp-image-23031\" srcset=\"https:\/\/grontkontor.dk\/wp-content\/uploads\/2021\/02\/genbrug.jpg 199w, https:\/\/grontkontor.dk\/wp-content\/uploads\/2021\/02\/genbrug-100x100.jpg 100w\" sizes=\"(max-width: 50px) 100vw, 50px\" \/> <a href=\"https:\/\/ic.fsc.org\/en\/\" target=\"window\"><img loading=\"lazy\" decoding=\"async\" class=\"size-full wp-image-12735\" src=\"https:\/\/grontkontor.dk\/wp-content\/uploads\/2019\/04\/fsc-certificeret.png\" \n\t\t alt=\"FSC-certificeret\" title=\"FSC-certificeret\" width=\"44\" height=\"51\" border=0\/><\/a><\/p>\n","protected":false},"excerpt":{"rendered":"<p>Musterbeutel aus 100% Kraft-Recyclingpapier. Diese strapazierf\u00e4higen und langlebigen Taschen sind eine gro\u00dfartige umweltfreundliche Alternative zu Plastikversandtaschen. Der Beutel ist mit Perforation und Doppelstreifenverschluss versehen, um eine einfache R\u00fcckgabe zu erm\u00f6glichen. Nach Gebrauch kann die Tasche wie normales Papier sortiert werden. &nbsp; [papir] [FSC_s] &nbsp;<\/p>\n","protected":false},"featured_media":87052,"comment_status":"closed","ping_status":"closed","template":"","meta":{"_acf_changed":false},"product_cat":[3800,3319,3802,3084,3083,3323,3799],"product_tag":[3803,3724],"class_list":{"0":"post-87051","1":"product","2":"type-product","3":"status-publish","4":"has-post-thumbnail","6":"product_cat-briefumschlaege","7":"product_cat-drucksache","8":"product_cat-dummy-moq-500-de","9":"product_cat-neuheiten","10":"product_cat-nature-recyclingpapier","11":"product_cat-produktserien","12":"product_cat-schreibwaren","13":"product_tag-briefumschlag","14":"product_tag-sendung","15":"tm-has-options","17":"first","18":"instock","19":"taxable","20":"shipping-taxable","21":"purchasable","22":"product-type-simple"},"acf":[],"yoast_head":"<!-- This site is optimized with the Yoast SEO Premium plugin v21.2 (Yoast SEO v21.2) - https:\/\/yoast.com\/wordpress\/plugins\/seo\/ -->\n<title>Versandtasche aus recyceltem Papier L - Gr\u00f8nt Kontor<\/title>\n<meta name=\"robots\" content=\"index, follow, max-snippet:-1, max-image-preview:large, max-video-preview:-1\" \/>\n<link rel=\"canonical\" href=\"https:\/\/grontkontor.dk\/de\/shop\/versandtasche-recyclingpapier-l\/\" \/>\n<meta property=\"og:locale\" content=\"de_DE\" \/>\n<meta property=\"og:type\" content=\"article\" \/>\n<meta property=\"og:title\" content=\"Versandtasche aus recyceltem Papier L\" \/>\n<meta property=\"og:description\" content=\"Musterbeutel aus 100% Kraft-Recyclingpapier. Diese strapazierf\u00e4higen und langlebigen Taschen sind eine gro\u00dfartige umweltfreundliche Alternative zu Plastikversandtaschen. Der Beutel ist mit Perforation und Doppelstreifenverschluss versehen, um eine einfache R\u00fcckgabe zu erm\u00f6glichen. Nach Gebrauch kann die Tasche wie normales Papier sortiert werden. &nbsp; [papir] [FSC_s] &nbsp;\" \/>\n<meta property=\"og:url\" content=\"https:\/\/grontkontor.dk\/de\/shop\/versandtasche-recyclingpapier-l\/\" \/>\n<meta property=\"og:site_name\" content=\"Gr\u00f8nt Kontor\" \/>\n<meta property=\"article:publisher\" content=\"https:\/\/www.facebook.com\/grontkontor.dk\/\" \/>\n<meta property=\"og:image\" content=\"https:\/\/grontkontor.dk\/wp-content\/uploads\/2023\/09\/Fornsendelsespose-i-genbrugspapir-Large.jpg\" \/>\n\t<meta property=\"og:image:width\" content=\"900\" \/>\n\t<meta property=\"og:image:height\" content=\"639\" \/>\n\t<meta property=\"og:image:type\" content=\"image\/jpeg\" \/>\n<meta name=\"twitter:card\" content=\"summary_large_image\" \/>\n<script type=\"application\/ld+json\" class=\"yoast-schema-graph\">{\"@context\":\"https:\/\/schema.org\",\"@graph\":[{\"@type\":\"WebPage\",\"@id\":\"https:\/\/grontkontor.dk\/de\/shop\/versandtasche-recyclingpapier-l\/\",\"url\":\"https:\/\/grontkontor.dk\/de\/shop\/versandtasche-recyclingpapier-l\/\",\"name\":\"Versandtasche aus recyceltem Papier L - Gr\u00f8nt Kontor\",\"isPartOf\":{\"@id\":\"https:\/\/grontkontor.dk\/#website\"},\"datePublished\":\"2024-05-28T09:55:03+00:00\",\"dateModified\":\"2024-05-28T09:55:03+00:00\",\"breadcrumb\":{\"@id\":\"https:\/\/grontkontor.dk\/de\/shop\/versandtasche-recyclingpapier-l\/#breadcrumb\"},\"inLanguage\":\"de\",\"potentialAction\":[{\"@type\":\"ReadAction\",\"target\":[\"https:\/\/grontkontor.dk\/de\/shop\/versandtasche-recyclingpapier-l\/\"]}]},{\"@type\":\"BreadcrumbList\",\"@id\":\"https:\/\/grontkontor.dk\/de\/shop\/versandtasche-recyclingpapier-l\/#breadcrumb\",\"itemListElement\":[{\"@type\":\"ListItem\",\"position\":1,\"name\":\"Forside\",\"item\":\"https:\/\/grontkontor.dk\/de\/\"},{\"@type\":\"ListItem\",\"position\":2,\"name\":\"Laden\",\"item\":\"https:\/\/grontkontor.dk\/de\/laden\/\"},{\"@type\":\"ListItem\",\"position\":3,\"name\":\"Produktserien\",\"item\":\"https:\/\/grontkontor.dk\/de\/produkt-kategori\/produktserien\/\"},{\"@type\":\"ListItem\",\"position\":4,\"name\":\"Nature-Recyclingpapier\",\"item\":\"https:\/\/grontkontor.dk\/de\/produkt-kategori\/produktserien\/nature-recyclingpapier\/\"},{\"@type\":\"ListItem\",\"position\":5,\"name\":\"Versandtasche aus recyceltem Papier L\"}]},{\"@type\":\"WebSite\",\"@id\":\"https:\/\/grontkontor.dk\/#website\",\"url\":\"https:\/\/grontkontor.dk\/\",\"name\":\"Gr\u00f8nt Kontor\",\"description\":\"Milj\u00f8venlige produkter til kontor og erhverv med fokus p\u00e5 b\u00e6redygtighed, design og fair trade.\",\"publisher\":{\"@id\":\"https:\/\/grontkontor.dk\/#organization\"},\"potentialAction\":[{\"@type\":\"SearchAction\",\"target\":{\"@type\":\"EntryPoint\",\"urlTemplate\":\"https:\/\/grontkontor.dk\/?s={search_term_string}\"},\"query-input\":\"required name=search_term_string\"}],\"inLanguage\":\"de\"},{\"@type\":\"Organization\",\"@id\":\"https:\/\/grontkontor.dk\/#organization\",\"name\":\"Gr\u00f8nt Kontor\",\"url\":\"https:\/\/grontkontor.dk\/\",\"logo\":{\"@type\":\"ImageObject\",\"inLanguage\":\"de\",\"@id\":\"https:\/\/grontkontor.dk\/#\/schema\/logo\/image\/\",\"url\":\"https:\/\/grontkontor.dk\/wp-content\/uploads\/2014\/02\/Logo_groent_kontor_300x80.png\",\"contentUrl\":\"https:\/\/grontkontor.dk\/wp-content\/uploads\/2014\/02\/Logo_groent_kontor_300x80.png\",\"width\":300,\"height\":80,\"caption\":\"Gr\u00f8nt Kontor\"},\"image\":{\"@id\":\"https:\/\/grontkontor.dk\/#\/schema\/logo\/image\/\"},\"sameAs\":[\"https:\/\/www.facebook.com\/grontkontor.dk\/\"]}]}<\/script>\n<!-- \/ Yoast SEO Premium plugin. -->","yoast_head_json":{"title":"Versandtasche aus recyceltem Papier L - Gr\u00f8nt Kontor","robots":{"index":"index","follow":"follow","max-snippet":"max-snippet:-1","max-image-preview":"max-image-preview:large","max-video-preview":"max-video-preview:-1"},"canonical":"https:\/\/grontkontor.dk\/de\/shop\/versandtasche-recyclingpapier-l\/","og_locale":"de_DE","og_type":"article","og_title":"Versandtasche aus recyceltem Papier L","og_description":"Musterbeutel aus 100% Kraft-Recyclingpapier. Diese strapazierf\u00e4higen und langlebigen Taschen sind eine gro\u00dfartige umweltfreundliche Alternative zu Plastikversandtaschen. Der Beutel ist mit Perforation und Doppelstreifenverschluss versehen, um eine einfache R\u00fcckgabe zu erm\u00f6glichen. Nach Gebrauch kann die Tasche wie normales Papier sortiert werden. &nbsp; [papir] [FSC_s] &nbsp;","og_url":"https:\/\/grontkontor.dk\/de\/shop\/versandtasche-recyclingpapier-l\/","og_site_name":"Gr\u00f8nt Kontor","article_publisher":"https:\/\/www.facebook.com\/grontkontor.dk\/","og_image":[{"width":900,"height":639,"url":"https:\/\/grontkontor.dk\/wp-content\/uploads\/2023\/09\/Fornsendelsespose-i-genbrugspapir-Large.jpg","type":"image\/jpeg"}],"twitter_card":"summary_large_image","schema":{"@context":"https:\/\/schema.org","@graph":[{"@type":"WebPage","@id":"https:\/\/grontkontor.dk\/de\/shop\/versandtasche-recyclingpapier-l\/","url":"https:\/\/grontkontor.dk\/de\/shop\/versandtasche-recyclingpapier-l\/","name":"Versandtasche aus recyceltem Papier L - Gr\u00f8nt Kontor","isPartOf":{"@id":"https:\/\/grontkontor.dk\/#website"},"datePublished":"2024-05-28T09:55:03+00:00","dateModified":"2024-05-28T09:55:03+00:00","breadcrumb":{"@id":"https:\/\/grontkontor.dk\/de\/shop\/versandtasche-recyclingpapier-l\/#breadcrumb"},"inLanguage":"de","potentialAction":[{"@type":"ReadAction","target":["https:\/\/grontkontor.dk\/de\/shop\/versandtasche-recyclingpapier-l\/"]}]},{"@type":"BreadcrumbList","@id":"https:\/\/grontkontor.dk\/de\/shop\/versandtasche-recyclingpapier-l\/#breadcrumb","itemListElement":[{"@type":"ListItem","position":1,"name":"Forside","item":"https:\/\/grontkontor.dk\/de\/"},{"@type":"ListItem","position":2,"name":"Laden","item":"https:\/\/grontkontor.dk\/de\/laden\/"},{"@type":"ListItem","position":3,"name":"Produktserien","item":"https:\/\/grontkontor.dk\/de\/produkt-kategori\/produktserien\/"},{"@type":"ListItem","position":4,"name":"Nature-Recyclingpapier","item":"https:\/\/grontkontor.dk\/de\/produkt-kategori\/produktserien\/nature-recyclingpapier\/"},{"@type":"ListItem","position":5,"name":"Versandtasche aus recyceltem Papier L"}]},{"@type":"WebSite","@id":"https:\/\/grontkontor.dk\/#website","url":"https:\/\/grontkontor.dk\/","name":"Gr\u00f8nt Kontor","description":"Milj\u00f8venlige produkter til kontor og erhverv med fokus p\u00e5 b\u00e6redygtighed, design og fair trade.","publisher":{"@id":"https:\/\/grontkontor.dk\/#organization"},"potentialAction":[{"@type":"SearchAction","target":{"@type":"EntryPoint","urlTemplate":"https:\/\/grontkontor.dk\/?s={search_term_string}"},"query-input":"required name=search_term_string"}],"inLanguage":"de"},{"@type":"Organization","@id":"https:\/\/grontkontor.dk\/#organization","name":"Gr\u00f8nt Kontor","url":"https:\/\/grontkontor.dk\/","logo":{"@type":"ImageObject","inLanguage":"de","@id":"https:\/\/grontkontor.dk\/#\/schema\/logo\/image\/","url":"https:\/\/grontkontor.dk\/wp-content\/uploads\/2014\/02\/Logo_groent_kontor_300x80.png","contentUrl":"https:\/\/grontkontor.dk\/wp-content\/uploads\/2014\/02\/Logo_groent_kontor_300x80.png","width":300,"height":80,"caption":"Gr\u00f8nt Kontor"},"image":{"@id":"https:\/\/grontkontor.dk\/#\/schema\/logo\/image\/"},"sameAs":["https:\/\/www.facebook.com\/grontkontor.dk\/"]}]}},"_links":{"self":[{"href":"https:\/\/grontkontor.dk\/de\/wp-json\/wp\/v2\/product\/87051"}],"collection":[{"href":"https:\/\/grontkontor.dk\/de\/wp-json\/wp\/v2\/product"}],"about":[{"href":"https:\/\/grontkontor.dk\/de\/wp-json\/wp\/v2\/types\/product"}],"replies":[{"embeddable":true,"href":"https:\/\/grontkontor.dk\/de\/wp-json\/wp\/v2\/comments?post=87051"}],"wp:featuredmedia":[{"embeddable":true,"href":"https:\/\/grontkontor.dk\/de\/wp-json\/wp\/v2\/media\/87052"}],"wp:attachment":[{"href":"https:\/\/grontkontor.dk\/de\/wp-json\/wp\/v2\/media?parent=87051"}],"wp:term":[{"taxonomy":"product_cat","embeddable":true,"href":"https:\/\/grontkontor.dk\/de\/wp-json\/wp\/v2\/product_cat?post=87051"},{"taxonomy":"product_tag","embeddable":true,"href":"https:\/\/grontkontor.dk\/de\/wp-json\/wp\/v2\/product_tag?post=87051"}],"curies":[{"name":"wp","href":"https:\/\/api.w.org\/{rel}","templated":true}]}}