{"id":87088,"date":"2023-09-22T14:02:27","date_gmt":"2024-05-28T09:56:19","guid":{"rendered":"https:\/\/grontkontor.dk\/shop\/biologische-weisse-kerzen-4-tlg\/"},"modified":"2024-05-28T11:56:19","modified_gmt":"2024-05-28T09:56:19","slug":"biologische-weisse-kerzen-4-tlg","status":"publish","type":"product","link":"https:\/\/grontkontor.dk\/de\/shop\/biologische-weisse-kerzen-4-tlg\/","title":{"rendered":"Wei\u00dfe Bio-Kerzen 4 St\u00fcck"},"content":{"rendered":"<p>Diese biologischen und klimafreundlichen Kerzen sind zu 100% pflanzlich mit Bio-Palm\u00f6l und in recycelten Karton eingewickelt.<br \/>\nDie Kerzen sind mit dem RSPO-Markenzeichen gekennzeichnet, dem internationalen Zeichen, das sicherstellt, dass sie aus Palm\u00f6l aus zertifizierten nachhaltigen Palm\u00f6lplantagen hergestellt werden.<br \/>\n Indem wir Produkte von zertifizierten und nachhaltigen Farmen beziehen, tragen wir zum Schutz vor Boden-, Luft- und Wasserverschmutzung bei. Wir tragen auch dazu bei, die biologische Vielfalt zu erhalten und W\u00e4lder und Wildtiere zu sch\u00fctzen. Ein umweltfreundliches Produkt f\u00fcr Werbegeschenke, Geschenkt\u00fcten oder um eine warme Atmosph\u00e4re zu schaffen.<\/p>\n<p>Hergestellt in Deutschland<\/p>\n<p>&nbsp;<\/p>\n<img loading=\"lazy\" decoding=\"async\" class=\"size-medium wp-image-21008\" src=\"https:\/\/grontkontor.dk\/wp-content\/uploads\/2020\/11\/eu-flag_1-300x199.jpg\" alt=\"Fremstillet i EU\" width=\"76\" height=\"50\" srcset=\"https:\/\/grontkontor.dk\/wp-content\/uploads\/2020\/11\/eu-flag_1-300x199.jpg 300w, https:\/\/grontkontor.dk\/wp-content\/uploads\/2020\/11\/eu-flag_1.jpg 530w\" sizes=\"(max-width: 76px) 100vw, 76px\" \/>\n<p>&nbsp;<\/p>\n","protected":false},"excerpt":{"rendered":"<p>Diese biologischen und klimafreundlichen Kerzen sind zu 100% pflanzlich mit Bio-Palm\u00f6l und in recycelten Karton eingewickelt. Die Kerzen sind mit dem RSPO-Markenzeichen gekennzeichnet, dem internationalen Zeichen, das sicherstellt, dass sie aus Palm\u00f6l aus zertifizierten nachhaltigen Palm\u00f6lplantagen hergestellt werden. Indem wir Produkte von zertifizierten und nachhaltigen Farmen beziehen, tragen wir zum Schutz vor Boden-, Luft- und [&hellip;]<\/p>\n","protected":false},"featured_media":87095,"comment_status":"closed","ping_status":"closed","template":"","meta":{"_acf_changed":false},"product_cat":[3325,3321,3084],"product_tag":[3791,3812],"class_list":{"0":"post-87088","1":"product","2":"type-product","3":"status-publish","4":"has-post-thumbnail","6":"product_cat-dummy-moq-1-de","7":"product_cat-klimafreundliche-werbegeschenke","8":"product_cat-neuheiten","9":"product_tag-firmengeschenk","10":"product_tag-kerze","11":"tm-has-options","13":"first","14":"onbackorder","15":"taxable","16":"shipping-taxable","17":"purchasable","18":"product-type-simple"},"acf":[],"yoast_head":"<!-- This site is optimized with the Yoast SEO Premium plugin v21.2 (Yoast SEO v21.2) - https:\/\/yoast.com\/wordpress\/plugins\/seo\/ -->\n<title>Wei\u00dfe Bio-Kerzen 4 St\u00fcck - Gr\u00f8nt Kontor<\/title>\n<meta name=\"robots\" content=\"index, follow, max-snippet:-1, max-image-preview:large, max-video-preview:-1\" \/>\n<link rel=\"canonical\" href=\"https:\/\/grontkontor.dk\/de\/shop\/biologische-weisse-kerzen-4-tlg\/\" \/>\n<meta property=\"og:locale\" content=\"de_DE\" \/>\n<meta property=\"og:type\" content=\"article\" \/>\n<meta property=\"og:title\" content=\"Wei\u00dfe Bio-Kerzen 4 St\u00fcck\" \/>\n<meta property=\"og:description\" content=\"Diese biologischen und klimafreundlichen Kerzen sind zu 100% pflanzlich mit Bio-Palm\u00f6l und in recycelten Karton eingewickelt. Die Kerzen sind mit dem RSPO-Markenzeichen gekennzeichnet, dem internationalen Zeichen, das sicherstellt, dass sie aus Palm\u00f6l aus zertifizierten nachhaltigen Palm\u00f6lplantagen hergestellt werden. Indem wir Produkte von zertifizierten und nachhaltigen Farmen beziehen, tragen wir zum Schutz vor Boden-, Luft- und [&hellip;]\" \/>\n<meta property=\"og:url\" content=\"https:\/\/grontkontor.dk\/de\/shop\/biologische-weisse-kerzen-4-tlg\/\" \/>\n<meta property=\"og:site_name\" content=\"Gr\u00f8nt Kontor\" \/>\n<meta property=\"article:publisher\" content=\"https:\/\/www.facebook.com\/grontkontor.dk\/\" \/>\n<meta name=\"twitter:card\" content=\"summary_large_image\" \/>\n<script type=\"application\/ld+json\" class=\"yoast-schema-graph\">{\"@context\":\"https:\/\/schema.org\",\"@graph\":[{\"@type\":\"WebPage\",\"@id\":\"https:\/\/grontkontor.dk\/de\/shop\/biologische-weisse-kerzen-4-tlg\/\",\"url\":\"https:\/\/grontkontor.dk\/de\/shop\/biologische-weisse-kerzen-4-tlg\/\",\"name\":\"Wei\u00dfe Bio-Kerzen 4 St\u00fcck - Gr\u00f8nt Kontor\",\"isPartOf\":{\"@id\":\"https:\/\/grontkontor.dk\/#website\"},\"datePublished\":\"2024-05-28T09:56:19+00:00\",\"dateModified\":\"2024-05-28T09:56:19+00:00\",\"breadcrumb\":{\"@id\":\"https:\/\/grontkontor.dk\/de\/shop\/biologische-weisse-kerzen-4-tlg\/#breadcrumb\"},\"inLanguage\":\"de\",\"potentialAction\":[{\"@type\":\"ReadAction\",\"target\":[\"https:\/\/grontkontor.dk\/de\/shop\/biologische-weisse-kerzen-4-tlg\/\"]}]},{\"@type\":\"BreadcrumbList\",\"@id\":\"https:\/\/grontkontor.dk\/de\/shop\/biologische-weisse-kerzen-4-tlg\/#breadcrumb\",\"itemListElement\":[{\"@type\":\"ListItem\",\"position\":1,\"name\":\"Forside\",\"item\":\"https:\/\/grontkontor.dk\/de\/\"},{\"@type\":\"ListItem\",\"position\":2,\"name\":\"Laden\",\"item\":\"https:\/\/grontkontor.dk\/de\/laden\/\"},{\"@type\":\"ListItem\",\"position\":3,\"name\":\"Dummy MOQ 1\",\"item\":\"https:\/\/grontkontor.dk\/de\/produkt-kategori\/dummy-moq-1-de\/\"},{\"@type\":\"ListItem\",\"position\":4,\"name\":\"Wei\u00dfe Bio-Kerzen 4 St\u00fcck\"}]},{\"@type\":\"WebSite\",\"@id\":\"https:\/\/grontkontor.dk\/#website\",\"url\":\"https:\/\/grontkontor.dk\/\",\"name\":\"Gr\u00f8nt Kontor\",\"description\":\"Milj\u00f8venlige produkter til kontor og erhverv med fokus p\u00e5 b\u00e6redygtighed, design og fair trade.\",\"publisher\":{\"@id\":\"https:\/\/grontkontor.dk\/#organization\"},\"potentialAction\":[{\"@type\":\"SearchAction\",\"target\":{\"@type\":\"EntryPoint\",\"urlTemplate\":\"https:\/\/grontkontor.dk\/?s={search_term_string}\"},\"query-input\":\"required name=search_term_string\"}],\"inLanguage\":\"de\"},{\"@type\":\"Organization\",\"@id\":\"https:\/\/grontkontor.dk\/#organization\",\"name\":\"Gr\u00f8nt Kontor\",\"url\":\"https:\/\/grontkontor.dk\/\",\"logo\":{\"@type\":\"ImageObject\",\"inLanguage\":\"de\",\"@id\":\"https:\/\/grontkontor.dk\/#\/schema\/logo\/image\/\",\"url\":\"https:\/\/grontkontor.dk\/wp-content\/uploads\/2014\/02\/Logo_groent_kontor_300x80.png\",\"contentUrl\":\"https:\/\/grontkontor.dk\/wp-content\/uploads\/2014\/02\/Logo_groent_kontor_300x80.png\",\"width\":300,\"height\":80,\"caption\":\"Gr\u00f8nt Kontor\"},\"image\":{\"@id\":\"https:\/\/grontkontor.dk\/#\/schema\/logo\/image\/\"},\"sameAs\":[\"https:\/\/www.facebook.com\/grontkontor.dk\/\"]}]}<\/script>\n<!-- \/ Yoast SEO Premium plugin. -->","yoast_head_json":{"title":"Wei\u00dfe Bio-Kerzen 4 St\u00fcck - Gr\u00f8nt Kontor","robots":{"index":"index","follow":"follow","max-snippet":"max-snippet:-1","max-image-preview":"max-image-preview:large","max-video-preview":"max-video-preview:-1"},"canonical":"https:\/\/grontkontor.dk\/de\/shop\/biologische-weisse-kerzen-4-tlg\/","og_locale":"de_DE","og_type":"article","og_title":"Wei\u00dfe Bio-Kerzen 4 St\u00fcck","og_description":"Diese biologischen und klimafreundlichen Kerzen sind zu 100% pflanzlich mit Bio-Palm\u00f6l und in recycelten Karton eingewickelt. Die Kerzen sind mit dem RSPO-Markenzeichen gekennzeichnet, dem internationalen Zeichen, das sicherstellt, dass sie aus Palm\u00f6l aus zertifizierten nachhaltigen Palm\u00f6lplantagen hergestellt werden. Indem wir Produkte von zertifizierten und nachhaltigen Farmen beziehen, tragen wir zum Schutz vor Boden-, Luft- und [&hellip;]","og_url":"https:\/\/grontkontor.dk\/de\/shop\/biologische-weisse-kerzen-4-tlg\/","og_site_name":"Gr\u00f8nt Kontor","article_publisher":"https:\/\/www.facebook.com\/grontkontor.dk\/","twitter_card":"summary_large_image","schema":{"@context":"https:\/\/schema.org","@graph":[{"@type":"WebPage","@id":"https:\/\/grontkontor.dk\/de\/shop\/biologische-weisse-kerzen-4-tlg\/","url":"https:\/\/grontkontor.dk\/de\/shop\/biologische-weisse-kerzen-4-tlg\/","name":"Wei\u00dfe Bio-Kerzen 4 St\u00fcck - Gr\u00f8nt Kontor","isPartOf":{"@id":"https:\/\/grontkontor.dk\/#website"},"datePublished":"2024-05-28T09:56:19+00:00","dateModified":"2024-05-28T09:56:19+00:00","breadcrumb":{"@id":"https:\/\/grontkontor.dk\/de\/shop\/biologische-weisse-kerzen-4-tlg\/#breadcrumb"},"inLanguage":"de","potentialAction":[{"@type":"ReadAction","target":["https:\/\/grontkontor.dk\/de\/shop\/biologische-weisse-kerzen-4-tlg\/"]}]},{"@type":"BreadcrumbList","@id":"https:\/\/grontkontor.dk\/de\/shop\/biologische-weisse-kerzen-4-tlg\/#breadcrumb","itemListElement":[{"@type":"ListItem","position":1,"name":"Forside","item":"https:\/\/grontkontor.dk\/de\/"},{"@type":"ListItem","position":2,"name":"Laden","item":"https:\/\/grontkontor.dk\/de\/laden\/"},{"@type":"ListItem","position":3,"name":"Dummy MOQ 1","item":"https:\/\/grontkontor.dk\/de\/produkt-kategori\/dummy-moq-1-de\/"},{"@type":"ListItem","position":4,"name":"Wei\u00dfe Bio-Kerzen 4 St\u00fcck"}]},{"@type":"WebSite","@id":"https:\/\/grontkontor.dk\/#website","url":"https:\/\/grontkontor.dk\/","name":"Gr\u00f8nt Kontor","description":"Milj\u00f8venlige produkter til kontor og erhverv med fokus p\u00e5 b\u00e6redygtighed, design og fair trade.","publisher":{"@id":"https:\/\/grontkontor.dk\/#organization"},"potentialAction":[{"@type":"SearchAction","target":{"@type":"EntryPoint","urlTemplate":"https:\/\/grontkontor.dk\/?s={search_term_string}"},"query-input":"required name=search_term_string"}],"inLanguage":"de"},{"@type":"Organization","@id":"https:\/\/grontkontor.dk\/#organization","name":"Gr\u00f8nt Kontor","url":"https:\/\/grontkontor.dk\/","logo":{"@type":"ImageObject","inLanguage":"de","@id":"https:\/\/grontkontor.dk\/#\/schema\/logo\/image\/","url":"https:\/\/grontkontor.dk\/wp-content\/uploads\/2014\/02\/Logo_groent_kontor_300x80.png","contentUrl":"https:\/\/grontkontor.dk\/wp-content\/uploads\/2014\/02\/Logo_groent_kontor_300x80.png","width":300,"height":80,"caption":"Gr\u00f8nt Kontor"},"image":{"@id":"https:\/\/grontkontor.dk\/#\/schema\/logo\/image\/"},"sameAs":["https:\/\/www.facebook.com\/grontkontor.dk\/"]}]}},"_links":{"self":[{"href":"https:\/\/grontkontor.dk\/de\/wp-json\/wp\/v2\/product\/87088"}],"collection":[{"href":"https:\/\/grontkontor.dk\/de\/wp-json\/wp\/v2\/product"}],"about":[{"href":"https:\/\/grontkontor.dk\/de\/wp-json\/wp\/v2\/types\/product"}],"replies":[{"embeddable":true,"href":"https:\/\/grontkontor.dk\/de\/wp-json\/wp\/v2\/comments?post=87088"}],"wp:featuredmedia":[{"embeddable":true,"href":"https:\/\/grontkontor.dk\/de\/wp-json\/wp\/v2\/media\/87095"}],"wp:attachment":[{"href":"https:\/\/grontkontor.dk\/de\/wp-json\/wp\/v2\/media?parent=87088"}],"wp:term":[{"taxonomy":"product_cat","embeddable":true,"href":"https:\/\/grontkontor.dk\/de\/wp-json\/wp\/v2\/product_cat?post=87088"},{"taxonomy":"product_tag","embeddable":true,"href":"https:\/\/grontkontor.dk\/de\/wp-json\/wp\/v2\/product_tag?post=87088"}],"curies":[{"name":"wp","href":"https:\/\/api.w.org\/{rel}","templated":true}]}}