{"id":87157,"date":"2023-09-22T14:02:27","date_gmt":"2024-05-28T09:56:24","guid":{"rendered":"https:\/\/grontkontor.dk\/shop\/teebeutel-bio-baumwolle-5-tlg\/"},"modified":"2024-05-28T11:56:24","modified_gmt":"2024-05-28T09:56:24","slug":"teebeutel-bio-baumwolle-5-tlg","status":"publish","type":"product","link":"https:\/\/grontkontor.dk\/de\/shop\/teebeutel-bio-baumwolle-5-tlg\/","title":{"rendered":"Teebeutel aus Bio-Baumwolle 5 St\u00fcck"},"content":{"rendered":"<p>Diese wiederverwendbaren Teebeutel werden aus Bio-Baumwolle hergestellt. Sie werden in einer Packung mit 5 St\u00fcck 9&#215;9 cm Teebeuteln geliefert.<br \/>\nDie Schnur im Beutel ist lang genug, um Tee sowohl in einer Tasse, einem Becher als auch in einer Kanne aufzubr\u00fchen.<\/p>\n<p>Hergestellt in Indien.<\/p>\n","protected":false},"excerpt":{"rendered":"<p>Diese wiederverwendbaren Teebeutel werden aus Bio-Baumwolle hergestellt. Sie werden in einer Packung mit 5 St\u00fcck 9&#215;9 cm Teebeuteln geliefert. Die Schnur im Beutel ist lang genug, um Tee sowohl in einer Tasse, einem Becher als auch in einer Kanne aufzubr\u00fchen. Hergestellt in Indien.<\/p>\n","protected":false},"featured_media":87158,"comment_status":"closed","ping_status":"closed","template":"","meta":{"_acf_changed":false},"product_cat":[3325,3339,3466,3783,3321,3084],"product_tag":[3785,3789],"class_list":{"0":"post-87157","1":"product","2":"type-product","3":"status-publish","4":"has-post-thumbnail","6":"product_cat-dummy-moq-1-de","7":"product_cat-essen-und-trinken","8":"product_cat-hotel-restaurant","9":"product_cat-kaffee-und-tee","10":"product_cat-klimafreundliche-werbegeschenke","11":"product_cat-neuheiten","12":"product_tag-kaffee","13":"product_tag-tee","14":"tm-has-options","16":"first","17":"instock","18":"taxable","19":"shipping-taxable","20":"purchasable","21":"product-type-simple"},"acf":[],"yoast_head":"<!-- This site is optimized with the Yoast SEO Premium plugin v21.2 (Yoast SEO v21.2) - https:\/\/yoast.com\/wordpress\/plugins\/seo\/ -->\n<title>Teebeutel aus Bio-Baumwolle 5 St\u00fcck - Gr\u00f8nt Kontor<\/title>\n<meta name=\"robots\" content=\"index, follow, max-snippet:-1, max-image-preview:large, max-video-preview:-1\" \/>\n<link rel=\"canonical\" href=\"https:\/\/grontkontor.dk\/de\/shop\/teebeutel-bio-baumwolle-5-tlg\/\" \/>\n<meta property=\"og:locale\" content=\"de_DE\" \/>\n<meta property=\"og:type\" content=\"article\" \/>\n<meta property=\"og:title\" content=\"Teebeutel aus Bio-Baumwolle 5 St\u00fcck\" \/>\n<meta property=\"og:description\" content=\"Diese wiederverwendbaren Teebeutel werden aus Bio-Baumwolle hergestellt. Sie werden in einer Packung mit 5 St\u00fcck 9&#215;9 cm Teebeuteln geliefert. Die Schnur im Beutel ist lang genug, um Tee sowohl in einer Tasse, einem Becher als auch in einer Kanne aufzubr\u00fchen. Hergestellt in Indien.\" \/>\n<meta property=\"og:url\" content=\"https:\/\/grontkontor.dk\/de\/shop\/teebeutel-bio-baumwolle-5-tlg\/\" \/>\n<meta property=\"og:site_name\" content=\"Gr\u00f8nt Kontor\" \/>\n<meta property=\"article:publisher\" content=\"https:\/\/www.facebook.com\/grontkontor.dk\/\" \/>\n<meta name=\"twitter:card\" content=\"summary_large_image\" \/>\n<script type=\"application\/ld+json\" class=\"yoast-schema-graph\">{\"@context\":\"https:\/\/schema.org\",\"@graph\":[{\"@type\":\"WebPage\",\"@id\":\"https:\/\/grontkontor.dk\/de\/shop\/teebeutel-bio-baumwolle-5-tlg\/\",\"url\":\"https:\/\/grontkontor.dk\/de\/shop\/teebeutel-bio-baumwolle-5-tlg\/\",\"name\":\"Teebeutel aus Bio-Baumwolle 5 St\u00fcck - Gr\u00f8nt Kontor\",\"isPartOf\":{\"@id\":\"https:\/\/grontkontor.dk\/#website\"},\"datePublished\":\"2024-05-28T09:56:24+00:00\",\"dateModified\":\"2024-05-28T09:56:24+00:00\",\"breadcrumb\":{\"@id\":\"https:\/\/grontkontor.dk\/de\/shop\/teebeutel-bio-baumwolle-5-tlg\/#breadcrumb\"},\"inLanguage\":\"de\",\"potentialAction\":[{\"@type\":\"ReadAction\",\"target\":[\"https:\/\/grontkontor.dk\/de\/shop\/teebeutel-bio-baumwolle-5-tlg\/\"]}]},{\"@type\":\"BreadcrumbList\",\"@id\":\"https:\/\/grontkontor.dk\/de\/shop\/teebeutel-bio-baumwolle-5-tlg\/#breadcrumb\",\"itemListElement\":[{\"@type\":\"ListItem\",\"position\":1,\"name\":\"Forside\",\"item\":\"https:\/\/grontkontor.dk\/de\/\"},{\"@type\":\"ListItem\",\"position\":2,\"name\":\"Laden\",\"item\":\"https:\/\/grontkontor.dk\/de\/laden\/\"},{\"@type\":\"ListItem\",\"position\":3,\"name\":\"Essen und Trinken\",\"item\":\"https:\/\/grontkontor.dk\/de\/produkt-kategori\/essen-und-trinken\/\"},{\"@type\":\"ListItem\",\"position\":4,\"name\":\"Kaffee und Tee\",\"item\":\"https:\/\/grontkontor.dk\/de\/produkt-kategori\/kaffee-und-tee\/\"},{\"@type\":\"ListItem\",\"position\":5,\"name\":\"Teebeutel aus Bio-Baumwolle 5 St\u00fcck\"}]},{\"@type\":\"WebSite\",\"@id\":\"https:\/\/grontkontor.dk\/#website\",\"url\":\"https:\/\/grontkontor.dk\/\",\"name\":\"Gr\u00f8nt Kontor\",\"description\":\"Milj\u00f8venlige produkter til kontor og erhverv med fokus p\u00e5 b\u00e6redygtighed, design og fair trade.\",\"publisher\":{\"@id\":\"https:\/\/grontkontor.dk\/#organization\"},\"potentialAction\":[{\"@type\":\"SearchAction\",\"target\":{\"@type\":\"EntryPoint\",\"urlTemplate\":\"https:\/\/grontkontor.dk\/?s={search_term_string}\"},\"query-input\":\"required name=search_term_string\"}],\"inLanguage\":\"de\"},{\"@type\":\"Organization\",\"@id\":\"https:\/\/grontkontor.dk\/#organization\",\"name\":\"Gr\u00f8nt Kontor\",\"url\":\"https:\/\/grontkontor.dk\/\",\"logo\":{\"@type\":\"ImageObject\",\"inLanguage\":\"de\",\"@id\":\"https:\/\/grontkontor.dk\/#\/schema\/logo\/image\/\",\"url\":\"https:\/\/grontkontor.dk\/wp-content\/uploads\/2014\/02\/Logo_groent_kontor_300x80.png\",\"contentUrl\":\"https:\/\/grontkontor.dk\/wp-content\/uploads\/2014\/02\/Logo_groent_kontor_300x80.png\",\"width\":300,\"height\":80,\"caption\":\"Gr\u00f8nt Kontor\"},\"image\":{\"@id\":\"https:\/\/grontkontor.dk\/#\/schema\/logo\/image\/\"},\"sameAs\":[\"https:\/\/www.facebook.com\/grontkontor.dk\/\"]}]}<\/script>\n<!-- \/ Yoast SEO Premium plugin. -->","yoast_head_json":{"title":"Teebeutel aus Bio-Baumwolle 5 St\u00fcck - Gr\u00f8nt Kontor","robots":{"index":"index","follow":"follow","max-snippet":"max-snippet:-1","max-image-preview":"max-image-preview:large","max-video-preview":"max-video-preview:-1"},"canonical":"https:\/\/grontkontor.dk\/de\/shop\/teebeutel-bio-baumwolle-5-tlg\/","og_locale":"de_DE","og_type":"article","og_title":"Teebeutel aus Bio-Baumwolle 5 St\u00fcck","og_description":"Diese wiederverwendbaren Teebeutel werden aus Bio-Baumwolle hergestellt. Sie werden in einer Packung mit 5 St\u00fcck 9&#215;9 cm Teebeuteln geliefert. Die Schnur im Beutel ist lang genug, um Tee sowohl in einer Tasse, einem Becher als auch in einer Kanne aufzubr\u00fchen. Hergestellt in Indien.","og_url":"https:\/\/grontkontor.dk\/de\/shop\/teebeutel-bio-baumwolle-5-tlg\/","og_site_name":"Gr\u00f8nt Kontor","article_publisher":"https:\/\/www.facebook.com\/grontkontor.dk\/","twitter_card":"summary_large_image","schema":{"@context":"https:\/\/schema.org","@graph":[{"@type":"WebPage","@id":"https:\/\/grontkontor.dk\/de\/shop\/teebeutel-bio-baumwolle-5-tlg\/","url":"https:\/\/grontkontor.dk\/de\/shop\/teebeutel-bio-baumwolle-5-tlg\/","name":"Teebeutel aus Bio-Baumwolle 5 St\u00fcck - Gr\u00f8nt Kontor","isPartOf":{"@id":"https:\/\/grontkontor.dk\/#website"},"datePublished":"2024-05-28T09:56:24+00:00","dateModified":"2024-05-28T09:56:24+00:00","breadcrumb":{"@id":"https:\/\/grontkontor.dk\/de\/shop\/teebeutel-bio-baumwolle-5-tlg\/#breadcrumb"},"inLanguage":"de","potentialAction":[{"@type":"ReadAction","target":["https:\/\/grontkontor.dk\/de\/shop\/teebeutel-bio-baumwolle-5-tlg\/"]}]},{"@type":"BreadcrumbList","@id":"https:\/\/grontkontor.dk\/de\/shop\/teebeutel-bio-baumwolle-5-tlg\/#breadcrumb","itemListElement":[{"@type":"ListItem","position":1,"name":"Forside","item":"https:\/\/grontkontor.dk\/de\/"},{"@type":"ListItem","position":2,"name":"Laden","item":"https:\/\/grontkontor.dk\/de\/laden\/"},{"@type":"ListItem","position":3,"name":"Essen und Trinken","item":"https:\/\/grontkontor.dk\/de\/produkt-kategori\/essen-und-trinken\/"},{"@type":"ListItem","position":4,"name":"Kaffee und Tee","item":"https:\/\/grontkontor.dk\/de\/produkt-kategori\/kaffee-und-tee\/"},{"@type":"ListItem","position":5,"name":"Teebeutel aus Bio-Baumwolle 5 St\u00fcck"}]},{"@type":"WebSite","@id":"https:\/\/grontkontor.dk\/#website","url":"https:\/\/grontkontor.dk\/","name":"Gr\u00f8nt Kontor","description":"Milj\u00f8venlige produkter til kontor og erhverv med fokus p\u00e5 b\u00e6redygtighed, design og fair trade.","publisher":{"@id":"https:\/\/grontkontor.dk\/#organization"},"potentialAction":[{"@type":"SearchAction","target":{"@type":"EntryPoint","urlTemplate":"https:\/\/grontkontor.dk\/?s={search_term_string}"},"query-input":"required name=search_term_string"}],"inLanguage":"de"},{"@type":"Organization","@id":"https:\/\/grontkontor.dk\/#organization","name":"Gr\u00f8nt Kontor","url":"https:\/\/grontkontor.dk\/","logo":{"@type":"ImageObject","inLanguage":"de","@id":"https:\/\/grontkontor.dk\/#\/schema\/logo\/image\/","url":"https:\/\/grontkontor.dk\/wp-content\/uploads\/2014\/02\/Logo_groent_kontor_300x80.png","contentUrl":"https:\/\/grontkontor.dk\/wp-content\/uploads\/2014\/02\/Logo_groent_kontor_300x80.png","width":300,"height":80,"caption":"Gr\u00f8nt Kontor"},"image":{"@id":"https:\/\/grontkontor.dk\/#\/schema\/logo\/image\/"},"sameAs":["https:\/\/www.facebook.com\/grontkontor.dk\/"]}]}},"_links":{"self":[{"href":"https:\/\/grontkontor.dk\/de\/wp-json\/wp\/v2\/product\/87157"}],"collection":[{"href":"https:\/\/grontkontor.dk\/de\/wp-json\/wp\/v2\/product"}],"about":[{"href":"https:\/\/grontkontor.dk\/de\/wp-json\/wp\/v2\/types\/product"}],"replies":[{"embeddable":true,"href":"https:\/\/grontkontor.dk\/de\/wp-json\/wp\/v2\/comments?post=87157"}],"wp:featuredmedia":[{"embeddable":true,"href":"https:\/\/grontkontor.dk\/de\/wp-json\/wp\/v2\/media\/87158"}],"wp:attachment":[{"href":"https:\/\/grontkontor.dk\/de\/wp-json\/wp\/v2\/media?parent=87157"}],"wp:term":[{"taxonomy":"product_cat","embeddable":true,"href":"https:\/\/grontkontor.dk\/de\/wp-json\/wp\/v2\/product_cat?post=87157"},{"taxonomy":"product_tag","embeddable":true,"href":"https:\/\/grontkontor.dk\/de\/wp-json\/wp\/v2\/product_tag?post=87157"}],"curies":[{"name":"wp","href":"https:\/\/api.w.org\/{rel}","templated":true}]}}