{"id":87309,"date":"2023-09-22T14:01:27","date_gmt":"2024-05-28T10:01:16","guid":{"rendered":"https:\/\/grontkontor.dk\/shop\/regenschirm-klimafreundlicher-kork-w-u-print\/"},"modified":"2024-05-28T12:01:16","modified_gmt":"2024-05-28T10:01:16","slug":"regenschirm-klimafreundlicher-kork-w-u-print","status":"publish","type":"product","link":"https:\/\/grontkontor.dk\/de\/shop\/regenschirm-klimafreundlicher-kork-w-u-print\/","title":{"rendered":"Regenschirm aus klimafreundlichem Kork"},"content":{"rendered":"<p>Sch\u00f6ner Regenschirm aus robustem und klimafreundlichem Kork. Leicht mit Wasser und Seife zu reinigen. \u00d889 cm.<br \/>\nDa Kork ein Naturprodukt ist und jedes Produkt aus lebendem Material besteht, kann das Produkt in Farbe und Maserung leicht variieren. Es werden keine tierischen Produkte verwendet<br \/>\nEin klima- und umweltfreundliches Produkt, das in der EU handgefertigt wird.<\/p>\n<p>&nbsp;<\/p>\n<p>&nbsp;<\/p>\n<img loading=\"lazy\" decoding=\"async\" class=\"size-medium wp-image-21008\" src=\"https:\/\/grontkontor.dk\/wp-content\/uploads\/2020\/11\/eu-flag_1-300x199.jpg\" alt=\"Fremstillet i EU\" width=\"76\" height=\"50\" srcset=\"https:\/\/grontkontor.dk\/wp-content\/uploads\/2020\/11\/eu-flag_1-300x199.jpg 300w, https:\/\/grontkontor.dk\/wp-content\/uploads\/2020\/11\/eu-flag_1.jpg 530w\" sizes=\"(max-width: 76px) 100vw, 76px\" \/>\n","protected":false},"excerpt":{"rendered":"<p>Sch\u00f6ner Regenschirm aus robustem und klimafreundlichem Kork. Leicht mit Wasser und Seife zu reinigen. \u00d889 cm. Da Kork ein Naturprodukt ist und jedes Produkt aus lebendem Material besteht, kann das Produkt in Farbe und Maserung leicht variieren. Es werden keine tierischen Produkte verwendet Ein klima- und umweltfreundliches Produkt, das in der EU handgefertigt wird. &nbsp; [&hellip;]<\/p>\n","protected":false},"featured_media":110522,"comment_status":"closed","ping_status":"closed","template":"","meta":{"_acf_changed":false},"product_cat":[3325,3321,3324,3084,3323],"product_tag":[3853,3874],"class_list":{"0":"post-87309","1":"product","2":"type-product","3":"status-publish","4":"has-post-thumbnail","6":"product_cat-dummy-moq-1-de","7":"product_cat-klimafreundliche-werbegeschenke","8":"product_cat-kork-produkte","9":"product_cat-neuheiten","10":"product_cat-produktserien","11":"product_tag-kork-de","12":"product_tag-regenschirm","13":"pa_farve-braun-de","14":"pa_farve-kastanienbraun","15":"pa_farve-mischen","16":"pa_farve-natur-de","17":"tm-has-options","19":"first","20":"instock","21":"taxable","22":"shipping-taxable","23":"purchasable","24":"product-type-simple"},"acf":[],"yoast_head":"<!-- This site is optimized with the Yoast SEO Premium plugin v21.2 (Yoast SEO v21.2) - https:\/\/yoast.com\/wordpress\/plugins\/seo\/ -->\n<title>Regenschirm aus klimafreundlichem Kork - Gr\u00f8nt Kontor<\/title>\n<meta name=\"robots\" content=\"index, follow, max-snippet:-1, max-image-preview:large, max-video-preview:-1\" \/>\n<link rel=\"canonical\" href=\"https:\/\/grontkontor.dk\/de\/shop\/regenschirm-klimafreundlicher-kork-w-u-print\/\" \/>\n<meta property=\"og:locale\" content=\"de_DE\" \/>\n<meta property=\"og:type\" content=\"article\" \/>\n<meta property=\"og:title\" content=\"Regenschirm aus klimafreundlichem Kork\" \/>\n<meta property=\"og:description\" content=\"Sch\u00f6ner Regenschirm aus robustem und klimafreundlichem Kork. Leicht mit Wasser und Seife zu reinigen. \u00d889 cm. Da Kork ein Naturprodukt ist und jedes Produkt aus lebendem Material besteht, kann das Produkt in Farbe und Maserung leicht variieren. Es werden keine tierischen Produkte verwendet Ein klima- und umweltfreundliches Produkt, das in der EU handgefertigt wird. &nbsp; [&hellip;]\" \/>\n<meta property=\"og:url\" content=\"https:\/\/grontkontor.dk\/de\/shop\/regenschirm-klimafreundlicher-kork-w-u-print\/\" \/>\n<meta property=\"og:site_name\" content=\"Gr\u00f8nt Kontor\" \/>\n<meta property=\"article:publisher\" content=\"https:\/\/www.facebook.com\/grontkontor.dk\/\" \/>\n<meta property=\"og:image\" content=\"https:\/\/grontkontor.dk\/wp-content\/uploads\/2016\/03\/AFHGRA02-Kork-Paraply-Gooseoffice.jpg\" \/>\n\t<meta property=\"og:image:width\" content=\"800\" \/>\n\t<meta property=\"og:image:height\" content=\"568\" \/>\n\t<meta property=\"og:image:type\" content=\"image\/jpeg\" \/>\n<meta name=\"twitter:card\" content=\"summary_large_image\" \/>\n<script type=\"application\/ld+json\" class=\"yoast-schema-graph\">{\"@context\":\"https:\/\/schema.org\",\"@graph\":[{\"@type\":\"WebPage\",\"@id\":\"https:\/\/grontkontor.dk\/de\/shop\/regenschirm-klimafreundlicher-kork-w-u-print\/\",\"url\":\"https:\/\/grontkontor.dk\/de\/shop\/regenschirm-klimafreundlicher-kork-w-u-print\/\",\"name\":\"Regenschirm aus klimafreundlichem Kork - Gr\u00f8nt Kontor\",\"isPartOf\":{\"@id\":\"https:\/\/grontkontor.dk\/#website\"},\"datePublished\":\"2024-05-28T10:01:16+00:00\",\"dateModified\":\"2024-05-28T10:01:16+00:00\",\"breadcrumb\":{\"@id\":\"https:\/\/grontkontor.dk\/de\/shop\/regenschirm-klimafreundlicher-kork-w-u-print\/#breadcrumb\"},\"inLanguage\":\"de\",\"potentialAction\":[{\"@type\":\"ReadAction\",\"target\":[\"https:\/\/grontkontor.dk\/de\/shop\/regenschirm-klimafreundlicher-kork-w-u-print\/\"]}]},{\"@type\":\"BreadcrumbList\",\"@id\":\"https:\/\/grontkontor.dk\/de\/shop\/regenschirm-klimafreundlicher-kork-w-u-print\/#breadcrumb\",\"itemListElement\":[{\"@type\":\"ListItem\",\"position\":1,\"name\":\"Forside\",\"item\":\"https:\/\/grontkontor.dk\/de\/\"},{\"@type\":\"ListItem\",\"position\":2,\"name\":\"Laden\",\"item\":\"https:\/\/grontkontor.dk\/de\/laden\/\"},{\"@type\":\"ListItem\",\"position\":3,\"name\":\"Produktserien\",\"item\":\"https:\/\/grontkontor.dk\/de\/produkt-kategori\/produktserien\/\"},{\"@type\":\"ListItem\",\"position\":4,\"name\":\"Kork-Produkte\",\"item\":\"https:\/\/grontkontor.dk\/de\/produkt-kategori\/produktserien\/kork-produkte\/\"},{\"@type\":\"ListItem\",\"position\":5,\"name\":\"Regenschirm aus klimafreundlichem Kork\"}]},{\"@type\":\"WebSite\",\"@id\":\"https:\/\/grontkontor.dk\/#website\",\"url\":\"https:\/\/grontkontor.dk\/\",\"name\":\"Gr\u00f8nt Kontor\",\"description\":\"Milj\u00f8venlige produkter til kontor og erhverv med fokus p\u00e5 b\u00e6redygtighed, design og fair trade.\",\"publisher\":{\"@id\":\"https:\/\/grontkontor.dk\/#organization\"},\"potentialAction\":[{\"@type\":\"SearchAction\",\"target\":{\"@type\":\"EntryPoint\",\"urlTemplate\":\"https:\/\/grontkontor.dk\/?s={search_term_string}\"},\"query-input\":\"required name=search_term_string\"}],\"inLanguage\":\"de\"},{\"@type\":\"Organization\",\"@id\":\"https:\/\/grontkontor.dk\/#organization\",\"name\":\"Gr\u00f8nt Kontor\",\"url\":\"https:\/\/grontkontor.dk\/\",\"logo\":{\"@type\":\"ImageObject\",\"inLanguage\":\"de\",\"@id\":\"https:\/\/grontkontor.dk\/#\/schema\/logo\/image\/\",\"url\":\"https:\/\/grontkontor.dk\/wp-content\/uploads\/2014\/02\/Logo_groent_kontor_300x80.png\",\"contentUrl\":\"https:\/\/grontkontor.dk\/wp-content\/uploads\/2014\/02\/Logo_groent_kontor_300x80.png\",\"width\":300,\"height\":80,\"caption\":\"Gr\u00f8nt Kontor\"},\"image\":{\"@id\":\"https:\/\/grontkontor.dk\/#\/schema\/logo\/image\/\"},\"sameAs\":[\"https:\/\/www.facebook.com\/grontkontor.dk\/\"]}]}<\/script>\n<!-- \/ Yoast SEO Premium plugin. -->","yoast_head_json":{"title":"Regenschirm aus klimafreundlichem Kork - Gr\u00f8nt Kontor","robots":{"index":"index","follow":"follow","max-snippet":"max-snippet:-1","max-image-preview":"max-image-preview:large","max-video-preview":"max-video-preview:-1"},"canonical":"https:\/\/grontkontor.dk\/de\/shop\/regenschirm-klimafreundlicher-kork-w-u-print\/","og_locale":"de_DE","og_type":"article","og_title":"Regenschirm aus klimafreundlichem Kork","og_description":"Sch\u00f6ner Regenschirm aus robustem und klimafreundlichem Kork. Leicht mit Wasser und Seife zu reinigen. \u00d889 cm. Da Kork ein Naturprodukt ist und jedes Produkt aus lebendem Material besteht, kann das Produkt in Farbe und Maserung leicht variieren. Es werden keine tierischen Produkte verwendet Ein klima- und umweltfreundliches Produkt, das in der EU handgefertigt wird. &nbsp; [&hellip;]","og_url":"https:\/\/grontkontor.dk\/de\/shop\/regenschirm-klimafreundlicher-kork-w-u-print\/","og_site_name":"Gr\u00f8nt Kontor","article_publisher":"https:\/\/www.facebook.com\/grontkontor.dk\/","og_image":[{"width":800,"height":568,"url":"https:\/\/grontkontor.dk\/wp-content\/uploads\/2016\/03\/AFHGRA02-Kork-Paraply-Gooseoffice.jpg","type":"image\/jpeg"}],"twitter_card":"summary_large_image","schema":{"@context":"https:\/\/schema.org","@graph":[{"@type":"WebPage","@id":"https:\/\/grontkontor.dk\/de\/shop\/regenschirm-klimafreundlicher-kork-w-u-print\/","url":"https:\/\/grontkontor.dk\/de\/shop\/regenschirm-klimafreundlicher-kork-w-u-print\/","name":"Regenschirm aus klimafreundlichem Kork - Gr\u00f8nt Kontor","isPartOf":{"@id":"https:\/\/grontkontor.dk\/#website"},"datePublished":"2024-05-28T10:01:16+00:00","dateModified":"2024-05-28T10:01:16+00:00","breadcrumb":{"@id":"https:\/\/grontkontor.dk\/de\/shop\/regenschirm-klimafreundlicher-kork-w-u-print\/#breadcrumb"},"inLanguage":"de","potentialAction":[{"@type":"ReadAction","target":["https:\/\/grontkontor.dk\/de\/shop\/regenschirm-klimafreundlicher-kork-w-u-print\/"]}]},{"@type":"BreadcrumbList","@id":"https:\/\/grontkontor.dk\/de\/shop\/regenschirm-klimafreundlicher-kork-w-u-print\/#breadcrumb","itemListElement":[{"@type":"ListItem","position":1,"name":"Forside","item":"https:\/\/grontkontor.dk\/de\/"},{"@type":"ListItem","position":2,"name":"Laden","item":"https:\/\/grontkontor.dk\/de\/laden\/"},{"@type":"ListItem","position":3,"name":"Produktserien","item":"https:\/\/grontkontor.dk\/de\/produkt-kategori\/produktserien\/"},{"@type":"ListItem","position":4,"name":"Kork-Produkte","item":"https:\/\/grontkontor.dk\/de\/produkt-kategori\/produktserien\/kork-produkte\/"},{"@type":"ListItem","position":5,"name":"Regenschirm aus klimafreundlichem Kork"}]},{"@type":"WebSite","@id":"https:\/\/grontkontor.dk\/#website","url":"https:\/\/grontkontor.dk\/","name":"Gr\u00f8nt Kontor","description":"Milj\u00f8venlige produkter til kontor og erhverv med fokus p\u00e5 b\u00e6redygtighed, design og fair trade.","publisher":{"@id":"https:\/\/grontkontor.dk\/#organization"},"potentialAction":[{"@type":"SearchAction","target":{"@type":"EntryPoint","urlTemplate":"https:\/\/grontkontor.dk\/?s={search_term_string}"},"query-input":"required name=search_term_string"}],"inLanguage":"de"},{"@type":"Organization","@id":"https:\/\/grontkontor.dk\/#organization","name":"Gr\u00f8nt Kontor","url":"https:\/\/grontkontor.dk\/","logo":{"@type":"ImageObject","inLanguage":"de","@id":"https:\/\/grontkontor.dk\/#\/schema\/logo\/image\/","url":"https:\/\/grontkontor.dk\/wp-content\/uploads\/2014\/02\/Logo_groent_kontor_300x80.png","contentUrl":"https:\/\/grontkontor.dk\/wp-content\/uploads\/2014\/02\/Logo_groent_kontor_300x80.png","width":300,"height":80,"caption":"Gr\u00f8nt Kontor"},"image":{"@id":"https:\/\/grontkontor.dk\/#\/schema\/logo\/image\/"},"sameAs":["https:\/\/www.facebook.com\/grontkontor.dk\/"]}]}},"_links":{"self":[{"href":"https:\/\/grontkontor.dk\/de\/wp-json\/wp\/v2\/product\/87309"}],"collection":[{"href":"https:\/\/grontkontor.dk\/de\/wp-json\/wp\/v2\/product"}],"about":[{"href":"https:\/\/grontkontor.dk\/de\/wp-json\/wp\/v2\/types\/product"}],"replies":[{"embeddable":true,"href":"https:\/\/grontkontor.dk\/de\/wp-json\/wp\/v2\/comments?post=87309"}],"wp:featuredmedia":[{"embeddable":true,"href":"https:\/\/grontkontor.dk\/de\/wp-json\/wp\/v2\/media\/110522"}],"wp:attachment":[{"href":"https:\/\/grontkontor.dk\/de\/wp-json\/wp\/v2\/media?parent=87309"}],"wp:term":[{"taxonomy":"product_cat","embeddable":true,"href":"https:\/\/grontkontor.dk\/de\/wp-json\/wp\/v2\/product_cat?post=87309"},{"taxonomy":"product_tag","embeddable":true,"href":"https:\/\/grontkontor.dk\/de\/wp-json\/wp\/v2\/product_tag?post=87309"}],"curies":[{"name":"wp","href":"https:\/\/api.w.org\/{rel}","templated":true}]}}