{"id":87328,"date":"2023-09-22T14:00:48","date_gmt":"2024-05-28T10:01:18","guid":{"rendered":"https:\/\/grontkontor.dk\/shop\/diat-aus-fsc-buchenholz\/"},"modified":"2024-05-28T12:01:18","modified_gmt":"2024-05-28T10:01:18","slug":"diat-aus-fsc-buchenholz","status":"publish","type":"product","link":"https:\/\/grontkontor.dk\/de\/shop\/diat-aus-fsc-buchenholz\/","title":{"rendered":"Di\u00e4t aus FSC-Buchenholz"},"content":{"rendered":"<p>Gute Ern\u00e4hrung aus umweltfreundlicher FSC-zertifizierter Buche. Die Borsten bestehen aus 100% Rosshaar, das langlebig ist und eine gute Kehrbarkeit bietet. Eine umweltfreundliche L\u00f6sung f\u00fcr das B\u00fcro oder zu Hause. <a class=\"light\" href=\"https:\/\/grontkontor.dk\/produkt\/kosteskaft-i-trae\/\">Der Besenstiel ist separat erh\u00e4ltlich<\/a>, passt aber sowohl zum Bodenpeeling als auch zum Outdoor-Besen derselben Kollektion.<\/p>\n<p>Die Di\u00e4t wird in der EU unter Verwendung gr\u00fcner Energiequellen hergestellt.<\/p>\n<p>&nbsp;<\/p>\n<p><img loading=\"lazy\" decoding=\"async\" class=\"size-medium wp-image-21008\" src=\"https:\/\/grontkontor.dk\/wp-content\/uploads\/2020\/11\/eu-flag_1-300x199.jpg\" alt=\"Fremstillet i EU\" width=\"76\" height=\"50\" srcset=\"https:\/\/grontkontor.dk\/wp-content\/uploads\/2020\/11\/eu-flag_1-300x199.jpg 300w, https:\/\/grontkontor.dk\/wp-content\/uploads\/2020\/11\/eu-flag_1.jpg 530w\" sizes=\"(max-width: 76px) 100vw, 76px\" \/>  <a href=\"https:\/\/ic.fsc.org\/en\/\" target=\"window\"><img loading=\"lazy\" decoding=\"async\" class=\"size-full wp-image-12735\" src=\"https:\/\/grontkontor.dk\/wp-content\/uploads\/2019\/04\/fsc-certificeret.png\" \n\t\t alt=\"FSC-certificeret\" title=\"FSC-certificeret\" width=\"44\" height=\"51\" border=0\/><\/a><\/p>\n<p>&nbsp;<\/p>\n","protected":false},"excerpt":{"rendered":"<p>Gute Ern\u00e4hrung aus umweltfreundlicher FSC-zertifizierter Buche. Die Borsten bestehen aus 100% Rosshaar, das langlebig ist und eine gute Kehrbarkeit bietet. Eine umweltfreundliche L\u00f6sung f\u00fcr das B\u00fcro oder zu Hause. Der Besenstiel ist separat erh\u00e4ltlich, passt aber sowohl zum Bodenpeeling als auch zum Outdoor-Besen derselben Kollektion. Die Di\u00e4t wird in der EU unter Verwendung gr\u00fcner Energiequellen [&hellip;]<\/p>\n","protected":false},"featured_media":87335,"comment_status":"closed","ping_status":"closed","template":"","meta":{"_acf_changed":false},"product_cat":[3325,3084,3425],"product_tag":[3770,3650],"class_list":{"0":"post-87328","1":"product","2":"type-product","3":"status-publish","4":"has-post-thumbnail","6":"product_cat-dummy-moq-1-de","7":"product_cat-neuheiten","8":"product_cat-reinigung","9":"product_tag-besen","10":"product_tag-reinigung","11":"tm-has-options","13":"first","14":"instock","15":"taxable","16":"shipping-taxable","17":"purchasable","18":"product-type-simple"},"acf":[],"yoast_head":"<!-- This site is optimized with the Yoast SEO Premium plugin v21.2 (Yoast SEO v21.2) - https:\/\/yoast.com\/wordpress\/plugins\/seo\/ -->\n<title>Di\u00e4t aus FSC-Buchenholz - Gr\u00f8nt Kontor<\/title>\n<meta name=\"robots\" content=\"index, follow, max-snippet:-1, max-image-preview:large, max-video-preview:-1\" \/>\n<link rel=\"canonical\" href=\"https:\/\/grontkontor.dk\/de\/shop\/diat-aus-fsc-buchenholz\/\" \/>\n<meta property=\"og:locale\" content=\"de_DE\" \/>\n<meta property=\"og:type\" content=\"article\" \/>\n<meta property=\"og:title\" content=\"Di\u00e4t aus FSC-Buchenholz\" \/>\n<meta property=\"og:description\" content=\"Gute Ern\u00e4hrung aus umweltfreundlicher FSC-zertifizierter Buche. Die Borsten bestehen aus 100% Rosshaar, das langlebig ist und eine gute Kehrbarkeit bietet. Eine umweltfreundliche L\u00f6sung f\u00fcr das B\u00fcro oder zu Hause. Der Besenstiel ist separat erh\u00e4ltlich, passt aber sowohl zum Bodenpeeling als auch zum Outdoor-Besen derselben Kollektion. Die Di\u00e4t wird in der EU unter Verwendung gr\u00fcner Energiequellen [&hellip;]\" \/>\n<meta property=\"og:url\" content=\"https:\/\/grontkontor.dk\/de\/shop\/diat-aus-fsc-buchenholz\/\" \/>\n<meta property=\"og:site_name\" content=\"Gr\u00f8nt Kontor\" \/>\n<meta property=\"article:publisher\" content=\"https:\/\/www.facebook.com\/grontkontor.dk\/\" \/>\n<meta property=\"og:image\" content=\"https:\/\/grontkontor.dk\/wp-content\/uploads\/2023\/03\/klimavenlig-kost-fsv-boeg.jpg\" \/>\n\t<meta property=\"og:image:width\" content=\"900\" \/>\n\t<meta property=\"og:image:height\" content=\"639\" \/>\n\t<meta property=\"og:image:type\" content=\"image\/jpeg\" \/>\n<meta name=\"twitter:card\" content=\"summary_large_image\" \/>\n<script type=\"application\/ld+json\" class=\"yoast-schema-graph\">{\"@context\":\"https:\/\/schema.org\",\"@graph\":[{\"@type\":\"WebPage\",\"@id\":\"https:\/\/grontkontor.dk\/de\/shop\/diat-aus-fsc-buchenholz\/\",\"url\":\"https:\/\/grontkontor.dk\/de\/shop\/diat-aus-fsc-buchenholz\/\",\"name\":\"Di\u00e4t aus FSC-Buchenholz - Gr\u00f8nt Kontor\",\"isPartOf\":{\"@id\":\"https:\/\/grontkontor.dk\/#website\"},\"datePublished\":\"2024-05-28T10:01:18+00:00\",\"dateModified\":\"2024-05-28T10:01:18+00:00\",\"breadcrumb\":{\"@id\":\"https:\/\/grontkontor.dk\/de\/shop\/diat-aus-fsc-buchenholz\/#breadcrumb\"},\"inLanguage\":\"de\",\"potentialAction\":[{\"@type\":\"ReadAction\",\"target\":[\"https:\/\/grontkontor.dk\/de\/shop\/diat-aus-fsc-buchenholz\/\"]}]},{\"@type\":\"BreadcrumbList\",\"@id\":\"https:\/\/grontkontor.dk\/de\/shop\/diat-aus-fsc-buchenholz\/#breadcrumb\",\"itemListElement\":[{\"@type\":\"ListItem\",\"position\":1,\"name\":\"Forside\",\"item\":\"https:\/\/grontkontor.dk\/de\/\"},{\"@type\":\"ListItem\",\"position\":2,\"name\":\"Laden\",\"item\":\"https:\/\/grontkontor.dk\/de\/laden\/\"},{\"@type\":\"ListItem\",\"position\":3,\"name\":\"Reng\u00f8ring\",\"item\":\"https:\/\/grontkontor.dk\/produkt-kategori\/rengoering\/\"},{\"@type\":\"ListItem\",\"position\":4,\"name\":\"Di\u00e4t aus FSC-Buchenholz\"}]},{\"@type\":\"WebSite\",\"@id\":\"https:\/\/grontkontor.dk\/#website\",\"url\":\"https:\/\/grontkontor.dk\/\",\"name\":\"Gr\u00f8nt Kontor\",\"description\":\"Milj\u00f8venlige produkter til kontor og erhverv med fokus p\u00e5 b\u00e6redygtighed, design og fair trade.\",\"publisher\":{\"@id\":\"https:\/\/grontkontor.dk\/#organization\"},\"potentialAction\":[{\"@type\":\"SearchAction\",\"target\":{\"@type\":\"EntryPoint\",\"urlTemplate\":\"https:\/\/grontkontor.dk\/?s={search_term_string}\"},\"query-input\":\"required name=search_term_string\"}],\"inLanguage\":\"de\"},{\"@type\":\"Organization\",\"@id\":\"https:\/\/grontkontor.dk\/#organization\",\"name\":\"Gr\u00f8nt Kontor\",\"url\":\"https:\/\/grontkontor.dk\/\",\"logo\":{\"@type\":\"ImageObject\",\"inLanguage\":\"de\",\"@id\":\"https:\/\/grontkontor.dk\/#\/schema\/logo\/image\/\",\"url\":\"https:\/\/grontkontor.dk\/wp-content\/uploads\/2014\/02\/Logo_groent_kontor_300x80.png\",\"contentUrl\":\"https:\/\/grontkontor.dk\/wp-content\/uploads\/2014\/02\/Logo_groent_kontor_300x80.png\",\"width\":300,\"height\":80,\"caption\":\"Gr\u00f8nt Kontor\"},\"image\":{\"@id\":\"https:\/\/grontkontor.dk\/#\/schema\/logo\/image\/\"},\"sameAs\":[\"https:\/\/www.facebook.com\/grontkontor.dk\/\"]}]}<\/script>\n<!-- \/ Yoast SEO Premium plugin. -->","yoast_head_json":{"title":"Di\u00e4t aus FSC-Buchenholz - Gr\u00f8nt Kontor","robots":{"index":"index","follow":"follow","max-snippet":"max-snippet:-1","max-image-preview":"max-image-preview:large","max-video-preview":"max-video-preview:-1"},"canonical":"https:\/\/grontkontor.dk\/de\/shop\/diat-aus-fsc-buchenholz\/","og_locale":"de_DE","og_type":"article","og_title":"Di\u00e4t aus FSC-Buchenholz","og_description":"Gute Ern\u00e4hrung aus umweltfreundlicher FSC-zertifizierter Buche. Die Borsten bestehen aus 100% Rosshaar, das langlebig ist und eine gute Kehrbarkeit bietet. Eine umweltfreundliche L\u00f6sung f\u00fcr das B\u00fcro oder zu Hause. Der Besenstiel ist separat erh\u00e4ltlich, passt aber sowohl zum Bodenpeeling als auch zum Outdoor-Besen derselben Kollektion. Die Di\u00e4t wird in der EU unter Verwendung gr\u00fcner Energiequellen [&hellip;]","og_url":"https:\/\/grontkontor.dk\/de\/shop\/diat-aus-fsc-buchenholz\/","og_site_name":"Gr\u00f8nt Kontor","article_publisher":"https:\/\/www.facebook.com\/grontkontor.dk\/","og_image":[{"width":900,"height":639,"url":"https:\/\/grontkontor.dk\/wp-content\/uploads\/2023\/03\/klimavenlig-kost-fsv-boeg.jpg","type":"image\/jpeg"}],"twitter_card":"summary_large_image","schema":{"@context":"https:\/\/schema.org","@graph":[{"@type":"WebPage","@id":"https:\/\/grontkontor.dk\/de\/shop\/diat-aus-fsc-buchenholz\/","url":"https:\/\/grontkontor.dk\/de\/shop\/diat-aus-fsc-buchenholz\/","name":"Di\u00e4t aus FSC-Buchenholz - Gr\u00f8nt Kontor","isPartOf":{"@id":"https:\/\/grontkontor.dk\/#website"},"datePublished":"2024-05-28T10:01:18+00:00","dateModified":"2024-05-28T10:01:18+00:00","breadcrumb":{"@id":"https:\/\/grontkontor.dk\/de\/shop\/diat-aus-fsc-buchenholz\/#breadcrumb"},"inLanguage":"de","potentialAction":[{"@type":"ReadAction","target":["https:\/\/grontkontor.dk\/de\/shop\/diat-aus-fsc-buchenholz\/"]}]},{"@type":"BreadcrumbList","@id":"https:\/\/grontkontor.dk\/de\/shop\/diat-aus-fsc-buchenholz\/#breadcrumb","itemListElement":[{"@type":"ListItem","position":1,"name":"Forside","item":"https:\/\/grontkontor.dk\/de\/"},{"@type":"ListItem","position":2,"name":"Laden","item":"https:\/\/grontkontor.dk\/de\/laden\/"},{"@type":"ListItem","position":3,"name":"Reng\u00f8ring","item":"https:\/\/grontkontor.dk\/produkt-kategori\/rengoering\/"},{"@type":"ListItem","position":4,"name":"Di\u00e4t aus FSC-Buchenholz"}]},{"@type":"WebSite","@id":"https:\/\/grontkontor.dk\/#website","url":"https:\/\/grontkontor.dk\/","name":"Gr\u00f8nt Kontor","description":"Milj\u00f8venlige produkter til kontor og erhverv med fokus p\u00e5 b\u00e6redygtighed, design og fair trade.","publisher":{"@id":"https:\/\/grontkontor.dk\/#organization"},"potentialAction":[{"@type":"SearchAction","target":{"@type":"EntryPoint","urlTemplate":"https:\/\/grontkontor.dk\/?s={search_term_string}"},"query-input":"required name=search_term_string"}],"inLanguage":"de"},{"@type":"Organization","@id":"https:\/\/grontkontor.dk\/#organization","name":"Gr\u00f8nt Kontor","url":"https:\/\/grontkontor.dk\/","logo":{"@type":"ImageObject","inLanguage":"de","@id":"https:\/\/grontkontor.dk\/#\/schema\/logo\/image\/","url":"https:\/\/grontkontor.dk\/wp-content\/uploads\/2014\/02\/Logo_groent_kontor_300x80.png","contentUrl":"https:\/\/grontkontor.dk\/wp-content\/uploads\/2014\/02\/Logo_groent_kontor_300x80.png","width":300,"height":80,"caption":"Gr\u00f8nt Kontor"},"image":{"@id":"https:\/\/grontkontor.dk\/#\/schema\/logo\/image\/"},"sameAs":["https:\/\/www.facebook.com\/grontkontor.dk\/"]}]}},"_links":{"self":[{"href":"https:\/\/grontkontor.dk\/de\/wp-json\/wp\/v2\/product\/87328"}],"collection":[{"href":"https:\/\/grontkontor.dk\/de\/wp-json\/wp\/v2\/product"}],"about":[{"href":"https:\/\/grontkontor.dk\/de\/wp-json\/wp\/v2\/types\/product"}],"replies":[{"embeddable":true,"href":"https:\/\/grontkontor.dk\/de\/wp-json\/wp\/v2\/comments?post=87328"}],"wp:featuredmedia":[{"embeddable":true,"href":"https:\/\/grontkontor.dk\/de\/wp-json\/wp\/v2\/media\/87335"}],"wp:attachment":[{"href":"https:\/\/grontkontor.dk\/de\/wp-json\/wp\/v2\/media?parent=87328"}],"wp:term":[{"taxonomy":"product_cat","embeddable":true,"href":"https:\/\/grontkontor.dk\/de\/wp-json\/wp\/v2\/product_cat?post=87328"},{"taxonomy":"product_tag","embeddable":true,"href":"https:\/\/grontkontor.dk\/de\/wp-json\/wp\/v2\/product_tag?post=87328"}],"curies":[{"name":"wp","href":"https:\/\/api.w.org\/{rel}","templated":true}]}}