{"id":87389,"date":"2023-09-22T14:00:29","date_gmt":"2024-05-28T10:02:29","guid":{"rendered":"https:\/\/grontkontor.dk\/shop\/whiteboard-marker\/"},"modified":"2024-05-28T12:02:29","modified_gmt":"2024-05-28T10:02:29","slug":"whiteboard-marker","status":"publish","type":"product","link":"https:\/\/grontkontor.dk\/de\/shop\/whiteboard-marker\/","title":{"rendered":"Whiteboard-Marker 4 St\u00fcck"},"content":{"rendered":"<p>Whiteboard-Marker im 4er-Pack in den Farben Schwarz, Blau, Rot und Gr\u00fcn.<br \/>\nDies ist kein besonders nachhaltiges Produkt, aber das beste, das wir in seiner Kategorie finden konnten. Wenn Sie nachhaltigere Produkte in dieser Kategorie kennen, w\u00fcrden wir uns freuen, von Ihnen zu h\u00f6ren <a class=\"light\" href=\"mailto:info@grontkontor.dk\">info@grontkontor.dk<\/a><\/p>\n","protected":false},"excerpt":{"rendered":"<p>Whiteboard-Marker im 4er-Pack in den Farben Schwarz, Blau, Rot und Gr\u00fcn. Dies ist kein besonders nachhaltiges Produkt, aber das beste, das wir in seiner Kategorie finden konnten. Wenn Sie nachhaltigere Produkte in dieser Kategorie kennen, w\u00fcrden wir uns freuen, von Ihnen zu h\u00f6ren info@grontkontor.dk<\/p>\n","protected":false},"featured_media":113733,"comment_status":"closed","ping_status":"closed","template":"","meta":{"_acf_changed":false},"product_cat":[3325,3084,3423,3890],"product_tag":[3891,3584],"class_list":{"0":"post-87389","1":"product","2":"type-product","3":"status-publish","4":"has-post-thumbnail","6":"product_cat-dummy-moq-1-de","7":"product_cat-neuheiten","8":"product_cat-schreib-und-zeigegeraete","9":"product_cat-sonstige-schreibgeraete","10":"product_tag-schreibgeraete","11":"product_tag-whiteboard-de","12":"tm-has-options","14":"first","15":"onbackorder","16":"taxable","17":"shipping-taxable","18":"purchasable","19":"product-type-simple"},"acf":[],"yoast_head":"<!-- This site is optimized with the Yoast SEO Premium plugin v21.2 (Yoast SEO v21.2) - https:\/\/yoast.com\/wordpress\/plugins\/seo\/ -->\n<title>Whiteboard-Marker 4 St\u00fcck - Gr\u00f8nt Kontor<\/title>\n<meta name=\"robots\" content=\"index, follow, max-snippet:-1, max-image-preview:large, max-video-preview:-1\" \/>\n<link rel=\"canonical\" href=\"https:\/\/grontkontor.dk\/de\/shop\/whiteboard-marker\/\" \/>\n<meta property=\"og:locale\" content=\"de_DE\" \/>\n<meta property=\"og:type\" content=\"article\" \/>\n<meta property=\"og:title\" content=\"Whiteboard-Marker 4 St\u00fcck\" \/>\n<meta property=\"og:description\" content=\"Whiteboard-Marker im 4er-Pack in den Farben Schwarz, Blau, Rot und Gr\u00fcn. Dies ist kein besonders nachhaltiges Produkt, aber das beste, das wir in seiner Kategorie finden konnten. Wenn Sie nachhaltigere Produkte in dieser Kategorie kennen, w\u00fcrden wir uns freuen, von Ihnen zu h\u00f6ren info@grontkontor.dk\" \/>\n<meta property=\"og:url\" content=\"https:\/\/grontkontor.dk\/de\/shop\/whiteboard-marker\/\" \/>\n<meta property=\"og:site_name\" content=\"Gr\u00f8nt Kontor\" \/>\n<meta property=\"article:publisher\" content=\"https:\/\/www.facebook.com\/grontkontor.dk\/\" \/>\n<meta property=\"og:image\" content=\"https:\/\/grontkontor.dk\/wp-content\/uploads\/2023\/03\/Whiteboard-penne-4-pack.jpg\" \/>\n\t<meta property=\"og:image:width\" content=\"900\" \/>\n\t<meta property=\"og:image:height\" content=\"639\" \/>\n\t<meta property=\"og:image:type\" content=\"image\/jpeg\" \/>\n<meta name=\"twitter:card\" content=\"summary_large_image\" \/>\n<script type=\"application\/ld+json\" class=\"yoast-schema-graph\">{\"@context\":\"https:\/\/schema.org\",\"@graph\":[{\"@type\":\"WebPage\",\"@id\":\"https:\/\/grontkontor.dk\/de\/shop\/whiteboard-marker\/\",\"url\":\"https:\/\/grontkontor.dk\/de\/shop\/whiteboard-marker\/\",\"name\":\"Whiteboard-Marker 4 St\u00fcck - Gr\u00f8nt Kontor\",\"isPartOf\":{\"@id\":\"https:\/\/grontkontor.dk\/#website\"},\"datePublished\":\"2024-05-28T10:02:29+00:00\",\"dateModified\":\"2024-05-28T10:02:29+00:00\",\"breadcrumb\":{\"@id\":\"https:\/\/grontkontor.dk\/de\/shop\/whiteboard-marker\/#breadcrumb\"},\"inLanguage\":\"de\",\"potentialAction\":[{\"@type\":\"ReadAction\",\"target\":[\"https:\/\/grontkontor.dk\/de\/shop\/whiteboard-marker\/\"]}]},{\"@type\":\"BreadcrumbList\",\"@id\":\"https:\/\/grontkontor.dk\/de\/shop\/whiteboard-marker\/#breadcrumb\",\"itemListElement\":[{\"@type\":\"ListItem\",\"position\":1,\"name\":\"Forside\",\"item\":\"https:\/\/grontkontor.dk\/de\/\"},{\"@type\":\"ListItem\",\"position\":2,\"name\":\"Laden\",\"item\":\"https:\/\/grontkontor.dk\/de\/laden\/\"},{\"@type\":\"ListItem\",\"position\":3,\"name\":\"Schreib- und Zeigeger\u00e4te\",\"item\":\"https:\/\/grontkontor.dk\/de\/produkt-kategori\/schreib-und-zeigegeraete\/\"},{\"@type\":\"ListItem\",\"position\":4,\"name\":\"Sonstige Schreibger\u00e4te\",\"item\":\"https:\/\/grontkontor.dk\/de\/produkt-kategori\/schreib-und-zeigegeraete\/sonstige-schreibgeraete\/\"},{\"@type\":\"ListItem\",\"position\":5,\"name\":\"Whiteboard-Marker 4 St\u00fcck\"}]},{\"@type\":\"WebSite\",\"@id\":\"https:\/\/grontkontor.dk\/#website\",\"url\":\"https:\/\/grontkontor.dk\/\",\"name\":\"Gr\u00f8nt Kontor\",\"description\":\"Milj\u00f8venlige produkter til kontor og erhverv med fokus p\u00e5 b\u00e6redygtighed, design og fair trade.\",\"publisher\":{\"@id\":\"https:\/\/grontkontor.dk\/#organization\"},\"potentialAction\":[{\"@type\":\"SearchAction\",\"target\":{\"@type\":\"EntryPoint\",\"urlTemplate\":\"https:\/\/grontkontor.dk\/?s={search_term_string}\"},\"query-input\":\"required name=search_term_string\"}],\"inLanguage\":\"de\"},{\"@type\":\"Organization\",\"@id\":\"https:\/\/grontkontor.dk\/#organization\",\"name\":\"Gr\u00f8nt Kontor\",\"url\":\"https:\/\/grontkontor.dk\/\",\"logo\":{\"@type\":\"ImageObject\",\"inLanguage\":\"de\",\"@id\":\"https:\/\/grontkontor.dk\/#\/schema\/logo\/image\/\",\"url\":\"https:\/\/grontkontor.dk\/wp-content\/uploads\/2014\/02\/Logo_groent_kontor_300x80.png\",\"contentUrl\":\"https:\/\/grontkontor.dk\/wp-content\/uploads\/2014\/02\/Logo_groent_kontor_300x80.png\",\"width\":300,\"height\":80,\"caption\":\"Gr\u00f8nt Kontor\"},\"image\":{\"@id\":\"https:\/\/grontkontor.dk\/#\/schema\/logo\/image\/\"},\"sameAs\":[\"https:\/\/www.facebook.com\/grontkontor.dk\/\"]}]}<\/script>\n<!-- \/ Yoast SEO Premium plugin. -->","yoast_head_json":{"title":"Whiteboard-Marker 4 St\u00fcck - Gr\u00f8nt Kontor","robots":{"index":"index","follow":"follow","max-snippet":"max-snippet:-1","max-image-preview":"max-image-preview:large","max-video-preview":"max-video-preview:-1"},"canonical":"https:\/\/grontkontor.dk\/de\/shop\/whiteboard-marker\/","og_locale":"de_DE","og_type":"article","og_title":"Whiteboard-Marker 4 St\u00fcck","og_description":"Whiteboard-Marker im 4er-Pack in den Farben Schwarz, Blau, Rot und Gr\u00fcn. Dies ist kein besonders nachhaltiges Produkt, aber das beste, das wir in seiner Kategorie finden konnten. Wenn Sie nachhaltigere Produkte in dieser Kategorie kennen, w\u00fcrden wir uns freuen, von Ihnen zu h\u00f6ren info@grontkontor.dk","og_url":"https:\/\/grontkontor.dk\/de\/shop\/whiteboard-marker\/","og_site_name":"Gr\u00f8nt Kontor","article_publisher":"https:\/\/www.facebook.com\/grontkontor.dk\/","og_image":[{"width":900,"height":639,"url":"https:\/\/grontkontor.dk\/wp-content\/uploads\/2023\/03\/Whiteboard-penne-4-pack.jpg","type":"image\/jpeg"}],"twitter_card":"summary_large_image","schema":{"@context":"https:\/\/schema.org","@graph":[{"@type":"WebPage","@id":"https:\/\/grontkontor.dk\/de\/shop\/whiteboard-marker\/","url":"https:\/\/grontkontor.dk\/de\/shop\/whiteboard-marker\/","name":"Whiteboard-Marker 4 St\u00fcck - Gr\u00f8nt Kontor","isPartOf":{"@id":"https:\/\/grontkontor.dk\/#website"},"datePublished":"2024-05-28T10:02:29+00:00","dateModified":"2024-05-28T10:02:29+00:00","breadcrumb":{"@id":"https:\/\/grontkontor.dk\/de\/shop\/whiteboard-marker\/#breadcrumb"},"inLanguage":"de","potentialAction":[{"@type":"ReadAction","target":["https:\/\/grontkontor.dk\/de\/shop\/whiteboard-marker\/"]}]},{"@type":"BreadcrumbList","@id":"https:\/\/grontkontor.dk\/de\/shop\/whiteboard-marker\/#breadcrumb","itemListElement":[{"@type":"ListItem","position":1,"name":"Forside","item":"https:\/\/grontkontor.dk\/de\/"},{"@type":"ListItem","position":2,"name":"Laden","item":"https:\/\/grontkontor.dk\/de\/laden\/"},{"@type":"ListItem","position":3,"name":"Schreib- und Zeigeger\u00e4te","item":"https:\/\/grontkontor.dk\/de\/produkt-kategori\/schreib-und-zeigegeraete\/"},{"@type":"ListItem","position":4,"name":"Sonstige Schreibger\u00e4te","item":"https:\/\/grontkontor.dk\/de\/produkt-kategori\/schreib-und-zeigegeraete\/sonstige-schreibgeraete\/"},{"@type":"ListItem","position":5,"name":"Whiteboard-Marker 4 St\u00fcck"}]},{"@type":"WebSite","@id":"https:\/\/grontkontor.dk\/#website","url":"https:\/\/grontkontor.dk\/","name":"Gr\u00f8nt Kontor","description":"Milj\u00f8venlige produkter til kontor og erhverv med fokus p\u00e5 b\u00e6redygtighed, design og fair trade.","publisher":{"@id":"https:\/\/grontkontor.dk\/#organization"},"potentialAction":[{"@type":"SearchAction","target":{"@type":"EntryPoint","urlTemplate":"https:\/\/grontkontor.dk\/?s={search_term_string}"},"query-input":"required name=search_term_string"}],"inLanguage":"de"},{"@type":"Organization","@id":"https:\/\/grontkontor.dk\/#organization","name":"Gr\u00f8nt Kontor","url":"https:\/\/grontkontor.dk\/","logo":{"@type":"ImageObject","inLanguage":"de","@id":"https:\/\/grontkontor.dk\/#\/schema\/logo\/image\/","url":"https:\/\/grontkontor.dk\/wp-content\/uploads\/2014\/02\/Logo_groent_kontor_300x80.png","contentUrl":"https:\/\/grontkontor.dk\/wp-content\/uploads\/2014\/02\/Logo_groent_kontor_300x80.png","width":300,"height":80,"caption":"Gr\u00f8nt Kontor"},"image":{"@id":"https:\/\/grontkontor.dk\/#\/schema\/logo\/image\/"},"sameAs":["https:\/\/www.facebook.com\/grontkontor.dk\/"]}]}},"_links":{"self":[{"href":"https:\/\/grontkontor.dk\/de\/wp-json\/wp\/v2\/product\/87389"}],"collection":[{"href":"https:\/\/grontkontor.dk\/de\/wp-json\/wp\/v2\/product"}],"about":[{"href":"https:\/\/grontkontor.dk\/de\/wp-json\/wp\/v2\/types\/product"}],"replies":[{"embeddable":true,"href":"https:\/\/grontkontor.dk\/de\/wp-json\/wp\/v2\/comments?post=87389"}],"wp:featuredmedia":[{"embeddable":true,"href":"https:\/\/grontkontor.dk\/de\/wp-json\/wp\/v2\/media\/113733"}],"wp:attachment":[{"href":"https:\/\/grontkontor.dk\/de\/wp-json\/wp\/v2\/media?parent=87389"}],"wp:term":[{"taxonomy":"product_cat","embeddable":true,"href":"https:\/\/grontkontor.dk\/de\/wp-json\/wp\/v2\/product_cat?post=87389"},{"taxonomy":"product_tag","embeddable":true,"href":"https:\/\/grontkontor.dk\/de\/wp-json\/wp\/v2\/product_tag?post=87389"}],"curies":[{"name":"wp","href":"https:\/\/api.w.org\/{rel}","templated":true}]}}