{"id":87400,"date":"2023-09-22T14:00:48","date_gmt":"2024-05-28T10:02:31","guid":{"rendered":"https:\/\/grontkontor.dk\/shop\/geschirrspulmaschine-drill-in-wood\/"},"modified":"2024-05-28T12:02:31","modified_gmt":"2024-05-28T10:02:31","slug":"geschirrspulmaschine-drill-in-wood","status":"publish","type":"product","link":"https:\/\/grontkontor.dk\/de\/shop\/geschirrspulmaschine-drill-in-wood\/","title":{"rendered":"Holz-Sp\u00fclb\u00fcrste FSC"},"content":{"rendered":"<p>Klimafreundliche vegane Sp\u00fclb\u00fcrste aus FSC-zertifiziertem Holz mit abnehmbarem B\u00fcrstenkopf, der dem Produkt eine extra lange Lebensdauer verleiht. Der B\u00fcrstenkopf kann mit einem Metallclip ausgetauscht werden, so dass der Griff wieder gew\u00e4ssert werden kann. Das macht die Sp\u00fclb\u00fcrste zu einer guten umweltfreundlichen Wahl. Die Borsten bestehen zu 100% aus pflanzlichen Tampicofasern, die haupts\u00e4chlich aus der Agavenpflanze gewonnen werden.<\/p>\n<p>Das Produkt wird in der EU mit gr\u00fcnen Energiequellen hergestellt.<\/p>\n<p>[FSC_s]<\/p>\n<p>&nbsp;<\/p>\n<img loading=\"lazy\" decoding=\"async\" class=\"size-medium wp-image-21008\" src=\"https:\/\/grontkontor.dk\/wp-content\/uploads\/2020\/11\/eu-flag_1-300x199.jpg\" alt=\"Fremstillet i EU\" width=\"76\" height=\"50\" srcset=\"https:\/\/grontkontor.dk\/wp-content\/uploads\/2020\/11\/eu-flag_1-300x199.jpg 300w, https:\/\/grontkontor.dk\/wp-content\/uploads\/2020\/11\/eu-flag_1.jpg 530w\" sizes=\"(max-width: 76px) 100vw, 76px\" \/>\n<a href=\"https:\/\/ic.fsc.org\/en\/\" target=\"window\"><img loading=\"lazy\" decoding=\"async\" class=\"size-full wp-image-12735\" src=\"https:\/\/grontkontor.dk\/wp-content\/uploads\/2019\/04\/fsc-certificeret.png\" \n\t\t alt=\"FSC-certificeret\" title=\"FSC-certificeret\" width=\"44\" height=\"51\" border=0\/><\/a>\n","protected":false},"excerpt":{"rendered":"<p>Klimafreundliche vegane Sp\u00fclb\u00fcrste aus FSC-zertifiziertem Holz mit abnehmbarem B\u00fcrstenkopf, der dem Produkt eine extra lange Lebensdauer verleiht. Der B\u00fcrstenkopf kann mit einem Metallclip ausgetauscht werden, so dass der Griff wieder gew\u00e4ssert werden kann. Das macht die Sp\u00fclb\u00fcrste zu einer guten umweltfreundlichen Wahl. Die Borsten bestehen zu 100% aus pflanzlichen Tampicofasern, die haupts\u00e4chlich aus der Agavenpflanze [&hellip;]<\/p>\n","protected":false},"featured_media":87402,"comment_status":"closed","ping_status":"closed","template":"","meta":{"_acf_changed":false},"product_cat":[3325,3084,3425],"product_tag":[3651,3650,3426],"class_list":{"0":"post-87400","1":"product","2":"type-product","3":"status-publish","4":"has-post-thumbnail","6":"product_cat-dummy-moq-1-de","7":"product_cat-neuheiten","8":"product_cat-reinigung","9":"product_tag-buersten","10":"product_tag-reinigung","11":"product_tag-spuelbuerste","12":"tm-has-options","14":"first","15":"instock","16":"taxable","17":"shipping-taxable","18":"purchasable","19":"product-type-simple"},"acf":[],"yoast_head":"<!-- This site is optimized with the Yoast SEO Premium plugin v21.2 (Yoast SEO v21.2) - https:\/\/yoast.com\/wordpress\/plugins\/seo\/ -->\n<title>Holz-Sp\u00fclb\u00fcrste FSC - Gr\u00f8nt Kontor<\/title>\n<meta name=\"robots\" content=\"index, follow, max-snippet:-1, max-image-preview:large, max-video-preview:-1\" \/>\n<link rel=\"canonical\" href=\"https:\/\/grontkontor.dk\/de\/shop\/geschirrspulmaschine-drill-in-wood\/\" \/>\n<meta property=\"og:locale\" content=\"de_DE\" \/>\n<meta property=\"og:type\" content=\"article\" \/>\n<meta property=\"og:title\" content=\"Holz-Sp\u00fclb\u00fcrste FSC\" \/>\n<meta property=\"og:description\" content=\"Klimafreundliche vegane Sp\u00fclb\u00fcrste aus FSC-zertifiziertem Holz mit abnehmbarem B\u00fcrstenkopf, der dem Produkt eine extra lange Lebensdauer verleiht. Der B\u00fcrstenkopf kann mit einem Metallclip ausgetauscht werden, so dass der Griff wieder gew\u00e4ssert werden kann. Das macht die Sp\u00fclb\u00fcrste zu einer guten umweltfreundlichen Wahl. Die Borsten bestehen zu 100% aus pflanzlichen Tampicofasern, die haupts\u00e4chlich aus der Agavenpflanze [&hellip;]\" \/>\n<meta property=\"og:url\" content=\"https:\/\/grontkontor.dk\/de\/shop\/geschirrspulmaschine-drill-in-wood\/\" \/>\n<meta property=\"og:site_name\" content=\"Gr\u00f8nt Kontor\" \/>\n<meta property=\"article:publisher\" content=\"https:\/\/www.facebook.com\/grontkontor.dk\/\" \/>\n<meta property=\"og:image\" content=\"https:\/\/grontkontor.dk\/wp-content\/uploads\/2023\/03\/Miljoevenlig-opvaskeboerste.jpg\" \/>\n\t<meta property=\"og:image:width\" content=\"900\" \/>\n\t<meta property=\"og:image:height\" content=\"639\" \/>\n\t<meta property=\"og:image:type\" content=\"image\/jpeg\" \/>\n<meta name=\"twitter:card\" content=\"summary_large_image\" \/>\n<script type=\"application\/ld+json\" class=\"yoast-schema-graph\">{\"@context\":\"https:\/\/schema.org\",\"@graph\":[{\"@type\":\"WebPage\",\"@id\":\"https:\/\/grontkontor.dk\/de\/shop\/geschirrspulmaschine-drill-in-wood\/\",\"url\":\"https:\/\/grontkontor.dk\/de\/shop\/geschirrspulmaschine-drill-in-wood\/\",\"name\":\"Holz-Sp\u00fclb\u00fcrste FSC - Gr\u00f8nt Kontor\",\"isPartOf\":{\"@id\":\"https:\/\/grontkontor.dk\/#website\"},\"datePublished\":\"2024-05-28T10:02:31+00:00\",\"dateModified\":\"2024-05-28T10:02:31+00:00\",\"breadcrumb\":{\"@id\":\"https:\/\/grontkontor.dk\/de\/shop\/geschirrspulmaschine-drill-in-wood\/#breadcrumb\"},\"inLanguage\":\"de\",\"potentialAction\":[{\"@type\":\"ReadAction\",\"target\":[\"https:\/\/grontkontor.dk\/de\/shop\/geschirrspulmaschine-drill-in-wood\/\"]}]},{\"@type\":\"BreadcrumbList\",\"@id\":\"https:\/\/grontkontor.dk\/de\/shop\/geschirrspulmaschine-drill-in-wood\/#breadcrumb\",\"itemListElement\":[{\"@type\":\"ListItem\",\"position\":1,\"name\":\"Forside\",\"item\":\"https:\/\/grontkontor.dk\/de\/\"},{\"@type\":\"ListItem\",\"position\":2,\"name\":\"Laden\",\"item\":\"https:\/\/grontkontor.dk\/de\/laden\/\"},{\"@type\":\"ListItem\",\"position\":3,\"name\":\"Reng\u00f8ring\",\"item\":\"https:\/\/grontkontor.dk\/produkt-kategori\/rengoering\/\"},{\"@type\":\"ListItem\",\"position\":4,\"name\":\"Holz-Sp\u00fclb\u00fcrste FSC\"}]},{\"@type\":\"WebSite\",\"@id\":\"https:\/\/grontkontor.dk\/#website\",\"url\":\"https:\/\/grontkontor.dk\/\",\"name\":\"Gr\u00f8nt Kontor\",\"description\":\"Milj\u00f8venlige produkter til kontor og erhverv med fokus p\u00e5 b\u00e6redygtighed, design og fair trade.\",\"publisher\":{\"@id\":\"https:\/\/grontkontor.dk\/#organization\"},\"potentialAction\":[{\"@type\":\"SearchAction\",\"target\":{\"@type\":\"EntryPoint\",\"urlTemplate\":\"https:\/\/grontkontor.dk\/?s={search_term_string}\"},\"query-input\":\"required name=search_term_string\"}],\"inLanguage\":\"de\"},{\"@type\":\"Organization\",\"@id\":\"https:\/\/grontkontor.dk\/#organization\",\"name\":\"Gr\u00f8nt Kontor\",\"url\":\"https:\/\/grontkontor.dk\/\",\"logo\":{\"@type\":\"ImageObject\",\"inLanguage\":\"de\",\"@id\":\"https:\/\/grontkontor.dk\/#\/schema\/logo\/image\/\",\"url\":\"https:\/\/grontkontor.dk\/wp-content\/uploads\/2014\/02\/Logo_groent_kontor_300x80.png\",\"contentUrl\":\"https:\/\/grontkontor.dk\/wp-content\/uploads\/2014\/02\/Logo_groent_kontor_300x80.png\",\"width\":300,\"height\":80,\"caption\":\"Gr\u00f8nt Kontor\"},\"image\":{\"@id\":\"https:\/\/grontkontor.dk\/#\/schema\/logo\/image\/\"},\"sameAs\":[\"https:\/\/www.facebook.com\/grontkontor.dk\/\"]}]}<\/script>\n<!-- \/ Yoast SEO Premium plugin. -->","yoast_head_json":{"title":"Holz-Sp\u00fclb\u00fcrste FSC - Gr\u00f8nt Kontor","robots":{"index":"index","follow":"follow","max-snippet":"max-snippet:-1","max-image-preview":"max-image-preview:large","max-video-preview":"max-video-preview:-1"},"canonical":"https:\/\/grontkontor.dk\/de\/shop\/geschirrspulmaschine-drill-in-wood\/","og_locale":"de_DE","og_type":"article","og_title":"Holz-Sp\u00fclb\u00fcrste FSC","og_description":"Klimafreundliche vegane Sp\u00fclb\u00fcrste aus FSC-zertifiziertem Holz mit abnehmbarem B\u00fcrstenkopf, der dem Produkt eine extra lange Lebensdauer verleiht. Der B\u00fcrstenkopf kann mit einem Metallclip ausgetauscht werden, so dass der Griff wieder gew\u00e4ssert werden kann. Das macht die Sp\u00fclb\u00fcrste zu einer guten umweltfreundlichen Wahl. Die Borsten bestehen zu 100% aus pflanzlichen Tampicofasern, die haupts\u00e4chlich aus der Agavenpflanze [&hellip;]","og_url":"https:\/\/grontkontor.dk\/de\/shop\/geschirrspulmaschine-drill-in-wood\/","og_site_name":"Gr\u00f8nt Kontor","article_publisher":"https:\/\/www.facebook.com\/grontkontor.dk\/","og_image":[{"width":900,"height":639,"url":"https:\/\/grontkontor.dk\/wp-content\/uploads\/2023\/03\/Miljoevenlig-opvaskeboerste.jpg","type":"image\/jpeg"}],"twitter_card":"summary_large_image","schema":{"@context":"https:\/\/schema.org","@graph":[{"@type":"WebPage","@id":"https:\/\/grontkontor.dk\/de\/shop\/geschirrspulmaschine-drill-in-wood\/","url":"https:\/\/grontkontor.dk\/de\/shop\/geschirrspulmaschine-drill-in-wood\/","name":"Holz-Sp\u00fclb\u00fcrste FSC - Gr\u00f8nt Kontor","isPartOf":{"@id":"https:\/\/grontkontor.dk\/#website"},"datePublished":"2024-05-28T10:02:31+00:00","dateModified":"2024-05-28T10:02:31+00:00","breadcrumb":{"@id":"https:\/\/grontkontor.dk\/de\/shop\/geschirrspulmaschine-drill-in-wood\/#breadcrumb"},"inLanguage":"de","potentialAction":[{"@type":"ReadAction","target":["https:\/\/grontkontor.dk\/de\/shop\/geschirrspulmaschine-drill-in-wood\/"]}]},{"@type":"BreadcrumbList","@id":"https:\/\/grontkontor.dk\/de\/shop\/geschirrspulmaschine-drill-in-wood\/#breadcrumb","itemListElement":[{"@type":"ListItem","position":1,"name":"Forside","item":"https:\/\/grontkontor.dk\/de\/"},{"@type":"ListItem","position":2,"name":"Laden","item":"https:\/\/grontkontor.dk\/de\/laden\/"},{"@type":"ListItem","position":3,"name":"Reng\u00f8ring","item":"https:\/\/grontkontor.dk\/produkt-kategori\/rengoering\/"},{"@type":"ListItem","position":4,"name":"Holz-Sp\u00fclb\u00fcrste FSC"}]},{"@type":"WebSite","@id":"https:\/\/grontkontor.dk\/#website","url":"https:\/\/grontkontor.dk\/","name":"Gr\u00f8nt Kontor","description":"Milj\u00f8venlige produkter til kontor og erhverv med fokus p\u00e5 b\u00e6redygtighed, design og fair trade.","publisher":{"@id":"https:\/\/grontkontor.dk\/#organization"},"potentialAction":[{"@type":"SearchAction","target":{"@type":"EntryPoint","urlTemplate":"https:\/\/grontkontor.dk\/?s={search_term_string}"},"query-input":"required name=search_term_string"}],"inLanguage":"de"},{"@type":"Organization","@id":"https:\/\/grontkontor.dk\/#organization","name":"Gr\u00f8nt Kontor","url":"https:\/\/grontkontor.dk\/","logo":{"@type":"ImageObject","inLanguage":"de","@id":"https:\/\/grontkontor.dk\/#\/schema\/logo\/image\/","url":"https:\/\/grontkontor.dk\/wp-content\/uploads\/2014\/02\/Logo_groent_kontor_300x80.png","contentUrl":"https:\/\/grontkontor.dk\/wp-content\/uploads\/2014\/02\/Logo_groent_kontor_300x80.png","width":300,"height":80,"caption":"Gr\u00f8nt Kontor"},"image":{"@id":"https:\/\/grontkontor.dk\/#\/schema\/logo\/image\/"},"sameAs":["https:\/\/www.facebook.com\/grontkontor.dk\/"]}]}},"_links":{"self":[{"href":"https:\/\/grontkontor.dk\/de\/wp-json\/wp\/v2\/product\/87400"}],"collection":[{"href":"https:\/\/grontkontor.dk\/de\/wp-json\/wp\/v2\/product"}],"about":[{"href":"https:\/\/grontkontor.dk\/de\/wp-json\/wp\/v2\/types\/product"}],"replies":[{"embeddable":true,"href":"https:\/\/grontkontor.dk\/de\/wp-json\/wp\/v2\/comments?post=87400"}],"wp:featuredmedia":[{"embeddable":true,"href":"https:\/\/grontkontor.dk\/de\/wp-json\/wp\/v2\/media\/87402"}],"wp:attachment":[{"href":"https:\/\/grontkontor.dk\/de\/wp-json\/wp\/v2\/media?parent=87400"}],"wp:term":[{"taxonomy":"product_cat","embeddable":true,"href":"https:\/\/grontkontor.dk\/de\/wp-json\/wp\/v2\/product_cat?post=87400"},{"taxonomy":"product_tag","embeddable":true,"href":"https:\/\/grontkontor.dk\/de\/wp-json\/wp\/v2\/product_tag?post=87400"}],"curies":[{"name":"wp","href":"https:\/\/api.w.org\/{rel}","templated":true}]}}