{"id":87405,"date":"2023-09-22T14:00:29","date_gmt":"2024-05-28T10:02:32","guid":{"rendered":"https:\/\/grontkontor.dk\/shop\/bambusplatten-abfallsortierung-recycling\/"},"modified":"2024-05-28T12:02:32","modified_gmt":"2024-05-28T10:02:32","slug":"bambusplatten-abfallsortierung-recycling","status":"publish","type":"product","link":"https:\/\/grontkontor.dk\/de\/shop\/bambusplatten-abfallsortierung-recycling\/","title":{"rendered":"Bambusdeckel M\u00fclltrennung 76l"},"content":{"rendered":"<p><span class=\"HwtZe\" lang=\"da\"><span class=\"jCAhz ChMk0b\"><br \/>\n  <span class=\"ryNqvb\">Dieser klimafreundliche Deckel geh\u00f6rt zu den 76 L Abfallsortierboxen, die in den Farben <a class=\"light\" href=\"https:\/\/grontkontor.dk\/produkt\/affaldssorteringsboks-genbrug-hvid\/\">Wei\u00df<\/a> und <a class=\"light\" href=\"https:\/\/grontkontor.dk\/produkt\/affaldssortering-recycled-76l-sort\/\">Schwarz<\/a> erh\u00e4ltlich sind.<\/span><br \/>\n<\/span> <span class=\"jCAhz ChMk0b\"><br \/>\n  <span class=\"ryNqvb\">Es ist nicht nur ein Deckel, sondern verwandelt die Box in einen praktischen Hocker.<\/span><br \/>\n<\/span> <span class=\"jCAhz ChMk0b\"><br \/>\n  <span class=\"ryNqvb\">Die Oberfl\u00e4che des Deckels ist mit klarem Lack auf Wasserbasis behandelt.<\/span><br \/>\n<\/span><\/span><br \/>\nDas Produkt wurde f\u00fcr sein Design mehrfach ausgezeichnet, unter anderem mit dem S&amp;P Award. Red Dot Design Award im Jahr 2020.<\/p>\n<p>Ma\u00dfe: 56 x 37 x 1 cm<\/p>\n<p>[bambus]<\/p>\n<p>&nbsp;<\/p>\n<p><img loading=\"lazy\" decoding=\"async\" class=\"size-medium wp-image-21008\" src=\"https:\/\/grontkontor.dk\/wp-content\/uploads\/2020\/11\/eu-flag_1-300x199.jpg\" alt=\"Fremstillet i EU\" width=\"76\" height=\"50\" srcset=\"https:\/\/grontkontor.dk\/wp-content\/uploads\/2020\/11\/eu-flag_1-300x199.jpg 300w, https:\/\/grontkontor.dk\/wp-content\/uploads\/2020\/11\/eu-flag_1.jpg 530w\" sizes=\"(max-width: 76px) 100vw, 76px\" \/> <img loading=\"lazy\" decoding=\"async\" src=\"https:\/\/grontkontor.dk\/wp-content\/uploads\/2021\/02\/genbrug.jpg\" alt=\"Fremstillet af genbrugsmaterialer\" width=\"50\" height=\"50\" class=\"size-full wp-image-23031\" srcset=\"https:\/\/grontkontor.dk\/wp-content\/uploads\/2021\/02\/genbrug.jpg 199w, https:\/\/grontkontor.dk\/wp-content\/uploads\/2021\/02\/genbrug-100x100.jpg 100w\" sizes=\"(max-width: 50px) 100vw, 50px\" \/><\/p>\n","protected":false},"excerpt":{"rendered":"<p>Dieser klimafreundliche Deckel geh\u00f6rt zu den 76 L Abfallsortierboxen, die in den Farben Wei\u00df und Schwarz erh\u00e4ltlich sind. Es ist nicht nur ein Deckel, sondern verwandelt die Box in einen praktischen Hocker. Die Oberfl\u00e4che des Deckels ist mit klarem Lack auf Wasserbasis behandelt. Das Produkt wurde f\u00fcr sein Design mehrfach ausgezeichnet, unter anderem mit dem [&hellip;]<\/p>\n","protected":false},"featured_media":113748,"comment_status":"closed","ping_status":"closed","template":"","meta":{"_acf_changed":false},"product_cat":[3433,3325,3084,3425],"product_tag":[3434,3435],"class_list":{"0":"post-87405","1":"product","2":"type-product","3":"status-publish","4":"has-post-thumbnail","6":"product_cat-abfallwirtschaft","7":"product_cat-dummy-moq-1-de","8":"product_cat-neuheiten","9":"product_cat-reinigung","10":"product_tag-abfallsortierung","11":"product_tag-abfallwirtschaft","12":"tm-has-options","14":"first","15":"instock","16":"taxable","17":"shipping-taxable","18":"purchasable","19":"product-type-simple"},"acf":[],"yoast_head":"<!-- This site is optimized with the Yoast SEO Premium plugin v21.2 (Yoast SEO v21.2) - https:\/\/yoast.com\/wordpress\/plugins\/seo\/ -->\n<title>Bambusdeckel M\u00fclltrennung 76l - Gr\u00f8nt Kontor<\/title>\n<meta name=\"robots\" content=\"index, follow, max-snippet:-1, max-image-preview:large, max-video-preview:-1\" \/>\n<link rel=\"canonical\" href=\"https:\/\/grontkontor.dk\/de\/shop\/bambusplatten-abfallsortierung-recycling\/\" \/>\n<meta property=\"og:locale\" content=\"de_DE\" \/>\n<meta property=\"og:type\" content=\"article\" \/>\n<meta property=\"og:title\" content=\"Bambusdeckel M\u00fclltrennung 76l\" \/>\n<meta property=\"og:description\" content=\"Dieser klimafreundliche Deckel geh\u00f6rt zu den 76 L Abfallsortierboxen, die in den Farben Wei\u00df und Schwarz erh\u00e4ltlich sind. Es ist nicht nur ein Deckel, sondern verwandelt die Box in einen praktischen Hocker. Die Oberfl\u00e4che des Deckels ist mit klarem Lack auf Wasserbasis behandelt. Das Produkt wurde f\u00fcr sein Design mehrfach ausgezeichnet, unter anderem mit dem [&hellip;]\" \/>\n<meta property=\"og:url\" content=\"https:\/\/grontkontor.dk\/de\/shop\/bambusplatten-abfallsortierung-recycling\/\" \/>\n<meta property=\"og:site_name\" content=\"Gr\u00f8nt Kontor\" \/>\n<meta property=\"article:publisher\" content=\"https:\/\/www.facebook.com\/grontkontor.dk\/\" \/>\n<meta property=\"og:image\" content=\"https:\/\/grontkontor.dk\/wp-content\/uploads\/2023\/03\/Bambuslaag-affaldsspand-klimavenlig.jpg\" \/>\n\t<meta property=\"og:image:width\" content=\"900\" \/>\n\t<meta property=\"og:image:height\" content=\"639\" \/>\n\t<meta property=\"og:image:type\" content=\"image\/jpeg\" \/>\n<meta name=\"twitter:card\" content=\"summary_large_image\" \/>\n<script type=\"application\/ld+json\" class=\"yoast-schema-graph\">{\"@context\":\"https:\/\/schema.org\",\"@graph\":[{\"@type\":\"WebPage\",\"@id\":\"https:\/\/grontkontor.dk\/de\/shop\/bambusplatten-abfallsortierung-recycling\/\",\"url\":\"https:\/\/grontkontor.dk\/de\/shop\/bambusplatten-abfallsortierung-recycling\/\",\"name\":\"Bambusdeckel M\u00fclltrennung 76l - Gr\u00f8nt Kontor\",\"isPartOf\":{\"@id\":\"https:\/\/grontkontor.dk\/#website\"},\"datePublished\":\"2024-05-28T10:02:32+00:00\",\"dateModified\":\"2024-05-28T10:02:32+00:00\",\"breadcrumb\":{\"@id\":\"https:\/\/grontkontor.dk\/de\/shop\/bambusplatten-abfallsortierung-recycling\/#breadcrumb\"},\"inLanguage\":\"de\",\"potentialAction\":[{\"@type\":\"ReadAction\",\"target\":[\"https:\/\/grontkontor.dk\/de\/shop\/bambusplatten-abfallsortierung-recycling\/\"]}]},{\"@type\":\"BreadcrumbList\",\"@id\":\"https:\/\/grontkontor.dk\/de\/shop\/bambusplatten-abfallsortierung-recycling\/#breadcrumb\",\"itemListElement\":[{\"@type\":\"ListItem\",\"position\":1,\"name\":\"Forside\",\"item\":\"https:\/\/grontkontor.dk\/de\/\"},{\"@type\":\"ListItem\",\"position\":2,\"name\":\"Laden\",\"item\":\"https:\/\/grontkontor.dk\/de\/laden\/\"},{\"@type\":\"ListItem\",\"position\":3,\"name\":\"M\u00f6bel und Einrichtungsgegenst\u00e4nde\",\"item\":\"https:\/\/grontkontor.dk\/de\/produkt-kategori\/moebel-und-einrichtungsgegenstaende\/\"},{\"@type\":\"ListItem\",\"position\":4,\"name\":\"Abfallwirtschaft\",\"item\":\"https:\/\/grontkontor.dk\/de\/produkt-kategori\/moebel-und-einrichtungsgegenstaende\/abfallwirtschaft\/\"},{\"@type\":\"ListItem\",\"position\":5,\"name\":\"Bambusdeckel M\u00fclltrennung 76l\"}]},{\"@type\":\"WebSite\",\"@id\":\"https:\/\/grontkontor.dk\/#website\",\"url\":\"https:\/\/grontkontor.dk\/\",\"name\":\"Gr\u00f8nt Kontor\",\"description\":\"Milj\u00f8venlige produkter til kontor og erhverv med fokus p\u00e5 b\u00e6redygtighed, design og fair trade.\",\"publisher\":{\"@id\":\"https:\/\/grontkontor.dk\/#organization\"},\"potentialAction\":[{\"@type\":\"SearchAction\",\"target\":{\"@type\":\"EntryPoint\",\"urlTemplate\":\"https:\/\/grontkontor.dk\/?s={search_term_string}\"},\"query-input\":\"required name=search_term_string\"}],\"inLanguage\":\"de\"},{\"@type\":\"Organization\",\"@id\":\"https:\/\/grontkontor.dk\/#organization\",\"name\":\"Gr\u00f8nt Kontor\",\"url\":\"https:\/\/grontkontor.dk\/\",\"logo\":{\"@type\":\"ImageObject\",\"inLanguage\":\"de\",\"@id\":\"https:\/\/grontkontor.dk\/#\/schema\/logo\/image\/\",\"url\":\"https:\/\/grontkontor.dk\/wp-content\/uploads\/2014\/02\/Logo_groent_kontor_300x80.png\",\"contentUrl\":\"https:\/\/grontkontor.dk\/wp-content\/uploads\/2014\/02\/Logo_groent_kontor_300x80.png\",\"width\":300,\"height\":80,\"caption\":\"Gr\u00f8nt Kontor\"},\"image\":{\"@id\":\"https:\/\/grontkontor.dk\/#\/schema\/logo\/image\/\"},\"sameAs\":[\"https:\/\/www.facebook.com\/grontkontor.dk\/\"]}]}<\/script>\n<!-- \/ Yoast SEO Premium plugin. -->","yoast_head_json":{"title":"Bambusdeckel M\u00fclltrennung 76l - Gr\u00f8nt Kontor","robots":{"index":"index","follow":"follow","max-snippet":"max-snippet:-1","max-image-preview":"max-image-preview:large","max-video-preview":"max-video-preview:-1"},"canonical":"https:\/\/grontkontor.dk\/de\/shop\/bambusplatten-abfallsortierung-recycling\/","og_locale":"de_DE","og_type":"article","og_title":"Bambusdeckel M\u00fclltrennung 76l","og_description":"Dieser klimafreundliche Deckel geh\u00f6rt zu den 76 L Abfallsortierboxen, die in den Farben Wei\u00df und Schwarz erh\u00e4ltlich sind. Es ist nicht nur ein Deckel, sondern verwandelt die Box in einen praktischen Hocker. Die Oberfl\u00e4che des Deckels ist mit klarem Lack auf Wasserbasis behandelt. Das Produkt wurde f\u00fcr sein Design mehrfach ausgezeichnet, unter anderem mit dem [&hellip;]","og_url":"https:\/\/grontkontor.dk\/de\/shop\/bambusplatten-abfallsortierung-recycling\/","og_site_name":"Gr\u00f8nt Kontor","article_publisher":"https:\/\/www.facebook.com\/grontkontor.dk\/","og_image":[{"width":900,"height":639,"url":"https:\/\/grontkontor.dk\/wp-content\/uploads\/2023\/03\/Bambuslaag-affaldsspand-klimavenlig.jpg","type":"image\/jpeg"}],"twitter_card":"summary_large_image","schema":{"@context":"https:\/\/schema.org","@graph":[{"@type":"WebPage","@id":"https:\/\/grontkontor.dk\/de\/shop\/bambusplatten-abfallsortierung-recycling\/","url":"https:\/\/grontkontor.dk\/de\/shop\/bambusplatten-abfallsortierung-recycling\/","name":"Bambusdeckel M\u00fclltrennung 76l - Gr\u00f8nt Kontor","isPartOf":{"@id":"https:\/\/grontkontor.dk\/#website"},"datePublished":"2024-05-28T10:02:32+00:00","dateModified":"2024-05-28T10:02:32+00:00","breadcrumb":{"@id":"https:\/\/grontkontor.dk\/de\/shop\/bambusplatten-abfallsortierung-recycling\/#breadcrumb"},"inLanguage":"de","potentialAction":[{"@type":"ReadAction","target":["https:\/\/grontkontor.dk\/de\/shop\/bambusplatten-abfallsortierung-recycling\/"]}]},{"@type":"BreadcrumbList","@id":"https:\/\/grontkontor.dk\/de\/shop\/bambusplatten-abfallsortierung-recycling\/#breadcrumb","itemListElement":[{"@type":"ListItem","position":1,"name":"Forside","item":"https:\/\/grontkontor.dk\/de\/"},{"@type":"ListItem","position":2,"name":"Laden","item":"https:\/\/grontkontor.dk\/de\/laden\/"},{"@type":"ListItem","position":3,"name":"M\u00f6bel und Einrichtungsgegenst\u00e4nde","item":"https:\/\/grontkontor.dk\/de\/produkt-kategori\/moebel-und-einrichtungsgegenstaende\/"},{"@type":"ListItem","position":4,"name":"Abfallwirtschaft","item":"https:\/\/grontkontor.dk\/de\/produkt-kategori\/moebel-und-einrichtungsgegenstaende\/abfallwirtschaft\/"},{"@type":"ListItem","position":5,"name":"Bambusdeckel M\u00fclltrennung 76l"}]},{"@type":"WebSite","@id":"https:\/\/grontkontor.dk\/#website","url":"https:\/\/grontkontor.dk\/","name":"Gr\u00f8nt Kontor","description":"Milj\u00f8venlige produkter til kontor og erhverv med fokus p\u00e5 b\u00e6redygtighed, design og fair trade.","publisher":{"@id":"https:\/\/grontkontor.dk\/#organization"},"potentialAction":[{"@type":"SearchAction","target":{"@type":"EntryPoint","urlTemplate":"https:\/\/grontkontor.dk\/?s={search_term_string}"},"query-input":"required name=search_term_string"}],"inLanguage":"de"},{"@type":"Organization","@id":"https:\/\/grontkontor.dk\/#organization","name":"Gr\u00f8nt Kontor","url":"https:\/\/grontkontor.dk\/","logo":{"@type":"ImageObject","inLanguage":"de","@id":"https:\/\/grontkontor.dk\/#\/schema\/logo\/image\/","url":"https:\/\/grontkontor.dk\/wp-content\/uploads\/2014\/02\/Logo_groent_kontor_300x80.png","contentUrl":"https:\/\/grontkontor.dk\/wp-content\/uploads\/2014\/02\/Logo_groent_kontor_300x80.png","width":300,"height":80,"caption":"Gr\u00f8nt Kontor"},"image":{"@id":"https:\/\/grontkontor.dk\/#\/schema\/logo\/image\/"},"sameAs":["https:\/\/www.facebook.com\/grontkontor.dk\/"]}]}},"_links":{"self":[{"href":"https:\/\/grontkontor.dk\/de\/wp-json\/wp\/v2\/product\/87405"}],"collection":[{"href":"https:\/\/grontkontor.dk\/de\/wp-json\/wp\/v2\/product"}],"about":[{"href":"https:\/\/grontkontor.dk\/de\/wp-json\/wp\/v2\/types\/product"}],"replies":[{"embeddable":true,"href":"https:\/\/grontkontor.dk\/de\/wp-json\/wp\/v2\/comments?post=87405"}],"wp:featuredmedia":[{"embeddable":true,"href":"https:\/\/grontkontor.dk\/de\/wp-json\/wp\/v2\/media\/113748"}],"wp:attachment":[{"href":"https:\/\/grontkontor.dk\/de\/wp-json\/wp\/v2\/media?parent=87405"}],"wp:term":[{"taxonomy":"product_cat","embeddable":true,"href":"https:\/\/grontkontor.dk\/de\/wp-json\/wp\/v2\/product_cat?post=87405"},{"taxonomy":"product_tag","embeddable":true,"href":"https:\/\/grontkontor.dk\/de\/wp-json\/wp\/v2\/product_tag?post=87405"}],"curies":[{"name":"wp","href":"https:\/\/api.w.org\/{rel}","templated":true}]}}