{"id":87408,"date":"2023-09-22T14:00:03","date_gmt":"2024-05-28T10:03:35","guid":{"rendered":"https:\/\/grontkontor.dk\/shop\/abfallsortierung-recycled-76l-schwarz\/"},"modified":"2024-05-28T12:03:35","modified_gmt":"2024-05-28T10:03:35","slug":"abfallsortierung-recycled-76l-schwarz","status":"publish","type":"product","link":"https:\/\/grontkontor.dk\/de\/shop\/abfallsortierung-recycled-76l-schwarz\/","title":{"rendered":"M\u00fclltrennung recycelt 76l schwarz"},"content":{"rendered":"<p>Der Abfalleimer ist ein klimafreundliches Produkt f\u00fcr die M\u00fclltrennung, das in Finnland aus langlebigem recyceltem Kunststoff entwickelt und hergestellt wird. Die 76-Liter-Box ist sowohl in Wei\u00df als auch in Schwarz erh\u00e4ltlich. Ein stabiler Bambusdeckel kann erworben werden, der das Design vervollst\u00e4ndigt und die Verwendung als Hocker erm\u00f6glicht, sowie Eins\u00e4tze aus grauem, umweltfreundlichem, recyceltem Kunststoff f\u00fcr die M\u00fclltrennung.<\/p>\n<p>F\u00fcr das Produkt k\u00f6nnen Sie <a class=\"light\" href=\"https:\/\/grontkontor.dk\/produkt\/bambuslaag-affaldssortering-genbrug\/\">Deckel<\/a>, <a class=\"light\" href=\"https:\/\/grontkontor.dk\/produkt\/indsats-til-affaldssortering\/\">Eins\u00e4tze f\u00fcr die Abfallsortierung<\/a> und <a class=\"light\" href=\"https:\/\/grontkontor.dk\/produkt\/laag-til-indsats-til-affaldssortering\/\">Deckel f\u00fcr die Eins\u00e4tze kaufen. <\/a> <\/p>\n<p>Das Produkt wurde f\u00fcr sein Design mehrfach ausgezeichnet, unter anderem mit dem S&amp;P Award. Red Dot Design Award im Jahr 2020.<\/p>\n<p>Ma\u00dfe: 57 x 38 x 42 cm<br \/>\nInnenma\u00dfe: 50,6 x 31,6 x 40,1 cm<\/p>\n<p>&nbsp;<\/p>\n<p><img loading=\"lazy\" decoding=\"async\" class=\"size-medium wp-image-21008\" src=\"https:\/\/grontkontor.dk\/wp-content\/uploads\/2020\/11\/eu-flag_1-300x199.jpg\" alt=\"Fremstillet i EU\" width=\"76\" height=\"50\" srcset=\"https:\/\/grontkontor.dk\/wp-content\/uploads\/2020\/11\/eu-flag_1-300x199.jpg 300w, https:\/\/grontkontor.dk\/wp-content\/uploads\/2020\/11\/eu-flag_1.jpg 530w\" sizes=\"(max-width: 76px) 100vw, 76px\" \/> <img loading=\"lazy\" decoding=\"async\" src=\"https:\/\/grontkontor.dk\/wp-content\/uploads\/2021\/02\/genbrug.jpg\" alt=\"Fremstillet af genbrugsmaterialer\" width=\"50\" height=\"50\" class=\"size-full wp-image-23031\" srcset=\"https:\/\/grontkontor.dk\/wp-content\/uploads\/2021\/02\/genbrug.jpg 199w, https:\/\/grontkontor.dk\/wp-content\/uploads\/2021\/02\/genbrug-100x100.jpg 100w\" sizes=\"(max-width: 50px) 100vw, 50px\" \/><\/p>\n","protected":false},"excerpt":{"rendered":"<p>Der Abfalleimer ist ein klimafreundliches Produkt f\u00fcr die M\u00fclltrennung, das in Finnland aus langlebigem recyceltem Kunststoff entwickelt und hergestellt wird. Die 76-Liter-Box ist sowohl in Wei\u00df als auch in Schwarz erh\u00e4ltlich. Ein stabiler Bambusdeckel kann erworben werden, der das Design vervollst\u00e4ndigt und die Verwendung als Hocker erm\u00f6glicht, sowie Eins\u00e4tze aus grauem, umweltfreundlichem, recyceltem Kunststoff f\u00fcr [&hellip;]<\/p>\n","protected":false},"featured_media":113718,"comment_status":"closed","ping_status":"closed","template":"","meta":{"_acf_changed":false},"product_cat":[3433,3325,3084,3425],"product_tag":[3434,3435],"class_list":{"0":"post-87408","1":"product","2":"type-product","3":"status-publish","4":"has-post-thumbnail","6":"product_cat-abfallwirtschaft","7":"product_cat-dummy-moq-1-de","8":"product_cat-neuheiten","9":"product_cat-reinigung","10":"product_tag-abfallsortierung","11":"product_tag-abfallwirtschaft","12":"tm-has-options","14":"first","15":"instock","16":"taxable","17":"shipping-taxable","18":"purchasable","19":"product-type-simple"},"acf":[],"yoast_head":"<!-- This site is optimized with the Yoast SEO Premium plugin v21.2 (Yoast SEO v21.2) - https:\/\/yoast.com\/wordpress\/plugins\/seo\/ -->\n<title>M\u00fclltrennung recycelt 76l schwarz - Gr\u00f8nt Kontor<\/title>\n<meta name=\"robots\" content=\"index, follow, max-snippet:-1, max-image-preview:large, max-video-preview:-1\" \/>\n<link rel=\"canonical\" href=\"https:\/\/grontkontor.dk\/de\/shop\/abfallsortierung-recycled-76l-schwarz\/\" \/>\n<meta property=\"og:locale\" content=\"de_DE\" \/>\n<meta property=\"og:type\" content=\"article\" \/>\n<meta property=\"og:title\" content=\"M\u00fclltrennung recycelt 76l schwarz\" \/>\n<meta property=\"og:description\" content=\"Der Abfalleimer ist ein klimafreundliches Produkt f\u00fcr die M\u00fclltrennung, das in Finnland aus langlebigem recyceltem Kunststoff entwickelt und hergestellt wird. Die 76-Liter-Box ist sowohl in Wei\u00df als auch in Schwarz erh\u00e4ltlich. Ein stabiler Bambusdeckel kann erworben werden, der das Design vervollst\u00e4ndigt und die Verwendung als Hocker erm\u00f6glicht, sowie Eins\u00e4tze aus grauem, umweltfreundlichem, recyceltem Kunststoff f\u00fcr [&hellip;]\" \/>\n<meta property=\"og:url\" content=\"https:\/\/grontkontor.dk\/de\/shop\/abfallsortierung-recycled-76l-schwarz\/\" \/>\n<meta property=\"og:site_name\" content=\"Gr\u00f8nt Kontor\" \/>\n<meta property=\"article:publisher\" content=\"https:\/\/www.facebook.com\/grontkontor.dk\/\" \/>\n<meta property=\"og:image\" content=\"https:\/\/grontkontor.dk\/wp-content\/uploads\/2023\/03\/Affaldssorteringsboks-76L-genbrug-sort.jpg\" \/>\n\t<meta property=\"og:image:width\" content=\"900\" \/>\n\t<meta property=\"og:image:height\" content=\"639\" \/>\n\t<meta property=\"og:image:type\" content=\"image\/jpeg\" \/>\n<meta name=\"twitter:card\" content=\"summary_large_image\" \/>\n<meta name=\"twitter:label1\" content=\"Gesch\u00e4tzte Lesezeit\" \/>\n\t<meta name=\"twitter:data1\" content=\"1\u00a0Minute\" \/>\n<script type=\"application\/ld+json\" class=\"yoast-schema-graph\">{\"@context\":\"https:\/\/schema.org\",\"@graph\":[{\"@type\":\"WebPage\",\"@id\":\"https:\/\/grontkontor.dk\/de\/shop\/abfallsortierung-recycled-76l-schwarz\/\",\"url\":\"https:\/\/grontkontor.dk\/de\/shop\/abfallsortierung-recycled-76l-schwarz\/\",\"name\":\"M\u00fclltrennung recycelt 76l schwarz - Gr\u00f8nt Kontor\",\"isPartOf\":{\"@id\":\"https:\/\/grontkontor.dk\/#website\"},\"datePublished\":\"2024-05-28T10:03:35+00:00\",\"dateModified\":\"2024-05-28T10:03:35+00:00\",\"breadcrumb\":{\"@id\":\"https:\/\/grontkontor.dk\/de\/shop\/abfallsortierung-recycled-76l-schwarz\/#breadcrumb\"},\"inLanguage\":\"de\",\"potentialAction\":[{\"@type\":\"ReadAction\",\"target\":[\"https:\/\/grontkontor.dk\/de\/shop\/abfallsortierung-recycled-76l-schwarz\/\"]}]},{\"@type\":\"BreadcrumbList\",\"@id\":\"https:\/\/grontkontor.dk\/de\/shop\/abfallsortierung-recycled-76l-schwarz\/#breadcrumb\",\"itemListElement\":[{\"@type\":\"ListItem\",\"position\":1,\"name\":\"Forside\",\"item\":\"https:\/\/grontkontor.dk\/de\/\"},{\"@type\":\"ListItem\",\"position\":2,\"name\":\"Laden\",\"item\":\"https:\/\/grontkontor.dk\/de\/laden\/\"},{\"@type\":\"ListItem\",\"position\":3,\"name\":\"M\u00f6bel und Einrichtungsgegenst\u00e4nde\",\"item\":\"https:\/\/grontkontor.dk\/de\/produkt-kategori\/moebel-und-einrichtungsgegenstaende\/\"},{\"@type\":\"ListItem\",\"position\":4,\"name\":\"Abfallwirtschaft\",\"item\":\"https:\/\/grontkontor.dk\/de\/produkt-kategori\/moebel-und-einrichtungsgegenstaende\/abfallwirtschaft\/\"},{\"@type\":\"ListItem\",\"position\":5,\"name\":\"M\u00fclltrennung recycelt 76l schwarz\"}]},{\"@type\":\"WebSite\",\"@id\":\"https:\/\/grontkontor.dk\/#website\",\"url\":\"https:\/\/grontkontor.dk\/\",\"name\":\"Gr\u00f8nt Kontor\",\"description\":\"Milj\u00f8venlige produkter til kontor og erhverv med fokus p\u00e5 b\u00e6redygtighed, design og fair trade.\",\"publisher\":{\"@id\":\"https:\/\/grontkontor.dk\/#organization\"},\"potentialAction\":[{\"@type\":\"SearchAction\",\"target\":{\"@type\":\"EntryPoint\",\"urlTemplate\":\"https:\/\/grontkontor.dk\/?s={search_term_string}\"},\"query-input\":\"required name=search_term_string\"}],\"inLanguage\":\"de\"},{\"@type\":\"Organization\",\"@id\":\"https:\/\/grontkontor.dk\/#organization\",\"name\":\"Gr\u00f8nt Kontor\",\"url\":\"https:\/\/grontkontor.dk\/\",\"logo\":{\"@type\":\"ImageObject\",\"inLanguage\":\"de\",\"@id\":\"https:\/\/grontkontor.dk\/#\/schema\/logo\/image\/\",\"url\":\"https:\/\/grontkontor.dk\/wp-content\/uploads\/2014\/02\/Logo_groent_kontor_300x80.png\",\"contentUrl\":\"https:\/\/grontkontor.dk\/wp-content\/uploads\/2014\/02\/Logo_groent_kontor_300x80.png\",\"width\":300,\"height\":80,\"caption\":\"Gr\u00f8nt Kontor\"},\"image\":{\"@id\":\"https:\/\/grontkontor.dk\/#\/schema\/logo\/image\/\"},\"sameAs\":[\"https:\/\/www.facebook.com\/grontkontor.dk\/\"]}]}<\/script>\n<!-- \/ Yoast SEO Premium plugin. -->","yoast_head_json":{"title":"M\u00fclltrennung recycelt 76l schwarz - Gr\u00f8nt Kontor","robots":{"index":"index","follow":"follow","max-snippet":"max-snippet:-1","max-image-preview":"max-image-preview:large","max-video-preview":"max-video-preview:-1"},"canonical":"https:\/\/grontkontor.dk\/de\/shop\/abfallsortierung-recycled-76l-schwarz\/","og_locale":"de_DE","og_type":"article","og_title":"M\u00fclltrennung recycelt 76l schwarz","og_description":"Der Abfalleimer ist ein klimafreundliches Produkt f\u00fcr die M\u00fclltrennung, das in Finnland aus langlebigem recyceltem Kunststoff entwickelt und hergestellt wird. Die 76-Liter-Box ist sowohl in Wei\u00df als auch in Schwarz erh\u00e4ltlich. Ein stabiler Bambusdeckel kann erworben werden, der das Design vervollst\u00e4ndigt und die Verwendung als Hocker erm\u00f6glicht, sowie Eins\u00e4tze aus grauem, umweltfreundlichem, recyceltem Kunststoff f\u00fcr [&hellip;]","og_url":"https:\/\/grontkontor.dk\/de\/shop\/abfallsortierung-recycled-76l-schwarz\/","og_site_name":"Gr\u00f8nt Kontor","article_publisher":"https:\/\/www.facebook.com\/grontkontor.dk\/","og_image":[{"width":900,"height":639,"url":"https:\/\/grontkontor.dk\/wp-content\/uploads\/2023\/03\/Affaldssorteringsboks-76L-genbrug-sort.jpg","type":"image\/jpeg"}],"twitter_card":"summary_large_image","twitter_misc":{"Gesch\u00e4tzte Lesezeit":"1\u00a0Minute"},"schema":{"@context":"https:\/\/schema.org","@graph":[{"@type":"WebPage","@id":"https:\/\/grontkontor.dk\/de\/shop\/abfallsortierung-recycled-76l-schwarz\/","url":"https:\/\/grontkontor.dk\/de\/shop\/abfallsortierung-recycled-76l-schwarz\/","name":"M\u00fclltrennung recycelt 76l schwarz - Gr\u00f8nt Kontor","isPartOf":{"@id":"https:\/\/grontkontor.dk\/#website"},"datePublished":"2024-05-28T10:03:35+00:00","dateModified":"2024-05-28T10:03:35+00:00","breadcrumb":{"@id":"https:\/\/grontkontor.dk\/de\/shop\/abfallsortierung-recycled-76l-schwarz\/#breadcrumb"},"inLanguage":"de","potentialAction":[{"@type":"ReadAction","target":["https:\/\/grontkontor.dk\/de\/shop\/abfallsortierung-recycled-76l-schwarz\/"]}]},{"@type":"BreadcrumbList","@id":"https:\/\/grontkontor.dk\/de\/shop\/abfallsortierung-recycled-76l-schwarz\/#breadcrumb","itemListElement":[{"@type":"ListItem","position":1,"name":"Forside","item":"https:\/\/grontkontor.dk\/de\/"},{"@type":"ListItem","position":2,"name":"Laden","item":"https:\/\/grontkontor.dk\/de\/laden\/"},{"@type":"ListItem","position":3,"name":"M\u00f6bel und Einrichtungsgegenst\u00e4nde","item":"https:\/\/grontkontor.dk\/de\/produkt-kategori\/moebel-und-einrichtungsgegenstaende\/"},{"@type":"ListItem","position":4,"name":"Abfallwirtschaft","item":"https:\/\/grontkontor.dk\/de\/produkt-kategori\/moebel-und-einrichtungsgegenstaende\/abfallwirtschaft\/"},{"@type":"ListItem","position":5,"name":"M\u00fclltrennung recycelt 76l schwarz"}]},{"@type":"WebSite","@id":"https:\/\/grontkontor.dk\/#website","url":"https:\/\/grontkontor.dk\/","name":"Gr\u00f8nt Kontor","description":"Milj\u00f8venlige produkter til kontor og erhverv med fokus p\u00e5 b\u00e6redygtighed, design og fair trade.","publisher":{"@id":"https:\/\/grontkontor.dk\/#organization"},"potentialAction":[{"@type":"SearchAction","target":{"@type":"EntryPoint","urlTemplate":"https:\/\/grontkontor.dk\/?s={search_term_string}"},"query-input":"required name=search_term_string"}],"inLanguage":"de"},{"@type":"Organization","@id":"https:\/\/grontkontor.dk\/#organization","name":"Gr\u00f8nt Kontor","url":"https:\/\/grontkontor.dk\/","logo":{"@type":"ImageObject","inLanguage":"de","@id":"https:\/\/grontkontor.dk\/#\/schema\/logo\/image\/","url":"https:\/\/grontkontor.dk\/wp-content\/uploads\/2014\/02\/Logo_groent_kontor_300x80.png","contentUrl":"https:\/\/grontkontor.dk\/wp-content\/uploads\/2014\/02\/Logo_groent_kontor_300x80.png","width":300,"height":80,"caption":"Gr\u00f8nt Kontor"},"image":{"@id":"https:\/\/grontkontor.dk\/#\/schema\/logo\/image\/"},"sameAs":["https:\/\/www.facebook.com\/grontkontor.dk\/"]}]}},"_links":{"self":[{"href":"https:\/\/grontkontor.dk\/de\/wp-json\/wp\/v2\/product\/87408"}],"collection":[{"href":"https:\/\/grontkontor.dk\/de\/wp-json\/wp\/v2\/product"}],"about":[{"href":"https:\/\/grontkontor.dk\/de\/wp-json\/wp\/v2\/types\/product"}],"replies":[{"embeddable":true,"href":"https:\/\/grontkontor.dk\/de\/wp-json\/wp\/v2\/comments?post=87408"}],"wp:featuredmedia":[{"embeddable":true,"href":"https:\/\/grontkontor.dk\/de\/wp-json\/wp\/v2\/media\/113718"}],"wp:attachment":[{"href":"https:\/\/grontkontor.dk\/de\/wp-json\/wp\/v2\/media?parent=87408"}],"wp:term":[{"taxonomy":"product_cat","embeddable":true,"href":"https:\/\/grontkontor.dk\/de\/wp-json\/wp\/v2\/product_cat?post=87408"},{"taxonomy":"product_tag","embeddable":true,"href":"https:\/\/grontkontor.dk\/de\/wp-json\/wp\/v2\/product_tag?post=87408"}],"curies":[{"name":"wp","href":"https:\/\/api.w.org\/{rel}","templated":true}]}}