{"id":87414,"date":"2023-09-22T13:57:00","date_gmt":"2024-05-28T10:03:35","guid":{"rendered":"https:\/\/grontkontor.dk\/shop\/weiss-matt-keramikbecher-mit-vollfarbigem-druck\/"},"modified":"2024-05-28T12:03:35","modified_gmt":"2024-05-28T10:03:35","slug":"weiss-matt-keramikbecher-mit-vollfarbigem-druck","status":"publish","type":"product","link":"https:\/\/grontkontor.dk\/de\/shop\/weiss-matt-keramikbecher-mit-vollfarbigem-druck\/","title":{"rendered":"Wei\u00dfer matter Becher mit Vollfarbdruck"},"content":{"rendered":"<p>Klassisch gestalteter wei\u00dfer Keramikbecher. Ein preiswerter Becher, der f\u00fcr Hei\u00dfgetr\u00e4nke geeignet ist. Gut als Firmen- und Mitarbeitergeschenk. Erh\u00e4ltlich mit Vollfarb-Sublimationsdruck.<\/p>\n<p>Gr\u00f6\u00dfe: 350 ml.<\/p>\n<p>Mein. 50 Stk.<\/p>\n<p>Der Becher ist [food-c].<\/p>\n<p>[keramik]<\/p>\n<p>&nbsp;<\/p>\n<p>[bd1]<\/p>\n<p>&nbsp;<\/p>\n","protected":false},"excerpt":{"rendered":"<p>Klassisch gestalteter wei\u00dfer Keramikbecher. Ein preiswerter Becher, der f\u00fcr Hei\u00dfgetr\u00e4nke geeignet ist. Gut als Firmen- und Mitarbeitergeschenk. Erh\u00e4ltlich mit Vollfarb-Sublimationsdruck. Gr\u00f6\u00dfe: 350 ml. Mein. 50 Stk. Der Becher ist [food-c]. [keramik] &nbsp; [bd1] &nbsp;<\/p>\n","protected":false},"featured_media":87418,"comment_status":"closed","ping_status":"closed","template":"","meta":{"_acf_changed":false},"product_cat":[4489,3465,3517,3339,3466,3084],"product_tag":[3663,3848,3831,3852,3851],"class_list":{"0":"post-87414","1":"product","2":"type-product","3":"status-publish","4":"has-post-thumbnail","6":"product_cat-becher-und-tassen","7":"product_cat-becher-tassen-etc","8":"product_cat-dummy-moq-50-100-de","9":"product_cat-essen-und-trinken","10":"product_cat-hotel-restaurant","11":"product_cat-neuheiten","12":"product_tag-becher","13":"product_tag-heissgetraenke","14":"product_tag-kaffeetassen","15":"product_tag-keramik-becher","16":"product_tag-teebecher","17":"tm-has-options","19":"first","20":"instock","21":"taxable","22":"shipping-taxable","23":"purchasable","24":"product-type-simple"},"acf":[],"yoast_head":"<!-- This site is optimized with the Yoast SEO Premium plugin v21.2 (Yoast SEO v21.2) - https:\/\/yoast.com\/wordpress\/plugins\/seo\/ -->\n<title>Wei\u00dfer matter Becher mit Vollfarbdruck - Gr\u00f8nt Kontor<\/title>\n<meta name=\"robots\" content=\"index, follow, max-snippet:-1, max-image-preview:large, max-video-preview:-1\" \/>\n<link rel=\"canonical\" href=\"https:\/\/grontkontor.dk\/de\/shop\/weiss-matt-keramikbecher-mit-vollfarbigem-druck\/\" \/>\n<meta property=\"og:locale\" content=\"de_DE\" \/>\n<meta property=\"og:type\" content=\"article\" \/>\n<meta property=\"og:title\" content=\"Wei\u00dfer matter Becher mit Vollfarbdruck\" \/>\n<meta property=\"og:description\" content=\"Klassisch gestalteter wei\u00dfer Keramikbecher. Ein preiswerter Becher, der f\u00fcr Hei\u00dfgetr\u00e4nke geeignet ist. Gut als Firmen- und Mitarbeitergeschenk. Erh\u00e4ltlich mit Vollfarb-Sublimationsdruck. Gr\u00f6\u00dfe: 350 ml. Mein. 50 Stk. Der Becher ist [food-c]. [keramik] &nbsp; [bd1] &nbsp;\" \/>\n<meta property=\"og:url\" content=\"https:\/\/grontkontor.dk\/de\/shop\/weiss-matt-keramikbecher-mit-vollfarbigem-druck\/\" \/>\n<meta property=\"og:site_name\" content=\"Gr\u00f8nt Kontor\" \/>\n<meta property=\"article:publisher\" content=\"https:\/\/www.facebook.com\/grontkontor.dk\/\" \/>\n<meta name=\"twitter:card\" content=\"summary_large_image\" \/>\n<script type=\"application\/ld+json\" class=\"yoast-schema-graph\">{\"@context\":\"https:\/\/schema.org\",\"@graph\":[{\"@type\":\"WebPage\",\"@id\":\"https:\/\/grontkontor.dk\/de\/shop\/weiss-matt-keramikbecher-mit-vollfarbigem-druck\/\",\"url\":\"https:\/\/grontkontor.dk\/de\/shop\/weiss-matt-keramikbecher-mit-vollfarbigem-druck\/\",\"name\":\"Wei\u00dfer matter Becher mit Vollfarbdruck - Gr\u00f8nt Kontor\",\"isPartOf\":{\"@id\":\"https:\/\/grontkontor.dk\/#website\"},\"datePublished\":\"2024-05-28T10:03:35+00:00\",\"dateModified\":\"2024-05-28T10:03:35+00:00\",\"breadcrumb\":{\"@id\":\"https:\/\/grontkontor.dk\/de\/shop\/weiss-matt-keramikbecher-mit-vollfarbigem-druck\/#breadcrumb\"},\"inLanguage\":\"de\",\"potentialAction\":[{\"@type\":\"ReadAction\",\"target\":[\"https:\/\/grontkontor.dk\/de\/shop\/weiss-matt-keramikbecher-mit-vollfarbigem-druck\/\"]}]},{\"@type\":\"BreadcrumbList\",\"@id\":\"https:\/\/grontkontor.dk\/de\/shop\/weiss-matt-keramikbecher-mit-vollfarbigem-druck\/#breadcrumb\",\"itemListElement\":[{\"@type\":\"ListItem\",\"position\":1,\"name\":\"Forside\",\"item\":\"https:\/\/grontkontor.dk\/de\/\"},{\"@type\":\"ListItem\",\"position\":2,\"name\":\"Laden\",\"item\":\"https:\/\/grontkontor.dk\/de\/laden\/\"},{\"@type\":\"ListItem\",\"position\":3,\"name\":\"Klimafreundliche Werbegeschenke\",\"item\":\"https:\/\/grontkontor.dk\/de\/produkt-kategori\/klimafreundliche-werbegeschenke\/\"},{\"@type\":\"ListItem\",\"position\":4,\"name\":\"Becher und Tassen\",\"item\":\"https:\/\/grontkontor.dk\/de\/produkt-kategori\/becher-und-tassen\/\"},{\"@type\":\"ListItem\",\"position\":5,\"name\":\"Wei\u00dfer matter Becher mit Vollfarbdruck\"}]},{\"@type\":\"WebSite\",\"@id\":\"https:\/\/grontkontor.dk\/#website\",\"url\":\"https:\/\/grontkontor.dk\/\",\"name\":\"Gr\u00f8nt Kontor\",\"description\":\"Milj\u00f8venlige produkter til kontor og erhverv med fokus p\u00e5 b\u00e6redygtighed, design og fair trade.\",\"publisher\":{\"@id\":\"https:\/\/grontkontor.dk\/#organization\"},\"potentialAction\":[{\"@type\":\"SearchAction\",\"target\":{\"@type\":\"EntryPoint\",\"urlTemplate\":\"https:\/\/grontkontor.dk\/?s={search_term_string}\"},\"query-input\":\"required name=search_term_string\"}],\"inLanguage\":\"de\"},{\"@type\":\"Organization\",\"@id\":\"https:\/\/grontkontor.dk\/#organization\",\"name\":\"Gr\u00f8nt Kontor\",\"url\":\"https:\/\/grontkontor.dk\/\",\"logo\":{\"@type\":\"ImageObject\",\"inLanguage\":\"de\",\"@id\":\"https:\/\/grontkontor.dk\/#\/schema\/logo\/image\/\",\"url\":\"https:\/\/grontkontor.dk\/wp-content\/uploads\/2014\/02\/Logo_groent_kontor_300x80.png\",\"contentUrl\":\"https:\/\/grontkontor.dk\/wp-content\/uploads\/2014\/02\/Logo_groent_kontor_300x80.png\",\"width\":300,\"height\":80,\"caption\":\"Gr\u00f8nt Kontor\"},\"image\":{\"@id\":\"https:\/\/grontkontor.dk\/#\/schema\/logo\/image\/\"},\"sameAs\":[\"https:\/\/www.facebook.com\/grontkontor.dk\/\"]}]}<\/script>\n<!-- \/ Yoast SEO Premium plugin. -->","yoast_head_json":{"title":"Wei\u00dfer matter Becher mit Vollfarbdruck - Gr\u00f8nt Kontor","robots":{"index":"index","follow":"follow","max-snippet":"max-snippet:-1","max-image-preview":"max-image-preview:large","max-video-preview":"max-video-preview:-1"},"canonical":"https:\/\/grontkontor.dk\/de\/shop\/weiss-matt-keramikbecher-mit-vollfarbigem-druck\/","og_locale":"de_DE","og_type":"article","og_title":"Wei\u00dfer matter Becher mit Vollfarbdruck","og_description":"Klassisch gestalteter wei\u00dfer Keramikbecher. Ein preiswerter Becher, der f\u00fcr Hei\u00dfgetr\u00e4nke geeignet ist. Gut als Firmen- und Mitarbeitergeschenk. Erh\u00e4ltlich mit Vollfarb-Sublimationsdruck. Gr\u00f6\u00dfe: 350 ml. Mein. 50 Stk. Der Becher ist [food-c]. [keramik] &nbsp; [bd1] &nbsp;","og_url":"https:\/\/grontkontor.dk\/de\/shop\/weiss-matt-keramikbecher-mit-vollfarbigem-druck\/","og_site_name":"Gr\u00f8nt Kontor","article_publisher":"https:\/\/www.facebook.com\/grontkontor.dk\/","twitter_card":"summary_large_image","schema":{"@context":"https:\/\/schema.org","@graph":[{"@type":"WebPage","@id":"https:\/\/grontkontor.dk\/de\/shop\/weiss-matt-keramikbecher-mit-vollfarbigem-druck\/","url":"https:\/\/grontkontor.dk\/de\/shop\/weiss-matt-keramikbecher-mit-vollfarbigem-druck\/","name":"Wei\u00dfer matter Becher mit Vollfarbdruck - Gr\u00f8nt Kontor","isPartOf":{"@id":"https:\/\/grontkontor.dk\/#website"},"datePublished":"2024-05-28T10:03:35+00:00","dateModified":"2024-05-28T10:03:35+00:00","breadcrumb":{"@id":"https:\/\/grontkontor.dk\/de\/shop\/weiss-matt-keramikbecher-mit-vollfarbigem-druck\/#breadcrumb"},"inLanguage":"de","potentialAction":[{"@type":"ReadAction","target":["https:\/\/grontkontor.dk\/de\/shop\/weiss-matt-keramikbecher-mit-vollfarbigem-druck\/"]}]},{"@type":"BreadcrumbList","@id":"https:\/\/grontkontor.dk\/de\/shop\/weiss-matt-keramikbecher-mit-vollfarbigem-druck\/#breadcrumb","itemListElement":[{"@type":"ListItem","position":1,"name":"Forside","item":"https:\/\/grontkontor.dk\/de\/"},{"@type":"ListItem","position":2,"name":"Laden","item":"https:\/\/grontkontor.dk\/de\/laden\/"},{"@type":"ListItem","position":3,"name":"Klimafreundliche Werbegeschenke","item":"https:\/\/grontkontor.dk\/de\/produkt-kategori\/klimafreundliche-werbegeschenke\/"},{"@type":"ListItem","position":4,"name":"Becher und Tassen","item":"https:\/\/grontkontor.dk\/de\/produkt-kategori\/becher-und-tassen\/"},{"@type":"ListItem","position":5,"name":"Wei\u00dfer matter Becher mit Vollfarbdruck"}]},{"@type":"WebSite","@id":"https:\/\/grontkontor.dk\/#website","url":"https:\/\/grontkontor.dk\/","name":"Gr\u00f8nt Kontor","description":"Milj\u00f8venlige produkter til kontor og erhverv med fokus p\u00e5 b\u00e6redygtighed, design og fair trade.","publisher":{"@id":"https:\/\/grontkontor.dk\/#organization"},"potentialAction":[{"@type":"SearchAction","target":{"@type":"EntryPoint","urlTemplate":"https:\/\/grontkontor.dk\/?s={search_term_string}"},"query-input":"required name=search_term_string"}],"inLanguage":"de"},{"@type":"Organization","@id":"https:\/\/grontkontor.dk\/#organization","name":"Gr\u00f8nt Kontor","url":"https:\/\/grontkontor.dk\/","logo":{"@type":"ImageObject","inLanguage":"de","@id":"https:\/\/grontkontor.dk\/#\/schema\/logo\/image\/","url":"https:\/\/grontkontor.dk\/wp-content\/uploads\/2014\/02\/Logo_groent_kontor_300x80.png","contentUrl":"https:\/\/grontkontor.dk\/wp-content\/uploads\/2014\/02\/Logo_groent_kontor_300x80.png","width":300,"height":80,"caption":"Gr\u00f8nt Kontor"},"image":{"@id":"https:\/\/grontkontor.dk\/#\/schema\/logo\/image\/"},"sameAs":["https:\/\/www.facebook.com\/grontkontor.dk\/"]}]}},"_links":{"self":[{"href":"https:\/\/grontkontor.dk\/de\/wp-json\/wp\/v2\/product\/87414"}],"collection":[{"href":"https:\/\/grontkontor.dk\/de\/wp-json\/wp\/v2\/product"}],"about":[{"href":"https:\/\/grontkontor.dk\/de\/wp-json\/wp\/v2\/types\/product"}],"replies":[{"embeddable":true,"href":"https:\/\/grontkontor.dk\/de\/wp-json\/wp\/v2\/comments?post=87414"}],"wp:featuredmedia":[{"embeddable":true,"href":"https:\/\/grontkontor.dk\/de\/wp-json\/wp\/v2\/media\/87418"}],"wp:attachment":[{"href":"https:\/\/grontkontor.dk\/de\/wp-json\/wp\/v2\/media?parent=87414"}],"wp:term":[{"taxonomy":"product_cat","embeddable":true,"href":"https:\/\/grontkontor.dk\/de\/wp-json\/wp\/v2\/product_cat?post=87414"},{"taxonomy":"product_tag","embeddable":true,"href":"https:\/\/grontkontor.dk\/de\/wp-json\/wp\/v2\/product_tag?post=87414"}],"curies":[{"name":"wp","href":"https:\/\/api.w.org\/{rel}","templated":true}]}}