{"id":87467,"date":"2023-09-22T14:00:03","date_gmt":"2024-05-28T10:03:40","guid":{"rendered":"https:\/\/grontkontor.dk\/shop\/trinkglas-biokunststoff-300ml-m-u-drucken\/"},"modified":"2024-05-28T12:03:40","modified_gmt":"2024-05-28T10:03:40","slug":"trinkglas-biokunststoff-300ml-m-u-drucken","status":"publish","type":"product","link":"https:\/\/grontkontor.dk\/de\/shop\/trinkglas-biokunststoff-300ml-m-u-drucken\/","title":{"rendered":"Trinkglas Biokunststoff 400ml ohne Druck"},"content":{"rendered":"<p>Klimafreundliches, bruchfreies und wiederverwendbares Trinkglas\/Becher aus Biokunststoff auf Zuckerrohrbasis. Mit mehr als 80% reduziertem CO2-Fu\u00dfabdruck im Vergleich zu \u00e4hnlichen Artikeln aus herk\u00f6mmlichen Kunststoffen.<\/p>\n<p>Das Glas ist sowohl leicht als auch robust und eignet sich sehr gut f\u00fcr den Au\u00dfenbereich, Camping, Camping oder als wiederverwendbares Festivalglas. Das Produkt ist stapelbar und eignet sich daher besonders f\u00fcr Gro\u00dfk\u00fcchen oder Kantinen.<\/p>\n<p>Im Gegensatz zu gew\u00f6hnlichem Biokunststoff ist das Glas sowohl recycelbar als auch f\u00fcr Geschirrsp\u00fcler, Gefrierschr\u00e4nke und Mikrowellen geeignet und h\u00e4lt Temperaturen von -40 \u00b0C bis +100 \u00b0C stand.<\/p>\n<p>Gr\u00f6\u00dfe: 400 ml.<\/p>\n<p>Das Glas ist  [food-c]<\/p>\n<p>Das Glas wird in der EU hergestellt und kann mit Logodruck oder Gravur geliefert werden.<\/p>\n<p>&nbsp;<\/p>\n<img loading=\"lazy\" decoding=\"async\" class=\"size-medium wp-image-21008\" src=\"https:\/\/grontkontor.dk\/wp-content\/uploads\/2020\/11\/eu-flag_1-300x199.jpg\" alt=\"Fremstillet i EU\" width=\"76\" height=\"50\" srcset=\"https:\/\/grontkontor.dk\/wp-content\/uploads\/2020\/11\/eu-flag_1-300x199.jpg 300w, https:\/\/grontkontor.dk\/wp-content\/uploads\/2020\/11\/eu-flag_1.jpg 530w\" sizes=\"(max-width: 76px) 100vw, 76px\" \/>\n","protected":false},"excerpt":{"rendered":"<p>Klimafreundliches, bruchfreies und wiederverwendbares Trinkglas\/Becher aus Biokunststoff auf Zuckerrohrbasis. Mit mehr als 80% reduziertem CO2-Fu\u00dfabdruck im Vergleich zu \u00e4hnlichen Artikeln aus herk\u00f6mmlichen Kunststoffen. Das Glas ist sowohl leicht als auch robust und eignet sich sehr gut f\u00fcr den Au\u00dfenbereich, Camping, Camping oder als wiederverwendbares Festivalglas. Das Produkt ist stapelbar und eignet sich daher besonders f\u00fcr [&hellip;]<\/p>\n","protected":false},"featured_media":113690,"comment_status":"closed","ping_status":"closed","template":"","meta":{"_acf_changed":false},"product_cat":[4489,3662,3465,3325,3466,3084],"product_tag":[3923,3744],"class_list":{"0":"post-87467","1":"product","2":"type-product","3":"status-publish","4":"has-post-thumbnail","6":"product_cat-becher-und-tassen","7":"product_cat-becher-und-tassen-fuer-die-messe","8":"product_cat-becher-tassen-etc","9":"product_cat-dummy-moq-1-de","10":"product_cat-hotel-restaurant","11":"product_cat-neuheiten","12":"product_tag-glas-de","13":"product_tag-trinkglaeser","14":"tm-has-options","16":"first","17":"instock","18":"sale","19":"taxable","20":"shipping-taxable","21":"purchasable","22":"product-type-simple"},"acf":[],"yoast_head":"<!-- This site is optimized with the Yoast SEO Premium plugin v21.2 (Yoast SEO v21.2) - https:\/\/yoast.com\/wordpress\/plugins\/seo\/ -->\n<title>Trinkglas Biokunststoff 400ml ohne Druck - Gr\u00f8nt Kontor<\/title>\n<meta name=\"robots\" content=\"index, follow, max-snippet:-1, max-image-preview:large, max-video-preview:-1\" \/>\n<link rel=\"canonical\" href=\"https:\/\/grontkontor.dk\/de\/shop\/trinkglas-biokunststoff-300ml-m-u-drucken\/\" \/>\n<meta property=\"og:locale\" content=\"de_DE\" \/>\n<meta property=\"og:type\" content=\"article\" \/>\n<meta property=\"og:title\" content=\"Trinkglas Biokunststoff 400ml ohne Druck\" \/>\n<meta property=\"og:description\" content=\"Klimafreundliches, bruchfreies und wiederverwendbares Trinkglas\/Becher aus Biokunststoff auf Zuckerrohrbasis. Mit mehr als 80% reduziertem CO2-Fu\u00dfabdruck im Vergleich zu \u00e4hnlichen Artikeln aus herk\u00f6mmlichen Kunststoffen. Das Glas ist sowohl leicht als auch robust und eignet sich sehr gut f\u00fcr den Au\u00dfenbereich, Camping, Camping oder als wiederverwendbares Festivalglas. Das Produkt ist stapelbar und eignet sich daher besonders f\u00fcr [&hellip;]\" \/>\n<meta property=\"og:url\" content=\"https:\/\/grontkontor.dk\/de\/shop\/trinkglas-biokunststoff-300ml-m-u-drucken\/\" \/>\n<meta property=\"og:site_name\" content=\"Gr\u00f8nt Kontor\" \/>\n<meta property=\"article:publisher\" content=\"https:\/\/www.facebook.com\/grontkontor.dk\/\" \/>\n<meta name=\"twitter:card\" content=\"summary_large_image\" \/>\n<meta name=\"twitter:label1\" content=\"Gesch\u00e4tzte Lesezeit\" \/>\n\t<meta name=\"twitter:data1\" content=\"1\u00a0Minute\" \/>\n<script type=\"application\/ld+json\" class=\"yoast-schema-graph\">{\"@context\":\"https:\/\/schema.org\",\"@graph\":[{\"@type\":\"WebPage\",\"@id\":\"https:\/\/grontkontor.dk\/de\/shop\/trinkglas-biokunststoff-300ml-m-u-drucken\/\",\"url\":\"https:\/\/grontkontor.dk\/de\/shop\/trinkglas-biokunststoff-300ml-m-u-drucken\/\",\"name\":\"Trinkglas Biokunststoff 400ml ohne Druck - Gr\u00f8nt Kontor\",\"isPartOf\":{\"@id\":\"https:\/\/grontkontor.dk\/#website\"},\"datePublished\":\"2024-05-28T10:03:40+00:00\",\"dateModified\":\"2024-05-28T10:03:40+00:00\",\"breadcrumb\":{\"@id\":\"https:\/\/grontkontor.dk\/de\/shop\/trinkglas-biokunststoff-300ml-m-u-drucken\/#breadcrumb\"},\"inLanguage\":\"de\",\"potentialAction\":[{\"@type\":\"ReadAction\",\"target\":[\"https:\/\/grontkontor.dk\/de\/shop\/trinkglas-biokunststoff-300ml-m-u-drucken\/\"]}]},{\"@type\":\"BreadcrumbList\",\"@id\":\"https:\/\/grontkontor.dk\/de\/shop\/trinkglas-biokunststoff-300ml-m-u-drucken\/#breadcrumb\",\"itemListElement\":[{\"@type\":\"ListItem\",\"position\":1,\"name\":\"Forside\",\"item\":\"https:\/\/grontkontor.dk\/de\/\"},{\"@type\":\"ListItem\",\"position\":2,\"name\":\"Laden\",\"item\":\"https:\/\/grontkontor.dk\/de\/laden\/\"},{\"@type\":\"ListItem\",\"position\":3,\"name\":\"Mad og drikke\",\"item\":\"https:\/\/grontkontor.dk\/produkt-kategori\/mad-og-drikke\/\"},{\"@type\":\"ListItem\",\"position\":4,\"name\":\"Krus, kopper mm.\",\"item\":\"https:\/\/grontkontor.dk\/produkt-kategori\/mad-og-drikke\/to-go-krus-og-kopper\/\"},{\"@type\":\"ListItem\",\"position\":5,\"name\":\"Trinkglas Biokunststoff 400ml ohne Druck\"}]},{\"@type\":\"WebSite\",\"@id\":\"https:\/\/grontkontor.dk\/#website\",\"url\":\"https:\/\/grontkontor.dk\/\",\"name\":\"Gr\u00f8nt Kontor\",\"description\":\"Milj\u00f8venlige produkter til kontor og erhverv med fokus p\u00e5 b\u00e6redygtighed, design og fair trade.\",\"publisher\":{\"@id\":\"https:\/\/grontkontor.dk\/#organization\"},\"potentialAction\":[{\"@type\":\"SearchAction\",\"target\":{\"@type\":\"EntryPoint\",\"urlTemplate\":\"https:\/\/grontkontor.dk\/?s={search_term_string}\"},\"query-input\":\"required name=search_term_string\"}],\"inLanguage\":\"de\"},{\"@type\":\"Organization\",\"@id\":\"https:\/\/grontkontor.dk\/#organization\",\"name\":\"Gr\u00f8nt Kontor\",\"url\":\"https:\/\/grontkontor.dk\/\",\"logo\":{\"@type\":\"ImageObject\",\"inLanguage\":\"de\",\"@id\":\"https:\/\/grontkontor.dk\/#\/schema\/logo\/image\/\",\"url\":\"https:\/\/grontkontor.dk\/wp-content\/uploads\/2014\/02\/Logo_groent_kontor_300x80.png\",\"contentUrl\":\"https:\/\/grontkontor.dk\/wp-content\/uploads\/2014\/02\/Logo_groent_kontor_300x80.png\",\"width\":300,\"height\":80,\"caption\":\"Gr\u00f8nt Kontor\"},\"image\":{\"@id\":\"https:\/\/grontkontor.dk\/#\/schema\/logo\/image\/\"},\"sameAs\":[\"https:\/\/www.facebook.com\/grontkontor.dk\/\"]}]}<\/script>\n<!-- \/ Yoast SEO Premium plugin. -->","yoast_head_json":{"title":"Trinkglas Biokunststoff 400ml ohne Druck - Gr\u00f8nt Kontor","robots":{"index":"index","follow":"follow","max-snippet":"max-snippet:-1","max-image-preview":"max-image-preview:large","max-video-preview":"max-video-preview:-1"},"canonical":"https:\/\/grontkontor.dk\/de\/shop\/trinkglas-biokunststoff-300ml-m-u-drucken\/","og_locale":"de_DE","og_type":"article","og_title":"Trinkglas Biokunststoff 400ml ohne Druck","og_description":"Klimafreundliches, bruchfreies und wiederverwendbares Trinkglas\/Becher aus Biokunststoff auf Zuckerrohrbasis. Mit mehr als 80% reduziertem CO2-Fu\u00dfabdruck im Vergleich zu \u00e4hnlichen Artikeln aus herk\u00f6mmlichen Kunststoffen. Das Glas ist sowohl leicht als auch robust und eignet sich sehr gut f\u00fcr den Au\u00dfenbereich, Camping, Camping oder als wiederverwendbares Festivalglas. Das Produkt ist stapelbar und eignet sich daher besonders f\u00fcr [&hellip;]","og_url":"https:\/\/grontkontor.dk\/de\/shop\/trinkglas-biokunststoff-300ml-m-u-drucken\/","og_site_name":"Gr\u00f8nt Kontor","article_publisher":"https:\/\/www.facebook.com\/grontkontor.dk\/","twitter_card":"summary_large_image","twitter_misc":{"Gesch\u00e4tzte Lesezeit":"1\u00a0Minute"},"schema":{"@context":"https:\/\/schema.org","@graph":[{"@type":"WebPage","@id":"https:\/\/grontkontor.dk\/de\/shop\/trinkglas-biokunststoff-300ml-m-u-drucken\/","url":"https:\/\/grontkontor.dk\/de\/shop\/trinkglas-biokunststoff-300ml-m-u-drucken\/","name":"Trinkglas Biokunststoff 400ml ohne Druck - Gr\u00f8nt Kontor","isPartOf":{"@id":"https:\/\/grontkontor.dk\/#website"},"datePublished":"2024-05-28T10:03:40+00:00","dateModified":"2024-05-28T10:03:40+00:00","breadcrumb":{"@id":"https:\/\/grontkontor.dk\/de\/shop\/trinkglas-biokunststoff-300ml-m-u-drucken\/#breadcrumb"},"inLanguage":"de","potentialAction":[{"@type":"ReadAction","target":["https:\/\/grontkontor.dk\/de\/shop\/trinkglas-biokunststoff-300ml-m-u-drucken\/"]}]},{"@type":"BreadcrumbList","@id":"https:\/\/grontkontor.dk\/de\/shop\/trinkglas-biokunststoff-300ml-m-u-drucken\/#breadcrumb","itemListElement":[{"@type":"ListItem","position":1,"name":"Forside","item":"https:\/\/grontkontor.dk\/de\/"},{"@type":"ListItem","position":2,"name":"Laden","item":"https:\/\/grontkontor.dk\/de\/laden\/"},{"@type":"ListItem","position":3,"name":"Mad og drikke","item":"https:\/\/grontkontor.dk\/produkt-kategori\/mad-og-drikke\/"},{"@type":"ListItem","position":4,"name":"Krus, kopper mm.","item":"https:\/\/grontkontor.dk\/produkt-kategori\/mad-og-drikke\/to-go-krus-og-kopper\/"},{"@type":"ListItem","position":5,"name":"Trinkglas Biokunststoff 400ml ohne Druck"}]},{"@type":"WebSite","@id":"https:\/\/grontkontor.dk\/#website","url":"https:\/\/grontkontor.dk\/","name":"Gr\u00f8nt Kontor","description":"Milj\u00f8venlige produkter til kontor og erhverv med fokus p\u00e5 b\u00e6redygtighed, design og fair trade.","publisher":{"@id":"https:\/\/grontkontor.dk\/#organization"},"potentialAction":[{"@type":"SearchAction","target":{"@type":"EntryPoint","urlTemplate":"https:\/\/grontkontor.dk\/?s={search_term_string}"},"query-input":"required name=search_term_string"}],"inLanguage":"de"},{"@type":"Organization","@id":"https:\/\/grontkontor.dk\/#organization","name":"Gr\u00f8nt Kontor","url":"https:\/\/grontkontor.dk\/","logo":{"@type":"ImageObject","inLanguage":"de","@id":"https:\/\/grontkontor.dk\/#\/schema\/logo\/image\/","url":"https:\/\/grontkontor.dk\/wp-content\/uploads\/2014\/02\/Logo_groent_kontor_300x80.png","contentUrl":"https:\/\/grontkontor.dk\/wp-content\/uploads\/2014\/02\/Logo_groent_kontor_300x80.png","width":300,"height":80,"caption":"Gr\u00f8nt Kontor"},"image":{"@id":"https:\/\/grontkontor.dk\/#\/schema\/logo\/image\/"},"sameAs":["https:\/\/www.facebook.com\/grontkontor.dk\/"]}]}},"_links":{"self":[{"href":"https:\/\/grontkontor.dk\/de\/wp-json\/wp\/v2\/product\/87467"}],"collection":[{"href":"https:\/\/grontkontor.dk\/de\/wp-json\/wp\/v2\/product"}],"about":[{"href":"https:\/\/grontkontor.dk\/de\/wp-json\/wp\/v2\/types\/product"}],"replies":[{"embeddable":true,"href":"https:\/\/grontkontor.dk\/de\/wp-json\/wp\/v2\/comments?post=87467"}],"wp:featuredmedia":[{"embeddable":true,"href":"https:\/\/grontkontor.dk\/de\/wp-json\/wp\/v2\/media\/113690"}],"wp:attachment":[{"href":"https:\/\/grontkontor.dk\/de\/wp-json\/wp\/v2\/media?parent=87467"}],"wp:term":[{"taxonomy":"product_cat","embeddable":true,"href":"https:\/\/grontkontor.dk\/de\/wp-json\/wp\/v2\/product_cat?post=87467"},{"taxonomy":"product_tag","embeddable":true,"href":"https:\/\/grontkontor.dk\/de\/wp-json\/wp\/v2\/product_tag?post=87467"}],"curies":[{"name":"wp","href":"https:\/\/api.w.org\/{rel}","templated":true}]}}