{"id":87502,"date":"2023-09-22T13:56:14","date_gmt":"2024-05-28T10:06:53","guid":{"rendered":"https:\/\/grontkontor.dk\/shop\/a5-notizblock-haftnotizen-in-recycelbarem-karton\/"},"modified":"2024-05-28T12:06:53","modified_gmt":"2024-05-28T10:06:53","slug":"a5-notizblock-haftnotizen-in-recycelbarem-karton","status":"publish","type":"product","link":"https:\/\/grontkontor.dk\/de\/shop\/a5-notizblock-haftnotizen-in-recycelbarem-karton\/","title":{"rendered":"A5 Notizblock &#8211; Haftnotizen aus recyceltem Karton"},"content":{"rendered":"<p>Klimafreundliches, robustes und budgetfreundliches Notizbuch mit Haftnotizen im A5-Format aus recyceltem Karton. Das Notizbuch hat 50 linierte Seiten, Stifthalter, Stift aus Pappe und ABS-Kunststoff, 30 Haftnotizen, 75 Mini-Haftnotizen und mit Magnetverschluss.<\/p>\n<p>Ein klima- und umweltfreundliches Produkt, perfekt f\u00fcr Meetings und Messen. Das Notizbuch kann mit oder ohne Druck auf der Vorderseite und Stift bestellt werden.<\/p>\n<p>&nbsp;<\/p>\n<p>[bd1]<\/p>\n<p>&nbsp;<\/p>\n<img loading=\"lazy\" decoding=\"async\" src=\"https:\/\/grontkontor.dk\/wp-content\/uploads\/2021\/02\/genbrug.jpg\" alt=\"Fremstillet af genbrugsmaterialer\" width=\"50\" height=\"50\" class=\"size-full wp-image-23031\" srcset=\"https:\/\/grontkontor.dk\/wp-content\/uploads\/2021\/02\/genbrug.jpg 199w, https:\/\/grontkontor.dk\/wp-content\/uploads\/2021\/02\/genbrug-100x100.jpg 100w\" sizes=\"(max-width: 50px) 100vw, 50px\" \/>\n<p>&nbsp;<\/p>\n","protected":false},"excerpt":{"rendered":"<p>Klimafreundliches, robustes und budgetfreundliches Notizbuch mit Haftnotizen im A5-Format aus recyceltem Karton. Das Notizbuch hat 50 linierte Seiten, Stifthalter, Stift aus Pappe und ABS-Kunststoff, 30 Haftnotizen, 75 Mini-Haftnotizen und mit Magnetverschluss. Ein klima- und umweltfreundliches Produkt, perfekt f\u00fcr Meetings und Messen. Das Notizbuch kann mit oder ohne Druck auf der Vorderseite und Stift bestellt werden. [&hellip;]<\/p>\n","protected":false},"featured_media":113460,"comment_status":"closed","ping_status":"closed","template":"","meta":{"_acf_changed":false},"product_cat":[3325,3084,3083,3606,3604,3323],"product_tag":[3864,3729,3608,3862],"class_list":{"0":"post-87502","1":"product","2":"type-product","3":"status-publish","4":"has-post-thumbnail","6":"product_cat-dummy-moq-1-de","7":"product_cat-neuheiten","8":"product_cat-nature-recyclingpapier","9":"product_cat-notizbuecher","10":"product_cat-papier-und-bloecke","11":"product_cat-produktserien","12":"product_tag-notizblock-de","13":"product_tag-notizblock","14":"product_tag-notizbuch","15":"product_tag-notizbuecher","16":"pa_farve-blau","17":"pa_farve-gruen","18":"pa_farve-rot","19":"pa_farve-schwarz","20":"tm-has-options","22":"first","23":"instock","24":"taxable","25":"shipping-taxable","26":"purchasable","27":"product-type-variable"},"acf":[],"yoast_head":"<!-- This site is optimized with the Yoast SEO Premium plugin v21.2 (Yoast SEO v21.2) - https:\/\/yoast.com\/wordpress\/plugins\/seo\/ -->\n<title>A5 Notizblock - Haftnotizen aus recyceltem Karton - Gr\u00f8nt Kontor<\/title>\n<meta name=\"robots\" content=\"index, follow, max-snippet:-1, max-image-preview:large, max-video-preview:-1\" \/>\n<link rel=\"canonical\" href=\"https:\/\/grontkontor.dk\/de\/shop\/a5-notizblock-haftnotizen-in-recycelbarem-karton\/\" \/>\n<meta property=\"og:locale\" content=\"de_DE\" \/>\n<meta property=\"og:type\" content=\"article\" \/>\n<meta property=\"og:title\" content=\"A5 Notizblock - Haftnotizen aus recyceltem Karton\" \/>\n<meta property=\"og:description\" content=\"Klimafreundliches, robustes und budgetfreundliches Notizbuch mit Haftnotizen im A5-Format aus recyceltem Karton. Das Notizbuch hat 50 linierte Seiten, Stifthalter, Stift aus Pappe und ABS-Kunststoff, 30 Haftnotizen, 75 Mini-Haftnotizen und mit Magnetverschluss. Ein klima- und umweltfreundliches Produkt, perfekt f\u00fcr Meetings und Messen. Das Notizbuch kann mit oder ohne Druck auf der Vorderseite und Stift bestellt werden. [&hellip;]\" \/>\n<meta property=\"og:url\" content=\"https:\/\/grontkontor.dk\/de\/shop\/a5-notizblock-haftnotizen-in-recycelbarem-karton\/\" \/>\n<meta property=\"og:site_name\" content=\"Gr\u00f8nt Kontor\" \/>\n<meta property=\"article:publisher\" content=\"https:\/\/www.facebook.com\/grontkontor.dk\/\" \/>\n<meta property=\"og:image\" content=\"https:\/\/grontkontor.dk\/wp-content\/uploads\/2022\/11\/Notepad-pap-ulinjeret-01.jpg\" \/>\n\t<meta property=\"og:image:width\" content=\"900\" \/>\n\t<meta property=\"og:image:height\" content=\"639\" \/>\n\t<meta property=\"og:image:type\" content=\"image\/jpeg\" \/>\n<meta name=\"twitter:card\" content=\"summary_large_image\" \/>\n<script type=\"application\/ld+json\" class=\"yoast-schema-graph\">{\"@context\":\"https:\/\/schema.org\",\"@graph\":[{\"@type\":\"WebPage\",\"@id\":\"https:\/\/grontkontor.dk\/de\/shop\/a5-notizblock-haftnotizen-in-recycelbarem-karton\/\",\"url\":\"https:\/\/grontkontor.dk\/de\/shop\/a5-notizblock-haftnotizen-in-recycelbarem-karton\/\",\"name\":\"A5 Notizblock - Haftnotizen aus recyceltem Karton - Gr\u00f8nt Kontor\",\"isPartOf\":{\"@id\":\"https:\/\/grontkontor.dk\/#website\"},\"datePublished\":\"2024-05-28T10:06:53+00:00\",\"dateModified\":\"2024-05-28T10:06:53+00:00\",\"breadcrumb\":{\"@id\":\"https:\/\/grontkontor.dk\/de\/shop\/a5-notizblock-haftnotizen-in-recycelbarem-karton\/#breadcrumb\"},\"inLanguage\":\"de\",\"potentialAction\":[{\"@type\":\"ReadAction\",\"target\":[\"https:\/\/grontkontor.dk\/de\/shop\/a5-notizblock-haftnotizen-in-recycelbarem-karton\/\"]}]},{\"@type\":\"BreadcrumbList\",\"@id\":\"https:\/\/grontkontor.dk\/de\/shop\/a5-notizblock-haftnotizen-in-recycelbarem-karton\/#breadcrumb\",\"itemListElement\":[{\"@type\":\"ListItem\",\"position\":1,\"name\":\"Forside\",\"item\":\"https:\/\/grontkontor.dk\/de\/\"},{\"@type\":\"ListItem\",\"position\":2,\"name\":\"Laden\",\"item\":\"https:\/\/grontkontor.dk\/de\/laden\/\"},{\"@type\":\"ListItem\",\"position\":3,\"name\":\"Produktserien\",\"item\":\"https:\/\/grontkontor.dk\/de\/produkt-kategori\/produktserien\/\"},{\"@type\":\"ListItem\",\"position\":4,\"name\":\"Nature-Recyclingpapier\",\"item\":\"https:\/\/grontkontor.dk\/de\/produkt-kategori\/produktserien\/nature-recyclingpapier\/\"},{\"@type\":\"ListItem\",\"position\":5,\"name\":\"A5 Notizblock &#8211; Haftnotizen aus recyceltem Karton\"}]},{\"@type\":\"WebSite\",\"@id\":\"https:\/\/grontkontor.dk\/#website\",\"url\":\"https:\/\/grontkontor.dk\/\",\"name\":\"Gr\u00f8nt Kontor\",\"description\":\"Milj\u00f8venlige produkter til kontor og erhverv med fokus p\u00e5 b\u00e6redygtighed, design og fair trade.\",\"publisher\":{\"@id\":\"https:\/\/grontkontor.dk\/#organization\"},\"potentialAction\":[{\"@type\":\"SearchAction\",\"target\":{\"@type\":\"EntryPoint\",\"urlTemplate\":\"https:\/\/grontkontor.dk\/?s={search_term_string}\"},\"query-input\":\"required name=search_term_string\"}],\"inLanguage\":\"de\"},{\"@type\":\"Organization\",\"@id\":\"https:\/\/grontkontor.dk\/#organization\",\"name\":\"Gr\u00f8nt Kontor\",\"url\":\"https:\/\/grontkontor.dk\/\",\"logo\":{\"@type\":\"ImageObject\",\"inLanguage\":\"de\",\"@id\":\"https:\/\/grontkontor.dk\/#\/schema\/logo\/image\/\",\"url\":\"https:\/\/grontkontor.dk\/wp-content\/uploads\/2014\/02\/Logo_groent_kontor_300x80.png\",\"contentUrl\":\"https:\/\/grontkontor.dk\/wp-content\/uploads\/2014\/02\/Logo_groent_kontor_300x80.png\",\"width\":300,\"height\":80,\"caption\":\"Gr\u00f8nt Kontor\"},\"image\":{\"@id\":\"https:\/\/grontkontor.dk\/#\/schema\/logo\/image\/\"},\"sameAs\":[\"https:\/\/www.facebook.com\/grontkontor.dk\/\"]}]}<\/script>\n<!-- \/ Yoast SEO Premium plugin. -->","yoast_head_json":{"title":"A5 Notizblock - Haftnotizen aus recyceltem Karton - Gr\u00f8nt Kontor","robots":{"index":"index","follow":"follow","max-snippet":"max-snippet:-1","max-image-preview":"max-image-preview:large","max-video-preview":"max-video-preview:-1"},"canonical":"https:\/\/grontkontor.dk\/de\/shop\/a5-notizblock-haftnotizen-in-recycelbarem-karton\/","og_locale":"de_DE","og_type":"article","og_title":"A5 Notizblock - Haftnotizen aus recyceltem Karton","og_description":"Klimafreundliches, robustes und budgetfreundliches Notizbuch mit Haftnotizen im A5-Format aus recyceltem Karton. Das Notizbuch hat 50 linierte Seiten, Stifthalter, Stift aus Pappe und ABS-Kunststoff, 30 Haftnotizen, 75 Mini-Haftnotizen und mit Magnetverschluss. Ein klima- und umweltfreundliches Produkt, perfekt f\u00fcr Meetings und Messen. Das Notizbuch kann mit oder ohne Druck auf der Vorderseite und Stift bestellt werden. [&hellip;]","og_url":"https:\/\/grontkontor.dk\/de\/shop\/a5-notizblock-haftnotizen-in-recycelbarem-karton\/","og_site_name":"Gr\u00f8nt Kontor","article_publisher":"https:\/\/www.facebook.com\/grontkontor.dk\/","og_image":[{"width":900,"height":639,"url":"https:\/\/grontkontor.dk\/wp-content\/uploads\/2022\/11\/Notepad-pap-ulinjeret-01.jpg","type":"image\/jpeg"}],"twitter_card":"summary_large_image","schema":{"@context":"https:\/\/schema.org","@graph":[{"@type":"WebPage","@id":"https:\/\/grontkontor.dk\/de\/shop\/a5-notizblock-haftnotizen-in-recycelbarem-karton\/","url":"https:\/\/grontkontor.dk\/de\/shop\/a5-notizblock-haftnotizen-in-recycelbarem-karton\/","name":"A5 Notizblock - Haftnotizen aus recyceltem Karton - Gr\u00f8nt Kontor","isPartOf":{"@id":"https:\/\/grontkontor.dk\/#website"},"datePublished":"2024-05-28T10:06:53+00:00","dateModified":"2024-05-28T10:06:53+00:00","breadcrumb":{"@id":"https:\/\/grontkontor.dk\/de\/shop\/a5-notizblock-haftnotizen-in-recycelbarem-karton\/#breadcrumb"},"inLanguage":"de","potentialAction":[{"@type":"ReadAction","target":["https:\/\/grontkontor.dk\/de\/shop\/a5-notizblock-haftnotizen-in-recycelbarem-karton\/"]}]},{"@type":"BreadcrumbList","@id":"https:\/\/grontkontor.dk\/de\/shop\/a5-notizblock-haftnotizen-in-recycelbarem-karton\/#breadcrumb","itemListElement":[{"@type":"ListItem","position":1,"name":"Forside","item":"https:\/\/grontkontor.dk\/de\/"},{"@type":"ListItem","position":2,"name":"Laden","item":"https:\/\/grontkontor.dk\/de\/laden\/"},{"@type":"ListItem","position":3,"name":"Produktserien","item":"https:\/\/grontkontor.dk\/de\/produkt-kategori\/produktserien\/"},{"@type":"ListItem","position":4,"name":"Nature-Recyclingpapier","item":"https:\/\/grontkontor.dk\/de\/produkt-kategori\/produktserien\/nature-recyclingpapier\/"},{"@type":"ListItem","position":5,"name":"A5 Notizblock &#8211; Haftnotizen aus recyceltem Karton"}]},{"@type":"WebSite","@id":"https:\/\/grontkontor.dk\/#website","url":"https:\/\/grontkontor.dk\/","name":"Gr\u00f8nt Kontor","description":"Milj\u00f8venlige produkter til kontor og erhverv med fokus p\u00e5 b\u00e6redygtighed, design og fair trade.","publisher":{"@id":"https:\/\/grontkontor.dk\/#organization"},"potentialAction":[{"@type":"SearchAction","target":{"@type":"EntryPoint","urlTemplate":"https:\/\/grontkontor.dk\/?s={search_term_string}"},"query-input":"required name=search_term_string"}],"inLanguage":"de"},{"@type":"Organization","@id":"https:\/\/grontkontor.dk\/#organization","name":"Gr\u00f8nt Kontor","url":"https:\/\/grontkontor.dk\/","logo":{"@type":"ImageObject","inLanguage":"de","@id":"https:\/\/grontkontor.dk\/#\/schema\/logo\/image\/","url":"https:\/\/grontkontor.dk\/wp-content\/uploads\/2014\/02\/Logo_groent_kontor_300x80.png","contentUrl":"https:\/\/grontkontor.dk\/wp-content\/uploads\/2014\/02\/Logo_groent_kontor_300x80.png","width":300,"height":80,"caption":"Gr\u00f8nt Kontor"},"image":{"@id":"https:\/\/grontkontor.dk\/#\/schema\/logo\/image\/"},"sameAs":["https:\/\/www.facebook.com\/grontkontor.dk\/"]}]}},"_links":{"self":[{"href":"https:\/\/grontkontor.dk\/de\/wp-json\/wp\/v2\/product\/87502"}],"collection":[{"href":"https:\/\/grontkontor.dk\/de\/wp-json\/wp\/v2\/product"}],"about":[{"href":"https:\/\/grontkontor.dk\/de\/wp-json\/wp\/v2\/types\/product"}],"replies":[{"embeddable":true,"href":"https:\/\/grontkontor.dk\/de\/wp-json\/wp\/v2\/comments?post=87502"}],"wp:featuredmedia":[{"embeddable":true,"href":"https:\/\/grontkontor.dk\/de\/wp-json\/wp\/v2\/media\/113460"}],"wp:attachment":[{"href":"https:\/\/grontkontor.dk\/de\/wp-json\/wp\/v2\/media?parent=87502"}],"wp:term":[{"taxonomy":"product_cat","embeddable":true,"href":"https:\/\/grontkontor.dk\/de\/wp-json\/wp\/v2\/product_cat?post=87502"},{"taxonomy":"product_tag","embeddable":true,"href":"https:\/\/grontkontor.dk\/de\/wp-json\/wp\/v2\/product_tag?post=87502"}],"curies":[{"name":"wp","href":"https:\/\/api.w.org\/{rel}","templated":true}]}}