{"id":87520,"date":"2023-09-22T13:56:37","date_gmt":"2024-05-28T10:06:55","guid":{"rendered":"https:\/\/grontkontor.dk\/shop\/to-go-thermobecher-in-kork-350-ml-eu\/"},"modified":"2024-09-12T10:15:10","modified_gmt":"2024-09-12T08:15:10","slug":"to-go-thermobecher-in-kork-350-ml-eu","status":"publish","type":"product","link":"https:\/\/grontkontor.dk\/de\/shop\/to-go-thermobecher-in-kork-350-ml-eu\/","title":{"rendered":"To-go Kork Thermobecher 350 ml EU"},"content":{"rendered":"<p>Relativ umweltfreundlicher und preiswerter Thermobecher aus Kork mit Deckel und innen aus PP. Ein Produkt, perfekt f\u00fcr Hei\u00dfgetr\u00e4nke bis zu 120 Grad. Hergestellt in Europa. Nicht f\u00fcr Sp\u00fclmaschine oder Mikrowelle geeignet. [food-c] Inhalt: 350 ml. [bd2] <a class=\"light\" href=\"https:\/\/grontkontor.dk\/produkt\/to-go-termokrus-glas-med-bambuslaag-350ml\/\">To Go Thermosglas<\/a> oder <a class=\"light\" href=\"https:\/\/grontkontor.dk\/produkt\/baeredygtigt-termokrus-med-bambuslaag-kopier\/\">Thermosbecher mit Bambusdeckel<\/a><\/p>\n<p>[kork]<\/p>\n<p>&nbsp;<\/p>\n<img loading=\"lazy\" decoding=\"async\" class=\"size-medium wp-image-21008\" src=\"https:\/\/grontkontor.dk\/wp-content\/uploads\/2020\/11\/eu-flag_1-300x199.jpg\" alt=\"Fremstillet i EU\" width=\"76\" height=\"50\" srcset=\"https:\/\/grontkontor.dk\/wp-content\/uploads\/2020\/11\/eu-flag_1-300x199.jpg 300w, https:\/\/grontkontor.dk\/wp-content\/uploads\/2020\/11\/eu-flag_1.jpg 530w\" sizes=\"(max-width: 76px) 100vw, 76px\" \/>\n<p>&nbsp;<\/p>\n","protected":false},"excerpt":{"rendered":"<p>Relativ umweltfreundlicher und preiswerter Thermobecher aus Kork mit Deckel und innen aus PP. Ein Produkt, perfekt f\u00fcr Hei\u00dfgetr\u00e4nke bis zu 120 Grad. Hergestellt in Europa. Nicht f\u00fcr Sp\u00fclmaschine oder Mikrowelle geeignet. [food-c] Inhalt: 350 ml. [bd2] To Go Thermosglas oder Thermosbecher mit Bambusdeckel [kork] &nbsp; &nbsp;<\/p>\n","protected":false},"featured_media":113530,"comment_status":"closed","ping_status":"closed","template":"","meta":{"_acf_changed":false},"product_cat":[3465,3325,3339,3084],"product_tag":[3663,3831,3833],"class_list":{"0":"post-87520","1":"product","2":"type-product","3":"status-publish","4":"has-post-thumbnail","6":"product_cat-becher-tassen-etc","7":"product_cat-dummy-moq-1-de","8":"product_cat-essen-und-trinken","9":"product_cat-neuheiten","10":"product_tag-becher","11":"product_tag-kaffeetassen","12":"product_tag-thermo-becher","13":"tm-has-options","15":"first","16":"instock","17":"taxable","18":"shipping-taxable","19":"purchasable","20":"product-type-simple"},"acf":[],"yoast_head":"<!-- This site is optimized with the Yoast SEO Premium plugin v21.2 (Yoast SEO v21.2) - https:\/\/yoast.com\/wordpress\/plugins\/seo\/ -->\n<title>To-go Kork Thermobecher 350 ml EU - Gr\u00f8nt Kontor<\/title>\n<meta name=\"robots\" content=\"index, follow, max-snippet:-1, max-image-preview:large, max-video-preview:-1\" \/>\n<link rel=\"canonical\" href=\"https:\/\/grontkontor.dk\/de\/shop\/to-go-thermobecher-in-kork-350-ml-eu\/\" \/>\n<meta property=\"og:locale\" content=\"de_DE\" \/>\n<meta property=\"og:type\" content=\"article\" \/>\n<meta property=\"og:title\" content=\"To-go Kork Thermobecher 350 ml EU\" \/>\n<meta property=\"og:description\" content=\"Relativ umweltfreundlicher und preiswerter Thermobecher aus Kork mit Deckel und innen aus PP. Ein Produkt, perfekt f\u00fcr Hei\u00dfgetr\u00e4nke bis zu 120 Grad. Hergestellt in Europa. Nicht f\u00fcr Sp\u00fclmaschine oder Mikrowelle geeignet. [food-c] Inhalt: 350 ml. [bd2] To Go Thermosglas oder Thermosbecher mit Bambusdeckel [kork] &nbsp; &nbsp;\" \/>\n<meta property=\"og:url\" content=\"https:\/\/grontkontor.dk\/de\/shop\/to-go-thermobecher-in-kork-350-ml-eu\/\" \/>\n<meta property=\"og:site_name\" content=\"Gr\u00f8nt Kontor\" \/>\n<meta property=\"article:publisher\" content=\"https:\/\/www.facebook.com\/grontkontor.dk\/\" \/>\n<meta property=\"article:modified_time\" content=\"2024-09-12T08:15:10+00:00\" \/>\n<meta property=\"og:image\" content=\"https:\/\/grontkontor.dk\/wp-content\/uploads\/2022\/11\/termokop-kork-01-1.jpg\" \/>\n\t<meta property=\"og:image:width\" content=\"900\" \/>\n\t<meta property=\"og:image:height\" content=\"639\" \/>\n\t<meta property=\"og:image:type\" content=\"image\/jpeg\" \/>\n<meta name=\"twitter:card\" content=\"summary_large_image\" \/>\n<script type=\"application\/ld+json\" class=\"yoast-schema-graph\">{\"@context\":\"https:\/\/schema.org\",\"@graph\":[{\"@type\":\"WebPage\",\"@id\":\"https:\/\/grontkontor.dk\/de\/shop\/to-go-thermobecher-in-kork-350-ml-eu\/\",\"url\":\"https:\/\/grontkontor.dk\/de\/shop\/to-go-thermobecher-in-kork-350-ml-eu\/\",\"name\":\"To-go Kork Thermobecher 350 ml EU - Gr\u00f8nt Kontor\",\"isPartOf\":{\"@id\":\"https:\/\/grontkontor.dk\/#website\"},\"datePublished\":\"2024-05-28T10:06:55+00:00\",\"dateModified\":\"2024-09-12T08:15:10+00:00\",\"breadcrumb\":{\"@id\":\"https:\/\/grontkontor.dk\/de\/shop\/to-go-thermobecher-in-kork-350-ml-eu\/#breadcrumb\"},\"inLanguage\":\"de\",\"potentialAction\":[{\"@type\":\"ReadAction\",\"target\":[\"https:\/\/grontkontor.dk\/de\/shop\/to-go-thermobecher-in-kork-350-ml-eu\/\"]}]},{\"@type\":\"BreadcrumbList\",\"@id\":\"https:\/\/grontkontor.dk\/de\/shop\/to-go-thermobecher-in-kork-350-ml-eu\/#breadcrumb\",\"itemListElement\":[{\"@type\":\"ListItem\",\"position\":1,\"name\":\"Forside\",\"item\":\"https:\/\/grontkontor.dk\/de\/\"},{\"@type\":\"ListItem\",\"position\":2,\"name\":\"Laden\",\"item\":\"https:\/\/grontkontor.dk\/de\/laden\/\"},{\"@type\":\"ListItem\",\"position\":3,\"name\":\"Essen und Trinken\",\"item\":\"https:\/\/grontkontor.dk\/de\/produkt-kategori\/essen-und-trinken\/\"},{\"@type\":\"ListItem\",\"position\":4,\"name\":\"Becher, Tassen etc.\",\"item\":\"https:\/\/grontkontor.dk\/de\/produkt-kategori\/essen-und-trinken\/becher-tassen-etc\/\"},{\"@type\":\"ListItem\",\"position\":5,\"name\":\"To-go Kork Thermobecher 350 ml EU\"}]},{\"@type\":\"WebSite\",\"@id\":\"https:\/\/grontkontor.dk\/#website\",\"url\":\"https:\/\/grontkontor.dk\/\",\"name\":\"Gr\u00f8nt Kontor\",\"description\":\"Milj\u00f8venlige produkter til kontor og erhverv med fokus p\u00e5 b\u00e6redygtighed, design og fair trade.\",\"publisher\":{\"@id\":\"https:\/\/grontkontor.dk\/#organization\"},\"potentialAction\":[{\"@type\":\"SearchAction\",\"target\":{\"@type\":\"EntryPoint\",\"urlTemplate\":\"https:\/\/grontkontor.dk\/?s={search_term_string}\"},\"query-input\":\"required name=search_term_string\"}],\"inLanguage\":\"de\"},{\"@type\":\"Organization\",\"@id\":\"https:\/\/grontkontor.dk\/#organization\",\"name\":\"Gr\u00f8nt Kontor\",\"url\":\"https:\/\/grontkontor.dk\/\",\"logo\":{\"@type\":\"ImageObject\",\"inLanguage\":\"de\",\"@id\":\"https:\/\/grontkontor.dk\/#\/schema\/logo\/image\/\",\"url\":\"https:\/\/grontkontor.dk\/wp-content\/uploads\/2014\/02\/Logo_groent_kontor_300x80.png\",\"contentUrl\":\"https:\/\/grontkontor.dk\/wp-content\/uploads\/2014\/02\/Logo_groent_kontor_300x80.png\",\"width\":300,\"height\":80,\"caption\":\"Gr\u00f8nt Kontor\"},\"image\":{\"@id\":\"https:\/\/grontkontor.dk\/#\/schema\/logo\/image\/\"},\"sameAs\":[\"https:\/\/www.facebook.com\/grontkontor.dk\/\"]}]}<\/script>\n<!-- \/ Yoast SEO Premium plugin. -->","yoast_head_json":{"title":"To-go Kork Thermobecher 350 ml EU - Gr\u00f8nt Kontor","robots":{"index":"index","follow":"follow","max-snippet":"max-snippet:-1","max-image-preview":"max-image-preview:large","max-video-preview":"max-video-preview:-1"},"canonical":"https:\/\/grontkontor.dk\/de\/shop\/to-go-thermobecher-in-kork-350-ml-eu\/","og_locale":"de_DE","og_type":"article","og_title":"To-go Kork Thermobecher 350 ml EU","og_description":"Relativ umweltfreundlicher und preiswerter Thermobecher aus Kork mit Deckel und innen aus PP. Ein Produkt, perfekt f\u00fcr Hei\u00dfgetr\u00e4nke bis zu 120 Grad. Hergestellt in Europa. Nicht f\u00fcr Sp\u00fclmaschine oder Mikrowelle geeignet. [food-c] Inhalt: 350 ml. [bd2] To Go Thermosglas oder Thermosbecher mit Bambusdeckel [kork] &nbsp; &nbsp;","og_url":"https:\/\/grontkontor.dk\/de\/shop\/to-go-thermobecher-in-kork-350-ml-eu\/","og_site_name":"Gr\u00f8nt Kontor","article_publisher":"https:\/\/www.facebook.com\/grontkontor.dk\/","article_modified_time":"2024-09-12T08:15:10+00:00","og_image":[{"width":900,"height":639,"url":"https:\/\/grontkontor.dk\/wp-content\/uploads\/2022\/11\/termokop-kork-01-1.jpg","type":"image\/jpeg"}],"twitter_card":"summary_large_image","schema":{"@context":"https:\/\/schema.org","@graph":[{"@type":"WebPage","@id":"https:\/\/grontkontor.dk\/de\/shop\/to-go-thermobecher-in-kork-350-ml-eu\/","url":"https:\/\/grontkontor.dk\/de\/shop\/to-go-thermobecher-in-kork-350-ml-eu\/","name":"To-go Kork Thermobecher 350 ml EU - Gr\u00f8nt Kontor","isPartOf":{"@id":"https:\/\/grontkontor.dk\/#website"},"datePublished":"2024-05-28T10:06:55+00:00","dateModified":"2024-09-12T08:15:10+00:00","breadcrumb":{"@id":"https:\/\/grontkontor.dk\/de\/shop\/to-go-thermobecher-in-kork-350-ml-eu\/#breadcrumb"},"inLanguage":"de","potentialAction":[{"@type":"ReadAction","target":["https:\/\/grontkontor.dk\/de\/shop\/to-go-thermobecher-in-kork-350-ml-eu\/"]}]},{"@type":"BreadcrumbList","@id":"https:\/\/grontkontor.dk\/de\/shop\/to-go-thermobecher-in-kork-350-ml-eu\/#breadcrumb","itemListElement":[{"@type":"ListItem","position":1,"name":"Forside","item":"https:\/\/grontkontor.dk\/de\/"},{"@type":"ListItem","position":2,"name":"Laden","item":"https:\/\/grontkontor.dk\/de\/laden\/"},{"@type":"ListItem","position":3,"name":"Essen und Trinken","item":"https:\/\/grontkontor.dk\/de\/produkt-kategori\/essen-und-trinken\/"},{"@type":"ListItem","position":4,"name":"Becher, Tassen etc.","item":"https:\/\/grontkontor.dk\/de\/produkt-kategori\/essen-und-trinken\/becher-tassen-etc\/"},{"@type":"ListItem","position":5,"name":"To-go Kork Thermobecher 350 ml EU"}]},{"@type":"WebSite","@id":"https:\/\/grontkontor.dk\/#website","url":"https:\/\/grontkontor.dk\/","name":"Gr\u00f8nt Kontor","description":"Milj\u00f8venlige produkter til kontor og erhverv med fokus p\u00e5 b\u00e6redygtighed, design og fair trade.","publisher":{"@id":"https:\/\/grontkontor.dk\/#organization"},"potentialAction":[{"@type":"SearchAction","target":{"@type":"EntryPoint","urlTemplate":"https:\/\/grontkontor.dk\/?s={search_term_string}"},"query-input":"required name=search_term_string"}],"inLanguage":"de"},{"@type":"Organization","@id":"https:\/\/grontkontor.dk\/#organization","name":"Gr\u00f8nt Kontor","url":"https:\/\/grontkontor.dk\/","logo":{"@type":"ImageObject","inLanguage":"de","@id":"https:\/\/grontkontor.dk\/#\/schema\/logo\/image\/","url":"https:\/\/grontkontor.dk\/wp-content\/uploads\/2014\/02\/Logo_groent_kontor_300x80.png","contentUrl":"https:\/\/grontkontor.dk\/wp-content\/uploads\/2014\/02\/Logo_groent_kontor_300x80.png","width":300,"height":80,"caption":"Gr\u00f8nt Kontor"},"image":{"@id":"https:\/\/grontkontor.dk\/#\/schema\/logo\/image\/"},"sameAs":["https:\/\/www.facebook.com\/grontkontor.dk\/"]}]}},"_links":{"self":[{"href":"https:\/\/grontkontor.dk\/de\/wp-json\/wp\/v2\/product\/87520"}],"collection":[{"href":"https:\/\/grontkontor.dk\/de\/wp-json\/wp\/v2\/product"}],"about":[{"href":"https:\/\/grontkontor.dk\/de\/wp-json\/wp\/v2\/types\/product"}],"replies":[{"embeddable":true,"href":"https:\/\/grontkontor.dk\/de\/wp-json\/wp\/v2\/comments?post=87520"}],"wp:featuredmedia":[{"embeddable":true,"href":"https:\/\/grontkontor.dk\/de\/wp-json\/wp\/v2\/media\/113530"}],"wp:attachment":[{"href":"https:\/\/grontkontor.dk\/de\/wp-json\/wp\/v2\/media?parent=87520"}],"wp:term":[{"taxonomy":"product_cat","embeddable":true,"href":"https:\/\/grontkontor.dk\/de\/wp-json\/wp\/v2\/product_cat?post=87520"},{"taxonomy":"product_tag","embeddable":true,"href":"https:\/\/grontkontor.dk\/de\/wp-json\/wp\/v2\/product_tag?post=87520"}],"curies":[{"name":"wp","href":"https:\/\/api.w.org\/{rel}","templated":true}]}}