{"id":87560,"date":"2023-09-22T13:56:14","date_gmt":"2024-05-28T10:06:58","guid":{"rendered":"https:\/\/grontkontor.dk\/shop\/nachhaltige-ladestation-in-bambus\/"},"modified":"2024-05-28T12:06:58","modified_gmt":"2024-05-28T10:06:58","slug":"nachhaltige-ladestation-in-bambus","status":"publish","type":"product","link":"https:\/\/grontkontor.dk\/de\/shop\/nachhaltige-ladestation-in-bambus\/","title":{"rendered":"Klimafreundliche Bambus-Ladestation"},"content":{"rendered":"<p>Gut gestaltetes, umweltfreundliches und kabelloses Ladeger\u00e4t. Multi-Ger\u00e4t mit 10-W-Aufladung, kann bis zu 4 Ger\u00e4te gleichzeitig aufladen. Enth\u00e4lt 2 USB-Anschl\u00fcsse und 1 USB-Typ-C-Anschluss. Kompatibel mit Ger\u00e4ten, die mit kabelloser Ladetechnologie ausgestattet sind. 150 cm Anschlusskabel.<\/p>\n<p>Erf\u00fcllt die Sicherheitsanforderungen:<\/p>\n<p>\u00dcberhitzungsschutzsystem.<br \/>\nLadeschutzsystem. Blockiersystem zur Vermeidung von Kurzschl\u00fcssen.<br \/>\nKabellos 10W. 2 USB-Ausg\u00e4nge und 1 Typ-C-Ausgang<\/p>\n<p>Kann mit Druck geliefert werden.<\/p>\n<p>[bambus]<\/p>\n<p>&nbsp;<\/p>\n<p>[bd1]<\/p>\n<p>&nbsp;<\/p>\n<img loading=\"lazy\" decoding=\"async\" src=\"https:\/\/grontkontor.dk\/wp-content\/uploads\/2021\/02\/genbrug.jpg\" alt=\"Fremstillet af genbrugsmaterialer\" width=\"50\" height=\"50\" class=\"size-full wp-image-23031\" srcset=\"https:\/\/grontkontor.dk\/wp-content\/uploads\/2021\/02\/genbrug.jpg 199w, https:\/\/grontkontor.dk\/wp-content\/uploads\/2021\/02\/genbrug-100x100.jpg 100w\" sizes=\"(max-width: 50px) 100vw, 50px\" \/>\n","protected":false},"excerpt":{"rendered":"<p>Gut gestaltetes, umweltfreundliches und kabelloses Ladeger\u00e4t. Multi-Ger\u00e4t mit 10-W-Aufladung, kann bis zu 4 Ger\u00e4te gleichzeitig aufladen. Enth\u00e4lt 2 USB-Anschl\u00fcsse und 1 USB-Typ-C-Anschluss. Kompatibel mit Ger\u00e4ten, die mit kabelloser Ladetechnologie ausgestattet sind. 150 cm Anschlusskabel. Erf\u00fcllt die Sicherheitsanforderungen: \u00dcberhitzungsschutzsystem. Ladeschutzsystem. Blockiersystem zur Vermeidung von Kurzschl\u00fcssen. Kabellos 10W. 2 USB-Ausg\u00e4nge und 1 Typ-C-Ausgang Kann mit Druck geliefert [&hellip;]<\/p>\n","protected":false},"featured_media":113440,"comment_status":"closed","ping_status":"closed","template":"","meta":{"_acf_changed":false},"product_cat":[3334,3325,3331,4397,3084],"product_tag":[3916,3914],"class_list":{"0":"post-87560","1":"product","2":"type-product","3":"status-publish","4":"has-post-thumbnail","6":"product_cat-bambus-de","7":"product_cat-dummy-moq-1-de","8":"product_cat-elektronik-gadgets","9":"product_cat-elektronik-gadgets-de","10":"product_cat-neuheiten","11":"product_tag-ladegeraet-de","12":"product_tag-ladegeraet","13":"tm-has-options","15":"first","16":"onbackorder","17":"taxable","18":"shipping-taxable","19":"purchasable","20":"product-type-simple"},"acf":[],"yoast_head":"<!-- This site is optimized with the Yoast SEO Premium plugin v21.2 (Yoast SEO v21.2) - https:\/\/yoast.com\/wordpress\/plugins\/seo\/ -->\n<title>Klimafreundliche Bambus-Ladestation - Gr\u00f8nt Kontor<\/title>\n<meta name=\"robots\" content=\"index, follow, max-snippet:-1, max-image-preview:large, max-video-preview:-1\" \/>\n<link rel=\"canonical\" href=\"https:\/\/grontkontor.dk\/de\/shop\/nachhaltige-ladestation-in-bambus\/\" \/>\n<meta property=\"og:locale\" content=\"de_DE\" \/>\n<meta property=\"og:type\" content=\"article\" \/>\n<meta property=\"og:title\" content=\"Klimafreundliche Bambus-Ladestation\" \/>\n<meta property=\"og:description\" content=\"Gut gestaltetes, umweltfreundliches und kabelloses Ladeger\u00e4t. Multi-Ger\u00e4t mit 10-W-Aufladung, kann bis zu 4 Ger\u00e4te gleichzeitig aufladen. Enth\u00e4lt 2 USB-Anschl\u00fcsse und 1 USB-Typ-C-Anschluss. Kompatibel mit Ger\u00e4ten, die mit kabelloser Ladetechnologie ausgestattet sind. 150 cm Anschlusskabel. Erf\u00fcllt die Sicherheitsanforderungen: \u00dcberhitzungsschutzsystem. Ladeschutzsystem. Blockiersystem zur Vermeidung von Kurzschl\u00fcssen. Kabellos 10W. 2 USB-Ausg\u00e4nge und 1 Typ-C-Ausgang Kann mit Druck geliefert [&hellip;]\" \/>\n<meta property=\"og:url\" content=\"https:\/\/grontkontor.dk\/de\/shop\/nachhaltige-ladestation-in-bambus\/\" \/>\n<meta property=\"og:site_name\" content=\"Gr\u00f8nt Kontor\" \/>\n<meta property=\"article:publisher\" content=\"https:\/\/www.facebook.com\/grontkontor.dk\/\" \/>\n<meta name=\"twitter:card\" content=\"summary_large_image\" \/>\n<script type=\"application\/ld+json\" class=\"yoast-schema-graph\">{\"@context\":\"https:\/\/schema.org\",\"@graph\":[{\"@type\":\"WebPage\",\"@id\":\"https:\/\/grontkontor.dk\/de\/shop\/nachhaltige-ladestation-in-bambus\/\",\"url\":\"https:\/\/grontkontor.dk\/de\/shop\/nachhaltige-ladestation-in-bambus\/\",\"name\":\"Klimafreundliche Bambus-Ladestation - Gr\u00f8nt Kontor\",\"isPartOf\":{\"@id\":\"https:\/\/grontkontor.dk\/#website\"},\"datePublished\":\"2024-05-28T10:06:58+00:00\",\"dateModified\":\"2024-05-28T10:06:58+00:00\",\"breadcrumb\":{\"@id\":\"https:\/\/grontkontor.dk\/de\/shop\/nachhaltige-ladestation-in-bambus\/#breadcrumb\"},\"inLanguage\":\"de\",\"potentialAction\":[{\"@type\":\"ReadAction\",\"target\":[\"https:\/\/grontkontor.dk\/de\/shop\/nachhaltige-ladestation-in-bambus\/\"]}]},{\"@type\":\"BreadcrumbList\",\"@id\":\"https:\/\/grontkontor.dk\/de\/shop\/nachhaltige-ladestation-in-bambus\/#breadcrumb\",\"itemListElement\":[{\"@type\":\"ListItem\",\"position\":1,\"name\":\"Forside\",\"item\":\"https:\/\/grontkontor.dk\/de\/\"},{\"@type\":\"ListItem\",\"position\":2,\"name\":\"Laden\",\"item\":\"https:\/\/grontkontor.dk\/de\/laden\/\"},{\"@type\":\"ListItem\",\"position\":3,\"name\":\"Elektronik og gadgets\",\"item\":\"https:\/\/grontkontor.dk\/produkt-kategori\/elektronik-og-gadgets\/\"},{\"@type\":\"ListItem\",\"position\":4,\"name\":\"Klimafreundliche Bambus-Ladestation\"}]},{\"@type\":\"WebSite\",\"@id\":\"https:\/\/grontkontor.dk\/#website\",\"url\":\"https:\/\/grontkontor.dk\/\",\"name\":\"Gr\u00f8nt Kontor\",\"description\":\"Milj\u00f8venlige produkter til kontor og erhverv med fokus p\u00e5 b\u00e6redygtighed, design og fair trade.\",\"publisher\":{\"@id\":\"https:\/\/grontkontor.dk\/#organization\"},\"potentialAction\":[{\"@type\":\"SearchAction\",\"target\":{\"@type\":\"EntryPoint\",\"urlTemplate\":\"https:\/\/grontkontor.dk\/?s={search_term_string}\"},\"query-input\":\"required name=search_term_string\"}],\"inLanguage\":\"de\"},{\"@type\":\"Organization\",\"@id\":\"https:\/\/grontkontor.dk\/#organization\",\"name\":\"Gr\u00f8nt Kontor\",\"url\":\"https:\/\/grontkontor.dk\/\",\"logo\":{\"@type\":\"ImageObject\",\"inLanguage\":\"de\",\"@id\":\"https:\/\/grontkontor.dk\/#\/schema\/logo\/image\/\",\"url\":\"https:\/\/grontkontor.dk\/wp-content\/uploads\/2014\/02\/Logo_groent_kontor_300x80.png\",\"contentUrl\":\"https:\/\/grontkontor.dk\/wp-content\/uploads\/2014\/02\/Logo_groent_kontor_300x80.png\",\"width\":300,\"height\":80,\"caption\":\"Gr\u00f8nt Kontor\"},\"image\":{\"@id\":\"https:\/\/grontkontor.dk\/#\/schema\/logo\/image\/\"},\"sameAs\":[\"https:\/\/www.facebook.com\/grontkontor.dk\/\"]}]}<\/script>\n<!-- \/ Yoast SEO Premium plugin. -->","yoast_head_json":{"title":"Klimafreundliche Bambus-Ladestation - Gr\u00f8nt Kontor","robots":{"index":"index","follow":"follow","max-snippet":"max-snippet:-1","max-image-preview":"max-image-preview:large","max-video-preview":"max-video-preview:-1"},"canonical":"https:\/\/grontkontor.dk\/de\/shop\/nachhaltige-ladestation-in-bambus\/","og_locale":"de_DE","og_type":"article","og_title":"Klimafreundliche Bambus-Ladestation","og_description":"Gut gestaltetes, umweltfreundliches und kabelloses Ladeger\u00e4t. Multi-Ger\u00e4t mit 10-W-Aufladung, kann bis zu 4 Ger\u00e4te gleichzeitig aufladen. Enth\u00e4lt 2 USB-Anschl\u00fcsse und 1 USB-Typ-C-Anschluss. Kompatibel mit Ger\u00e4ten, die mit kabelloser Ladetechnologie ausgestattet sind. 150 cm Anschlusskabel. Erf\u00fcllt die Sicherheitsanforderungen: \u00dcberhitzungsschutzsystem. Ladeschutzsystem. Blockiersystem zur Vermeidung von Kurzschl\u00fcssen. Kabellos 10W. 2 USB-Ausg\u00e4nge und 1 Typ-C-Ausgang Kann mit Druck geliefert [&hellip;]","og_url":"https:\/\/grontkontor.dk\/de\/shop\/nachhaltige-ladestation-in-bambus\/","og_site_name":"Gr\u00f8nt Kontor","article_publisher":"https:\/\/www.facebook.com\/grontkontor.dk\/","twitter_card":"summary_large_image","schema":{"@context":"https:\/\/schema.org","@graph":[{"@type":"WebPage","@id":"https:\/\/grontkontor.dk\/de\/shop\/nachhaltige-ladestation-in-bambus\/","url":"https:\/\/grontkontor.dk\/de\/shop\/nachhaltige-ladestation-in-bambus\/","name":"Klimafreundliche Bambus-Ladestation - Gr\u00f8nt Kontor","isPartOf":{"@id":"https:\/\/grontkontor.dk\/#website"},"datePublished":"2024-05-28T10:06:58+00:00","dateModified":"2024-05-28T10:06:58+00:00","breadcrumb":{"@id":"https:\/\/grontkontor.dk\/de\/shop\/nachhaltige-ladestation-in-bambus\/#breadcrumb"},"inLanguage":"de","potentialAction":[{"@type":"ReadAction","target":["https:\/\/grontkontor.dk\/de\/shop\/nachhaltige-ladestation-in-bambus\/"]}]},{"@type":"BreadcrumbList","@id":"https:\/\/grontkontor.dk\/de\/shop\/nachhaltige-ladestation-in-bambus\/#breadcrumb","itemListElement":[{"@type":"ListItem","position":1,"name":"Forside","item":"https:\/\/grontkontor.dk\/de\/"},{"@type":"ListItem","position":2,"name":"Laden","item":"https:\/\/grontkontor.dk\/de\/laden\/"},{"@type":"ListItem","position":3,"name":"Elektronik og gadgets","item":"https:\/\/grontkontor.dk\/produkt-kategori\/elektronik-og-gadgets\/"},{"@type":"ListItem","position":4,"name":"Klimafreundliche Bambus-Ladestation"}]},{"@type":"WebSite","@id":"https:\/\/grontkontor.dk\/#website","url":"https:\/\/grontkontor.dk\/","name":"Gr\u00f8nt Kontor","description":"Milj\u00f8venlige produkter til kontor og erhverv med fokus p\u00e5 b\u00e6redygtighed, design og fair trade.","publisher":{"@id":"https:\/\/grontkontor.dk\/#organization"},"potentialAction":[{"@type":"SearchAction","target":{"@type":"EntryPoint","urlTemplate":"https:\/\/grontkontor.dk\/?s={search_term_string}"},"query-input":"required name=search_term_string"}],"inLanguage":"de"},{"@type":"Organization","@id":"https:\/\/grontkontor.dk\/#organization","name":"Gr\u00f8nt Kontor","url":"https:\/\/grontkontor.dk\/","logo":{"@type":"ImageObject","inLanguage":"de","@id":"https:\/\/grontkontor.dk\/#\/schema\/logo\/image\/","url":"https:\/\/grontkontor.dk\/wp-content\/uploads\/2014\/02\/Logo_groent_kontor_300x80.png","contentUrl":"https:\/\/grontkontor.dk\/wp-content\/uploads\/2014\/02\/Logo_groent_kontor_300x80.png","width":300,"height":80,"caption":"Gr\u00f8nt Kontor"},"image":{"@id":"https:\/\/grontkontor.dk\/#\/schema\/logo\/image\/"},"sameAs":["https:\/\/www.facebook.com\/grontkontor.dk\/"]}]}},"_links":{"self":[{"href":"https:\/\/grontkontor.dk\/de\/wp-json\/wp\/v2\/product\/87560"}],"collection":[{"href":"https:\/\/grontkontor.dk\/de\/wp-json\/wp\/v2\/product"}],"about":[{"href":"https:\/\/grontkontor.dk\/de\/wp-json\/wp\/v2\/types\/product"}],"replies":[{"embeddable":true,"href":"https:\/\/grontkontor.dk\/de\/wp-json\/wp\/v2\/comments?post=87560"}],"wp:featuredmedia":[{"embeddable":true,"href":"https:\/\/grontkontor.dk\/de\/wp-json\/wp\/v2\/media\/113440"}],"wp:attachment":[{"href":"https:\/\/grontkontor.dk\/de\/wp-json\/wp\/v2\/media?parent=87560"}],"wp:term":[{"taxonomy":"product_cat","embeddable":true,"href":"https:\/\/grontkontor.dk\/de\/wp-json\/wp\/v2\/product_cat?post=87560"},{"taxonomy":"product_tag","embeddable":true,"href":"https:\/\/grontkontor.dk\/de\/wp-json\/wp\/v2\/product_tag?post=87560"}],"curies":[{"name":"wp","href":"https:\/\/api.w.org\/{rel}","templated":true}]}}