{"id":87587,"date":"2023-09-22T13:55:07","date_gmt":"2024-05-28T10:08:13","guid":{"rendered":"https:\/\/grontkontor.dk\/shop\/tragetasche-bio-baumwolle-140-g-slash-m2\/"},"modified":"2024-05-28T12:08:13","modified_gmt":"2024-05-28T10:08:13","slug":"tragetasche-bio-baumwolle-140-g-slash-m2","status":"publish","type":"product","link":"https:\/\/grontkontor.dk\/de\/shop\/tragetasche-bio-baumwolle-140-g-slash-m2\/","title":{"rendered":"Tragetasche Bio-Baumwolle 140 g\/m\u00b2"},"content":{"rendered":"<p>Klimafreundliche Tragetaschen 38 x 42 cm aus naturfarbener, GOTS-zertifizierter Bio-Baumwolle.<\/p>\n<p>M\u00f6glichkeit des Vollfarbdrucks in allen Farben des Regenbogens.<\/p>\n<p>Ein klima- und umweltfreundliches Produkt, absolut genial als Handout f\u00fcr Messen und Events.<br \/>\n<a class=\"product-link\" style=\"color: #c8eade;\" href=\"https:\/\/grontkontor.dk\/produkt\/mulepose-oekologisk-bomuld-2\/\">Erh\u00e4ltlich in einer etwas g\u00fcnstigeren Version 120 g\/m\u00b2, f\u00fcr Preise klicken Sie hier.<\/a><br \/>\n<a class=\"product-link\" style=\"color: #c8eade;\" href=\"https:\/\/grontkontor.dk\/produkt\/mulepose-oekologisk-bomuld-kraftig\/\">Erh\u00e4ltlich in der extra leistungsstarken Version 340 g\/m\u00b2, f\u00fcr Preise klicken Sie hier.<\/a><\/p>\n<p>[oekobomuld] [gots_s]<\/p>\n<p>&nbsp;<\/p>\n<a href=\"https:\/\/www.eco-branding.dk\/miljoemaerkning\/gots.aspx\" rel=\"noopener\" target=\"_blank\"><img loading=\"lazy\" decoding=\"async\" class=\"size-full wp-image-12808\" src=\"https:\/\/grontkontor.dk\/wp-content\/uploads\/2019\/04\/gots-certificeret.jpg\" \n   alt=\"Gots certificeret - din garanti for, at produktet indeholder mindst 70% ?kologisk bomuld\"  description=\"Gots certificeret - din garanti for, at produktet indeholder mindst 70% ?kologisk bomuld\" width=\"50\" height=\"50\" \n\t border=0 \/><\/a>\n","protected":false},"excerpt":{"rendered":"<p>Klimafreundliche Tragetaschen 38 x 42 cm aus naturfarbener, GOTS-zertifizierter Bio-Baumwolle. M\u00f6glichkeit des Vollfarbdrucks in allen Farben des Regenbogens. Ein klima- und umweltfreundliches Produkt, absolut genial als Handout f\u00fcr Messen und Events. Erh\u00e4ltlich in einer etwas g\u00fcnstigeren Version 120 g\/m\u00b2, f\u00fcr Preise klicken Sie hier. Erh\u00e4ltlich in der extra leistungsstarken Version 340 g\/m\u00b2, f\u00fcr Preise klicken [&hellip;]<\/p>\n","protected":false},"featured_media":87594,"comment_status":"closed","ping_status":"closed","template":"","meta":{"_acf_changed":false},"product_cat":[3325,4449,3084,3512,3341],"product_tag":[3518,3957,4683,3345,3342,4685,4684],"class_list":{"0":"post-87587","1":"product","2":"type-product","3":"status-publish","4":"has-post-thumbnail","6":"product_cat-dummy-moq-1-de","7":"product_cat-geschenktueten-und-geschenkboxen","8":"product_cat-neuheiten","9":"product_cat-taschen-tueten-und-huellen","10":"product_cat-stofftaschen","11":"product_tag-baumwolltasche","12":"product_tag-tasche-aus-bio-baumwolle","13":"product_tag-taschen-aus-baumwolle","14":"product_tag-tragetasche-de","15":"product_tag-tragetasche","16":"product_tag-tragetaschen-de","17":"product_tag-tragetaschen","18":"tm-has-options","20":"first","21":"instock","22":"taxable","23":"shipping-taxable","24":"purchasable","25":"product-type-simple"},"acf":[],"yoast_head":"<!-- This site is optimized with the Yoast SEO Premium plugin v21.2 (Yoast SEO v21.2) - https:\/\/yoast.com\/wordpress\/plugins\/seo\/ -->\n<title>Tragetasche Bio-Baumwolle 140 g\/m\u00b2 - Gr\u00f8nt Kontor<\/title>\n<meta name=\"robots\" content=\"index, follow, max-snippet:-1, max-image-preview:large, max-video-preview:-1\" \/>\n<link rel=\"canonical\" href=\"https:\/\/grontkontor.dk\/shop\/mulepose-oekologisk-bomuld-140gsm\/\" \/>\n<meta property=\"og:locale\" content=\"de_DE\" \/>\n<meta property=\"og:type\" content=\"article\" \/>\n<meta property=\"og:title\" content=\"Tragetasche Bio-Baumwolle 140 g\/m\u00b2\" \/>\n<meta property=\"og:description\" content=\"Klimafreundliche Tragetaschen 38 x 42 cm aus naturfarbener, GOTS-zertifizierter Bio-Baumwolle. M\u00f6glichkeit des Vollfarbdrucks in allen Farben des Regenbogens. Ein klima- und umweltfreundliches Produkt, absolut genial als Handout f\u00fcr Messen und Events. Erh\u00e4ltlich in einer etwas g\u00fcnstigeren Version 120 g\/m\u00b2, f\u00fcr Preise klicken Sie hier. Erh\u00e4ltlich in der extra leistungsstarken Version 340 g\/m\u00b2, f\u00fcr Preise klicken [&hellip;]\" \/>\n<meta property=\"og:url\" content=\"https:\/\/grontkontor.dk\/shop\/mulepose-oekologisk-bomuld-140gsm\/\" \/>\n<meta property=\"og:site_name\" content=\"Gr\u00f8nt Kontor\" \/>\n<meta property=\"article:publisher\" content=\"https:\/\/www.facebook.com\/grontkontor.dk\/\" \/>\n<meta property=\"og:image\" content=\"https:\/\/grontkontor.dk\/wp-content\/uploads\/2022\/08\/baeredygtig-mulepose-140-gms.jpg\" \/>\n\t<meta property=\"og:image:width\" content=\"900\" \/>\n\t<meta property=\"og:image:height\" content=\"639\" \/>\n\t<meta property=\"og:image:type\" content=\"image\/jpeg\" \/>\n<meta name=\"twitter:card\" content=\"summary_large_image\" \/>\n<script type=\"application\/ld+json\" class=\"yoast-schema-graph\">{\"@context\":\"https:\/\/schema.org\",\"@graph\":[{\"@type\":\"WebPage\",\"@id\":\"https:\/\/grontkontor.dk\/shop\/mulepose-oekologisk-bomuld-140gsm\/\",\"url\":\"https:\/\/grontkontor.dk\/shop\/mulepose-oekologisk-bomuld-140gsm\/\",\"name\":\"Tragetasche Bio-Baumwolle 140 g\/m\u00b2 - Gr\u00f8nt Kontor\",\"isPartOf\":{\"@id\":\"https:\/\/grontkontor.dk\/#website\"},\"datePublished\":\"2024-05-28T10:08:13+00:00\",\"dateModified\":\"2024-05-28T10:08:13+00:00\",\"breadcrumb\":{\"@id\":\"https:\/\/grontkontor.dk\/shop\/mulepose-oekologisk-bomuld-140gsm\/#breadcrumb\"},\"inLanguage\":\"de\",\"potentialAction\":[{\"@type\":\"ReadAction\",\"target\":[\"https:\/\/grontkontor.dk\/shop\/mulepose-oekologisk-bomuld-140gsm\/\"]}]},{\"@type\":\"BreadcrumbList\",\"@id\":\"https:\/\/grontkontor.dk\/shop\/mulepose-oekologisk-bomuld-140gsm\/#breadcrumb\",\"itemListElement\":[{\"@type\":\"ListItem\",\"position\":1,\"name\":\"Forside\",\"item\":\"https:\/\/grontkontor.dk\/de\/\"},{\"@type\":\"ListItem\",\"position\":2,\"name\":\"Laden\",\"item\":\"https:\/\/grontkontor.dk\/de\/laden\/\"},{\"@type\":\"ListItem\",\"position\":3,\"name\":\"Klimafreundliche Werbegeschenke\",\"item\":\"https:\/\/grontkontor.dk\/de\/produkt-kategori\/klimafreundliche-werbegeschenke\/\"},{\"@type\":\"ListItem\",\"position\":4,\"name\":\"Geschenkt\u00fcten und Geschenkboxen\",\"item\":\"https:\/\/grontkontor.dk\/de\/produkt-kategori\/klimafreundliche-werbegeschenke\/geschenktueten-und-geschenkboxen\/\"},{\"@type\":\"ListItem\",\"position\":5,\"name\":\"Tragetasche Bio-Baumwolle 140 g\/m\u00b2\"}]},{\"@type\":\"WebSite\",\"@id\":\"https:\/\/grontkontor.dk\/#website\",\"url\":\"https:\/\/grontkontor.dk\/\",\"name\":\"Gr\u00f8nt Kontor\",\"description\":\"Milj\u00f8venlige produkter til kontor og erhverv med fokus p\u00e5 b\u00e6redygtighed, design og fair trade.\",\"publisher\":{\"@id\":\"https:\/\/grontkontor.dk\/#organization\"},\"potentialAction\":[{\"@type\":\"SearchAction\",\"target\":{\"@type\":\"EntryPoint\",\"urlTemplate\":\"https:\/\/grontkontor.dk\/?s={search_term_string}\"},\"query-input\":\"required name=search_term_string\"}],\"inLanguage\":\"de\"},{\"@type\":\"Organization\",\"@id\":\"https:\/\/grontkontor.dk\/#organization\",\"name\":\"Gr\u00f8nt Kontor\",\"url\":\"https:\/\/grontkontor.dk\/\",\"logo\":{\"@type\":\"ImageObject\",\"inLanguage\":\"de\",\"@id\":\"https:\/\/grontkontor.dk\/#\/schema\/logo\/image\/\",\"url\":\"https:\/\/grontkontor.dk\/wp-content\/uploads\/2014\/02\/Logo_groent_kontor_300x80.png\",\"contentUrl\":\"https:\/\/grontkontor.dk\/wp-content\/uploads\/2014\/02\/Logo_groent_kontor_300x80.png\",\"width\":300,\"height\":80,\"caption\":\"Gr\u00f8nt Kontor\"},\"image\":{\"@id\":\"https:\/\/grontkontor.dk\/#\/schema\/logo\/image\/\"},\"sameAs\":[\"https:\/\/www.facebook.com\/grontkontor.dk\/\"]}]}<\/script>\n<!-- \/ Yoast SEO Premium plugin. -->","yoast_head_json":{"title":"Tragetasche Bio-Baumwolle 140 g\/m\u00b2 - Gr\u00f8nt Kontor","robots":{"index":"index","follow":"follow","max-snippet":"max-snippet:-1","max-image-preview":"max-image-preview:large","max-video-preview":"max-video-preview:-1"},"canonical":"https:\/\/grontkontor.dk\/shop\/mulepose-oekologisk-bomuld-140gsm\/","og_locale":"de_DE","og_type":"article","og_title":"Tragetasche Bio-Baumwolle 140 g\/m\u00b2","og_description":"Klimafreundliche Tragetaschen 38 x 42 cm aus naturfarbener, GOTS-zertifizierter Bio-Baumwolle. M\u00f6glichkeit des Vollfarbdrucks in allen Farben des Regenbogens. Ein klima- und umweltfreundliches Produkt, absolut genial als Handout f\u00fcr Messen und Events. Erh\u00e4ltlich in einer etwas g\u00fcnstigeren Version 120 g\/m\u00b2, f\u00fcr Preise klicken Sie hier. Erh\u00e4ltlich in der extra leistungsstarken Version 340 g\/m\u00b2, f\u00fcr Preise klicken [&hellip;]","og_url":"https:\/\/grontkontor.dk\/shop\/mulepose-oekologisk-bomuld-140gsm\/","og_site_name":"Gr\u00f8nt Kontor","article_publisher":"https:\/\/www.facebook.com\/grontkontor.dk\/","og_image":[{"width":900,"height":639,"url":"https:\/\/grontkontor.dk\/wp-content\/uploads\/2022\/08\/baeredygtig-mulepose-140-gms.jpg","type":"image\/jpeg"}],"twitter_card":"summary_large_image","schema":{"@context":"https:\/\/schema.org","@graph":[{"@type":"WebPage","@id":"https:\/\/grontkontor.dk\/shop\/mulepose-oekologisk-bomuld-140gsm\/","url":"https:\/\/grontkontor.dk\/shop\/mulepose-oekologisk-bomuld-140gsm\/","name":"Tragetasche Bio-Baumwolle 140 g\/m\u00b2 - Gr\u00f8nt Kontor","isPartOf":{"@id":"https:\/\/grontkontor.dk\/#website"},"datePublished":"2024-05-28T10:08:13+00:00","dateModified":"2024-05-28T10:08:13+00:00","breadcrumb":{"@id":"https:\/\/grontkontor.dk\/shop\/mulepose-oekologisk-bomuld-140gsm\/#breadcrumb"},"inLanguage":"de","potentialAction":[{"@type":"ReadAction","target":["https:\/\/grontkontor.dk\/shop\/mulepose-oekologisk-bomuld-140gsm\/"]}]},{"@type":"BreadcrumbList","@id":"https:\/\/grontkontor.dk\/shop\/mulepose-oekologisk-bomuld-140gsm\/#breadcrumb","itemListElement":[{"@type":"ListItem","position":1,"name":"Forside","item":"https:\/\/grontkontor.dk\/de\/"},{"@type":"ListItem","position":2,"name":"Laden","item":"https:\/\/grontkontor.dk\/de\/laden\/"},{"@type":"ListItem","position":3,"name":"Klimafreundliche Werbegeschenke","item":"https:\/\/grontkontor.dk\/de\/produkt-kategori\/klimafreundliche-werbegeschenke\/"},{"@type":"ListItem","position":4,"name":"Geschenkt\u00fcten und Geschenkboxen","item":"https:\/\/grontkontor.dk\/de\/produkt-kategori\/klimafreundliche-werbegeschenke\/geschenktueten-und-geschenkboxen\/"},{"@type":"ListItem","position":5,"name":"Tragetasche Bio-Baumwolle 140 g\/m\u00b2"}]},{"@type":"WebSite","@id":"https:\/\/grontkontor.dk\/#website","url":"https:\/\/grontkontor.dk\/","name":"Gr\u00f8nt Kontor","description":"Milj\u00f8venlige produkter til kontor og erhverv med fokus p\u00e5 b\u00e6redygtighed, design og fair trade.","publisher":{"@id":"https:\/\/grontkontor.dk\/#organization"},"potentialAction":[{"@type":"SearchAction","target":{"@type":"EntryPoint","urlTemplate":"https:\/\/grontkontor.dk\/?s={search_term_string}"},"query-input":"required name=search_term_string"}],"inLanguage":"de"},{"@type":"Organization","@id":"https:\/\/grontkontor.dk\/#organization","name":"Gr\u00f8nt Kontor","url":"https:\/\/grontkontor.dk\/","logo":{"@type":"ImageObject","inLanguage":"de","@id":"https:\/\/grontkontor.dk\/#\/schema\/logo\/image\/","url":"https:\/\/grontkontor.dk\/wp-content\/uploads\/2014\/02\/Logo_groent_kontor_300x80.png","contentUrl":"https:\/\/grontkontor.dk\/wp-content\/uploads\/2014\/02\/Logo_groent_kontor_300x80.png","width":300,"height":80,"caption":"Gr\u00f8nt Kontor"},"image":{"@id":"https:\/\/grontkontor.dk\/#\/schema\/logo\/image\/"},"sameAs":["https:\/\/www.facebook.com\/grontkontor.dk\/"]}]}},"_links":{"self":[{"href":"https:\/\/grontkontor.dk\/de\/wp-json\/wp\/v2\/product\/87587"}],"collection":[{"href":"https:\/\/grontkontor.dk\/de\/wp-json\/wp\/v2\/product"}],"about":[{"href":"https:\/\/grontkontor.dk\/de\/wp-json\/wp\/v2\/types\/product"}],"replies":[{"embeddable":true,"href":"https:\/\/grontkontor.dk\/de\/wp-json\/wp\/v2\/comments?post=87587"}],"wp:featuredmedia":[{"embeddable":true,"href":"https:\/\/grontkontor.dk\/de\/wp-json\/wp\/v2\/media\/87594"}],"wp:attachment":[{"href":"https:\/\/grontkontor.dk\/de\/wp-json\/wp\/v2\/media?parent=87587"}],"wp:term":[{"taxonomy":"product_cat","embeddable":true,"href":"https:\/\/grontkontor.dk\/de\/wp-json\/wp\/v2\/product_cat?post=87587"},{"taxonomy":"product_tag","embeddable":true,"href":"https:\/\/grontkontor.dk\/de\/wp-json\/wp\/v2\/product_tag?post=87587"}],"curies":[{"name":"wp","href":"https:\/\/api.w.org\/{rel}","templated":true}]}}