{"id":87654,"date":"2023-09-22T13:55:58","date_gmt":"2024-05-28T10:08:18","guid":{"rendered":"https:\/\/grontkontor.dk\/shop\/geschenkbox-recycelter-karton-m\/"},"modified":"2024-05-28T12:08:18","modified_gmt":"2024-05-28T10:08:18","slug":"geschenkbox-recycelter-karton-m","status":"publish","type":"product","link":"https:\/\/grontkontor.dk\/de\/shop\/geschenkbox-recycelter-karton-m\/","title":{"rendered":"Geschenkbox aus recyceltem Karton M low"},"content":{"rendered":"<p>Umweltfreundliche wiederverwendbare Geschenkboxen aus braunem Recyclingkarton.<\/p>\n<p>Eine \u00e4sthetische und klimafreundliche Verpackung f\u00fcr Ihre Mitarbeiter- oder Firmengeschenke &#8211; geliefert in Kartons zu 250 St\u00fcck.<\/p>\n<p>Abmessungen: 250 x 210 x 50 mm<\/p>\n<p>Lieferung mit Aufdruck auf dem Deckel f\u00fcr max. 150 x 200 mm<\/p>\n<p>[papir]<\/p>\n<p>&nbsp;<\/p>\n<img loading=\"lazy\" decoding=\"async\" src=\"https:\/\/grontkontor.dk\/wp-content\/uploads\/2021\/02\/genbrug.jpg\" alt=\"Fremstillet af genbrugsmaterialer\" width=\"50\" height=\"50\" class=\"size-full wp-image-23031\" srcset=\"https:\/\/grontkontor.dk\/wp-content\/uploads\/2021\/02\/genbrug.jpg 199w, https:\/\/grontkontor.dk\/wp-content\/uploads\/2021\/02\/genbrug-100x100.jpg 100w\" sizes=\"(max-width: 50px) 100vw, 50px\" \/>\n","protected":false},"excerpt":{"rendered":"<p>Umweltfreundliche wiederverwendbare Geschenkboxen aus braunem Recyclingkarton. Eine \u00e4sthetische und klimafreundliche Verpackung f\u00fcr Ihre Mitarbeiter- oder Firmengeschenke &#8211; geliefert in Kartons zu 250 St\u00fcck. Abmessungen: 250 x 210 x 50 mm Lieferung mit Aufdruck auf dem Deckel f\u00fcr max. 150 x 200 mm [papir] &nbsp;<\/p>\n","protected":false},"featured_media":113378,"comment_status":"closed","ping_status":"closed","template":"","meta":{"_acf_changed":false},"product_cat":[3517,3321,3084],"product_tag":[3639,3712],"class_list":{"0":"post-87654","1":"product","2":"type-product","3":"status-publish","4":"has-post-thumbnail","6":"product_cat-dummy-moq-50-100-de","7":"product_cat-klimafreundliche-werbegeschenke","8":"product_cat-neuheiten","9":"product_tag-geschenkpackung","10":"product_tag-verpackung","11":"tm-has-options","13":"first","14":"instock","15":"taxable","16":"shipping-taxable","17":"purchasable","18":"product-type-simple"},"acf":[],"yoast_head":"<!-- This site is optimized with the Yoast SEO Premium plugin v21.2 (Yoast SEO v21.2) - https:\/\/yoast.com\/wordpress\/plugins\/seo\/ -->\n<title>Geschenkbox aus recyceltem Karton M low - Gr\u00f8nt Kontor<\/title>\n<meta name=\"robots\" content=\"index, follow, max-snippet:-1, max-image-preview:large, max-video-preview:-1\" \/>\n<link rel=\"canonical\" href=\"https:\/\/grontkontor.dk\/de\/shop\/geschenkbox-recycelter-karton-m\/\" \/>\n<meta property=\"og:locale\" content=\"de_DE\" \/>\n<meta property=\"og:type\" content=\"article\" \/>\n<meta property=\"og:title\" content=\"Geschenkbox aus recyceltem Karton M low\" \/>\n<meta property=\"og:description\" content=\"Umweltfreundliche wiederverwendbare Geschenkboxen aus braunem Recyclingkarton. Eine \u00e4sthetische und klimafreundliche Verpackung f\u00fcr Ihre Mitarbeiter- oder Firmengeschenke &#8211; geliefert in Kartons zu 250 St\u00fcck. Abmessungen: 250 x 210 x 50 mm Lieferung mit Aufdruck auf dem Deckel f\u00fcr max. 150 x 200 mm [papir] &nbsp;\" \/>\n<meta property=\"og:url\" content=\"https:\/\/grontkontor.dk\/de\/shop\/geschenkbox-recycelter-karton-m\/\" \/>\n<meta property=\"og:site_name\" content=\"Gr\u00f8nt Kontor\" \/>\n<meta property=\"article:publisher\" content=\"https:\/\/www.facebook.com\/grontkontor.dk\/\" \/>\n<meta property=\"og:image\" content=\"https:\/\/grontkontor.dk\/wp-content\/uploads\/2022\/10\/gaveaeske-genbrugspap-medium.jpg\" \/>\n\t<meta property=\"og:image:width\" content=\"1228\" \/>\n\t<meta property=\"og:image:height\" content=\"872\" \/>\n\t<meta property=\"og:image:type\" content=\"image\/jpeg\" \/>\n<meta name=\"twitter:card\" content=\"summary_large_image\" \/>\n<script type=\"application\/ld+json\" class=\"yoast-schema-graph\">{\"@context\":\"https:\/\/schema.org\",\"@graph\":[{\"@type\":\"WebPage\",\"@id\":\"https:\/\/grontkontor.dk\/de\/shop\/geschenkbox-recycelter-karton-m\/\",\"url\":\"https:\/\/grontkontor.dk\/de\/shop\/geschenkbox-recycelter-karton-m\/\",\"name\":\"Geschenkbox aus recyceltem Karton M low - Gr\u00f8nt Kontor\",\"isPartOf\":{\"@id\":\"https:\/\/grontkontor.dk\/#website\"},\"datePublished\":\"2024-05-28T10:08:18+00:00\",\"dateModified\":\"2024-05-28T10:08:18+00:00\",\"breadcrumb\":{\"@id\":\"https:\/\/grontkontor.dk\/de\/shop\/geschenkbox-recycelter-karton-m\/#breadcrumb\"},\"inLanguage\":\"de\",\"potentialAction\":[{\"@type\":\"ReadAction\",\"target\":[\"https:\/\/grontkontor.dk\/de\/shop\/geschenkbox-recycelter-karton-m\/\"]}]},{\"@type\":\"BreadcrumbList\",\"@id\":\"https:\/\/grontkontor.dk\/de\/shop\/geschenkbox-recycelter-karton-m\/#breadcrumb\",\"itemListElement\":[{\"@type\":\"ListItem\",\"position\":1,\"name\":\"Forside\",\"item\":\"https:\/\/grontkontor.dk\/de\/\"},{\"@type\":\"ListItem\",\"position\":2,\"name\":\"Laden\",\"item\":\"https:\/\/grontkontor.dk\/de\/laden\/\"},{\"@type\":\"ListItem\",\"position\":3,\"name\":\"Dummy MOQ 50-100\",\"item\":\"https:\/\/grontkontor.dk\/de\/produkt-kategori\/dummy-moq-50-100-de\/\"},{\"@type\":\"ListItem\",\"position\":4,\"name\":\"Geschenkbox aus recyceltem Karton M low\"}]},{\"@type\":\"WebSite\",\"@id\":\"https:\/\/grontkontor.dk\/#website\",\"url\":\"https:\/\/grontkontor.dk\/\",\"name\":\"Gr\u00f8nt Kontor\",\"description\":\"Milj\u00f8venlige produkter til kontor og erhverv med fokus p\u00e5 b\u00e6redygtighed, design og fair trade.\",\"publisher\":{\"@id\":\"https:\/\/grontkontor.dk\/#organization\"},\"potentialAction\":[{\"@type\":\"SearchAction\",\"target\":{\"@type\":\"EntryPoint\",\"urlTemplate\":\"https:\/\/grontkontor.dk\/?s={search_term_string}\"},\"query-input\":\"required name=search_term_string\"}],\"inLanguage\":\"de\"},{\"@type\":\"Organization\",\"@id\":\"https:\/\/grontkontor.dk\/#organization\",\"name\":\"Gr\u00f8nt Kontor\",\"url\":\"https:\/\/grontkontor.dk\/\",\"logo\":{\"@type\":\"ImageObject\",\"inLanguage\":\"de\",\"@id\":\"https:\/\/grontkontor.dk\/#\/schema\/logo\/image\/\",\"url\":\"https:\/\/grontkontor.dk\/wp-content\/uploads\/2014\/02\/Logo_groent_kontor_300x80.png\",\"contentUrl\":\"https:\/\/grontkontor.dk\/wp-content\/uploads\/2014\/02\/Logo_groent_kontor_300x80.png\",\"width\":300,\"height\":80,\"caption\":\"Gr\u00f8nt Kontor\"},\"image\":{\"@id\":\"https:\/\/grontkontor.dk\/#\/schema\/logo\/image\/\"},\"sameAs\":[\"https:\/\/www.facebook.com\/grontkontor.dk\/\"]}]}<\/script>\n<!-- \/ Yoast SEO Premium plugin. -->","yoast_head_json":{"title":"Geschenkbox aus recyceltem Karton M low - Gr\u00f8nt Kontor","robots":{"index":"index","follow":"follow","max-snippet":"max-snippet:-1","max-image-preview":"max-image-preview:large","max-video-preview":"max-video-preview:-1"},"canonical":"https:\/\/grontkontor.dk\/de\/shop\/geschenkbox-recycelter-karton-m\/","og_locale":"de_DE","og_type":"article","og_title":"Geschenkbox aus recyceltem Karton M low","og_description":"Umweltfreundliche wiederverwendbare Geschenkboxen aus braunem Recyclingkarton. Eine \u00e4sthetische und klimafreundliche Verpackung f\u00fcr Ihre Mitarbeiter- oder Firmengeschenke &#8211; geliefert in Kartons zu 250 St\u00fcck. Abmessungen: 250 x 210 x 50 mm Lieferung mit Aufdruck auf dem Deckel f\u00fcr max. 150 x 200 mm [papir] &nbsp;","og_url":"https:\/\/grontkontor.dk\/de\/shop\/geschenkbox-recycelter-karton-m\/","og_site_name":"Gr\u00f8nt Kontor","article_publisher":"https:\/\/www.facebook.com\/grontkontor.dk\/","og_image":[{"width":1228,"height":872,"url":"https:\/\/grontkontor.dk\/wp-content\/uploads\/2022\/10\/gaveaeske-genbrugspap-medium.jpg","type":"image\/jpeg"}],"twitter_card":"summary_large_image","schema":{"@context":"https:\/\/schema.org","@graph":[{"@type":"WebPage","@id":"https:\/\/grontkontor.dk\/de\/shop\/geschenkbox-recycelter-karton-m\/","url":"https:\/\/grontkontor.dk\/de\/shop\/geschenkbox-recycelter-karton-m\/","name":"Geschenkbox aus recyceltem Karton M low - Gr\u00f8nt Kontor","isPartOf":{"@id":"https:\/\/grontkontor.dk\/#website"},"datePublished":"2024-05-28T10:08:18+00:00","dateModified":"2024-05-28T10:08:18+00:00","breadcrumb":{"@id":"https:\/\/grontkontor.dk\/de\/shop\/geschenkbox-recycelter-karton-m\/#breadcrumb"},"inLanguage":"de","potentialAction":[{"@type":"ReadAction","target":["https:\/\/grontkontor.dk\/de\/shop\/geschenkbox-recycelter-karton-m\/"]}]},{"@type":"BreadcrumbList","@id":"https:\/\/grontkontor.dk\/de\/shop\/geschenkbox-recycelter-karton-m\/#breadcrumb","itemListElement":[{"@type":"ListItem","position":1,"name":"Forside","item":"https:\/\/grontkontor.dk\/de\/"},{"@type":"ListItem","position":2,"name":"Laden","item":"https:\/\/grontkontor.dk\/de\/laden\/"},{"@type":"ListItem","position":3,"name":"Dummy MOQ 50-100","item":"https:\/\/grontkontor.dk\/de\/produkt-kategori\/dummy-moq-50-100-de\/"},{"@type":"ListItem","position":4,"name":"Geschenkbox aus recyceltem Karton M low"}]},{"@type":"WebSite","@id":"https:\/\/grontkontor.dk\/#website","url":"https:\/\/grontkontor.dk\/","name":"Gr\u00f8nt Kontor","description":"Milj\u00f8venlige produkter til kontor og erhverv med fokus p\u00e5 b\u00e6redygtighed, design og fair trade.","publisher":{"@id":"https:\/\/grontkontor.dk\/#organization"},"potentialAction":[{"@type":"SearchAction","target":{"@type":"EntryPoint","urlTemplate":"https:\/\/grontkontor.dk\/?s={search_term_string}"},"query-input":"required name=search_term_string"}],"inLanguage":"de"},{"@type":"Organization","@id":"https:\/\/grontkontor.dk\/#organization","name":"Gr\u00f8nt Kontor","url":"https:\/\/grontkontor.dk\/","logo":{"@type":"ImageObject","inLanguage":"de","@id":"https:\/\/grontkontor.dk\/#\/schema\/logo\/image\/","url":"https:\/\/grontkontor.dk\/wp-content\/uploads\/2014\/02\/Logo_groent_kontor_300x80.png","contentUrl":"https:\/\/grontkontor.dk\/wp-content\/uploads\/2014\/02\/Logo_groent_kontor_300x80.png","width":300,"height":80,"caption":"Gr\u00f8nt Kontor"},"image":{"@id":"https:\/\/grontkontor.dk\/#\/schema\/logo\/image\/"},"sameAs":["https:\/\/www.facebook.com\/grontkontor.dk\/"]}]}},"_links":{"self":[{"href":"https:\/\/grontkontor.dk\/de\/wp-json\/wp\/v2\/product\/87654"}],"collection":[{"href":"https:\/\/grontkontor.dk\/de\/wp-json\/wp\/v2\/product"}],"about":[{"href":"https:\/\/grontkontor.dk\/de\/wp-json\/wp\/v2\/types\/product"}],"replies":[{"embeddable":true,"href":"https:\/\/grontkontor.dk\/de\/wp-json\/wp\/v2\/comments?post=87654"}],"wp:featuredmedia":[{"embeddable":true,"href":"https:\/\/grontkontor.dk\/de\/wp-json\/wp\/v2\/media\/113378"}],"wp:attachment":[{"href":"https:\/\/grontkontor.dk\/de\/wp-json\/wp\/v2\/media?parent=87654"}],"wp:term":[{"taxonomy":"product_cat","embeddable":true,"href":"https:\/\/grontkontor.dk\/de\/wp-json\/wp\/v2\/product_cat?post=87654"},{"taxonomy":"product_tag","embeddable":true,"href":"https:\/\/grontkontor.dk\/de\/wp-json\/wp\/v2\/product_tag?post=87654"}],"curies":[{"name":"wp","href":"https:\/\/api.w.org\/{rel}","templated":true}]}}