{"id":87733,"date":"2023-09-22T13:54:14","date_gmt":"2024-05-28T10:10:45","guid":{"rendered":"https:\/\/grontkontor.dk\/shop\/umweltfreundliche-tragetasche-aus-recyclingpapier\/"},"modified":"2024-08-27T11:04:33","modified_gmt":"2024-08-27T09:04:33","slug":"umweltfreundliche-tragetasche-aus-recyclingpapier","status":"publish","type":"product","link":"https:\/\/grontkontor.dk\/de\/shop\/umweltfreundliche-tragetasche-aus-recyclingpapier\/","title":{"rendered":"Umweltfreundliche Tragetasche aus recyceltem Papier 8,5 l"},"content":{"rendered":"<p>Umweltfreundliche Papiert\u00fcte aus recyceltem PEFC-zertifiziertem Papier, 100 gr. Die Tasche hat verst\u00e4rkte Griffe und hat eine Tragf\u00e4higkeit von bis zu 7 kg. Eine gute und klimafreundliche Alternative zu herk\u00f6mmlichen Plastikt\u00fcten. &nbsp;<\/p>\n<p>[PEFC_s] [ce_s]<\/p>\n<p><img loading=\"lazy\" decoding=\"async\" src=\"https:\/\/grontkontor.dk\/wp-content\/uploads\/2021\/02\/genbrug.jpg\" alt=\"Fremstillet af genbrugsmaterialer\" width=\"50\" height=\"50\" class=\"size-full wp-image-23031\" srcset=\"https:\/\/grontkontor.dk\/wp-content\/uploads\/2021\/02\/genbrug.jpg 199w, https:\/\/grontkontor.dk\/wp-content\/uploads\/2021\/02\/genbrug-100x100.jpg 100w\" sizes=\"(max-width: 50px) 100vw, 50px\" \/> <a href=\"https:\/\/bettergreen.dk\/fsc-certificering-pefc-certificering\/\" rel=\"noopener\" target=\"_blank\"><img loading=\"lazy\" decoding=\"async\" src=\"https:\/\/grontkontor.dk\/wp-content\/uploads\/2016\/11\/pefc-certificeret.jpg\" alt=\"Dette produkt er PEFC certificeret\" width=\"47\" height=\"50\" class=\"size-full wp-image-23527\" \/> <\/a> <img loading=\"lazy\" decoding=\"async\" class=\"size-full wp-image-24814\" src=\"https:\/\/grontkontor.dk\/wp-content\/uploads\/2021\/06\/ce-certificeret.jpg\" alt=\"CE Certificeret\" width=\"50\" height=\"50\" srcset=\"https:\/\/grontkontor.dk\/wp-content\/uploads\/2021\/06\/ce-certificeret.jpg 209w, https:\/\/grontkontor.dk\/wp-content\/uploads\/2021\/06\/ce-certificeret-100x100.jpg 100w, https:\/\/grontkontor.dk\/wp-content\/uploads\/2021\/06\/ce-certificeret-150x150.jpg 150w\" sizes=\"(max-width: 50px) 100vw, 50px\" \/><\/p>\n","protected":false},"excerpt":{"rendered":"<p>Umweltfreundliche Papiert\u00fcte aus recyceltem PEFC-zertifiziertem Papier, 100 gr. Die Tasche hat verst\u00e4rkte Griffe und hat eine Tragf\u00e4higkeit von bis zu 7 kg. Eine gute und klimafreundliche Alternative zu herk\u00f6mmlichen Plastikt\u00fcten. &nbsp; [PEFC_s] [ce_s]<\/p>\n","protected":false},"featured_media":113251,"comment_status":"closed","ping_status":"closed","template":"","meta":{"_acf_changed":false},"product_cat":[3089,4449,3084,3083,3622,3323,3512,3341],"product_tag":[3970,3623,3342],"class_list":{"0":"post-87733","1":"product","2":"type-product","3":"status-publish","4":"has-post-thumbnail","6":"product_cat-dummy-moq-10-50-de","7":"product_cat-geschenktueten-und-geschenkboxen","8":"product_cat-neuheiten","9":"product_cat-nature-recyclingpapier","10":"product_cat-papiertueten","11":"product_cat-produktserien","12":"product_cat-taschen-tueten-und-huellen","13":"product_cat-stofftaschen","14":"product_tag-papiertuete","15":"product_tag-saecke","16":"product_tag-tragetasche","17":"tm-has-options","19":"first","20":"instock","21":"taxable","22":"shipping-taxable","23":"purchasable","24":"product-type-simple"},"acf":[],"yoast_head":"<!-- This site is optimized with the Yoast SEO Premium plugin v21.2 (Yoast SEO v21.2) - https:\/\/yoast.com\/wordpress\/plugins\/seo\/ -->\n<title>Umweltfreundliche Tragetasche aus recyceltem Papier 8,5 l - Gr\u00f8nt Kontor<\/title>\n<meta name=\"robots\" content=\"index, follow, max-snippet:-1, max-image-preview:large, max-video-preview:-1\" \/>\n<link rel=\"canonical\" href=\"https:\/\/grontkontor.dk\/de\/shop\/umweltfreundliche-tragetasche-aus-recyclingpapier\/\" \/>\n<meta property=\"og:locale\" content=\"de_DE\" \/>\n<meta property=\"og:type\" content=\"article\" \/>\n<meta property=\"og:title\" content=\"Umweltfreundliche Tragetasche aus recyceltem Papier 8,5 l\" \/>\n<meta property=\"og:description\" content=\"Umweltfreundliche Papiert\u00fcte aus recyceltem PEFC-zertifiziertem Papier, 100 gr. Die Tasche hat verst\u00e4rkte Griffe und hat eine Tragf\u00e4higkeit von bis zu 7 kg. Eine gute und klimafreundliche Alternative zu herk\u00f6mmlichen Plastikt\u00fcten. &nbsp; [PEFC_s] [ce_s]\" \/>\n<meta property=\"og:url\" content=\"https:\/\/grontkontor.dk\/de\/shop\/umweltfreundliche-tragetasche-aus-recyclingpapier\/\" \/>\n<meta property=\"og:site_name\" content=\"Gr\u00f8nt Kontor\" \/>\n<meta property=\"article:publisher\" content=\"https:\/\/www.facebook.com\/grontkontor.dk\/\" \/>\n<meta property=\"article:modified_time\" content=\"2024-08-27T09:04:33+00:00\" \/>\n<meta property=\"og:image\" content=\"https:\/\/grontkontor.dk\/wp-content\/uploads\/2022\/05\/miljoevenlig-pose-genanvendt-papir-01.jpg\" \/>\n\t<meta property=\"og:image:width\" content=\"900\" \/>\n\t<meta property=\"og:image:height\" content=\"639\" \/>\n\t<meta property=\"og:image:type\" content=\"image\/jpeg\" \/>\n<meta name=\"twitter:card\" content=\"summary_large_image\" \/>\n<script type=\"application\/ld+json\" class=\"yoast-schema-graph\">{\"@context\":\"https:\/\/schema.org\",\"@graph\":[{\"@type\":\"WebPage\",\"@id\":\"https:\/\/grontkontor.dk\/de\/shop\/umweltfreundliche-tragetasche-aus-recyclingpapier\/\",\"url\":\"https:\/\/grontkontor.dk\/de\/shop\/umweltfreundliche-tragetasche-aus-recyclingpapier\/\",\"name\":\"Umweltfreundliche Tragetasche aus recyceltem Papier 8,5 l - Gr\u00f8nt Kontor\",\"isPartOf\":{\"@id\":\"https:\/\/grontkontor.dk\/#website\"},\"datePublished\":\"2024-05-28T10:10:45+00:00\",\"dateModified\":\"2024-08-27T09:04:33+00:00\",\"breadcrumb\":{\"@id\":\"https:\/\/grontkontor.dk\/de\/shop\/umweltfreundliche-tragetasche-aus-recyclingpapier\/#breadcrumb\"},\"inLanguage\":\"de\",\"potentialAction\":[{\"@type\":\"ReadAction\",\"target\":[\"https:\/\/grontkontor.dk\/de\/shop\/umweltfreundliche-tragetasche-aus-recyclingpapier\/\"]}]},{\"@type\":\"BreadcrumbList\",\"@id\":\"https:\/\/grontkontor.dk\/de\/shop\/umweltfreundliche-tragetasche-aus-recyclingpapier\/#breadcrumb\",\"itemListElement\":[{\"@type\":\"ListItem\",\"position\":1,\"name\":\"Forside\",\"item\":\"https:\/\/grontkontor.dk\/de\/\"},{\"@type\":\"ListItem\",\"position\":2,\"name\":\"Laden\",\"item\":\"https:\/\/grontkontor.dk\/de\/laden\/\"},{\"@type\":\"ListItem\",\"position\":3,\"name\":\"Poser, tasker og covers\",\"item\":\"https:\/\/grontkontor.dk\/produkt-kategori\/poser-tasker-covers\/\"},{\"@type\":\"ListItem\",\"position\":4,\"name\":\"B\u00e6reposer\",\"item\":\"https:\/\/grontkontor.dk\/produkt-kategori\/poser-tasker-covers\/baereposer\/\"},{\"@type\":\"ListItem\",\"position\":5,\"name\":\"Umweltfreundliche Tragetasche aus recyceltem Papier 8,5 l\"}]},{\"@type\":\"WebSite\",\"@id\":\"https:\/\/grontkontor.dk\/#website\",\"url\":\"https:\/\/grontkontor.dk\/\",\"name\":\"Gr\u00f8nt Kontor\",\"description\":\"Milj\u00f8venlige produkter til kontor og erhverv med fokus p\u00e5 b\u00e6redygtighed, design og fair trade.\",\"publisher\":{\"@id\":\"https:\/\/grontkontor.dk\/#organization\"},\"potentialAction\":[{\"@type\":\"SearchAction\",\"target\":{\"@type\":\"EntryPoint\",\"urlTemplate\":\"https:\/\/grontkontor.dk\/?s={search_term_string}\"},\"query-input\":\"required name=search_term_string\"}],\"inLanguage\":\"de\"},{\"@type\":\"Organization\",\"@id\":\"https:\/\/grontkontor.dk\/#organization\",\"name\":\"Gr\u00f8nt Kontor\",\"url\":\"https:\/\/grontkontor.dk\/\",\"logo\":{\"@type\":\"ImageObject\",\"inLanguage\":\"de\",\"@id\":\"https:\/\/grontkontor.dk\/#\/schema\/logo\/image\/\",\"url\":\"https:\/\/grontkontor.dk\/wp-content\/uploads\/2014\/02\/Logo_groent_kontor_300x80.png\",\"contentUrl\":\"https:\/\/grontkontor.dk\/wp-content\/uploads\/2014\/02\/Logo_groent_kontor_300x80.png\",\"width\":300,\"height\":80,\"caption\":\"Gr\u00f8nt Kontor\"},\"image\":{\"@id\":\"https:\/\/grontkontor.dk\/#\/schema\/logo\/image\/\"},\"sameAs\":[\"https:\/\/www.facebook.com\/grontkontor.dk\/\"]}]}<\/script>\n<!-- \/ Yoast SEO Premium plugin. -->","yoast_head_json":{"title":"Umweltfreundliche Tragetasche aus recyceltem Papier 8,5 l - Gr\u00f8nt Kontor","robots":{"index":"index","follow":"follow","max-snippet":"max-snippet:-1","max-image-preview":"max-image-preview:large","max-video-preview":"max-video-preview:-1"},"canonical":"https:\/\/grontkontor.dk\/de\/shop\/umweltfreundliche-tragetasche-aus-recyclingpapier\/","og_locale":"de_DE","og_type":"article","og_title":"Umweltfreundliche Tragetasche aus recyceltem Papier 8,5 l","og_description":"Umweltfreundliche Papiert\u00fcte aus recyceltem PEFC-zertifiziertem Papier, 100 gr. Die Tasche hat verst\u00e4rkte Griffe und hat eine Tragf\u00e4higkeit von bis zu 7 kg. Eine gute und klimafreundliche Alternative zu herk\u00f6mmlichen Plastikt\u00fcten. &nbsp; [PEFC_s] [ce_s]","og_url":"https:\/\/grontkontor.dk\/de\/shop\/umweltfreundliche-tragetasche-aus-recyclingpapier\/","og_site_name":"Gr\u00f8nt Kontor","article_publisher":"https:\/\/www.facebook.com\/grontkontor.dk\/","article_modified_time":"2024-08-27T09:04:33+00:00","og_image":[{"width":900,"height":639,"url":"https:\/\/grontkontor.dk\/wp-content\/uploads\/2022\/05\/miljoevenlig-pose-genanvendt-papir-01.jpg","type":"image\/jpeg"}],"twitter_card":"summary_large_image","schema":{"@context":"https:\/\/schema.org","@graph":[{"@type":"WebPage","@id":"https:\/\/grontkontor.dk\/de\/shop\/umweltfreundliche-tragetasche-aus-recyclingpapier\/","url":"https:\/\/grontkontor.dk\/de\/shop\/umweltfreundliche-tragetasche-aus-recyclingpapier\/","name":"Umweltfreundliche Tragetasche aus recyceltem Papier 8,5 l - Gr\u00f8nt Kontor","isPartOf":{"@id":"https:\/\/grontkontor.dk\/#website"},"datePublished":"2024-05-28T10:10:45+00:00","dateModified":"2024-08-27T09:04:33+00:00","breadcrumb":{"@id":"https:\/\/grontkontor.dk\/de\/shop\/umweltfreundliche-tragetasche-aus-recyclingpapier\/#breadcrumb"},"inLanguage":"de","potentialAction":[{"@type":"ReadAction","target":["https:\/\/grontkontor.dk\/de\/shop\/umweltfreundliche-tragetasche-aus-recyclingpapier\/"]}]},{"@type":"BreadcrumbList","@id":"https:\/\/grontkontor.dk\/de\/shop\/umweltfreundliche-tragetasche-aus-recyclingpapier\/#breadcrumb","itemListElement":[{"@type":"ListItem","position":1,"name":"Forside","item":"https:\/\/grontkontor.dk\/de\/"},{"@type":"ListItem","position":2,"name":"Laden","item":"https:\/\/grontkontor.dk\/de\/laden\/"},{"@type":"ListItem","position":3,"name":"Poser, tasker og covers","item":"https:\/\/grontkontor.dk\/produkt-kategori\/poser-tasker-covers\/"},{"@type":"ListItem","position":4,"name":"B\u00e6reposer","item":"https:\/\/grontkontor.dk\/produkt-kategori\/poser-tasker-covers\/baereposer\/"},{"@type":"ListItem","position":5,"name":"Umweltfreundliche Tragetasche aus recyceltem Papier 8,5 l"}]},{"@type":"WebSite","@id":"https:\/\/grontkontor.dk\/#website","url":"https:\/\/grontkontor.dk\/","name":"Gr\u00f8nt Kontor","description":"Milj\u00f8venlige produkter til kontor og erhverv med fokus p\u00e5 b\u00e6redygtighed, design og fair trade.","publisher":{"@id":"https:\/\/grontkontor.dk\/#organization"},"potentialAction":[{"@type":"SearchAction","target":{"@type":"EntryPoint","urlTemplate":"https:\/\/grontkontor.dk\/?s={search_term_string}"},"query-input":"required name=search_term_string"}],"inLanguage":"de"},{"@type":"Organization","@id":"https:\/\/grontkontor.dk\/#organization","name":"Gr\u00f8nt Kontor","url":"https:\/\/grontkontor.dk\/","logo":{"@type":"ImageObject","inLanguage":"de","@id":"https:\/\/grontkontor.dk\/#\/schema\/logo\/image\/","url":"https:\/\/grontkontor.dk\/wp-content\/uploads\/2014\/02\/Logo_groent_kontor_300x80.png","contentUrl":"https:\/\/grontkontor.dk\/wp-content\/uploads\/2014\/02\/Logo_groent_kontor_300x80.png","width":300,"height":80,"caption":"Gr\u00f8nt Kontor"},"image":{"@id":"https:\/\/grontkontor.dk\/#\/schema\/logo\/image\/"},"sameAs":["https:\/\/www.facebook.com\/grontkontor.dk\/"]}]}},"_links":{"self":[{"href":"https:\/\/grontkontor.dk\/de\/wp-json\/wp\/v2\/product\/87733"}],"collection":[{"href":"https:\/\/grontkontor.dk\/de\/wp-json\/wp\/v2\/product"}],"about":[{"href":"https:\/\/grontkontor.dk\/de\/wp-json\/wp\/v2\/types\/product"}],"replies":[{"embeddable":true,"href":"https:\/\/grontkontor.dk\/de\/wp-json\/wp\/v2\/comments?post=87733"}],"wp:featuredmedia":[{"embeddable":true,"href":"https:\/\/grontkontor.dk\/de\/wp-json\/wp\/v2\/media\/113251"}],"wp:attachment":[{"href":"https:\/\/grontkontor.dk\/de\/wp-json\/wp\/v2\/media?parent=87733"}],"wp:term":[{"taxonomy":"product_cat","embeddable":true,"href":"https:\/\/grontkontor.dk\/de\/wp-json\/wp\/v2\/product_cat?post=87733"},{"taxonomy":"product_tag","embeddable":true,"href":"https:\/\/grontkontor.dk\/de\/wp-json\/wp\/v2\/product_tag?post=87733"}],"curies":[{"name":"wp","href":"https:\/\/api.w.org\/{rel}","templated":true}]}}