{"id":87755,"date":"2023-09-22T13:54:14","date_gmt":"2024-05-28T10:10:48","guid":{"rendered":"https:\/\/grontkontor.dk\/shop\/tragetasche-aus-bio-baumwolle-140-g-slash-m2\/"},"modified":"2024-05-28T12:10:48","modified_gmt":"2024-05-28T10:10:48","slug":"tragetasche-aus-bio-baumwolle-140-g-slash-m2","status":"publish","type":"product","link":"https:\/\/grontkontor.dk\/de\/shop\/tragetasche-aus-bio-baumwolle-140-g-slash-m2\/","title":{"rendered":"Tragetasche aus Bio-Baumwolle 140 g\/m\u00b2"},"content":{"rendered":"<p>Smarte, flippige und klimafreundliche Tragetasche aus 100% GOTS-zertifizierter Bio-Baumwolle, 140 g\/m\u00b2. Die Tragetasche hat eine Tragkraft von bis zu 8 kg. Ausgestattet mit verst\u00e4rkten 70 cm langen Griffen. Erh\u00e4ltlich in mehreren sch\u00f6nen Farben. Ein sch\u00f6nes umweltfreundliches Werbegeschenk, das sich f\u00fcr die Handhabung Ihrer Handouts auf einer Messe oder Veranstaltung eignet. M\u00f6glichkeit des Drucks auf der Vorder- und R\u00fcckseite. Wir empfehlen Transferdruck oder Doppelsiebdruck auf den farbigen Beuteln.  [oekobomuld] [gots_s]   <a href=\"https:\/\/www.eco-branding.dk\/miljoemaerkning\/gots.aspx\" rel=\"noopener\" target=\"_blank\"><img loading=\"lazy\" decoding=\"async\" class=\"size-full wp-image-12808\" src=\"https:\/\/grontkontor.dk\/wp-content\/uploads\/2019\/04\/gots-certificeret.jpg\" \n   alt=\"Gots certificeret - din garanti for, at produktet indeholder mindst 70% ?kologisk bomuld\"  description=\"Gots certificeret - din garanti for, at produktet indeholder mindst 70% ?kologisk bomuld\" width=\"50\" height=\"50\" \n\t border=0 \/><\/a><\/p>\n","protected":false},"excerpt":{"rendered":"<p>Smarte, flippige und klimafreundliche Tragetasche aus 100% GOTS-zertifizierter Bio-Baumwolle, 140 g\/m\u00b2. Die Tragetasche hat eine Tragkraft von bis zu 8 kg. Ausgestattet mit verst\u00e4rkten 70 cm langen Griffen. Erh\u00e4ltlich in mehreren sch\u00f6nen Farben. Ein sch\u00f6nes umweltfreundliches Werbegeschenk, das sich f\u00fcr die Handhabung Ihrer Handouts auf einer Messe oder Veranstaltung eignet. M\u00f6glichkeit des Drucks auf der [&hellip;]<\/p>\n","protected":false},"featured_media":113267,"comment_status":"closed","ping_status":"closed","template":"","meta":{"_acf_changed":false},"product_cat":[3517,4449,3084,3512,3341],"product_tag":[3518,3957,4683,3345,3342,4685,4684],"class_list":{"0":"post-87755","1":"product","2":"type-product","3":"status-publish","4":"has-post-thumbnail","6":"product_cat-dummy-moq-50-100-de","7":"product_cat-geschenktueten-und-geschenkboxen","8":"product_cat-neuheiten","9":"product_cat-taschen-tueten-und-huellen","10":"product_cat-stofftaschen","11":"product_tag-baumwolltasche","12":"product_tag-tasche-aus-bio-baumwolle","13":"product_tag-taschen-aus-baumwolle","14":"product_tag-tragetasche-de","15":"product_tag-tragetasche","16":"product_tag-tragetaschen-de","17":"product_tag-tragetaschen","18":"tm-has-options","20":"first","21":"instock","22":"sale","23":"taxable","24":"shipping-taxable","25":"purchasable","26":"product-type-variable","27":"has-default-attributes"},"acf":[],"yoast_head":"<!-- This site is optimized with the Yoast SEO Premium plugin v21.2 (Yoast SEO v21.2) - https:\/\/yoast.com\/wordpress\/plugins\/seo\/ -->\n<title>Tragetasche aus Bio-Baumwolle 140 g\/m\u00b2 - Gr\u00f8nt Kontor<\/title>\n<meta name=\"robots\" content=\"index, follow, max-snippet:-1, max-image-preview:large, max-video-preview:-1\" \/>\n<link rel=\"canonical\" href=\"https:\/\/grontkontor.dk\/shop\/mulepose-i-oekologisk-bomuld-140-gsm\/\" \/>\n<meta property=\"og:locale\" content=\"de_DE\" \/>\n<meta property=\"og:type\" content=\"article\" \/>\n<meta property=\"og:title\" content=\"Tragetasche aus Bio-Baumwolle 140 g\/m\u00b2\" \/>\n<meta property=\"og:description\" content=\"Smarte, flippige und klimafreundliche Tragetasche aus 100% GOTS-zertifizierter Bio-Baumwolle, 140 g\/m\u00b2. Die Tragetasche hat eine Tragkraft von bis zu 8 kg. Ausgestattet mit verst\u00e4rkten 70 cm langen Griffen. Erh\u00e4ltlich in mehreren sch\u00f6nen Farben. Ein sch\u00f6nes umweltfreundliches Werbegeschenk, das sich f\u00fcr die Handhabung Ihrer Handouts auf einer Messe oder Veranstaltung eignet. M\u00f6glichkeit des Drucks auf der [&hellip;]\" \/>\n<meta property=\"og:url\" content=\"https:\/\/grontkontor.dk\/shop\/mulepose-i-oekologisk-bomuld-140-gsm\/\" \/>\n<meta property=\"og:site_name\" content=\"Gr\u00f8nt Kontor\" \/>\n<meta property=\"article:publisher\" content=\"https:\/\/www.facebook.com\/grontkontor.dk\/\" \/>\n<meta property=\"og:image\" content=\"https:\/\/grontkontor.dk\/wp-content\/uploads\/2022\/06\/GOTS-certificeret-mulepose.jpg\" \/>\n\t<meta property=\"og:image:width\" content=\"900\" \/>\n\t<meta property=\"og:image:height\" content=\"639\" \/>\n\t<meta property=\"og:image:type\" content=\"image\/jpeg\" \/>\n<meta name=\"twitter:card\" content=\"summary_large_image\" \/>\n<script type=\"application\/ld+json\" class=\"yoast-schema-graph\">{\"@context\":\"https:\/\/schema.org\",\"@graph\":[{\"@type\":\"WebPage\",\"@id\":\"https:\/\/grontkontor.dk\/shop\/mulepose-i-oekologisk-bomuld-140-gsm\/\",\"url\":\"https:\/\/grontkontor.dk\/shop\/mulepose-i-oekologisk-bomuld-140-gsm\/\",\"name\":\"Tragetasche aus Bio-Baumwolle 140 g\/m\u00b2 - Gr\u00f8nt Kontor\",\"isPartOf\":{\"@id\":\"https:\/\/grontkontor.dk\/#website\"},\"datePublished\":\"2024-05-28T10:10:48+00:00\",\"dateModified\":\"2024-05-28T10:10:48+00:00\",\"breadcrumb\":{\"@id\":\"https:\/\/grontkontor.dk\/shop\/mulepose-i-oekologisk-bomuld-140-gsm\/#breadcrumb\"},\"inLanguage\":\"de\",\"potentialAction\":[{\"@type\":\"ReadAction\",\"target\":[\"https:\/\/grontkontor.dk\/shop\/mulepose-i-oekologisk-bomuld-140-gsm\/\"]}]},{\"@type\":\"BreadcrumbList\",\"@id\":\"https:\/\/grontkontor.dk\/shop\/mulepose-i-oekologisk-bomuld-140-gsm\/#breadcrumb\",\"itemListElement\":[{\"@type\":\"ListItem\",\"position\":1,\"name\":\"Forside\",\"item\":\"https:\/\/grontkontor.dk\/de\/\"},{\"@type\":\"ListItem\",\"position\":2,\"name\":\"Laden\",\"item\":\"https:\/\/grontkontor.dk\/de\/laden\/\"},{\"@type\":\"ListItem\",\"position\":3,\"name\":\"Klimafreundliche Werbegeschenke\",\"item\":\"https:\/\/grontkontor.dk\/de\/produkt-kategori\/klimafreundliche-werbegeschenke\/\"},{\"@type\":\"ListItem\",\"position\":4,\"name\":\"Geschenkt\u00fcten und Geschenkboxen\",\"item\":\"https:\/\/grontkontor.dk\/de\/produkt-kategori\/klimafreundliche-werbegeschenke\/geschenktueten-und-geschenkboxen\/\"},{\"@type\":\"ListItem\",\"position\":5,\"name\":\"Tragetasche aus Bio-Baumwolle 140 g\/m\u00b2\"}]},{\"@type\":\"WebSite\",\"@id\":\"https:\/\/grontkontor.dk\/#website\",\"url\":\"https:\/\/grontkontor.dk\/\",\"name\":\"Gr\u00f8nt Kontor\",\"description\":\"Milj\u00f8venlige produkter til kontor og erhverv med fokus p\u00e5 b\u00e6redygtighed, design og fair trade.\",\"publisher\":{\"@id\":\"https:\/\/grontkontor.dk\/#organization\"},\"potentialAction\":[{\"@type\":\"SearchAction\",\"target\":{\"@type\":\"EntryPoint\",\"urlTemplate\":\"https:\/\/grontkontor.dk\/?s={search_term_string}\"},\"query-input\":\"required name=search_term_string\"}],\"inLanguage\":\"de\"},{\"@type\":\"Organization\",\"@id\":\"https:\/\/grontkontor.dk\/#organization\",\"name\":\"Gr\u00f8nt Kontor\",\"url\":\"https:\/\/grontkontor.dk\/\",\"logo\":{\"@type\":\"ImageObject\",\"inLanguage\":\"de\",\"@id\":\"https:\/\/grontkontor.dk\/#\/schema\/logo\/image\/\",\"url\":\"https:\/\/grontkontor.dk\/wp-content\/uploads\/2014\/02\/Logo_groent_kontor_300x80.png\",\"contentUrl\":\"https:\/\/grontkontor.dk\/wp-content\/uploads\/2014\/02\/Logo_groent_kontor_300x80.png\",\"width\":300,\"height\":80,\"caption\":\"Gr\u00f8nt Kontor\"},\"image\":{\"@id\":\"https:\/\/grontkontor.dk\/#\/schema\/logo\/image\/\"},\"sameAs\":[\"https:\/\/www.facebook.com\/grontkontor.dk\/\"]}]}<\/script>\n<!-- \/ Yoast SEO Premium plugin. -->","yoast_head_json":{"title":"Tragetasche aus Bio-Baumwolle 140 g\/m\u00b2 - Gr\u00f8nt Kontor","robots":{"index":"index","follow":"follow","max-snippet":"max-snippet:-1","max-image-preview":"max-image-preview:large","max-video-preview":"max-video-preview:-1"},"canonical":"https:\/\/grontkontor.dk\/shop\/mulepose-i-oekologisk-bomuld-140-gsm\/","og_locale":"de_DE","og_type":"article","og_title":"Tragetasche aus Bio-Baumwolle 140 g\/m\u00b2","og_description":"Smarte, flippige und klimafreundliche Tragetasche aus 100% GOTS-zertifizierter Bio-Baumwolle, 140 g\/m\u00b2. Die Tragetasche hat eine Tragkraft von bis zu 8 kg. Ausgestattet mit verst\u00e4rkten 70 cm langen Griffen. Erh\u00e4ltlich in mehreren sch\u00f6nen Farben. Ein sch\u00f6nes umweltfreundliches Werbegeschenk, das sich f\u00fcr die Handhabung Ihrer Handouts auf einer Messe oder Veranstaltung eignet. M\u00f6glichkeit des Drucks auf der [&hellip;]","og_url":"https:\/\/grontkontor.dk\/shop\/mulepose-i-oekologisk-bomuld-140-gsm\/","og_site_name":"Gr\u00f8nt Kontor","article_publisher":"https:\/\/www.facebook.com\/grontkontor.dk\/","og_image":[{"width":900,"height":639,"url":"https:\/\/grontkontor.dk\/wp-content\/uploads\/2022\/06\/GOTS-certificeret-mulepose.jpg","type":"image\/jpeg"}],"twitter_card":"summary_large_image","schema":{"@context":"https:\/\/schema.org","@graph":[{"@type":"WebPage","@id":"https:\/\/grontkontor.dk\/shop\/mulepose-i-oekologisk-bomuld-140-gsm\/","url":"https:\/\/grontkontor.dk\/shop\/mulepose-i-oekologisk-bomuld-140-gsm\/","name":"Tragetasche aus Bio-Baumwolle 140 g\/m\u00b2 - Gr\u00f8nt Kontor","isPartOf":{"@id":"https:\/\/grontkontor.dk\/#website"},"datePublished":"2024-05-28T10:10:48+00:00","dateModified":"2024-05-28T10:10:48+00:00","breadcrumb":{"@id":"https:\/\/grontkontor.dk\/shop\/mulepose-i-oekologisk-bomuld-140-gsm\/#breadcrumb"},"inLanguage":"de","potentialAction":[{"@type":"ReadAction","target":["https:\/\/grontkontor.dk\/shop\/mulepose-i-oekologisk-bomuld-140-gsm\/"]}]},{"@type":"BreadcrumbList","@id":"https:\/\/grontkontor.dk\/shop\/mulepose-i-oekologisk-bomuld-140-gsm\/#breadcrumb","itemListElement":[{"@type":"ListItem","position":1,"name":"Forside","item":"https:\/\/grontkontor.dk\/de\/"},{"@type":"ListItem","position":2,"name":"Laden","item":"https:\/\/grontkontor.dk\/de\/laden\/"},{"@type":"ListItem","position":3,"name":"Klimafreundliche Werbegeschenke","item":"https:\/\/grontkontor.dk\/de\/produkt-kategori\/klimafreundliche-werbegeschenke\/"},{"@type":"ListItem","position":4,"name":"Geschenkt\u00fcten und Geschenkboxen","item":"https:\/\/grontkontor.dk\/de\/produkt-kategori\/klimafreundliche-werbegeschenke\/geschenktueten-und-geschenkboxen\/"},{"@type":"ListItem","position":5,"name":"Tragetasche aus Bio-Baumwolle 140 g\/m\u00b2"}]},{"@type":"WebSite","@id":"https:\/\/grontkontor.dk\/#website","url":"https:\/\/grontkontor.dk\/","name":"Gr\u00f8nt Kontor","description":"Milj\u00f8venlige produkter til kontor og erhverv med fokus p\u00e5 b\u00e6redygtighed, design og fair trade.","publisher":{"@id":"https:\/\/grontkontor.dk\/#organization"},"potentialAction":[{"@type":"SearchAction","target":{"@type":"EntryPoint","urlTemplate":"https:\/\/grontkontor.dk\/?s={search_term_string}"},"query-input":"required name=search_term_string"}],"inLanguage":"de"},{"@type":"Organization","@id":"https:\/\/grontkontor.dk\/#organization","name":"Gr\u00f8nt Kontor","url":"https:\/\/grontkontor.dk\/","logo":{"@type":"ImageObject","inLanguage":"de","@id":"https:\/\/grontkontor.dk\/#\/schema\/logo\/image\/","url":"https:\/\/grontkontor.dk\/wp-content\/uploads\/2014\/02\/Logo_groent_kontor_300x80.png","contentUrl":"https:\/\/grontkontor.dk\/wp-content\/uploads\/2014\/02\/Logo_groent_kontor_300x80.png","width":300,"height":80,"caption":"Gr\u00f8nt Kontor"},"image":{"@id":"https:\/\/grontkontor.dk\/#\/schema\/logo\/image\/"},"sameAs":["https:\/\/www.facebook.com\/grontkontor.dk\/"]}]}},"_links":{"self":[{"href":"https:\/\/grontkontor.dk\/de\/wp-json\/wp\/v2\/product\/87755"}],"collection":[{"href":"https:\/\/grontkontor.dk\/de\/wp-json\/wp\/v2\/product"}],"about":[{"href":"https:\/\/grontkontor.dk\/de\/wp-json\/wp\/v2\/types\/product"}],"replies":[{"embeddable":true,"href":"https:\/\/grontkontor.dk\/de\/wp-json\/wp\/v2\/comments?post=87755"}],"wp:featuredmedia":[{"embeddable":true,"href":"https:\/\/grontkontor.dk\/de\/wp-json\/wp\/v2\/media\/113267"}],"wp:attachment":[{"href":"https:\/\/grontkontor.dk\/de\/wp-json\/wp\/v2\/media?parent=87755"}],"wp:term":[{"taxonomy":"product_cat","embeddable":true,"href":"https:\/\/grontkontor.dk\/de\/wp-json\/wp\/v2\/product_cat?post=87755"},{"taxonomy":"product_tag","embeddable":true,"href":"https:\/\/grontkontor.dk\/de\/wp-json\/wp\/v2\/product_tag?post=87755"}],"curies":[{"name":"wp","href":"https:\/\/api.w.org\/{rel}","templated":true}]}}