{"id":87837,"date":"2023-09-22T13:52:56","date_gmt":"2024-05-28T10:16:44","guid":{"rendered":"https:\/\/grontkontor.dk\/shop\/plastikfreier-eisbeutel-aus-pappe-180ml\/"},"modified":"2024-05-28T12:16:44","modified_gmt":"2024-05-28T10:16:44","slug":"plastikfreier-eisbeutel-aus-pappe-180ml","status":"publish","type":"product","link":"https:\/\/grontkontor.dk\/de\/shop\/plastikfreier-eisbeutel-aus-pappe-180ml\/","title":{"rendered":"Plastikfreier Eisbecher aus Karton 180ml"},"content":{"rendered":"<p>Paper2Paper Eisbecher aus 100% Papier mit Beschichtung auf Wasserbasis. Die Becher bestehen aus Papier und k\u00f6nnen mit normalem Papierm\u00fcll recycelt werden.<\/p>\n<p>Ein klima- und umweltfreundliches Produkt, das in der EU hergestellt und f\u00fcr diesen Zweck zugelassen ist. Der Eisbecher ist [food-c]. Inhalt: 180ml.<\/p>\n<p>HINWEIS: Der Preis beinhaltet Start, Verpackungssteuer und vollfarbigen Logodruck. Sie machen nur die &#8220;flachen&#8221; Designs, und wir k\u00fcmmern uns um den Rest.<\/p>\n<p>Hervorragende Qualit\u00e4t, super g\u00fcnstig und dazu noch klimafreundlich \u2013 win win win.<\/p>\n<p>Entsorgung: Kann mit dem allgemeinen Papierabfall recycelt werden.<\/p>\n<p><img loading=\"lazy\" decoding=\"async\" src=\"https:\/\/grontkontor.dk\/wp-content\/uploads\/2020\/03\/recycable_paper_certificate_2020.jpg\" alt=\"Recyclable paper certificate\" width=\"50\" height=\"50\" class=\"size-full wp-image-35728\" srcset=\"https:\/\/grontkontor.dk\/wp-content\/uploads\/2020\/03\/recycable_paper_certificate_2020.jpg 146w, https:\/\/grontkontor.dk\/wp-content\/uploads\/2020\/03\/recycable_paper_certificate_2020-100x100.jpg 100w\" sizes=\"(max-width: 50px) 100vw, 50px\" \/> <img loading=\"lazy\" decoding=\"async\" class=\"size-medium wp-image-21008\" src=\"https:\/\/grontkontor.dk\/wp-content\/uploads\/2020\/11\/eu-flag_1-300x199.jpg\" alt=\"Fremstillet i EU\" width=\"76\" height=\"50\" srcset=\"https:\/\/grontkontor.dk\/wp-content\/uploads\/2020\/11\/eu-flag_1-300x199.jpg 300w, https:\/\/grontkontor.dk\/wp-content\/uploads\/2020\/11\/eu-flag_1.jpg 530w\" sizes=\"(max-width: 76px) 100vw, 76px\" \/><\/p>\n","protected":false},"excerpt":{"rendered":"<p>Paper2Paper Eisbecher aus 100% Papier mit Beschichtung auf Wasserbasis. Die Becher bestehen aus Papier und k\u00f6nnen mit normalem Papierm\u00fcll recycelt werden. Ein klima- und umweltfreundliches Produkt, das in der EU hergestellt und f\u00fcr diesen Zweck zugelassen ist. Der Eisbecher ist [food-c]. Inhalt: 180ml. HINWEIS: Der Preis beinhaltet Start, Verpackungssteuer und vollfarbigen Logodruck. Sie machen nur [&hellip;]<\/p>\n","protected":false},"featured_media":87847,"comment_status":"closed","ping_status":"closed","template":"","meta":{"_acf_changed":false},"product_cat":[3696,3339,3418,3084],"product_tag":[3698,3697],"class_list":{"0":"post-87837","1":"product","2":"type-product","3":"status-publish","4":"has-post-thumbnail","6":"product_cat-einweg-becher","7":"product_cat-essen-und-trinken","8":"product_cat-messe-und-event","9":"product_cat-neuheiten","10":"product_tag-einwegbecher","11":"product_tag-pappbecher","12":"tm-has-options","14":"first","15":"instock","16":"taxable","17":"shipping-taxable","18":"purchasable","19":"product-type-simple"},"acf":[],"yoast_head":"<!-- This site is optimized with the Yoast SEO Premium plugin v21.2 (Yoast SEO v21.2) - https:\/\/yoast.com\/wordpress\/plugins\/seo\/ -->\n<title>Plastikfreier Eisbecher aus Karton 180ml - Gr\u00f8nt Kontor<\/title>\n<meta name=\"robots\" content=\"index, follow, max-snippet:-1, max-image-preview:large, max-video-preview:-1\" \/>\n<link rel=\"canonical\" href=\"https:\/\/grontkontor.dk\/de\/shop\/plastikfreier-eisbeutel-aus-pappe-180ml\/\" \/>\n<meta property=\"og:locale\" content=\"de_DE\" \/>\n<meta property=\"og:type\" content=\"article\" \/>\n<meta property=\"og:title\" content=\"Plastikfreier Eisbecher aus Karton 180ml\" \/>\n<meta property=\"og:description\" content=\"Paper2Paper Eisbecher aus 100% Papier mit Beschichtung auf Wasserbasis. Die Becher bestehen aus Papier und k\u00f6nnen mit normalem Papierm\u00fcll recycelt werden. Ein klima- und umweltfreundliches Produkt, das in der EU hergestellt und f\u00fcr diesen Zweck zugelassen ist. Der Eisbecher ist [food-c]. Inhalt: 180ml. HINWEIS: Der Preis beinhaltet Start, Verpackungssteuer und vollfarbigen Logodruck. Sie machen nur [&hellip;]\" \/>\n<meta property=\"og:url\" content=\"https:\/\/grontkontor.dk\/de\/shop\/plastikfreier-eisbeutel-aus-pappe-180ml\/\" \/>\n<meta property=\"og:site_name\" content=\"Gr\u00f8nt Kontor\" \/>\n<meta property=\"article:publisher\" content=\"https:\/\/www.facebook.com\/grontkontor.dk\/\" \/>\n<meta name=\"twitter:card\" content=\"summary_large_image\" \/>\n<script type=\"application\/ld+json\" class=\"yoast-schema-graph\">{\"@context\":\"https:\/\/schema.org\",\"@graph\":[{\"@type\":\"WebPage\",\"@id\":\"https:\/\/grontkontor.dk\/de\/shop\/plastikfreier-eisbeutel-aus-pappe-180ml\/\",\"url\":\"https:\/\/grontkontor.dk\/de\/shop\/plastikfreier-eisbeutel-aus-pappe-180ml\/\",\"name\":\"Plastikfreier Eisbecher aus Karton 180ml - Gr\u00f8nt Kontor\",\"isPartOf\":{\"@id\":\"https:\/\/grontkontor.dk\/#website\"},\"datePublished\":\"2024-05-28T10:16:44+00:00\",\"dateModified\":\"2024-05-28T10:16:44+00:00\",\"breadcrumb\":{\"@id\":\"https:\/\/grontkontor.dk\/de\/shop\/plastikfreier-eisbeutel-aus-pappe-180ml\/#breadcrumb\"},\"inLanguage\":\"de\",\"potentialAction\":[{\"@type\":\"ReadAction\",\"target\":[\"https:\/\/grontkontor.dk\/de\/shop\/plastikfreier-eisbeutel-aus-pappe-180ml\/\"]}]},{\"@type\":\"BreadcrumbList\",\"@id\":\"https:\/\/grontkontor.dk\/de\/shop\/plastikfreier-eisbeutel-aus-pappe-180ml\/#breadcrumb\",\"itemListElement\":[{\"@type\":\"ListItem\",\"position\":1,\"name\":\"Forside\",\"item\":\"https:\/\/grontkontor.dk\/de\/\"},{\"@type\":\"ListItem\",\"position\":2,\"name\":\"Laden\",\"item\":\"https:\/\/grontkontor.dk\/de\/laden\/\"},{\"@type\":\"ListItem\",\"position\":3,\"name\":\"Essen und Trinken\",\"item\":\"https:\/\/grontkontor.dk\/de\/produkt-kategori\/essen-und-trinken\/\"},{\"@type\":\"ListItem\",\"position\":4,\"name\":\"Einweg-Becher\",\"item\":\"https:\/\/grontkontor.dk\/de\/produkt-kategori\/essen-und-trinken\/einweg-becher\/\"},{\"@type\":\"ListItem\",\"position\":5,\"name\":\"Plastikfreier Eisbecher aus Karton 180ml\"}]},{\"@type\":\"WebSite\",\"@id\":\"https:\/\/grontkontor.dk\/#website\",\"url\":\"https:\/\/grontkontor.dk\/\",\"name\":\"Gr\u00f8nt Kontor\",\"description\":\"Milj\u00f8venlige produkter til kontor og erhverv med fokus p\u00e5 b\u00e6redygtighed, design og fair trade.\",\"publisher\":{\"@id\":\"https:\/\/grontkontor.dk\/#organization\"},\"potentialAction\":[{\"@type\":\"SearchAction\",\"target\":{\"@type\":\"EntryPoint\",\"urlTemplate\":\"https:\/\/grontkontor.dk\/?s={search_term_string}\"},\"query-input\":\"required name=search_term_string\"}],\"inLanguage\":\"de\"},{\"@type\":\"Organization\",\"@id\":\"https:\/\/grontkontor.dk\/#organization\",\"name\":\"Gr\u00f8nt Kontor\",\"url\":\"https:\/\/grontkontor.dk\/\",\"logo\":{\"@type\":\"ImageObject\",\"inLanguage\":\"de\",\"@id\":\"https:\/\/grontkontor.dk\/#\/schema\/logo\/image\/\",\"url\":\"https:\/\/grontkontor.dk\/wp-content\/uploads\/2014\/02\/Logo_groent_kontor_300x80.png\",\"contentUrl\":\"https:\/\/grontkontor.dk\/wp-content\/uploads\/2014\/02\/Logo_groent_kontor_300x80.png\",\"width\":300,\"height\":80,\"caption\":\"Gr\u00f8nt Kontor\"},\"image\":{\"@id\":\"https:\/\/grontkontor.dk\/#\/schema\/logo\/image\/\"},\"sameAs\":[\"https:\/\/www.facebook.com\/grontkontor.dk\/\"]}]}<\/script>\n<!-- \/ Yoast SEO Premium plugin. -->","yoast_head_json":{"title":"Plastikfreier Eisbecher aus Karton 180ml - Gr\u00f8nt Kontor","robots":{"index":"index","follow":"follow","max-snippet":"max-snippet:-1","max-image-preview":"max-image-preview:large","max-video-preview":"max-video-preview:-1"},"canonical":"https:\/\/grontkontor.dk\/de\/shop\/plastikfreier-eisbeutel-aus-pappe-180ml\/","og_locale":"de_DE","og_type":"article","og_title":"Plastikfreier Eisbecher aus Karton 180ml","og_description":"Paper2Paper Eisbecher aus 100% Papier mit Beschichtung auf Wasserbasis. Die Becher bestehen aus Papier und k\u00f6nnen mit normalem Papierm\u00fcll recycelt werden. Ein klima- und umweltfreundliches Produkt, das in der EU hergestellt und f\u00fcr diesen Zweck zugelassen ist. Der Eisbecher ist [food-c]. Inhalt: 180ml. HINWEIS: Der Preis beinhaltet Start, Verpackungssteuer und vollfarbigen Logodruck. Sie machen nur [&hellip;]","og_url":"https:\/\/grontkontor.dk\/de\/shop\/plastikfreier-eisbeutel-aus-pappe-180ml\/","og_site_name":"Gr\u00f8nt Kontor","article_publisher":"https:\/\/www.facebook.com\/grontkontor.dk\/","twitter_card":"summary_large_image","schema":{"@context":"https:\/\/schema.org","@graph":[{"@type":"WebPage","@id":"https:\/\/grontkontor.dk\/de\/shop\/plastikfreier-eisbeutel-aus-pappe-180ml\/","url":"https:\/\/grontkontor.dk\/de\/shop\/plastikfreier-eisbeutel-aus-pappe-180ml\/","name":"Plastikfreier Eisbecher aus Karton 180ml - Gr\u00f8nt Kontor","isPartOf":{"@id":"https:\/\/grontkontor.dk\/#website"},"datePublished":"2024-05-28T10:16:44+00:00","dateModified":"2024-05-28T10:16:44+00:00","breadcrumb":{"@id":"https:\/\/grontkontor.dk\/de\/shop\/plastikfreier-eisbeutel-aus-pappe-180ml\/#breadcrumb"},"inLanguage":"de","potentialAction":[{"@type":"ReadAction","target":["https:\/\/grontkontor.dk\/de\/shop\/plastikfreier-eisbeutel-aus-pappe-180ml\/"]}]},{"@type":"BreadcrumbList","@id":"https:\/\/grontkontor.dk\/de\/shop\/plastikfreier-eisbeutel-aus-pappe-180ml\/#breadcrumb","itemListElement":[{"@type":"ListItem","position":1,"name":"Forside","item":"https:\/\/grontkontor.dk\/de\/"},{"@type":"ListItem","position":2,"name":"Laden","item":"https:\/\/grontkontor.dk\/de\/laden\/"},{"@type":"ListItem","position":3,"name":"Essen und Trinken","item":"https:\/\/grontkontor.dk\/de\/produkt-kategori\/essen-und-trinken\/"},{"@type":"ListItem","position":4,"name":"Einweg-Becher","item":"https:\/\/grontkontor.dk\/de\/produkt-kategori\/essen-und-trinken\/einweg-becher\/"},{"@type":"ListItem","position":5,"name":"Plastikfreier Eisbecher aus Karton 180ml"}]},{"@type":"WebSite","@id":"https:\/\/grontkontor.dk\/#website","url":"https:\/\/grontkontor.dk\/","name":"Gr\u00f8nt Kontor","description":"Milj\u00f8venlige produkter til kontor og erhverv med fokus p\u00e5 b\u00e6redygtighed, design og fair trade.","publisher":{"@id":"https:\/\/grontkontor.dk\/#organization"},"potentialAction":[{"@type":"SearchAction","target":{"@type":"EntryPoint","urlTemplate":"https:\/\/grontkontor.dk\/?s={search_term_string}"},"query-input":"required name=search_term_string"}],"inLanguage":"de"},{"@type":"Organization","@id":"https:\/\/grontkontor.dk\/#organization","name":"Gr\u00f8nt Kontor","url":"https:\/\/grontkontor.dk\/","logo":{"@type":"ImageObject","inLanguage":"de","@id":"https:\/\/grontkontor.dk\/#\/schema\/logo\/image\/","url":"https:\/\/grontkontor.dk\/wp-content\/uploads\/2014\/02\/Logo_groent_kontor_300x80.png","contentUrl":"https:\/\/grontkontor.dk\/wp-content\/uploads\/2014\/02\/Logo_groent_kontor_300x80.png","width":300,"height":80,"caption":"Gr\u00f8nt Kontor"},"image":{"@id":"https:\/\/grontkontor.dk\/#\/schema\/logo\/image\/"},"sameAs":["https:\/\/www.facebook.com\/grontkontor.dk\/"]}]}},"_links":{"self":[{"href":"https:\/\/grontkontor.dk\/de\/wp-json\/wp\/v2\/product\/87837"}],"collection":[{"href":"https:\/\/grontkontor.dk\/de\/wp-json\/wp\/v2\/product"}],"about":[{"href":"https:\/\/grontkontor.dk\/de\/wp-json\/wp\/v2\/types\/product"}],"replies":[{"embeddable":true,"href":"https:\/\/grontkontor.dk\/de\/wp-json\/wp\/v2\/comments?post=87837"}],"wp:featuredmedia":[{"embeddable":true,"href":"https:\/\/grontkontor.dk\/de\/wp-json\/wp\/v2\/media\/87847"}],"wp:attachment":[{"href":"https:\/\/grontkontor.dk\/de\/wp-json\/wp\/v2\/media?parent=87837"}],"wp:term":[{"taxonomy":"product_cat","embeddable":true,"href":"https:\/\/grontkontor.dk\/de\/wp-json\/wp\/v2\/product_cat?post=87837"},{"taxonomy":"product_tag","embeddable":true,"href":"https:\/\/grontkontor.dk\/de\/wp-json\/wp\/v2\/product_tag?post=87837"}],"curies":[{"name":"wp","href":"https:\/\/api.w.org\/{rel}","templated":true}]}}