{"id":87838,"date":"2023-09-22T13:52:24","date_gmt":"2024-05-28T10:16:44","guid":{"rendered":"https:\/\/grontkontor.dk\/shop\/nachhaltiger-untersetzer-aus-leder\/"},"modified":"2024-05-28T12:16:44","modified_gmt":"2024-05-28T10:16:44","slug":"nachhaltiger-untersetzer-aus-leder","status":"publish","type":"product","link":"https:\/\/grontkontor.dk\/de\/shop\/nachhaltiger-untersetzer-aus-leder\/","title":{"rendered":"Klimafreundlicher Lederuntersetzer"},"content":{"rendered":"<p>Stylischer und klimafreundlicher Untersetzer aus Leder in Schweden. Wundersch\u00f6n gestalteter umweltfreundlicher Untersetzer, perfekt als Firmengeschenk. Geeignet f\u00fcr Caf\u00e9, Restaurant und den privaten Gebrauch sowie als sch\u00f6nes Mitarbeitergeschenk. Kann mit oder ohne Gravur bestellt werden.<\/p>\n<p>Mindestbestellmenge: 10 Stk. Bestellen Sie ein unverbindliches Angebot f\u00fcr die Lasergravur bei <a class=\"light\" href=\"mailto:jens@grontkontor.dk\">jens@grontkontor.dk<\/a><\/p>\n<img loading=\"lazy\" decoding=\"async\" class=\"size-medium wp-image-21008\" src=\"https:\/\/grontkontor.dk\/wp-content\/uploads\/2020\/11\/eu-flag_1-300x199.jpg\" alt=\"Fremstillet i EU\" width=\"76\" height=\"50\" srcset=\"https:\/\/grontkontor.dk\/wp-content\/uploads\/2020\/11\/eu-flag_1-300x199.jpg 300w, https:\/\/grontkontor.dk\/wp-content\/uploads\/2020\/11\/eu-flag_1.jpg 530w\" sizes=\"(max-width: 76px) 100vw, 76px\" \/>\n","protected":false},"excerpt":{"rendered":"<p>Stylischer und klimafreundlicher Untersetzer aus Leder in Schweden. Wundersch\u00f6n gestalteter umweltfreundlicher Untersetzer, perfekt als Firmengeschenk. Geeignet f\u00fcr Caf\u00e9, Restaurant und den privaten Gebrauch sowie als sch\u00f6nes Mitarbeitergeschenk. Kann mit oder ohne Gravur bestellt werden. Mindestbestellmenge: 10 Stk. Bestellen Sie ein unverbindliches Angebot f\u00fcr die Lasergravur bei jens@grontkontor.dk<\/p>\n","protected":false},"featured_media":87842,"comment_status":"closed","ping_status":"closed","template":"","meta":{"_acf_changed":false},"product_cat":[3325,3339,3466,3084],"product_tag":[3757],"class_list":{"0":"post-87838","1":"product","2":"type-product","3":"status-publish","4":"has-post-thumbnail","6":"product_cat-dummy-moq-1-de","7":"product_cat-essen-und-trinken","8":"product_cat-hotel-restaurant","9":"product_cat-neuheiten","10":"product_tag-untersetzer","11":"tm-has-options","13":"first","14":"instock","15":"taxable","16":"shipping-taxable","17":"purchasable","18":"product-type-simple"},"acf":[],"yoast_head":"<!-- This site is optimized with the Yoast SEO Premium plugin v21.2 (Yoast SEO v21.2) - https:\/\/yoast.com\/wordpress\/plugins\/seo\/ -->\n<title>Klimafreundlicher Lederuntersetzer - Gr\u00f8nt Kontor<\/title>\n<meta name=\"robots\" content=\"index, follow, max-snippet:-1, max-image-preview:large, max-video-preview:-1\" \/>\n<link rel=\"canonical\" href=\"https:\/\/grontkontor.dk\/de\/shop\/nachhaltiger-untersetzer-aus-leder\/\" \/>\n<meta property=\"og:locale\" content=\"de_DE\" \/>\n<meta property=\"og:type\" content=\"article\" \/>\n<meta property=\"og:title\" content=\"Klimafreundlicher Lederuntersetzer\" \/>\n<meta property=\"og:description\" content=\"Stylischer und klimafreundlicher Untersetzer aus Leder in Schweden. Wundersch\u00f6n gestalteter umweltfreundlicher Untersetzer, perfekt als Firmengeschenk. Geeignet f\u00fcr Caf\u00e9, Restaurant und den privaten Gebrauch sowie als sch\u00f6nes Mitarbeitergeschenk. Kann mit oder ohne Gravur bestellt werden. Mindestbestellmenge: 10 Stk. Bestellen Sie ein unverbindliches Angebot f\u00fcr die Lasergravur bei jens@grontkontor.dk\" \/>\n<meta property=\"og:url\" content=\"https:\/\/grontkontor.dk\/de\/shop\/nachhaltiger-untersetzer-aus-leder\/\" \/>\n<meta property=\"og:site_name\" content=\"Gr\u00f8nt Kontor\" \/>\n<meta property=\"article:publisher\" content=\"https:\/\/www.facebook.com\/grontkontor.dk\/\" \/>\n<meta name=\"twitter:card\" content=\"summary_large_image\" \/>\n<script type=\"application\/ld+json\" class=\"yoast-schema-graph\">{\"@context\":\"https:\/\/schema.org\",\"@graph\":[{\"@type\":\"WebPage\",\"@id\":\"https:\/\/grontkontor.dk\/de\/shop\/nachhaltiger-untersetzer-aus-leder\/\",\"url\":\"https:\/\/grontkontor.dk\/de\/shop\/nachhaltiger-untersetzer-aus-leder\/\",\"name\":\"Klimafreundlicher Lederuntersetzer - Gr\u00f8nt Kontor\",\"isPartOf\":{\"@id\":\"https:\/\/grontkontor.dk\/#website\"},\"datePublished\":\"2024-05-28T10:16:44+00:00\",\"dateModified\":\"2024-05-28T10:16:44+00:00\",\"breadcrumb\":{\"@id\":\"https:\/\/grontkontor.dk\/de\/shop\/nachhaltiger-untersetzer-aus-leder\/#breadcrumb\"},\"inLanguage\":\"de\",\"potentialAction\":[{\"@type\":\"ReadAction\",\"target\":[\"https:\/\/grontkontor.dk\/de\/shop\/nachhaltiger-untersetzer-aus-leder\/\"]}]},{\"@type\":\"BreadcrumbList\",\"@id\":\"https:\/\/grontkontor.dk\/de\/shop\/nachhaltiger-untersetzer-aus-leder\/#breadcrumb\",\"itemListElement\":[{\"@type\":\"ListItem\",\"position\":1,\"name\":\"Forside\",\"item\":\"https:\/\/grontkontor.dk\/de\/\"},{\"@type\":\"ListItem\",\"position\":2,\"name\":\"Laden\",\"item\":\"https:\/\/grontkontor.dk\/de\/laden\/\"},{\"@type\":\"ListItem\",\"position\":3,\"name\":\"Dummy MOQ 1\",\"item\":\"https:\/\/grontkontor.dk\/de\/produkt-kategori\/dummy-moq-1-de\/\"},{\"@type\":\"ListItem\",\"position\":4,\"name\":\"Klimafreundlicher Lederuntersetzer\"}]},{\"@type\":\"WebSite\",\"@id\":\"https:\/\/grontkontor.dk\/#website\",\"url\":\"https:\/\/grontkontor.dk\/\",\"name\":\"Gr\u00f8nt Kontor\",\"description\":\"Milj\u00f8venlige produkter til kontor og erhverv med fokus p\u00e5 b\u00e6redygtighed, design og fair trade.\",\"publisher\":{\"@id\":\"https:\/\/grontkontor.dk\/#organization\"},\"potentialAction\":[{\"@type\":\"SearchAction\",\"target\":{\"@type\":\"EntryPoint\",\"urlTemplate\":\"https:\/\/grontkontor.dk\/?s={search_term_string}\"},\"query-input\":\"required name=search_term_string\"}],\"inLanguage\":\"de\"},{\"@type\":\"Organization\",\"@id\":\"https:\/\/grontkontor.dk\/#organization\",\"name\":\"Gr\u00f8nt Kontor\",\"url\":\"https:\/\/grontkontor.dk\/\",\"logo\":{\"@type\":\"ImageObject\",\"inLanguage\":\"de\",\"@id\":\"https:\/\/grontkontor.dk\/#\/schema\/logo\/image\/\",\"url\":\"https:\/\/grontkontor.dk\/wp-content\/uploads\/2014\/02\/Logo_groent_kontor_300x80.png\",\"contentUrl\":\"https:\/\/grontkontor.dk\/wp-content\/uploads\/2014\/02\/Logo_groent_kontor_300x80.png\",\"width\":300,\"height\":80,\"caption\":\"Gr\u00f8nt Kontor\"},\"image\":{\"@id\":\"https:\/\/grontkontor.dk\/#\/schema\/logo\/image\/\"},\"sameAs\":[\"https:\/\/www.facebook.com\/grontkontor.dk\/\"]}]}<\/script>\n<!-- \/ Yoast SEO Premium plugin. -->","yoast_head_json":{"title":"Klimafreundlicher Lederuntersetzer - Gr\u00f8nt Kontor","robots":{"index":"index","follow":"follow","max-snippet":"max-snippet:-1","max-image-preview":"max-image-preview:large","max-video-preview":"max-video-preview:-1"},"canonical":"https:\/\/grontkontor.dk\/de\/shop\/nachhaltiger-untersetzer-aus-leder\/","og_locale":"de_DE","og_type":"article","og_title":"Klimafreundlicher Lederuntersetzer","og_description":"Stylischer und klimafreundlicher Untersetzer aus Leder in Schweden. Wundersch\u00f6n gestalteter umweltfreundlicher Untersetzer, perfekt als Firmengeschenk. Geeignet f\u00fcr Caf\u00e9, Restaurant und den privaten Gebrauch sowie als sch\u00f6nes Mitarbeitergeschenk. Kann mit oder ohne Gravur bestellt werden. Mindestbestellmenge: 10 Stk. Bestellen Sie ein unverbindliches Angebot f\u00fcr die Lasergravur bei jens@grontkontor.dk","og_url":"https:\/\/grontkontor.dk\/de\/shop\/nachhaltiger-untersetzer-aus-leder\/","og_site_name":"Gr\u00f8nt Kontor","article_publisher":"https:\/\/www.facebook.com\/grontkontor.dk\/","twitter_card":"summary_large_image","schema":{"@context":"https:\/\/schema.org","@graph":[{"@type":"WebPage","@id":"https:\/\/grontkontor.dk\/de\/shop\/nachhaltiger-untersetzer-aus-leder\/","url":"https:\/\/grontkontor.dk\/de\/shop\/nachhaltiger-untersetzer-aus-leder\/","name":"Klimafreundlicher Lederuntersetzer - Gr\u00f8nt Kontor","isPartOf":{"@id":"https:\/\/grontkontor.dk\/#website"},"datePublished":"2024-05-28T10:16:44+00:00","dateModified":"2024-05-28T10:16:44+00:00","breadcrumb":{"@id":"https:\/\/grontkontor.dk\/de\/shop\/nachhaltiger-untersetzer-aus-leder\/#breadcrumb"},"inLanguage":"de","potentialAction":[{"@type":"ReadAction","target":["https:\/\/grontkontor.dk\/de\/shop\/nachhaltiger-untersetzer-aus-leder\/"]}]},{"@type":"BreadcrumbList","@id":"https:\/\/grontkontor.dk\/de\/shop\/nachhaltiger-untersetzer-aus-leder\/#breadcrumb","itemListElement":[{"@type":"ListItem","position":1,"name":"Forside","item":"https:\/\/grontkontor.dk\/de\/"},{"@type":"ListItem","position":2,"name":"Laden","item":"https:\/\/grontkontor.dk\/de\/laden\/"},{"@type":"ListItem","position":3,"name":"Dummy MOQ 1","item":"https:\/\/grontkontor.dk\/de\/produkt-kategori\/dummy-moq-1-de\/"},{"@type":"ListItem","position":4,"name":"Klimafreundlicher Lederuntersetzer"}]},{"@type":"WebSite","@id":"https:\/\/grontkontor.dk\/#website","url":"https:\/\/grontkontor.dk\/","name":"Gr\u00f8nt Kontor","description":"Milj\u00f8venlige produkter til kontor og erhverv med fokus p\u00e5 b\u00e6redygtighed, design og fair trade.","publisher":{"@id":"https:\/\/grontkontor.dk\/#organization"},"potentialAction":[{"@type":"SearchAction","target":{"@type":"EntryPoint","urlTemplate":"https:\/\/grontkontor.dk\/?s={search_term_string}"},"query-input":"required name=search_term_string"}],"inLanguage":"de"},{"@type":"Organization","@id":"https:\/\/grontkontor.dk\/#organization","name":"Gr\u00f8nt Kontor","url":"https:\/\/grontkontor.dk\/","logo":{"@type":"ImageObject","inLanguage":"de","@id":"https:\/\/grontkontor.dk\/#\/schema\/logo\/image\/","url":"https:\/\/grontkontor.dk\/wp-content\/uploads\/2014\/02\/Logo_groent_kontor_300x80.png","contentUrl":"https:\/\/grontkontor.dk\/wp-content\/uploads\/2014\/02\/Logo_groent_kontor_300x80.png","width":300,"height":80,"caption":"Gr\u00f8nt Kontor"},"image":{"@id":"https:\/\/grontkontor.dk\/#\/schema\/logo\/image\/"},"sameAs":["https:\/\/www.facebook.com\/grontkontor.dk\/"]}]}},"_links":{"self":[{"href":"https:\/\/grontkontor.dk\/de\/wp-json\/wp\/v2\/product\/87838"}],"collection":[{"href":"https:\/\/grontkontor.dk\/de\/wp-json\/wp\/v2\/product"}],"about":[{"href":"https:\/\/grontkontor.dk\/de\/wp-json\/wp\/v2\/types\/product"}],"replies":[{"embeddable":true,"href":"https:\/\/grontkontor.dk\/de\/wp-json\/wp\/v2\/comments?post=87838"}],"wp:featuredmedia":[{"embeddable":true,"href":"https:\/\/grontkontor.dk\/de\/wp-json\/wp\/v2\/media\/87842"}],"wp:attachment":[{"href":"https:\/\/grontkontor.dk\/de\/wp-json\/wp\/v2\/media?parent=87838"}],"wp:term":[{"taxonomy":"product_cat","embeddable":true,"href":"https:\/\/grontkontor.dk\/de\/wp-json\/wp\/v2\/product_cat?post=87838"},{"taxonomy":"product_tag","embeddable":true,"href":"https:\/\/grontkontor.dk\/de\/wp-json\/wp\/v2\/product_tag?post=87838"}],"curies":[{"name":"wp","href":"https:\/\/api.w.org\/{rel}","templated":true}]}}