{"id":87841,"date":"2023-09-22T13:52:03","date_gmt":"2024-05-28T10:16:44","guid":{"rendered":"https:\/\/grontkontor.dk\/shop\/umweltfreundliche-eichenkiste\/"},"modified":"2024-05-28T12:16:44","modified_gmt":"2024-05-28T10:16:44","slug":"umweltfreundliche-eichenkiste","status":"publish","type":"product","link":"https:\/\/grontkontor.dk\/de\/shop\/umweltfreundliche-eichenkiste\/","title":{"rendered":"Umweltfreundliche Eichenkiste ohne Druck"},"content":{"rendered":"<p>Sch\u00f6ne, robuste und klimafreundliche Holzkiste aus Eiche, Made in Sweden aus \u00fcbersch\u00fcssigem Holz aus der M\u00f6belproduktion. Die Eichenkiste eignet sich perfekt f\u00fcr Ihre Firmengeschenke oder ein gutes Mitarbeitergeschenk. Die Box hat vier F\u00e4cher, so dass sie einfach einzurichten ist. Die Box ist unbehandelt, kann aber auf Wunsch mit Paraffin\u00f6l oder Speise\u00f6l geliefert werden. Erh\u00e4ltlich mit oder ohne Lasergravur. Inhalt nicht enthalten.<\/p>\n<p>Bestellen Sie ein unverbindliches Angebot f\u00fcr die Lasergravur bei <a class=\"light\" href=\"mailto:jens@grontkontor.dk\">jens@grontkontor.dk<\/a><\/p>\n<img loading=\"lazy\" decoding=\"async\" class=\"size-medium wp-image-21008\" src=\"https:\/\/grontkontor.dk\/wp-content\/uploads\/2020\/11\/eu-flag_1-300x199.jpg\" alt=\"Fremstillet i EU\" width=\"76\" height=\"50\" srcset=\"https:\/\/grontkontor.dk\/wp-content\/uploads\/2020\/11\/eu-flag_1-300x199.jpg 300w, https:\/\/grontkontor.dk\/wp-content\/uploads\/2020\/11\/eu-flag_1.jpg 530w\" sizes=\"(max-width: 76px) 100vw, 76px\" \/>\n","protected":false},"excerpt":{"rendered":"<p>Sch\u00f6ne, robuste und klimafreundliche Holzkiste aus Eiche, Made in Sweden aus \u00fcbersch\u00fcssigem Holz aus der M\u00f6belproduktion. Die Eichenkiste eignet sich perfekt f\u00fcr Ihre Firmengeschenke oder ein gutes Mitarbeitergeschenk. Die Box hat vier F\u00e4cher, so dass sie einfach einzurichten ist. Die Box ist unbehandelt, kann aber auf Wunsch mit Paraffin\u00f6l oder Speise\u00f6l geliefert werden. Erh\u00e4ltlich mit [&hellip;]<\/p>\n","protected":false},"featured_media":87857,"comment_status":"closed","ping_status":"closed","template":"","meta":{"_acf_changed":false},"product_cat":[3325,3895,3466,3321,3684,3084,3323],"product_tag":[4003],"class_list":{"0":"post-87841","1":"product","2":"type-product","3":"status-publish","4":"has-post-thumbnail","6":"product_cat-dummy-moq-1-de","7":"product_cat-eiche","8":"product_cat-hotel-restaurant","9":"product_cat-klimafreundliche-werbegeschenke","10":"product_cat-nachhaltiges-wahlmaterial","11":"product_cat-neuheiten","12":"product_cat-produktserien","13":"product_tag-hotel-und-restaurant","14":"tm-has-options","16":"first","17":"instock","18":"taxable","19":"shipping-taxable","20":"purchasable","21":"product-type-simple"},"acf":[],"yoast_head":"<!-- This site is optimized with the Yoast SEO Premium plugin v21.2 (Yoast SEO v21.2) - https:\/\/yoast.com\/wordpress\/plugins\/seo\/ -->\n<title>Umweltfreundliche Eichenkiste ohne Druck - Gr\u00f8nt Kontor<\/title>\n<meta name=\"robots\" content=\"index, follow, max-snippet:-1, max-image-preview:large, max-video-preview:-1\" \/>\n<link rel=\"canonical\" href=\"https:\/\/grontkontor.dk\/de\/shop\/umweltfreundliche-eichenkiste\/\" \/>\n<meta property=\"og:locale\" content=\"de_DE\" \/>\n<meta property=\"og:type\" content=\"article\" \/>\n<meta property=\"og:title\" content=\"Umweltfreundliche Eichenkiste ohne Druck\" \/>\n<meta property=\"og:description\" content=\"Sch\u00f6ne, robuste und klimafreundliche Holzkiste aus Eiche, Made in Sweden aus \u00fcbersch\u00fcssigem Holz aus der M\u00f6belproduktion. Die Eichenkiste eignet sich perfekt f\u00fcr Ihre Firmengeschenke oder ein gutes Mitarbeitergeschenk. Die Box hat vier F\u00e4cher, so dass sie einfach einzurichten ist. Die Box ist unbehandelt, kann aber auf Wunsch mit Paraffin\u00f6l oder Speise\u00f6l geliefert werden. Erh\u00e4ltlich mit [&hellip;]\" \/>\n<meta property=\"og:url\" content=\"https:\/\/grontkontor.dk\/de\/shop\/umweltfreundliche-eichenkiste\/\" \/>\n<meta property=\"og:site_name\" content=\"Gr\u00f8nt Kontor\" \/>\n<meta property=\"article:publisher\" content=\"https:\/\/www.facebook.com\/grontkontor.dk\/\" \/>\n<meta name=\"twitter:card\" content=\"summary_large_image\" \/>\n<script type=\"application\/ld+json\" class=\"yoast-schema-graph\">{\"@context\":\"https:\/\/schema.org\",\"@graph\":[{\"@type\":\"WebPage\",\"@id\":\"https:\/\/grontkontor.dk\/de\/shop\/umweltfreundliche-eichenkiste\/\",\"url\":\"https:\/\/grontkontor.dk\/de\/shop\/umweltfreundliche-eichenkiste\/\",\"name\":\"Umweltfreundliche Eichenkiste ohne Druck - Gr\u00f8nt Kontor\",\"isPartOf\":{\"@id\":\"https:\/\/grontkontor.dk\/#website\"},\"datePublished\":\"2024-05-28T10:16:44+00:00\",\"dateModified\":\"2024-05-28T10:16:44+00:00\",\"breadcrumb\":{\"@id\":\"https:\/\/grontkontor.dk\/de\/shop\/umweltfreundliche-eichenkiste\/#breadcrumb\"},\"inLanguage\":\"de\",\"potentialAction\":[{\"@type\":\"ReadAction\",\"target\":[\"https:\/\/grontkontor.dk\/de\/shop\/umweltfreundliche-eichenkiste\/\"]}]},{\"@type\":\"BreadcrumbList\",\"@id\":\"https:\/\/grontkontor.dk\/de\/shop\/umweltfreundliche-eichenkiste\/#breadcrumb\",\"itemListElement\":[{\"@type\":\"ListItem\",\"position\":1,\"name\":\"Forside\",\"item\":\"https:\/\/grontkontor.dk\/de\/\"},{\"@type\":\"ListItem\",\"position\":2,\"name\":\"Laden\",\"item\":\"https:\/\/grontkontor.dk\/de\/laden\/\"},{\"@type\":\"ListItem\",\"position\":3,\"name\":\"Produktserien\",\"item\":\"https:\/\/grontkontor.dk\/de\/produkt-kategori\/produktserien\/\"},{\"@type\":\"ListItem\",\"position\":4,\"name\":\"Eiche\",\"item\":\"https:\/\/grontkontor.dk\/de\/produkt-kategori\/produktserien\/eiche\/\"},{\"@type\":\"ListItem\",\"position\":5,\"name\":\"Umweltfreundliche Eichenkiste ohne Druck\"}]},{\"@type\":\"WebSite\",\"@id\":\"https:\/\/grontkontor.dk\/#website\",\"url\":\"https:\/\/grontkontor.dk\/\",\"name\":\"Gr\u00f8nt Kontor\",\"description\":\"Milj\u00f8venlige produkter til kontor og erhverv med fokus p\u00e5 b\u00e6redygtighed, design og fair trade.\",\"publisher\":{\"@id\":\"https:\/\/grontkontor.dk\/#organization\"},\"potentialAction\":[{\"@type\":\"SearchAction\",\"target\":{\"@type\":\"EntryPoint\",\"urlTemplate\":\"https:\/\/grontkontor.dk\/?s={search_term_string}\"},\"query-input\":\"required name=search_term_string\"}],\"inLanguage\":\"de\"},{\"@type\":\"Organization\",\"@id\":\"https:\/\/grontkontor.dk\/#organization\",\"name\":\"Gr\u00f8nt Kontor\",\"url\":\"https:\/\/grontkontor.dk\/\",\"logo\":{\"@type\":\"ImageObject\",\"inLanguage\":\"de\",\"@id\":\"https:\/\/grontkontor.dk\/#\/schema\/logo\/image\/\",\"url\":\"https:\/\/grontkontor.dk\/wp-content\/uploads\/2014\/02\/Logo_groent_kontor_300x80.png\",\"contentUrl\":\"https:\/\/grontkontor.dk\/wp-content\/uploads\/2014\/02\/Logo_groent_kontor_300x80.png\",\"width\":300,\"height\":80,\"caption\":\"Gr\u00f8nt Kontor\"},\"image\":{\"@id\":\"https:\/\/grontkontor.dk\/#\/schema\/logo\/image\/\"},\"sameAs\":[\"https:\/\/www.facebook.com\/grontkontor.dk\/\"]}]}<\/script>\n<!-- \/ Yoast SEO Premium plugin. -->","yoast_head_json":{"title":"Umweltfreundliche Eichenkiste ohne Druck - Gr\u00f8nt Kontor","robots":{"index":"index","follow":"follow","max-snippet":"max-snippet:-1","max-image-preview":"max-image-preview:large","max-video-preview":"max-video-preview:-1"},"canonical":"https:\/\/grontkontor.dk\/de\/shop\/umweltfreundliche-eichenkiste\/","og_locale":"de_DE","og_type":"article","og_title":"Umweltfreundliche Eichenkiste ohne Druck","og_description":"Sch\u00f6ne, robuste und klimafreundliche Holzkiste aus Eiche, Made in Sweden aus \u00fcbersch\u00fcssigem Holz aus der M\u00f6belproduktion. Die Eichenkiste eignet sich perfekt f\u00fcr Ihre Firmengeschenke oder ein gutes Mitarbeitergeschenk. Die Box hat vier F\u00e4cher, so dass sie einfach einzurichten ist. Die Box ist unbehandelt, kann aber auf Wunsch mit Paraffin\u00f6l oder Speise\u00f6l geliefert werden. Erh\u00e4ltlich mit [&hellip;]","og_url":"https:\/\/grontkontor.dk\/de\/shop\/umweltfreundliche-eichenkiste\/","og_site_name":"Gr\u00f8nt Kontor","article_publisher":"https:\/\/www.facebook.com\/grontkontor.dk\/","twitter_card":"summary_large_image","schema":{"@context":"https:\/\/schema.org","@graph":[{"@type":"WebPage","@id":"https:\/\/grontkontor.dk\/de\/shop\/umweltfreundliche-eichenkiste\/","url":"https:\/\/grontkontor.dk\/de\/shop\/umweltfreundliche-eichenkiste\/","name":"Umweltfreundliche Eichenkiste ohne Druck - Gr\u00f8nt Kontor","isPartOf":{"@id":"https:\/\/grontkontor.dk\/#website"},"datePublished":"2024-05-28T10:16:44+00:00","dateModified":"2024-05-28T10:16:44+00:00","breadcrumb":{"@id":"https:\/\/grontkontor.dk\/de\/shop\/umweltfreundliche-eichenkiste\/#breadcrumb"},"inLanguage":"de","potentialAction":[{"@type":"ReadAction","target":["https:\/\/grontkontor.dk\/de\/shop\/umweltfreundliche-eichenkiste\/"]}]},{"@type":"BreadcrumbList","@id":"https:\/\/grontkontor.dk\/de\/shop\/umweltfreundliche-eichenkiste\/#breadcrumb","itemListElement":[{"@type":"ListItem","position":1,"name":"Forside","item":"https:\/\/grontkontor.dk\/de\/"},{"@type":"ListItem","position":2,"name":"Laden","item":"https:\/\/grontkontor.dk\/de\/laden\/"},{"@type":"ListItem","position":3,"name":"Produktserien","item":"https:\/\/grontkontor.dk\/de\/produkt-kategori\/produktserien\/"},{"@type":"ListItem","position":4,"name":"Eiche","item":"https:\/\/grontkontor.dk\/de\/produkt-kategori\/produktserien\/eiche\/"},{"@type":"ListItem","position":5,"name":"Umweltfreundliche Eichenkiste ohne Druck"}]},{"@type":"WebSite","@id":"https:\/\/grontkontor.dk\/#website","url":"https:\/\/grontkontor.dk\/","name":"Gr\u00f8nt Kontor","description":"Milj\u00f8venlige produkter til kontor og erhverv med fokus p\u00e5 b\u00e6redygtighed, design og fair trade.","publisher":{"@id":"https:\/\/grontkontor.dk\/#organization"},"potentialAction":[{"@type":"SearchAction","target":{"@type":"EntryPoint","urlTemplate":"https:\/\/grontkontor.dk\/?s={search_term_string}"},"query-input":"required name=search_term_string"}],"inLanguage":"de"},{"@type":"Organization","@id":"https:\/\/grontkontor.dk\/#organization","name":"Gr\u00f8nt Kontor","url":"https:\/\/grontkontor.dk\/","logo":{"@type":"ImageObject","inLanguage":"de","@id":"https:\/\/grontkontor.dk\/#\/schema\/logo\/image\/","url":"https:\/\/grontkontor.dk\/wp-content\/uploads\/2014\/02\/Logo_groent_kontor_300x80.png","contentUrl":"https:\/\/grontkontor.dk\/wp-content\/uploads\/2014\/02\/Logo_groent_kontor_300x80.png","width":300,"height":80,"caption":"Gr\u00f8nt Kontor"},"image":{"@id":"https:\/\/grontkontor.dk\/#\/schema\/logo\/image\/"},"sameAs":["https:\/\/www.facebook.com\/grontkontor.dk\/"]}]}},"_links":{"self":[{"href":"https:\/\/grontkontor.dk\/de\/wp-json\/wp\/v2\/product\/87841"}],"collection":[{"href":"https:\/\/grontkontor.dk\/de\/wp-json\/wp\/v2\/product"}],"about":[{"href":"https:\/\/grontkontor.dk\/de\/wp-json\/wp\/v2\/types\/product"}],"replies":[{"embeddable":true,"href":"https:\/\/grontkontor.dk\/de\/wp-json\/wp\/v2\/comments?post=87841"}],"wp:featuredmedia":[{"embeddable":true,"href":"https:\/\/grontkontor.dk\/de\/wp-json\/wp\/v2\/media\/87857"}],"wp:attachment":[{"href":"https:\/\/grontkontor.dk\/de\/wp-json\/wp\/v2\/media?parent=87841"}],"wp:term":[{"taxonomy":"product_cat","embeddable":true,"href":"https:\/\/grontkontor.dk\/de\/wp-json\/wp\/v2\/product_cat?post=87841"},{"taxonomy":"product_tag","embeddable":true,"href":"https:\/\/grontkontor.dk\/de\/wp-json\/wp\/v2\/product_tag?post=87841"}],"curies":[{"name":"wp","href":"https:\/\/api.w.org\/{rel}","templated":true}]}}